{"id":32,"date":"2020-02-18T12:47:08","date_gmt":"2020-02-18T15:47:08","guid":{"rendered":"http:\/\/localhost\/chuvas\/?page_id=32"},"modified":"2025-01-08T16:22:45","modified_gmt":"2025-01-08T19:22:45","slug":"home","status":"publish","type":"page","link":"https:\/\/www.tcees.tc.br\/chuvas\/","title":{"rendered":"HOME"},"content":{"rendered":"<div class=\"wpb-content-wrapper\"><p>[vc_section css=&#8221;.vc_custom_1711478480583{margin-top: 50px !important;}&#8221;][vc_row][vc_column width=&#8221;1\/3&#8243;][vc_single_image image=&#8221;9&#8243; img_size=&#8221;full&#8221; onclick=&#8221;custom_link&#8221; css=&#8221;.vc_custom_1582140261609{margin-bottom: 0px !important;}&#8221; link=&#8221;https:\/\/www.tcees.tc.br\/chuvas\/o-papel-do-tce\/&#8221;][vc_column_text css=&#8221;.vc_custom_1582143045143{margin-top: 15px !important;}&#8221;]Primeiro passo para a boa gest\u00e3o do recurso p\u00fablico, a orienta\u00e7\u00e3o \u00e9 tarefa primordial do Tribunal de Contas do Estado do Esp\u00edrito Santo&#8230;[\/vc_column_text][vc_btn title=&#8221;<strong>LEIA MAIS<\/strong>&#8221; color=&#8221;primary&#8221; i_align=&#8221;right&#8221; i_icon_fontawesome=&#8221;fas fa-angle-right&#8221; add_icon=&#8221;true&#8221; link=&#8221;url:https%3A%2F%2Fwww.tcees.tc.br%2Fchuvas%2Fo-papel-do-tce%2F|title:O%20PAPEL%20DO%20TCE||&#8221;][\/vc_column][vc_column width=&#8221;1\/3&#8243;][vc_single_image image=&#8221;10&#8243; img_size=&#8221;full&#8221; onclick=&#8221;custom_link&#8221; css=&#8221;.vc_custom_1711479054969{margin-bottom: 0px !important;}&#8221; link=&#8221;https:\/\/www.tcees.tc.br\/chuvas\/guia-basico\/&#8221;][vc_column_text css=&#8221;.vc_custom_1582143051917{margin-top: 15px !important;}&#8221;]O Decreto n\u00ba 7.257\/2010, que rege o Sistema Nacional de Defesa Civil (Sindec), estabelece a conceitua\u00e7\u00e3o desses termos: <strong>Desastre:<\/strong> resultado de eventos&#8230;[\/vc_column_text][vc_btn title=&#8221;<strong>LEIA MAIS<\/strong>&#8221; color=&#8221;primary&#8221; i_align=&#8221;right&#8221; i_icon_fontawesome=&#8221;fas fa-angle-right&#8221; add_icon=&#8221;true&#8221; link=&#8221;url:https%3A%2F%2Fwww.tcees.tc.br%2Fchuvas%2Fguia-basico%2F|title:O%20PAPEL%20DO%20TCE&#8221;][\/vc_column][vc_column width=&#8221;1\/3&#8243;][vc_single_image image=&#8221;11&#8243; img_size=&#8221;full&#8221; onclick=&#8221;custom_link&#8221; css=&#8221;.vc_custom_1582140300508{margin-bottom: 0px !important;}&#8221; link=&#8221;https:\/\/www.tcees.tc.br\/chuvas\/jurisprudencia\/&#8221;][vc_column_text css=&#8221;.vc_custom_1582143167550{margin-top: 15px !important;}&#8221;]Trata-se de compilado de decis\u00f5es dispon\u00edveis no sistema\u00a0Mapjuris do Tribunal de Contas do Estado do Esp\u00edrito Santo, e dos s\u00edtios&#8230;[\/vc_column_text][vc_btn title=&#8221;<strong>LEIA MAIS<\/strong>&#8221; color=&#8221;primary&#8221; i_align=&#8221;right&#8221; i_icon_fontawesome=&#8221;fas fa-angle-right&#8221; add_icon=&#8221;true&#8221; link=&#8221;url:https%3A%2F%2Fwww.tcees.tc.br%2Fchuvas%2Fjurisprudencia%2F|title:O%20PAPEL%20DO%20TCE||&#8221;][\/vc_column][\/vc_row][\/vc_section][vc_row disable_element=&#8221;yes&#8221; css=&#8221;.vc_custom_1736364164071{margin-top: 35px !important;}&#8221;][vc_column][vc_row_inner][vc_column_inner width=&#8221;1\/4&#8243;][vc_single_image image=&#8221;116&#8243; img_size=&#8221;full&#8221; alignment=&#8221;center&#8221;][\/vc_column_inner][vc_column_inner width=&#8221;1\/2&#8243;][vc_custom_heading text=&#8221;DECRETO N\u00ba 501-S, DE 23 DE MAR\u00c7O DE 2024&#8243; font_container=&#8221;tag:h2|font_size:20px|text_align:left|color:%231e73be|line_height:25px&#8221; google_fonts=&#8221;font_family:Quattrocento%20Sans%3Aregular%2Citalic%2C700%2C700italic|font_style:400%20regular%3A400%3Anormal&#8221;][vc_separator color=&#8221;custom&#8221; accent_color=&#8221;#f9db72&#8243;][vc_column_text]Art. 1\u00ba Fica decretado Situa\u00e7\u00e3o de Emerg\u00eancia nos Munic\u00edpios de Alegre, Alfredo Chaves, Apiac\u00e1, At\u00edlio Vivacqua, Bom Jesus do Norte, Gua\u00e7u\u00ed, Jer\u00f4nimo Monteiro, Mimoso do Sul, Muniz Freire, Muqui, Rio Novo do Sul, S\u00e3o Jos\u00e9 do Cal\u00e7ado e Vargem Alta, afetados por Tempestade Local\/Convectiva &#8211; Chuvas Intensas &#8211; COBRADE &#8211; 1.3.2.1.4, conforme legisla\u00e7\u00e3o aplicada ao tema.[\/vc_column_text][vc_btn title=&#8221;<strong>BAIXAR DECRETO N\u00ba 501-S<\/strong>&#8221; color=&#8221;orange&#8221; i_align=&#8221;right&#8221; i_icon_fontawesome=&#8221;fas fa-angle-right&#8221; add_icon=&#8221;true&#8221; link=&#8221;url:https%3A%2F%2Fwww.tcees.tc.br%2Fchuvas%2Fwp-content%2Fuploads%2Fsites%2F3%2F2024%2F03%2Fdiario_oficial_2024-03-23_suplemento_completo-1.pdf|target:_blank&#8221;][\/vc_column_inner][vc_column_inner width=&#8221;1\/4&#8243;][vc_custom_heading text=&#8221;GESTOR, fale com o TCE-ES&#8221; font_container=&#8221;tag:h2|font_size:20px|text_align:left|color:%231e73be|line_height:25px&#8221; google_fonts=&#8221;font_family:Quattrocento%20Sans%3Aregular%2Citalic%2C700%2C700italic|font_style:400%20regular%3A400%3Anormal&#8221;][vc_separator color=&#8221;custom&#8221; accent_color=&#8221;#f9db72&#8243;][vc_btn title=&#8221;<strong>Mande E-mail<\/strong>&#8221; color=&#8221;primary&#8221; align=&#8221;left&#8221; i_align=&#8221;right&#8221; i_icon_fontawesome=&#8221;far fa-envelope&#8221; button_block=&#8221;true&#8221; add_icon=&#8221;true&#8221; link=&#8221;url:mailto%3Achuvas%40tcees.tc.br&#8221;][\/vc_column_inner][\/vc_row_inner][\/vc_column][\/vc_row]<\/p>\n<\/div>","protected":false},"excerpt":{"rendered":"<p>[vc_section css=&#8221;.vc_custom_1711478480583{margin-top: 50px !important;}&#8221;][vc_row][vc_column width=&#8221;1\/3&#8243;][vc_single_image image=&#8221;9&#8243; img_size=&#8221;full&#8221; onclick=&#8221;custom_link&#8221; css=&#8221;.vc_custom_1582140261609{margin-bottom: 0px !important;}&#8221; link=&#8221;https:\/\/www.tcees.tc.br\/chuvas\/o-papel-do-tce\/&#8221;][vc_column_text css=&#8221;.vc_custom_1582143045143{margin-top: 15px !important;}&#8221;]Primeiro<span class=\"excerpt-hellip\"> [\u2026]<\/span><\/p>\n","protected":false},"author":1,"featured_media":0,"parent":0,"menu_order":0,"comment_status":"closed","ping_status":"closed","template":"","meta":{"_acf_changed":false,"footnotes":""},"class_list":["post-32","page","type-page","status-publish","hentry","wpautop"],"acf":[],"yoast_head":"<title>HOME - TCEES | Hotsite Chuvas<\/title>\n<meta name=\"robots\" content=\"index, follow, max-snippet:-1, max-image-preview:large, max-video-preview:-1\" \/>\n<link rel=\"canonical\" href=\"https:\/\/www.tcees.tc.br\/chuvas\/\" \/>\n<meta property=\"og:locale\" content=\"pt_BR\" \/>\n<meta property=\"og:type\" content=\"article\" \/>\n<meta property=\"og:title\" content=\"HOME - TCEES | Hotsite Chuvas\" \/>\n<meta property=\"og:description\" content=\"[vc_section css=&#8221;.vc_custom_1711478480583{margin-top: 50px !important;}&#8221;][vc_row][vc_column width=&#8221;1\/3&#8243;][vc_single_image image=&#8221;9&#8243; img_size=&#8221;full&#8221; onclick=&#8221;custom_link&#8221; css=&#8221;.vc_custom_1582140261609{margin-bottom: 0px !important;}&#8221; link=&#8221;https:\/\/www.tcees.tc.br\/chuvas\/o-papel-do-tce\/&#8221;][vc_column_text css=&#8221;.vc_custom_1582143045143{margin-top: 15px !important;}&#8221;]Primeiro [\u2026]\" \/>\n<meta property=\"og:url\" content=\"https:\/\/www.tcees.tc.br\/chuvas\/\" \/>\n<meta property=\"og:site_name\" content=\"TCEES | Hotsite Chuvas\" \/>\n<meta property=\"article:modified_time\" content=\"2025-01-08T19:22:45+00:00\" \/>\n<meta name=\"twitter:card\" content=\"summary_large_image\" \/>\n<meta name=\"twitter:label1\" content=\"Est. tempo de leitura\" \/>\n\t<meta name=\"twitter:data1\" content=\"3 minutos\" \/>\n<script type=\"application\/ld+json\" class=\"yoast-schema-graph\">{\"@context\":\"https:\/\/schema.org\",\"@graph\":[{\"@type\":\"WebPage\",\"@id\":\"https:\/\/www.tcees.tc.br\/chuvas\/\",\"url\":\"https:\/\/www.tcees.tc.br\/chuvas\/\",\"name\":\"HOME - TCEES | Hotsite Chuvas\",\"isPartOf\":{\"@id\":\"https:\/\/www.tcees.tc.br\/chuvas\/#website\"},\"datePublished\":\"2020-02-18T15:47:08+00:00\",\"dateModified\":\"2025-01-08T19:22:45+00:00\",\"breadcrumb\":{\"@id\":\"https:\/\/www.tcees.tc.br\/chuvas\/#breadcrumb\"},\"inLanguage\":\"pt-BR\",\"potentialAction\":[{\"@type\":\"ReadAction\",\"target\":[\"https:\/\/www.tcees.tc.br\/chuvas\/\"]}]},{\"@type\":\"BreadcrumbList\",\"@id\":\"https:\/\/www.tcees.tc.br\/chuvas\/#breadcrumb\",\"itemListElement\":[{\"@type\":\"ListItem\",\"position\":1,\"name\":\"In\u00edcio\",\"item\":\"https:\/\/www.tcees.tc.br\/chuvas\/\"},{\"@type\":\"ListItem\",\"position\":2,\"name\":\"HOME\"}]},{\"@type\":\"WebSite\",\"@id\":\"https:\/\/www.tcees.tc.br\/chuvas\/#website\",\"url\":\"https:\/\/www.tcees.tc.br\/chuvas\/\",\"name\":\"TCEES | Hotsite Chuvas\",\"description\":\"Portal TCE-ES\",\"potentialAction\":[{\"@type\":\"SearchAction\",\"target\":{\"@type\":\"EntryPoint\",\"urlTemplate\":\"https:\/\/www.tcees.tc.br\/chuvas\/?s={search_term_string}\"},\"query-input\":{\"@type\":\"PropertyValueSpecification\",\"valueRequired\":true,\"valueName\":\"search_term_string\"}}],\"inLanguage\":\"pt-BR\"}]}<\/script>","yoast_head_json":{"title":"HOME - TCEES | Hotsite Chuvas","robots":{"index":"index","follow":"follow","max-snippet":"max-snippet:-1","max-image-preview":"max-image-preview:large","max-video-preview":"max-video-preview:-1"},"canonical":"https:\/\/www.tcees.tc.br\/chuvas\/","og_locale":"pt_BR","og_type":"article","og_title":"HOME - TCEES | Hotsite Chuvas","og_description":"[vc_section css=&#8221;.vc_custom_1711478480583{margin-top: 50px !important;}&#8221;][vc_row][vc_column width=&#8221;1\/3&#8243;][vc_single_image image=&#8221;9&#8243; img_size=&#8221;full&#8221; onclick=&#8221;custom_link&#8221; css=&#8221;.vc_custom_1582140261609{margin-bottom: 0px !important;}&#8221; link=&#8221;https:\/\/www.tcees.tc.br\/chuvas\/o-papel-do-tce\/&#8221;][vc_column_text css=&#8221;.vc_custom_1582143045143{margin-top: 15px !important;}&#8221;]Primeiro [\u2026]","og_url":"https:\/\/www.tcees.tc.br\/chuvas\/","og_site_name":"TCEES | Hotsite Chuvas","article_modified_time":"2025-01-08T19:22:45+00:00","twitter_card":"summary_large_image","twitter_misc":{"Est. tempo de leitura":"3 minutos"},"schema":{"@context":"https:\/\/schema.org","@graph":[{"@type":"WebPage","@id":"https:\/\/www.tcees.tc.br\/chuvas\/","url":"https:\/\/www.tcees.tc.br\/chuvas\/","name":"HOME - TCEES | Hotsite Chuvas","isPartOf":{"@id":"https:\/\/www.tcees.tc.br\/chuvas\/#website"},"datePublished":"2020-02-18T15:47:08+00:00","dateModified":"2025-01-08T19:22:45+00:00","breadcrumb":{"@id":"https:\/\/www.tcees.tc.br\/chuvas\/#breadcrumb"},"inLanguage":"pt-BR","potentialAction":[{"@type":"ReadAction","target":["https:\/\/www.tcees.tc.br\/chuvas\/"]}]},{"@type":"BreadcrumbList","@id":"https:\/\/www.tcees.tc.br\/chuvas\/#breadcrumb","itemListElement":[{"@type":"ListItem","position":1,"name":"In\u00edcio","item":"https:\/\/www.tcees.tc.br\/chuvas\/"},{"@type":"ListItem","position":2,"name":"HOME"}]},{"@type":"WebSite","@id":"https:\/\/www.tcees.tc.br\/chuvas\/#website","url":"https:\/\/www.tcees.tc.br\/chuvas\/","name":"TCEES | Hotsite Chuvas","description":"Portal TCE-ES","potentialAction":[{"@type":"SearchAction","target":{"@type":"EntryPoint","urlTemplate":"https:\/\/www.tcees.tc.br\/chuvas\/?s={search_term_string}"},"query-input":{"@type":"PropertyValueSpecification","valueRequired":true,"valueName":"search_term_string"}}],"inLanguage":"pt-BR"}]}},"_links":{"self":[{"href":"https:\/\/www.tcees.tc.br\/chuvas\/wp-json\/wp\/v2\/pages\/32","targetHints":{"allow":["GET"]}}],"collection":[{"href":"https:\/\/www.tcees.tc.br\/chuvas\/wp-json\/wp\/v2\/pages"}],"about":[{"href":"https:\/\/www.tcees.tc.br\/chuvas\/wp-json\/wp\/v2\/types\/page"}],"author":[{"embeddable":true,"href":"https:\/\/www.tcees.tc.br\/chuvas\/wp-json\/wp\/v2\/users\/1"}],"replies":[{"embeddable":true,"href":"https:\/\/www.tcees.tc.br\/chuvas\/wp-json\/wp\/v2\/comments?post=32"}],"version-history":[{"count":0,"href":"https:\/\/www.tcees.tc.br\/chuvas\/wp-json\/wp\/v2\/pages\/32\/revisions"}],"wp:attachment":[{"href":"https:\/\/www.tcees.tc.br\/chuvas\/wp-json\/wp\/v2\/media?parent=32"}],"curies":[{"name":"wp","href":"https:\/\/api.w.org\/{rel}","templated":true}]}}