{"id":37,"date":"2020-02-18T12:47:25","date_gmt":"2020-02-18T15:47:25","guid":{"rendered":"http:\/\/localhost\/chuvas\/?page_id=34"},"modified":"2026-01-21T17:08:47","modified_gmt":"2026-01-21T20:08:47","slug":"o-papel-do-tce","status":"publish","type":"page","link":"https:\/\/www.tcees.tc.br\/chuvas\/o-papel-do-tce\/","title":{"rendered":"O PAPEL DO TCE"},"content":{"rendered":"<div class=\"wpb-content-wrapper\"><p>[vc_row css=&#8221;.vc_custom_1582064264645{margin-top: 20px !important;}&#8221;][vc_column width=&#8221;1\/2&#8243;][vc_single_image image=&#8221;144&#8243; img_size=&#8221;full&#8221; style=&#8221;vc_box_shadow_border&#8221; css=&#8221;&#8221;][\/vc_column][vc_column width=&#8221;1\/2&#8243;][vc_column_text]Primeiro passo para a boa gest\u00e3o do recurso p\u00fablico, a orienta\u00e7\u00e3o \u00e9 tarefa primordial do Tribunal de Contas do Estado do Esp\u00edrito Santo. Ela afasta equ\u00edvocos, permite que gestores atuem dentro dos princ\u00edpios da legalidade, da efic\u00e1cia e da economicidade, contribuindo para o aprimoramento das pol\u00edticas de governo.<\/p>\n<p>Diante da situa\u00e7\u00e3o emergencial causada pelas fortes chuvas que atingiram munic\u00edpios capixabas neste m\u00eas de mar\u00e7o de 2024, a Corte se disponibiliza a realizar um trabalho de orienta\u00e7\u00e3o, com visitas aos munic\u00edpios atingidos, a publica\u00e7\u00e3o deste hotsite e a disponibilidade de sua equipe para sanar d\u00favidas. Dessa forma, pretende disseminar com maior agilidade importantes informa\u00e7\u00f5es legais que devem ser observadas por gestores no momento da contrata\u00e7\u00e3o de servi\u00e7os em car\u00e1ter de urg\u00eancia.<\/p>\n<p>A iniciativa tem car\u00e1ter preventivo com objetivo de inibir pr\u00e1ticas ilegais ou antiecon\u00f4micas por desconhecimento por partes de gestores e equipes. Ao longo do exerc\u00edcio o TCE-ES atuar\u00e1 ainda no controle da aplica\u00e7\u00e3o dos recursos destinados \u00e0 recupera\u00e7\u00e3o dos munic\u00edpios.[\/vc_column_text][\/vc_column][\/vc_row]<\/p>\n<\/div>","protected":false},"excerpt":{"rendered":"<p>[vc_row css=&#8221;.vc_custom_1582064264645{margin-top: 20px !important;}&#8221;][vc_column width=&#8221;1\/2&#8243;][vc_single_image image=&#8221;144&#8243; img_size=&#8221;full&#8221; style=&#8221;vc_box_shadow_border&#8221; css=&#8221;&#8221;][\/vc_column][vc_column width=&#8221;1\/2&#8243;][vc_column_text]Primeiro passo para a boa gest\u00e3o<span class=\"excerpt-hellip\"> [\u2026]<\/span><\/p>\n","protected":false},"author":1,"featured_media":-1,"parent":0,"menu_order":0,"comment_status":"closed","ping_status":"closed","template":"","meta":{"_acf_changed":false,"footnotes":""},"class_list":["post-37","page","type-page","status-publish","has-post-thumbnail","hentry","wpautop"],"acf":[],"yoast_head":"<title>O PAPEL DO TCE - TCEES | Hotsite Chuvas<\/title>\n<meta name=\"robots\" content=\"index, follow, max-snippet:-1, max-image-preview:large, max-video-preview:-1\" \/>\n<link rel=\"canonical\" href=\"https:\/\/www.tcees.tc.br\/chuvas\/o-papel-do-tce\/\" \/>\n<meta property=\"og:locale\" content=\"pt_BR\" \/>\n<meta property=\"og:type\" content=\"article\" \/>\n<meta property=\"og:title\" content=\"O PAPEL DO TCE - TCEES | Hotsite Chuvas\" \/>\n<meta property=\"og:description\" content=\"[vc_row css=&#8221;.vc_custom_1582064264645{margin-top: 20px !important;}&#8221;][vc_column width=&#8221;1\/2&#8243;][vc_single_image image=&#8221;144&#8243; img_size=&#8221;full&#8221; style=&#8221;vc_box_shadow_border&#8221; css=&#8221;&#8221;][\/vc_column][vc_column width=&#8221;1\/2&#8243;][vc_column_text]Primeiro passo para a boa gest\u00e3o [\u2026]\" \/>\n<meta property=\"og:url\" content=\"https:\/\/www.tcees.tc.br\/chuvas\/o-papel-do-tce\/\" \/>\n<meta property=\"og:site_name\" content=\"TCEES | Hotsite Chuvas\" \/>\n<meta property=\"article:modified_time\" content=\"2026-01-21T20:08:47+00:00\" \/>\n<meta name=\"twitter:card\" content=\"summary_large_image\" \/>\n<meta name=\"twitter:label1\" content=\"Est. tempo de leitura\" \/>\n\t<meta name=\"twitter:data1\" content=\"1 minuto\" \/>\n<script type=\"application\/ld+json\" class=\"yoast-schema-graph\">{\"@context\":\"https:\/\/schema.org\",\"@graph\":[{\"@type\":\"WebPage\",\"@id\":\"https:\/\/www.tcees.tc.br\/chuvas\/o-papel-do-tce\/\",\"url\":\"https:\/\/www.tcees.tc.br\/chuvas\/o-papel-do-tce\/\",\"name\":\"O PAPEL DO TCE - TCEES | Hotsite Chuvas\",\"isPartOf\":{\"@id\":\"https:\/\/www.tcees.tc.br\/chuvas\/#website\"},\"datePublished\":\"2020-02-18T15:47:25+00:00\",\"dateModified\":\"2026-01-21T20:08:47+00:00\",\"breadcrumb\":{\"@id\":\"https:\/\/www.tcees.tc.br\/chuvas\/o-papel-do-tce\/#breadcrumb\"},\"inLanguage\":\"pt-BR\",\"potentialAction\":[{\"@type\":\"ReadAction\",\"target\":[\"https:\/\/www.tcees.tc.br\/chuvas\/o-papel-do-tce\/\"]}]},{\"@type\":\"BreadcrumbList\",\"@id\":\"https:\/\/www.tcees.tc.br\/chuvas\/o-papel-do-tce\/#breadcrumb\",\"itemListElement\":[{\"@type\":\"ListItem\",\"position\":1,\"name\":\"In\u00edcio\",\"item\":\"https:\/\/www.tcees.tc.br\/chuvas\/\"},{\"@type\":\"ListItem\",\"position\":2,\"name\":\"O PAPEL DO TCE\"}]},{\"@type\":\"WebSite\",\"@id\":\"https:\/\/www.tcees.tc.br\/chuvas\/#website\",\"url\":\"https:\/\/www.tcees.tc.br\/chuvas\/\",\"name\":\"TCEES | Hotsite Chuvas\",\"description\":\"Portal TCE-ES\",\"potentialAction\":[{\"@type\":\"SearchAction\",\"target\":{\"@type\":\"EntryPoint\",\"urlTemplate\":\"https:\/\/www.tcees.tc.br\/chuvas\/?s={search_term_string}\"},\"query-input\":{\"@type\":\"PropertyValueSpecification\",\"valueRequired\":true,\"valueName\":\"search_term_string\"}}],\"inLanguage\":\"pt-BR\"}]}<\/script>","yoast_head_json":{"title":"O PAPEL DO TCE - TCEES | Hotsite Chuvas","robots":{"index":"index","follow":"follow","max-snippet":"max-snippet:-1","max-image-preview":"max-image-preview:large","max-video-preview":"max-video-preview:-1"},"canonical":"https:\/\/www.tcees.tc.br\/chuvas\/o-papel-do-tce\/","og_locale":"pt_BR","og_type":"article","og_title":"O PAPEL DO TCE - TCEES | Hotsite Chuvas","og_description":"[vc_row css=&#8221;.vc_custom_1582064264645{margin-top: 20px !important;}&#8221;][vc_column width=&#8221;1\/2&#8243;][vc_single_image image=&#8221;144&#8243; img_size=&#8221;full&#8221; style=&#8221;vc_box_shadow_border&#8221; css=&#8221;&#8221;][\/vc_column][vc_column width=&#8221;1\/2&#8243;][vc_column_text]Primeiro passo para a boa gest\u00e3o [\u2026]","og_url":"https:\/\/www.tcees.tc.br\/chuvas\/o-papel-do-tce\/","og_site_name":"TCEES | Hotsite Chuvas","article_modified_time":"2026-01-21T20:08:47+00:00","twitter_card":"summary_large_image","twitter_misc":{"Est. tempo de leitura":"1 minuto"},"schema":{"@context":"https:\/\/schema.org","@graph":[{"@type":"WebPage","@id":"https:\/\/www.tcees.tc.br\/chuvas\/o-papel-do-tce\/","url":"https:\/\/www.tcees.tc.br\/chuvas\/o-papel-do-tce\/","name":"O PAPEL DO TCE - TCEES | Hotsite Chuvas","isPartOf":{"@id":"https:\/\/www.tcees.tc.br\/chuvas\/#website"},"datePublished":"2020-02-18T15:47:25+00:00","dateModified":"2026-01-21T20:08:47+00:00","breadcrumb":{"@id":"https:\/\/www.tcees.tc.br\/chuvas\/o-papel-do-tce\/#breadcrumb"},"inLanguage":"pt-BR","potentialAction":[{"@type":"ReadAction","target":["https:\/\/www.tcees.tc.br\/chuvas\/o-papel-do-tce\/"]}]},{"@type":"BreadcrumbList","@id":"https:\/\/www.tcees.tc.br\/chuvas\/o-papel-do-tce\/#breadcrumb","itemListElement":[{"@type":"ListItem","position":1,"name":"In\u00edcio","item":"https:\/\/www.tcees.tc.br\/chuvas\/"},{"@type":"ListItem","position":2,"name":"O PAPEL DO TCE"}]},{"@type":"WebSite","@id":"https:\/\/www.tcees.tc.br\/chuvas\/#website","url":"https:\/\/www.tcees.tc.br\/chuvas\/","name":"TCEES | Hotsite Chuvas","description":"Portal TCE-ES","potentialAction":[{"@type":"SearchAction","target":{"@type":"EntryPoint","urlTemplate":"https:\/\/www.tcees.tc.br\/chuvas\/?s={search_term_string}"},"query-input":{"@type":"PropertyValueSpecification","valueRequired":true,"valueName":"search_term_string"}}],"inLanguage":"pt-BR"}]}},"_links":{"self":[{"href":"https:\/\/www.tcees.tc.br\/chuvas\/wp-json\/wp\/v2\/pages\/37","targetHints":{"allow":["GET"]}}],"collection":[{"href":"https:\/\/www.tcees.tc.br\/chuvas\/wp-json\/wp\/v2\/pages"}],"about":[{"href":"https:\/\/www.tcees.tc.br\/chuvas\/wp-json\/wp\/v2\/types\/page"}],"author":[{"embeddable":true,"href":"https:\/\/www.tcees.tc.br\/chuvas\/wp-json\/wp\/v2\/users\/1"}],"replies":[{"embeddable":true,"href":"https:\/\/www.tcees.tc.br\/chuvas\/wp-json\/wp\/v2\/comments?post=37"}],"version-history":[{"count":4,"href":"https:\/\/www.tcees.tc.br\/chuvas\/wp-json\/wp\/v2\/pages\/37\/revisions"}],"predecessor-version":[{"id":145,"href":"https:\/\/www.tcees.tc.br\/chuvas\/wp-json\/wp\/v2\/pages\/37\/revisions\/145"}],"wp:featuredmedia":[{"embeddable":true,"href":"https:\/\/www.tcees.tc.br\/chuvas\/wp-json\/"}],"wp:attachment":[{"href":"https:\/\/www.tcees.tc.br\/chuvas\/wp-json\/wp\/v2\/media?parent=37"}],"curies":[{"name":"wp","href":"https:\/\/api.w.org\/{rel}","templated":true}]}}