{"id":586,"date":"2021-09-27T16:28:44","date_gmt":"2021-09-27T19:28:44","guid":{"rendered":"https:\/\/www.tcees.tc.br\/contasdegovernoestado\/?page_id=586"},"modified":"2025-07-08T15:49:19","modified_gmt":"2025-07-08T18:49:19","slug":"previdencia","status":"publish","type":"page","link":"https:\/\/www.tcees.tc.br\/contasdegovernoestado\/previdencia\/","title":{"rendered":"PREVID\u00caNCIA"},"content":{"rendered":"<div class=\"wpb-content-wrapper\"><p>[vc_row][vc_column][vc_column_text css=&#8221;&#8221;]<\/p>\n<p style=\"text-align: center;\"><span style=\"font-size: 12pt;\"><strong><span class=\"TextRun SCXW130275971 BCX0\" lang=\"PT-BR\" xml:lang=\"PT-BR\" data-contrast=\"none\"><span class=\"NormalTextRun SCXW130275971 BCX0\">Resultados e discuss\u00f5es acerca do Fundo Financeiro e Fundo Previdenci\u00e1rio, que comp\u00f5em o ES-Previd\u00eancia, al\u00e9m de destaques sobre o Fundo de Prote\u00e7\u00e3o Social dos Militares.<\/span><\/span><span class=\"EOP SCXW130275971 BCX0\" data-ccp-props=\"{&quot;201341983&quot;:0,&quot;335551550&quot;:6,&quot;335551620&quot;:6,&quot;335559738&quot;:240,&quot;335559739&quot;:240,&quot;335559740&quot;:240}\"> O regime pr\u00f3prio de Previd\u00eancia estadual \u00e9 gerido pelo Instituto de Previd\u00eancia dos Servidores do Estado do Esp\u00edrito Santo (IPAJM) e designado de ES-Previd\u00eancia, composto pelos Fundos Financeiro e Previdenci\u00e1rio. O IPAJM tamb\u00e9m faz a gest\u00e3o do Fundo de Prote\u00e7\u00e3o Social dos Militares (FPS).<\/span><\/strong><\/span><\/p>\n<p>[\/vc_column_text][vc_single_image image=&#8221;759&#8243; img_size=&#8221;full&#8221; alignment=&#8221;center&#8221; css=&#8221;&#8221;][\/vc_column][\/vc_row][vc_row][vc_column][vc_tta_accordion][vc_tta_section i_icon_fontawesome=&#8221;fas fa-file-invoice-dollar&#8221; add_icon=&#8221;true&#8221; title=&#8221;01 &#8211; ES-Previd\u00eancia: Fundo Financeiro &#8211; FF&#8221; tab_id=&#8221;1632935791707-84acee4f-0ffc&#8221;][vc_row_inner][vc_column_inner][vc_column_text css=&#8221;&#8221;]<span style=\"font-size: 12pt;\">No <b>Fundo Financeiro<\/b>, o aporte do exerc\u00edcio de 2024 (R$ 2,54 bilh\u00f5es) foi 8,46% maior que o aporte do ano anterior, comprometendo 9,63% da RCL, assim como decr\u00e9scimo de R$ 11,22 milh\u00f5es nas disponibilidades financeiras do plano. O d\u00e9ficit atuarial projetado foi de R$ 37,84 bilh\u00f5es, revelando redu\u00e7\u00e3o de R$ 1,18 bilh\u00e3o (equivalente a 3,03%) em rela\u00e7\u00e3o a 2023 (valores atualizados).\u00a0<\/span><\/p>\n<p><span style=\"font-size: 12pt;\">As proje\u00e7\u00f5es atuariais do <b>ES-Previd\u00eancia <\/b>(Fundo Financeiro) demonstram tend\u00eancia de crescimento do d\u00e9ficit financeiro at\u00e9 o ano de 2030, ocasionado pelo Fundo Financeiro. No longo prazo, h\u00e1 previs\u00e3o de redu\u00e7\u00e3o de despesas desse Fundo em extin\u00e7\u00e3o, embora a proje\u00e7\u00e3o atuarial aponte que o resultado do ES-Previd\u00eancia se manter\u00e1 deficit\u00e1rio durante todo o per\u00edodo de 75 anos (2025-2099).\u00a0<\/span>[\/vc_column_text][\/vc_column_inner][\/vc_row_inner][\/vc_tta_section][vc_tta_section i_icon_fontawesome=&#8221;fas fa-money-check-alt&#8221; add_icon=&#8221;true&#8221; title=&#8221;02 &#8211; ES-Previd\u00eancia: Fundo Previdenci\u00e1rio &#8211; FP&#8221; tab_id=&#8221;1632935790916-56d35652-bfce&#8221;][vc_row_inner][vc_column_inner][vc_column_text css=&#8221;&#8221;]<span style=\"font-size: 12pt;\">No quinto ano do <b>Fundo de Prote\u00e7\u00e3o Social dos Militares<\/b>, a despesa com benef\u00edcios aumentou 7,50% em 2024 (valores atualizados), exigindo um aporte do Tesouro estadual de R$ 1,09 bilh\u00e3o (R$ 108,77 milh\u00f5es a mais que em 2023), al\u00e9m de comprometimento de 4,14% da RCL. O d\u00e9ficit atuarial apurado foi de R$ 16,03 bilh\u00f5es, revelando um aumento equivalente a 8,72% em rela\u00e7\u00e3o ao d\u00e9ficit apurado no ano anterior (valores atualizados).\u00a0<\/span><\/p>\n<p><span style=\"font-size: 12pt;\">Conclui-se que a cobertura das insufici\u00eancias financeiras ainda \u00e9 elevada, mas o incremento da RCL amenizou o comprometimento de recursos do Tesouro. Al\u00e9m disso, \u00e9 primordial que a remunera\u00e7\u00e3o dos investimentos no Fundo Previdenci\u00e1rio se mantenha alinhada \u00e0 meta atuarial estabelecida pela Pol\u00edtica de Investimentos, para que o equil\u00edbrio financeiro e atuarial do ES-Previd\u00eancia n\u00e3o seja prejudicado.\u00a0<\/span>[\/vc_column_text][\/vc_column_inner][\/vc_row_inner][\/vc_tta_section][vc_tta_section i_icon_fontawesome=&#8221;fas fa-hand-holding-usd&#8221; add_icon=&#8221;true&#8221; title=&#8221;03 &#8211; Fundo de Prote\u00e7\u00e3o Social dos Militares &#8211; FPS&#8221; tab_id=&#8221;1597626722775-db00e7c8-3d5e8d0d-b9cc&#8221;][vc_row_inner][vc_column_inner][vc_column_text css=&#8221;&#8221;]<span style=\"font-size: 12pt;\">O Fundo de Prote\u00e7\u00e3o Social dos Militares n\u00e3o faz parte do ES-Previd\u00eancia, sendo considerado um regime de reparti\u00e7\u00e3o simples, criado de forma perene, em contrapartida a um regime de capitaliza\u00e7\u00e3o, equilibrado no curto e longo prazo, potencializando o risco para a gest\u00e3o fiscal do Estado.\u202f\u00a0<\/span><\/p>\n<p><span style=\"font-size: 12pt;\">De acordo com a Avalia\u00e7\u00e3o Atuarial do exerc\u00edcio financeiro de 2023, o <b>Fundo possui um d\u00e9ficit atuarial de R$ 14 bilh\u00f5es<\/b>, que representa a necessidade de aporte com recursos do Tesouro, no longo prazo, a valor presente (0,5% maior, em valores atualizados, do que em 2022).\u00a0<\/span><\/p>\n<p><span style=\"font-size: 12pt;\">A obriga\u00e7\u00e3o quanto \u00e0 cobertura da insufici\u00eancia financeira no pagamento dos benef\u00edcios do FPS foi de R$ 973.354.281, em 2023, ocasionando necessidade de aporte de recursos do Tesouro da ordem de R$ 982.791.036, principal fonte de financiamento do fundo.\u00a0<\/span><\/p>\n<p><span style=\"font-size: 12pt;\">Verifica-se que as receitas de contribui\u00e7\u00f5es previdenci\u00e1rias (R$ 211,1 milh\u00f5es) s\u00e3o insuficientes para cobrir as despesas com benef\u00edcios (R$ 1,1 bilh\u00e3o) e com a taxa de administra\u00e7\u00e3o (R$ 13,6 milh\u00f5es). Em compara\u00e7\u00e3o ao ano anterior, a insufici\u00eancia financeira aumentou 12,96% e a despesa com benef\u00edcios 12,51% (valores atualizados pelo IPCA), caracterizando tend\u00eancia de aumento permanente.\u00a0<\/span><\/p>\n<p><span style=\"font-size: 12pt;\"><b>Chama a aten\u00e7\u00e3o para o fato de que o resultado previdenci\u00e1rio negativo ser\u00e1 crescente at\u00e9 o ano de 2084, assim como a necessidade de aporte, prosseguida de leve estabiliza\u00e7\u00e3o do resultado negativo at\u00e9 o final deste s\u00e9culo.<\/b>\u00a0<\/span><\/p>\n<p><span style=\"font-size: 12pt;\">Essa mat\u00e9ria demanda muita aten\u00e7\u00e3o dos Tribunais de Contas da Uni\u00e3o (TCU) e dos Estados. Ambas as institui\u00e7\u00f5es est\u00e3o cientes de que o equil\u00edbrio da previd\u00eancia ser\u00e1 um desafio nas pr\u00f3ximas d\u00e9cadas e por isso tem priorizado h\u00e1 tempo o controle dos regimes pr\u00f3prios de previd\u00eancia do Estado e dos munic\u00edpios.\u00a0<\/span>[\/vc_column_text][\/vc_column_inner][\/vc_row_inner][\/vc_tta_section][vc_tta_section i_icon_fontawesome=&#8221;&#8221; add_icon=&#8221;true&#8221; title=&#8221;04 &#8211; Decis\u00e3o&#8221; tab_id=&#8221;1751399530350-8f2d07d7-61fa&#8221;][vc_row_inner][vc_column_inner][vc_column_text css=&#8221;&#8221;]<span style=\"font-size: 12pt;\"><strong>Recomendar<\/strong> ao Chefe do Poder Executivo Estadual e aos respons\u00e1veis pelo IPAJM, SEP e SEFAZ a <strong>cria\u00e7\u00e3o do Fundo para Oscila\u00e7\u00e3o de Riscos<\/strong>, aplic\u00e1vel ao Fundo Financeiro e ao Fundo de Prote\u00e7\u00e3o Social dos Militares, com vistas \u00e0 manuten\u00e7\u00e3o da estabilidade do plano de custeio do RPPS e \u00e0 garantia de sua solv\u00eancia. Embora <strong>facultativa<\/strong>, tal medida representa <strong>estrat\u00e9gia<\/strong> importante de preven\u00e7\u00e3o, tendo em vista os riscos atuariais de longo prazo e a imprevisibilidade das hip\u00f3teses utilizadas nos c\u00e1lculos.<\/span><\/p>\n<p><span style=\"font-size: 12pt;\"><strong>Cientificar<\/strong> ao IPAJM e \u00e0 SEP acerca da exist\u00eancia de <strong>riscos previdenci\u00e1rios<\/strong> associados ao crescimento do passivo atuarial do <strong>Fundo de Prote\u00e7\u00e3o Social dos Militares<\/strong>, alertando para a necessidade de melhorar a gest\u00e3o integrada de ativos e passivos, bem como o controle dos respectivos riscos atuariais.<\/span>[\/vc_column_text][\/vc_column_inner][\/vc_row_inner][\/vc_tta_section][\/vc_tta_accordion][\/vc_column][\/vc_row]<\/p>\n<\/div>","protected":false},"excerpt":{"rendered":"<p>[vc_row][vc_column][vc_column_text css=&#8221;&#8221;] Resultados e discuss\u00f5es acerca do Fundo Financeiro e Fundo Previdenci\u00e1rio, que comp\u00f5em o<span class=\"excerpt-hellip\"> [\u2026]<\/span><\/p>\n","protected":false},"author":146,"featured_media":-1,"parent":0,"menu_order":0,"comment_status":"closed","ping_status":"closed","template":"","meta":{"_acf_changed":false,"footnotes":""},"class_list":["post-586","page","type-page","status-publish","has-post-thumbnail","hentry","wpautop"],"acf":[],"yoast_head":"<title>PREVID\u00caNCIA - TCEES | Hotsite PCA Estado<\/title>\n<meta name=\"robots\" content=\"index, follow, max-snippet:-1, max-image-preview:large, max-video-preview:-1\" \/>\n<link rel=\"canonical\" href=\"https:\/\/www.tcees.tc.br\/contasdegovernoestado\/previdencia\/\" \/>\n<meta property=\"og:locale\" content=\"pt_BR\" \/>\n<meta property=\"og:type\" content=\"article\" \/>\n<meta property=\"og:title\" content=\"PREVID\u00caNCIA - TCEES | Hotsite PCA Estado\" \/>\n<meta property=\"og:description\" content=\"[vc_row][vc_column][vc_column_text css=&#8221;&#8221;] Resultados e discuss\u00f5es acerca do Fundo Financeiro e Fundo Previdenci\u00e1rio, que comp\u00f5em o [\u2026]\" \/>\n<meta property=\"og:url\" content=\"https:\/\/www.tcees.tc.br\/contasdegovernoestado\/previdencia\/\" \/>\n<meta property=\"og:site_name\" content=\"TCEES | Hotsite PCA Estado\" \/>\n<meta property=\"article:modified_time\" content=\"2025-07-08T18:49:19+00:00\" \/>\n<meta name=\"twitter:card\" content=\"summary_large_image\" \/>\n<meta name=\"twitter:label1\" content=\"Est. tempo de leitura\" \/>\n\t<meta name=\"twitter:data1\" content=\"5 minutos\" \/>\n<script type=\"application\/ld+json\" class=\"yoast-schema-graph\">{\"@context\":\"https:\/\/schema.org\",\"@graph\":[{\"@type\":\"WebPage\",\"@id\":\"https:\/\/www.tcees.tc.br\/contasdegovernoestado\/previdencia\/\",\"url\":\"https:\/\/www.tcees.tc.br\/contasdegovernoestado\/previdencia\/\",\"name\":\"PREVID\u00caNCIA - TCEES | Hotsite PCA Estado\",\"isPartOf\":{\"@id\":\"https:\/\/www.tcees.tc.br\/contasdegovernoestado\/#website\"},\"datePublished\":\"2021-09-27T19:28:44+00:00\",\"dateModified\":\"2025-07-08T18:49:19+00:00\",\"breadcrumb\":{\"@id\":\"https:\/\/www.tcees.tc.br\/contasdegovernoestado\/previdencia\/#breadcrumb\"},\"inLanguage\":\"pt-BR\",\"potentialAction\":[{\"@type\":\"ReadAction\",\"target\":[\"https:\/\/www.tcees.tc.br\/contasdegovernoestado\/previdencia\/\"]}]},{\"@type\":\"BreadcrumbList\",\"@id\":\"https:\/\/www.tcees.tc.br\/contasdegovernoestado\/previdencia\/#breadcrumb\",\"itemListElement\":[{\"@type\":\"ListItem\",\"position\":1,\"name\":\"In\u00edcio\",\"item\":\"https:\/\/www.tcees.tc.br\/contasdegovernoestado\/\"},{\"@type\":\"ListItem\",\"position\":2,\"name\":\"PREVID\u00caNCIA\"}]},{\"@type\":\"WebSite\",\"@id\":\"https:\/\/www.tcees.tc.br\/contasdegovernoestado\/#website\",\"url\":\"https:\/\/www.tcees.tc.br\/contasdegovernoestado\/\",\"name\":\"TCEES | Hotsite PCA Estado\",\"description\":\"\",\"potentialAction\":[{\"@type\":\"SearchAction\",\"target\":{\"@type\":\"EntryPoint\",\"urlTemplate\":\"https:\/\/www.tcees.tc.br\/contasdegovernoestado\/?s={search_term_string}\"},\"query-input\":{\"@type\":\"PropertyValueSpecification\",\"valueRequired\":true,\"valueName\":\"search_term_string\"}}],\"inLanguage\":\"pt-BR\"}]}<\/script>","yoast_head_json":{"title":"PREVID\u00caNCIA - TCEES | Hotsite PCA Estado","robots":{"index":"index","follow":"follow","max-snippet":"max-snippet:-1","max-image-preview":"max-image-preview:large","max-video-preview":"max-video-preview:-1"},"canonical":"https:\/\/www.tcees.tc.br\/contasdegovernoestado\/previdencia\/","og_locale":"pt_BR","og_type":"article","og_title":"PREVID\u00caNCIA - TCEES | Hotsite PCA Estado","og_description":"[vc_row][vc_column][vc_column_text css=&#8221;&#8221;] Resultados e discuss\u00f5es acerca do Fundo Financeiro e Fundo Previdenci\u00e1rio, que comp\u00f5em o [\u2026]","og_url":"https:\/\/www.tcees.tc.br\/contasdegovernoestado\/previdencia\/","og_site_name":"TCEES | Hotsite PCA Estado","article_modified_time":"2025-07-08T18:49:19+00:00","twitter_card":"summary_large_image","twitter_misc":{"Est. tempo de leitura":"5 minutos"},"schema":{"@context":"https:\/\/schema.org","@graph":[{"@type":"WebPage","@id":"https:\/\/www.tcees.tc.br\/contasdegovernoestado\/previdencia\/","url":"https:\/\/www.tcees.tc.br\/contasdegovernoestado\/previdencia\/","name":"PREVID\u00caNCIA - TCEES | Hotsite PCA Estado","isPartOf":{"@id":"https:\/\/www.tcees.tc.br\/contasdegovernoestado\/#website"},"datePublished":"2021-09-27T19:28:44+00:00","dateModified":"2025-07-08T18:49:19+00:00","breadcrumb":{"@id":"https:\/\/www.tcees.tc.br\/contasdegovernoestado\/previdencia\/#breadcrumb"},"inLanguage":"pt-BR","potentialAction":[{"@type":"ReadAction","target":["https:\/\/www.tcees.tc.br\/contasdegovernoestado\/previdencia\/"]}]},{"@type":"BreadcrumbList","@id":"https:\/\/www.tcees.tc.br\/contasdegovernoestado\/previdencia\/#breadcrumb","itemListElement":[{"@type":"ListItem","position":1,"name":"In\u00edcio","item":"https:\/\/www.tcees.tc.br\/contasdegovernoestado\/"},{"@type":"ListItem","position":2,"name":"PREVID\u00caNCIA"}]},{"@type":"WebSite","@id":"https:\/\/www.tcees.tc.br\/contasdegovernoestado\/#website","url":"https:\/\/www.tcees.tc.br\/contasdegovernoestado\/","name":"TCEES | Hotsite PCA Estado","description":"","potentialAction":[{"@type":"SearchAction","target":{"@type":"EntryPoint","urlTemplate":"https:\/\/www.tcees.tc.br\/contasdegovernoestado\/?s={search_term_string}"},"query-input":{"@type":"PropertyValueSpecification","valueRequired":true,"valueName":"search_term_string"}}],"inLanguage":"pt-BR"}]}},"_links":{"self":[{"href":"https:\/\/www.tcees.tc.br\/contasdegovernoestado\/wp-json\/wp\/v2\/pages\/586","targetHints":{"allow":["GET"]}}],"collection":[{"href":"https:\/\/www.tcees.tc.br\/contasdegovernoestado\/wp-json\/wp\/v2\/pages"}],"about":[{"href":"https:\/\/www.tcees.tc.br\/contasdegovernoestado\/wp-json\/wp\/v2\/types\/page"}],"author":[{"embeddable":true,"href":"https:\/\/www.tcees.tc.br\/contasdegovernoestado\/wp-json\/wp\/v2\/users\/146"}],"replies":[{"embeddable":true,"href":"https:\/\/www.tcees.tc.br\/contasdegovernoestado\/wp-json\/wp\/v2\/comments?post=586"}],"version-history":[{"count":0,"href":"https:\/\/www.tcees.tc.br\/contasdegovernoestado\/wp-json\/wp\/v2\/pages\/586\/revisions"}],"wp:featuredmedia":[{"embeddable":true,"href":"https:\/\/www.tcees.tc.br\/contasdegovernoestado\/wp-json\/"}],"wp:attachment":[{"href":"https:\/\/www.tcees.tc.br\/contasdegovernoestado\/wp-json\/wp\/v2\/media?parent=586"}],"curies":[{"name":"wp","href":"https:\/\/api.w.org\/{rel}","templated":true}]}}