{"id":32,"date":"2020-02-18T12:47:08","date_gmt":"2020-02-18T15:47:08","guid":{"rendered":"http:\/\/localhost\/chuvas\/?page_id=32"},"modified":"2021-05-17T16:43:36","modified_gmt":"2021-05-17T19:43:36","slug":"home","status":"publish","type":"page","link":"https:\/\/www.tcees.tc.br\/coronavirus\/","title":{"rendered":"HOME"},"content":{"rendered":"<div class=\"wpb-content-wrapper\"><p>[vc_section full_width=&#8221;stretch_row_content&#8221;][vc_row full_width=&#8221;stretch_row_content_no_spaces&#8221;][vc_column]\n\t\t\t<!-- START Slider 1 REVOLUTION SLIDER 6.7.35 --><p class=\"rs-p-wp-fix\"><\/p>\n\t\t\t<rs-module-wrap id=\"rev_slider_4_1_wrapper\" data-source=\"gallery\" style=\"visibility:hidden;background:transparent;padding:0;margin:0px auto;margin-top:0;margin-bottom:0;\">\n\t\t\t\t<rs-module id=\"rev_slider_4_1\" style=\"\" data-version=\"6.7.35\">\n\t\t\t\t\t<rs-slides style=\"overflow: hidden; position: absolute;\">\n\t\t\t\t\t\t<rs-slide style=\"position: absolute;\" data-key=\"rs-4\" data-title=\"Slide\" data-anim=\"ms:150;r:0;\" data-in=\"o:0;\" data-out=\"a:false;\">\n\t\t\t\t\t\t\t<img decoding=\"async\" src=\"\/\/www.tcees.tc.br\/coronavirus\/wp-content\/plugins\/revslider\/sr6\/assets\/assets\/dummy.png\" alt=\"\" title=\"bg-banner\" width=\"1920\" height=\"351\" class=\"rev-slidebg tp-rs-img rs-lazyload\" data-lazyload=\"\/\/www.tcees.tc.br\/coronavirus\/wp-content\/uploads\/sites\/4\/2020\/04\/bg-banner.jpg\" data-no-retina>\n<!--\n\t\t\t\t\t\t\t--><rs-layer\n\t\t\t\t\t\t\t\tid=\"slider-4-slide-4-layer-0\" \n\t\t\t\t\t\t\t\tdata-type=\"image\"\n\t\t\t\t\t\t\t\tdata-rsp_ch=\"on\"\n\t\t\t\t\t\t\t\tdata-xy=\"x:-357px;y:-12px;\"\n\t\t\t\t\t\t\t\tdata-text=\"w:normal;\"\n\t\t\t\t\t\t\t\tdata-dim=\"w:1082px;h:367px;\"\n\t\t\t\t\t\t\t\tdata-frame_0=\"x:left;\"\n\t\t\t\t\t\t\t\tdata-frame_1=\"sp:1000;\"\n\t\t\t\t\t\t\t\tdata-frame_999=\"o:0;st:w;sR:8000;\"\n\t\t\t\t\t\t\t\tstyle=\"z-index:8;\"\n\t\t\t\t\t\t\t><img decoding=\"async\" src=\"\/\/www.tcees.tc.br\/coronavirus\/wp-content\/plugins\/revslider\/sr6\/assets\/assets\/dummy.png\" alt=\"\" class=\"tp-rs-img rs-lazyload\" width=\"1032\" height=\"350\" data-lazyload=\"\/\/www.tcees.tc.br\/coronavirus\/wp-content\/uploads\/sites\/4\/2020\/04\/banner-01.png\" data-no-retina> \n\t\t\t\t\t\t\t<\/rs-layer><!--\n\n\t\t\t\t\t\t\t--><rs-layer\n\t\t\t\t\t\t\t\tid=\"slider-4-slide-4-layer-1\" \n\t\t\t\t\t\t\t\tdata-type=\"image\"\n\t\t\t\t\t\t\t\tdata-rsp_ch=\"on\"\n\t\t\t\t\t\t\t\tdata-xy=\"x:562px;y:-6px;\"\n\t\t\t\t\t\t\t\tdata-text=\"w:normal;\"\n\t\t\t\t\t\t\t\tdata-dim=\"w:1131px;h:385px;\"\n\t\t\t\t\t\t\t\tdata-frame_0=\"x:right;\"\n\t\t\t\t\t\t\t\tdata-frame_1=\"st:1000;sp:1000;sR:1000;\"\n\t\t\t\t\t\t\t\tdata-frame_999=\"o:0;st:w;sR:7000;\"\n\t\t\t\t\t\t\t\tstyle=\"z-index:9;\"\n\t\t\t\t\t\t\t><img decoding=\"async\" src=\"\/\/www.tcees.tc.br\/coronavirus\/wp-content\/plugins\/revslider\/sr6\/assets\/assets\/dummy.png\" alt=\"\" class=\"tp-rs-img rs-lazyload\" width=\"1029\" height=\"350\" data-lazyload=\"\/\/www.tcees.tc.br\/coronavirus\/wp-content\/uploads\/sites\/4\/2020\/04\/banner-02-1.png\" data-no-retina> \n\t\t\t\t\t\t\t<\/rs-layer><!--\n\n\t\t\t\t\t\t\t--><rs-layer\n\t\t\t\t\t\t\t\tid=\"slider-4-slide-4-layer-2\" \n\t\t\t\t\t\t\t\tdata-type=\"image\"\n\t\t\t\t\t\t\t\tdata-rsp_ch=\"on\"\n\t\t\t\t\t\t\t\tdata-xy=\"x:788px;y:37px;\"\n\t\t\t\t\t\t\t\tdata-text=\"w:normal;\"\n\t\t\t\t\t\t\t\tdata-dim=\"w:417px;h:177px;\"\n\t\t\t\t\t\t\t\tdata-frame_0=\"y:top;\"\n\t\t\t\t\t\t\t\tdata-frame_1=\"st:2020;sp:1000;\"\n\t\t\t\t\t\t\t\tdata-frame_999=\"o:0;st:w;sR:6130;\"\n\t\t\t\t\t\t\t\tstyle=\"z-index:10;\"\n\t\t\t\t\t\t\t><img decoding=\"async\" src=\"\/\/www.tcees.tc.br\/coronavirus\/wp-content\/plugins\/revslider\/sr6\/assets\/assets\/dummy.png\" alt=\"\" class=\"tp-rs-img rs-lazyload\" width=\"663\" height=\"281\" data-lazyload=\"\/\/www.tcees.tc.br\/coronavirus\/wp-content\/uploads\/sites\/4\/2020\/04\/txt-0001.png\" data-no-retina> \n\t\t\t\t\t\t\t<\/rs-layer><!--\n\n\t\t\t\t\t\t\t--><rs-layer\n\t\t\t\t\t\t\t\tid=\"slider-4-slide-4-layer-3\" \n\t\t\t\t\t\t\t\tdata-type=\"image\"\n\t\t\t\t\t\t\t\tdata-rsp_ch=\"on\"\n\t\t\t\t\t\t\t\tdata-xy=\"x:788px;y:243px;\"\n\t\t\t\t\t\t\t\tdata-text=\"w:normal;\"\n\t\t\t\t\t\t\t\tdata-dim=\"w:424px;h:72px;\"\n\t\t\t\t\t\t\t\tdata-frame_0=\"y:bottom;\"\n\t\t\t\t\t\t\t\tdata-frame_1=\"st:2920;sp:1000;\"\n\t\t\t\t\t\t\t\tdata-frame_999=\"o:0;st:w;sR:5230;\"\n\t\t\t\t\t\t\t\tstyle=\"z-index:11;\"\n\t\t\t\t\t\t\t><img decoding=\"async\" src=\"\/\/www.tcees.tc.br\/coronavirus\/wp-content\/plugins\/revslider\/sr6\/assets\/assets\/dummy.png\" alt=\"\" class=\"tp-rs-img rs-lazyload\" width=\"662\" height=\"113\" data-lazyload=\"\/\/www.tcees.tc.br\/coronavirus\/wp-content\/uploads\/sites\/4\/2020\/04\/banner-04.png\" data-no-retina> \n\t\t\t\t\t\t\t<\/rs-layer><!--\n-->\t\t\t\t\t<\/rs-slide>\n\t\t\t\t\t<\/rs-slides>\n\t\t\t\t<\/rs-module>\n\t\t\t\t<script>\n\t\t\t\t\tsetREVStartSize({c: 'rev_slider_4_1',rl:[1240,1024,778,480],el:[350],gw:[1240],gh:[350],type:'standard',justify:'',layout:'fullwidth',mh:\"0\"});if (window.RS_MODULES!==undefined && window.RS_MODULES.modules!==undefined && window.RS_MODULES.modules[\"revslider41\"]!==undefined) {window.RS_MODULES.modules[\"revslider41\"].once = false;window.revapi4 = undefined;if (window.RS_MODULES.checkMinimal!==undefined) window.RS_MODULES.checkMinimal()}\n\t\t\t\t<\/script>\n\t\t\t<\/rs-module-wrap>\n\t\t\t<!-- END REVOLUTION SLIDER -->\n[\/vc_column][\/vc_row][\/vc_section][vc_section css=&#8221;.vc_custom_1582052534761{margin-top: 50px !important;}&#8221;][vc_row][vc_column width=&#8221;1\/3&#8243;][vc_single_image image=&#8221;68&#8243; img_size=&#8221;full&#8221; css=&#8221;.vc_custom_1585866737149{margin-bottom: 0px !important;}&#8221;][vc_column_text]<strong>1.1 &#8211; O que se entende por desastre, situa\u00e7\u00e3o de emerg\u00eancia e estado de calamidade p\u00fablica? <\/strong>O Decreto n\u00ba 7.257\/2010, que rege o Sistema&#8230;[\/vc_column_text][vc_btn title=&#8221;LEIA MAIS AQUI&#8221; color=&#8221;primary&#8221; i_align=&#8221;right&#8221; i_icon_fontawesome=&#8221;fas fa-angle-right&#8221; add_icon=&#8221;true&#8221; link=&#8221;url:https%3A%2F%2Fwww.tcees.tc.br%2Fcoronavirus%2Fguia-basico%2F|title:O%20PAPEL%20DO%20TCE||&#8221;][\/vc_column][vc_column width=&#8221;1\/3&#8243;][vc_single_image image=&#8221;69&#8243; img_size=&#8221;full&#8221; css=&#8221;.vc_custom_1585866752894{margin-bottom: 0px !important;}&#8221;][vc_column_text]Por meio da Portaria Normativa N\u00ba 46, de 1 de abril de 2020, disponibilizada no Di\u00e1rio Oficial Eletr\u00f4nico do TCEES no dia 02\/03\/2020, esta Corte instituiu comiss\u00e3o t\u00e9cnica&#8230;[\/vc_column_text][vc_btn title=&#8221;LEIA MAIS AQUI&#8221; color=&#8221;primary&#8221; i_align=&#8221;right&#8221; i_icon_fontawesome=&#8221;fas fa-angle-right&#8221; add_icon=&#8221;true&#8221; link=&#8221;url:https%3A%2F%2Fwww.tcees.tc.br%2Fcoronavirus%2Fduvidas%2F|title:O%20PAPEL%20DO%20TCE||&#8221;][\/vc_column][vc_column width=&#8221;1\/3&#8243;][vc_single_image image=&#8221;288&#8243; img_size=&#8221;full&#8221; css=&#8221;.vc_custom_1621280612259{margin-bottom: 0px !important;}&#8221;][vc_column_text]Aqui voc\u00ea encontra as not\u00edcias com as decis\u00f5es mais recentes dos colegiados do Tribunal de Contas do Estado que tenham rela\u00e7\u00e3o com a Covid-19.[\/vc_column_text][vc_btn title=&#8221;LEIA MAIS AQUI&#8221; color=&#8221;primary&#8221; i_align=&#8221;right&#8221; i_icon_fontawesome=&#8221;fas fa-angle-right&#8221; add_icon=&#8221;true&#8221; link=&#8221;url:https%3A%2F%2Fwww.tcees.tc.br%2Fcoronavirus%2Fnoticias%2F|title:O%20PAPEL%20DO%20TCE&#8221;][\/vc_column][\/vc_row][\/vc_section][vc_section][vc_row][vc_column][vc_custom_heading text=&#8221;O PAPEL DO TCE-ES&#8221; font_container=&#8221;tag:h2|font_size:30px|text_align:left|color:%231e73be|line_height:45px&#8221; google_fonts=&#8221;font_family:Quattrocento%20Sans%3Aregular%2Citalic%2C700%2C700italic|font_style:400%20regular%3A400%3Anormal&#8221;][vc_separator color=&#8221;custom&#8221; accent_color=&#8221;#f9db72&#8243;][\/vc_column][\/vc_row][vc_row][vc_column width=&#8221;1\/4&#8243;][vc_single_image image=&#8221;72&#8243; img_size=&#8221;full&#8221;][\/vc_column][vc_column width=&#8221;3\/4&#8243;][vc_column_text]\u00c9 fato not\u00f3rio a situa\u00e7\u00e3o emergencial e de calamidade p\u00fablica vivenciada por toda a sociedade brasileira e mundial em decorr\u00eancia da pandemia provocada pelo novo coronav\u00edrus (Covid-19), declarada publicamente pela Organiza\u00e7\u00e3o Mundial da Sa\u00fade \u2013 OMS em 11 de mar\u00e7o de 2020.<\/p>\n<p>O Governo do Estado do Esp\u00edrito Santo declarou <strong>emerg\u00eancia em sa\u00fade p\u00fablica<\/strong> decorrente do surto por meio do Decreto 4.593-R, de 13 de mar\u00e7o de 2020, tendo posteriormente aprovado o <strong>estado de calamidade p\u00fablica<\/strong> nos termos do Decreto-legislativo n\u00ba 01&#8230;[\/vc_column_text][vc_btn title=&#8221;LEIA MAIS AQUI&#8221; color=&#8221;primary&#8221; i_align=&#8221;right&#8221; i_icon_fontawesome=&#8221;fas fa-angle-right&#8221; add_icon=&#8221;true&#8221; link=&#8221;url:https%3A%2F%2Fwww.tcees.tc.br%2Fcoronavirus%2Fo-papel-do-tce%2F|title:O%20PAPEL%20DO%20TCE||&#8221;][\/vc_column][\/vc_row][\/vc_section]<\/p>\n<\/div>","protected":false},"excerpt":{"rendered":"<p>[vc_section full_width=&#8221;stretch_row_content&#8221;][vc_row full_width=&#8221;stretch_row_content_no_spaces&#8221;][vc_column][\/vc_column][\/vc_row][\/vc_section][vc_section css=&#8221;.vc_custom_1582052534761{margin-top: 50px !important;}&#8221;][vc_row][vc_column width=&#8221;1\/3&#8243;][vc_single_image image=&#8221;68&#8243; img_size=&#8221;full&#8221; css=&#8221;.vc_custom_1585866737149{margin-bottom: 0px !important;}&#8221;][vc_column_text]1.1 &#8211; O que<span class=\"excerpt-hellip\"> [\u2026]<\/span><\/p>\n","protected":false},"author":1,"featured_media":0,"parent":0,"menu_order":0,"comment_status":"closed","ping_status":"closed","template":"","meta":{"_acf_changed":false,"footnotes":""},"class_list":["post-32","page","type-page","status-publish","hentry","wpautop"],"acf":[],"yoast_head":"<title>HOME - TCEES | Hotsite Coronav\u00edrus(COVID-19)<\/title>\n<meta name=\"robots\" content=\"index, follow, max-snippet:-1, max-image-preview:large, max-video-preview:-1\" \/>\n<link rel=\"canonical\" href=\"https:\/\/www.tcees.tc.br\/coronavirus\/\" \/>\n<meta property=\"og:locale\" content=\"pt_BR\" \/>\n<meta property=\"og:type\" content=\"article\" \/>\n<meta property=\"og:title\" content=\"HOME - TCEES | Hotsite Coronav\u00edrus(COVID-19)\" \/>\n<meta property=\"og:description\" content=\"[vc_section full_width=&#8221;stretch_row_content&#8221;][vc_row full_width=&#8221;stretch_row_content_no_spaces&#8221;][vc_column][\/vc_column][\/vc_row][\/vc_section][vc_section css=&#8221;.vc_custom_1582052534761{margin-top: 50px !important;}&#8221;][vc_row][vc_column width=&#8221;1\/3&#8243;][vc_single_image image=&#8221;68&#8243; img_size=&#8221;full&#8221; css=&#8221;.vc_custom_1585866737149{margin-bottom: 0px !important;}&#8221;][vc_column_text]1.1 &#8211; O que [\u2026]\" \/>\n<meta property=\"og:url\" content=\"https:\/\/www.tcees.tc.br\/coronavirus\/\" \/>\n<meta property=\"og:site_name\" content=\"TCEES | Hotsite Coronav\u00edrus(COVID-19)\" \/>\n<meta property=\"article:modified_time\" content=\"2021-05-17T19:43:36+00:00\" \/>\n<meta name=\"twitter:card\" content=\"summary_large_image\" \/>\n<meta name=\"twitter:label1\" content=\"Est. tempo de leitura\" \/>\n\t<meta name=\"twitter:data1\" content=\"1 minuto\" \/>\n<script type=\"application\/ld+json\" class=\"yoast-schema-graph\">{\"@context\":\"https:\/\/schema.org\",\"@graph\":[{\"@type\":\"WebPage\",\"@id\":\"https:\/\/www.tcees.tc.br\/coronavirus\/\",\"url\":\"https:\/\/www.tcees.tc.br\/coronavirus\/\",\"name\":\"HOME - TCEES | Hotsite Coronav\u00edrus(COVID-19)\",\"isPartOf\":{\"@id\":\"https:\/\/www.tcees.tc.br\/coronavirus\/#website\"},\"datePublished\":\"2020-02-18T15:47:08+00:00\",\"dateModified\":\"2021-05-17T19:43:36+00:00\",\"breadcrumb\":{\"@id\":\"https:\/\/www.tcees.tc.br\/coronavirus\/#breadcrumb\"},\"inLanguage\":\"pt-BR\",\"potentialAction\":[{\"@type\":\"ReadAction\",\"target\":[\"https:\/\/www.tcees.tc.br\/coronavirus\/\"]}]},{\"@type\":\"BreadcrumbList\",\"@id\":\"https:\/\/www.tcees.tc.br\/coronavirus\/#breadcrumb\",\"itemListElement\":[{\"@type\":\"ListItem\",\"position\":1,\"name\":\"In\u00edcio\",\"item\":\"https:\/\/www.tcees.tc.br\/coronavirus\/\"},{\"@type\":\"ListItem\",\"position\":2,\"name\":\"HOME\"}]},{\"@type\":\"WebSite\",\"@id\":\"https:\/\/www.tcees.tc.br\/coronavirus\/#website\",\"url\":\"https:\/\/www.tcees.tc.br\/coronavirus\/\",\"name\":\"TCEES | Hotsite Coronav\u00edrus(COVID-19)\",\"description\":\"\",\"potentialAction\":[{\"@type\":\"SearchAction\",\"target\":{\"@type\":\"EntryPoint\",\"urlTemplate\":\"https:\/\/www.tcees.tc.br\/coronavirus\/?s={search_term_string}\"},\"query-input\":{\"@type\":\"PropertyValueSpecification\",\"valueRequired\":true,\"valueName\":\"search_term_string\"}}],\"inLanguage\":\"pt-BR\"}]}<\/script>","yoast_head_json":{"title":"HOME - TCEES | Hotsite Coronav\u00edrus(COVID-19)","robots":{"index":"index","follow":"follow","max-snippet":"max-snippet:-1","max-image-preview":"max-image-preview:large","max-video-preview":"max-video-preview:-1"},"canonical":"https:\/\/www.tcees.tc.br\/coronavirus\/","og_locale":"pt_BR","og_type":"article","og_title":"HOME - TCEES | Hotsite Coronav\u00edrus(COVID-19)","og_description":"[vc_section full_width=&#8221;stretch_row_content&#8221;][vc_row full_width=&#8221;stretch_row_content_no_spaces&#8221;][vc_column][\/vc_column][\/vc_row][\/vc_section][vc_section css=&#8221;.vc_custom_1582052534761{margin-top: 50px !important;}&#8221;][vc_row][vc_column width=&#8221;1\/3&#8243;][vc_single_image image=&#8221;68&#8243; img_size=&#8221;full&#8221; css=&#8221;.vc_custom_1585866737149{margin-bottom: 0px !important;}&#8221;][vc_column_text]1.1 &#8211; O que [\u2026]","og_url":"https:\/\/www.tcees.tc.br\/coronavirus\/","og_site_name":"TCEES | Hotsite Coronav\u00edrus(COVID-19)","article_modified_time":"2021-05-17T19:43:36+00:00","twitter_card":"summary_large_image","twitter_misc":{"Est. tempo de leitura":"1 minuto"},"schema":{"@context":"https:\/\/schema.org","@graph":[{"@type":"WebPage","@id":"https:\/\/www.tcees.tc.br\/coronavirus\/","url":"https:\/\/www.tcees.tc.br\/coronavirus\/","name":"HOME - TCEES | Hotsite Coronav\u00edrus(COVID-19)","isPartOf":{"@id":"https:\/\/www.tcees.tc.br\/coronavirus\/#website"},"datePublished":"2020-02-18T15:47:08+00:00","dateModified":"2021-05-17T19:43:36+00:00","breadcrumb":{"@id":"https:\/\/www.tcees.tc.br\/coronavirus\/#breadcrumb"},"inLanguage":"pt-BR","potentialAction":[{"@type":"ReadAction","target":["https:\/\/www.tcees.tc.br\/coronavirus\/"]}]},{"@type":"BreadcrumbList","@id":"https:\/\/www.tcees.tc.br\/coronavirus\/#breadcrumb","itemListElement":[{"@type":"ListItem","position":1,"name":"In\u00edcio","item":"https:\/\/www.tcees.tc.br\/coronavirus\/"},{"@type":"ListItem","position":2,"name":"HOME"}]},{"@type":"WebSite","@id":"https:\/\/www.tcees.tc.br\/coronavirus\/#website","url":"https:\/\/www.tcees.tc.br\/coronavirus\/","name":"TCEES | Hotsite Coronav\u00edrus(COVID-19)","description":"","potentialAction":[{"@type":"SearchAction","target":{"@type":"EntryPoint","urlTemplate":"https:\/\/www.tcees.tc.br\/coronavirus\/?s={search_term_string}"},"query-input":{"@type":"PropertyValueSpecification","valueRequired":true,"valueName":"search_term_string"}}],"inLanguage":"pt-BR"}]}},"_links":{"self":[{"href":"https:\/\/www.tcees.tc.br\/coronavirus\/wp-json\/wp\/v2\/pages\/32","targetHints":{"allow":["GET"]}}],"collection":[{"href":"https:\/\/www.tcees.tc.br\/coronavirus\/wp-json\/wp\/v2\/pages"}],"about":[{"href":"https:\/\/www.tcees.tc.br\/coronavirus\/wp-json\/wp\/v2\/types\/page"}],"author":[{"embeddable":true,"href":"https:\/\/www.tcees.tc.br\/coronavirus\/wp-json\/wp\/v2\/users\/1"}],"replies":[{"embeddable":true,"href":"https:\/\/www.tcees.tc.br\/coronavirus\/wp-json\/wp\/v2\/comments?post=32"}],"version-history":[{"count":0,"href":"https:\/\/www.tcees.tc.br\/coronavirus\/wp-json\/wp\/v2\/pages\/32\/revisions"}],"wp:attachment":[{"href":"https:\/\/www.tcees.tc.br\/coronavirus\/wp-json\/wp\/v2\/media?parent=32"}],"curies":[{"name":"wp","href":"https:\/\/api.w.org\/{rel}","templated":true}]}}