{"id":60,"date":"2020-04-02T19:28:15","date_gmt":"2020-04-02T22:28:15","guid":{"rendered":"https:\/\/www.tcees.tc.br\/coronavirus\/?page_id=60"},"modified":"2021-04-07T18:50:43","modified_gmt":"2021-04-07T21:50:43","slug":"duvidas","status":"publish","type":"page","link":"https:\/\/www.tcees.tc.br\/coronavirus\/duvidas\/","title":{"rendered":"D\u00daVIDAS"},"content":{"rendered":"<div class=\"wpb-content-wrapper\"><p>[vc_row][vc_column][vc_single_image image=&#8221;77&#8243; img_size=&#8221;full&#8221; alignment=&#8221;center&#8221;][\/vc_column][\/vc_row][vc_row][vc_column width=&#8221;1\/2&#8243;][vc_column_text]Por meio da Portaria Normativa N\u00ba 46, de 1 de abril de 2020, disponibilizada no Di\u00e1rio Oficial Eletr\u00f4nico do TCEES no dia 02\/04\/2020, esta Corte instituiu comiss\u00e3o t\u00e9cnica para responder a questionamentos formulados por agentes da Administra\u00e7\u00e3o P\u00fablica acerca de medidas administrativas praticadas em decorr\u00eancia do combate \u00e0 pandemia provocada pela Covid-19.<\/p>\n<p>Esse canal \u00e9 destinado exclusivamente ao atendimento de demandas das <strong>administra\u00e7\u00f5es p\u00fablicas \u2013 estadual e municipal<\/strong> \u2013 e objetiva garantir celeridade e seguran\u00e7a jur\u00eddica a entes e \u00f3rg\u00e3os <strong>jurisdicionados do TCE-ES<\/strong>.<\/p>\n<p>A prioridade \u00e9 garantir condi\u00e7\u00f5es adequadas para a sa\u00fade da popula\u00e7\u00e3o e agilizar as medidas administrativas necess\u00e1rias ao combate \u00e0 epidemia.<\/p>\n<p>Os questionamentos ser\u00e3o respondidos com base na <strong>legisla\u00e7\u00e3o vigente<\/strong> e\/ou com base na <strong>jurisprud\u00eancia do TCEES<\/strong> e, subsidiariamente, com base na <strong>jurisprud\u00eancia de outros Tribunais.<\/strong>[\/vc_column_text][\/vc_column][vc_column width=&#8221;1\/2&#8243;][vc_column_text]Questionamentos encaminhados que n\u00e3o versem sobre mat\u00e9rias relacionadas \u00e0 pandemia do novo coronav\u00edrus (COVID-19) ou que n\u00e3o tiverem correla\u00e7\u00e3o com as compet\u00eancias do Tribunal n\u00e3o ser\u00e3o respondidos.<\/p>\n<p>Tamb\u00e9m n\u00e3o ser\u00e3o respondidos questionamentos que, por sua natureza, demandem estudos aprofundados, resguardada, neste caso, a possibilidade de ser formalizada consulta formal a esta Corte, nos termos do art. 122 e seguintes da Lei Complementar Estadual n\u00ba 621\/2012 e do art. 233 e seguintes, do Regimento Interno do TCEES, aprovado pela Resolu\u00e7\u00e3o TC 261\/2013.<\/p>\n<p>As orienta\u00e7\u00f5es fornecidas pela comiss\u00e3o se aplicar\u00e3o a <strong>atos e situa\u00e7\u00f5es praticados durante e em decorr\u00eancia da pandemia do novo coronav\u00edrus COVID-19<\/strong>, tendo car\u00e1ter orientador e n\u00e3o constituindo prejulgamento do fato ou caso concreto pelo Tribunal.<\/p>\n<p>As repostas aos questionamentos mais relevantes ficar\u00e3o dispon\u00edveis neste s\u00edtio eletr\u00f4nico, na aba \u201cGUIA B\u00c1SICO\u201d.[\/vc_column_text][\/vc_column][\/vc_row][vc_row full_width=&#8221;stretch_row&#8221; css=&#8221;.vc_custom_1585850991287{background-color: #e5e5e5 !important;}&#8221;][vc_column][vc_column_text]<span style=\"color: #1b5f9d;\"><span style=\"font-size: 17pt;\">Formula\u00e7\u00e3o de D\u00favidas ao TCE-ES<\/span><\/span>[\/vc_column_text][vc_separator color=&#8221;blue&#8221; css=&#8221;.vc_custom_1617824115526{margin-top: -2% !important;}&#8221;][vc_column_text css=&#8221;.vc_custom_1617824234372{margin-top: -3% !important;}&#8221;]<\/p>\n<p style=\"text-align: center;\"><div class=\"frm_forms  with_frm_style frm_style_formidable-style\" id=\"frm_form_2_container\" data-token=\"45efc042952cc0a4cd7bb9dba65a4c79\">\n<form enctype=\"multipart\/form-data\" method=\"post\" class=\"frm-show-form  frm_pro_form \" id=\"form_formhotsitecorononavirus\" data-token=\"45efc042952cc0a4cd7bb9dba65a4c79\">\n<div class=\"frm_form_fields \">\n<fieldset>\n<legend class=\"frm_screen_reader\">Form HOTSITE Coronona Virus<\/legend>\r\n\r\n<div class=\"frm_fields_container\">\n<input type=\"hidden\" name=\"frm_action\" value=\"create\" \/>\n<input type=\"hidden\" name=\"form_id\" value=\"2\" \/>\n<input type=\"hidden\" name=\"frm_hide_fields_2\" id=\"frm_hide_fields_2\" value=\"\" \/>\n<input type=\"hidden\" name=\"form_key\" value=\"formhotsitecorononavirus\" \/>\n<input type=\"hidden\" name=\"item_meta[0]\" value=\"\" \/>\n<input type=\"hidden\" id=\"frm_submit_entry_2\" name=\"frm_submit_entry_2\" value=\"2bde27ee91\" \/><input type=\"hidden\" name=\"_wp_http_referer\" value=\"\/coronavirus\/wp-json\/wp\/v2\/pages\/60\" \/><div id=\"frm_field_6_container\" class=\"frm_form_field form-field  frm_top_container frm_first frm_third\">\r\n    <label for=\"field_6lgv4\" id=\"field_6lgv4_label\" class=\"frm_primary_label\">Nome:\r\n        <span class=\"frm_required\"><\/span>\r\n    <\/label>\r\n    <input  type=\"text\" id=\"field_6lgv4\" name=\"item_meta[6]\" value=\"\"  data-invmsg=\"Text is invalid\" aria-invalid=\"false\"   \/>\r\n    \r\n    \r\n<\/div>\n<div id=\"frm_field_7_container\" class=\"frm_form_field form-field  frm_top_container frm_third\">\r\n    <label for=\"field_ynp0t\" id=\"field_ynp0t_label\" class=\"frm_primary_label\">Cargo:\r\n        <span class=\"frm_required\"><\/span>\r\n    <\/label>\r\n    <input  type=\"text\" id=\"field_ynp0t\" name=\"item_meta[7]\" value=\"\"  data-invmsg=\"Text is invalid\" aria-invalid=\"false\"   \/>\r\n    \r\n    \r\n<\/div>\n<div id=\"frm_field_14_container\" class=\"frm_form_field form-field  frm_top_container frm_third\">\r\n    <label for=\"field_nw12o\" id=\"field_nw12o_label\" class=\"frm_primary_label\">Telefone:\r\n        <span class=\"frm_required\"><\/span>\r\n    <\/label>\r\n    <input type=\"tel\" id=\"field_nw12o\" name=\"item_meta[14]\" value=\"\"  data-invmsg=\"Text is invalid\" aria-invalid=\"false\" pattern=\"((\\+\\d{1,3}(-|.| )?\\(?\\d\\)?(-| |.)?\\d{1,5})|(\\(?\\d{2,6}\\)?))(-|.| )?(\\d{3,4})(-|.| )?(\\d{4})(( x| ext)\\d{1,5}){0,1}$\"  \/>\r\n    \r\n    \r\n<\/div>\n<div id=\"frm_field_8_container\" class=\"frm_form_field form-field  frm_top_container frm_first frm_half\">\r\n    <label for=\"field_1x218\" id=\"field_1x218_label\" class=\"frm_primary_label\">CPF:\r\n        <span class=\"frm_required\"><\/span>\r\n    <\/label>\r\n    <input  type=\"text\" id=\"field_1x218\" name=\"item_meta[8]\" value=\"\"  data-frmmask=\"000.000.000-00\" data-invmsg=\"Text is invalid\" aria-invalid=\"false\" pattern=\"\\d\\d\\d\\.\\d\\d\\d\\.\\d\\d\\d-\\d\\d$\"   \/>\r\n    \r\n    \r\n<\/div>\n<div id=\"frm_field_15_container\" class=\"frm_form_field form-field  frm_required_field frm_top_container frm_half\">\r\n    <label for=\"field_r3jj3\" id=\"field_r3jj3_label\" class=\"frm_primary_label\">E-mail:\r\n        <span class=\"frm_required\">*<\/span>\r\n    <\/label>\r\n    <input type=\"email\" id=\"field_r3jj3\" name=\"item_meta[15]\" value=\"\"  data-reqmsg=\"Este campo n\u00e3o pode ser em branco.\" aria-required=\"true\" data-invmsg=\"Text is invalid\" aria-invalid=\"false\"  \/>\r\n    \r\n    \r\n<\/div>\n<div id=\"frm_field_9_container\" class=\"frm_form_field form-field  frm_top_container frm_first frm_third\">\r\n    <label for=\"field_axwvj\" id=\"field_axwvj_label\" class=\"frm_primary_label\">Munic\u00edpio \/ Estado:\r\n        <span class=\"frm_required\"><\/span>\r\n    <\/label>\r\n    <input  type=\"text\" id=\"field_axwvj\" name=\"item_meta[9]\" value=\"\"  data-invmsg=\"Text is invalid\" aria-invalid=\"false\"   \/>\r\n    \r\n    \r\n<\/div>\n<div id=\"frm_field_10_container\" class=\"frm_form_field form-field  frm_top_container frm_third\">\r\n    <label for=\"field_qe3br\" id=\"field_qe3br_label\" class=\"frm_primary_label\">Org\u00e3o:\r\n        <span class=\"frm_required\"><\/span>\r\n    <\/label>\r\n    <input  type=\"text\" id=\"field_qe3br\" name=\"item_meta[10]\" value=\"\"  data-invmsg=\"Text is invalid\" aria-invalid=\"false\"   \/>\r\n    \r\n    \r\n<\/div>\n<div id=\"frm_field_11_container\" class=\"frm_form_field form-field  frm_top_container frm_third\">\r\n    <label for=\"field_sume8\" id=\"field_sume8_label\" class=\"frm_primary_label\">Setor ou Unidade:\r\n        <span class=\"frm_required\"><\/span>\r\n    <\/label>\r\n    <input  type=\"text\" id=\"field_sume8\" name=\"item_meta[11]\" value=\"\"  data-invmsg=\"Text is invalid\" aria-invalid=\"false\"   \/>\r\n    \r\n    \r\n<\/div>\n<div id=\"frm_field_13_container\" class=\"frm_form_field form-field  frm_top_container\">\r\n    <label for=\"field_k2il0\" id=\"field_k2il0_label\" class=\"frm_primary_label\">Descri\u00e7\u00e3o:\r\n        <span class=\"frm_required\"><\/span>\r\n    <\/label>\r\n    <textarea name=\"item_meta[13]\" id=\"field_k2il0\" rows=\"8\"  data-invmsg=\"Descri\u00e7\u00e3o: \u00e9 inv\u00e1lido\" aria-invalid=\"false\"  ><\/textarea>\r\n    \r\n    \r\n<\/div>\n<div id=\"frm_field_23_container\" class=\"frm_form_field form-field  frm_none_container\">\r\n    <label for=\"g-recaptcha-response\" id=\"field_2ydbp_label\" class=\"frm_primary_label\">reCAPTCHA\r\n        <span class=\"frm_required\" aria-hidden=\"true\"><\/span>\r\n    <\/label>\r\n    <div  id=\"field_2ydbp\" class=\"frm-g-recaptcha\" data-sitekey=\"6LdcOu4dAAAAAHHw_uFtZ0t0YG6JT-OjBruaY2zC\" data-size=\"invisible\" data-theme=\"light\"><\/div>\r\n    \r\n    \r\n<\/div>\n<div id=\"frm_field_1772_container\" class=\"frm_form_field form-field \">\r\n\t<div class=\"frm_submit\">\r\n\r\n<button class=\"frm_button_submit frm_final_submit\" type=\"submit\"   formnovalidate=\"formnovalidate\">Enviar<\/button>\r\n\r\n<\/div>\r\n<\/div>\n\t<input type=\"hidden\" name=\"item_key\" value=\"\" \/>\n\t\t\t<div id=\"frm_field_1773_container\">\n\t\t\t<label for=\"field_gil79\" >\n\t\t\t\tSe voc\u00ea \u00e9 humano, deixe este campo em branco.\t\t\t<\/label>\n\t\t\t<input  id=\"field_gil79\" type=\"text\" class=\"frm_form_field form-field frm_verify\" name=\"item_meta[1773]\" value=\"\"  \/>\n\t\t<\/div>\n\t\t<input name=\"frm_state\" type=\"hidden\" value=\"UCnQaXmxdnxYWcpgwlc7cuvPlescEge8QyKePc3M39FdW85NJO12VTnhyM\/BzwQ2\" \/><\/div>\n<\/fieldset>\n<\/div>\n\n<p style=\"display: none !important;\" class=\"akismet-fields-container\" data-prefix=\"ak_\"><label>&#916;<textarea name=\"ak_hp_textarea\" cols=\"45\" rows=\"8\" maxlength=\"100\"><\/textarea><\/label><input type=\"hidden\" id=\"ak_js_1\" name=\"ak_js\" value=\"130\"\/><script>document.getElementById( \"ak_js_1\" ).setAttribute( \"value\", ( new Date() ).getTime() );<\/script><\/p><\/form>\n<\/div>\n<p>[\/vc_column_text][\/vc_column][\/vc_row]<\/p>\n<\/div>","protected":false},"excerpt":{"rendered":"<p>[vc_row][vc_column][vc_single_image image=&#8221;77&#8243; img_size=&#8221;full&#8221; alignment=&#8221;center&#8221;][\/vc_column][\/vc_row][vc_row][vc_column width=&#8221;1\/2&#8243;][vc_column_text]Por meio da Portaria Normativa N\u00ba 46, de 1 de abril<span class=\"excerpt-hellip\"> [\u2026]<\/span><\/p>\n","protected":false},"author":146,"featured_media":0,"parent":0,"menu_order":0,"comment_status":"closed","ping_status":"closed","template":"","meta":{"_acf_changed":false,"footnotes":""},"class_list":["post-60","page","type-page","status-publish","hentry","wpautop"],"acf":[],"yoast_head":"<title>D\u00daVIDAS - TCEES | Hotsite Coronav\u00edrus(COVID-19)<\/title>\n<meta name=\"robots\" content=\"index, follow, max-snippet:-1, max-image-preview:large, max-video-preview:-1\" \/>\n<link rel=\"canonical\" href=\"https:\/\/www.tcees.tc.br\/coronavirus\/duvidas\/\" \/>\n<meta property=\"og:locale\" content=\"pt_BR\" \/>\n<meta property=\"og:type\" content=\"article\" \/>\n<meta property=\"og:title\" content=\"D\u00daVIDAS - TCEES | Hotsite Coronav\u00edrus(COVID-19)\" \/>\n<meta property=\"og:description\" content=\"[vc_row][vc_column][vc_single_image image=&#8221;77&#8243; img_size=&#8221;full&#8221; alignment=&#8221;center&#8221;][\/vc_column][\/vc_row][vc_row][vc_column width=&#8221;1\/2&#8243;][vc_column_text]Por meio da Portaria Normativa N\u00ba 46, de 1 de abril [\u2026]\" \/>\n<meta property=\"og:url\" content=\"https:\/\/www.tcees.tc.br\/coronavirus\/duvidas\/\" \/>\n<meta property=\"og:site_name\" content=\"TCEES | Hotsite Coronav\u00edrus(COVID-19)\" \/>\n<meta property=\"article:modified_time\" content=\"2021-04-07T21:50:43+00:00\" \/>\n<meta name=\"twitter:card\" content=\"summary_large_image\" \/>\n<meta name=\"twitter:label1\" content=\"Est. tempo de leitura\" \/>\n\t<meta name=\"twitter:data1\" content=\"2 minutos\" \/>\n<script type=\"application\/ld+json\" class=\"yoast-schema-graph\">{\"@context\":\"https:\/\/schema.org\",\"@graph\":[{\"@type\":\"WebPage\",\"@id\":\"https:\/\/www.tcees.tc.br\/coronavirus\/duvidas\/\",\"url\":\"https:\/\/www.tcees.tc.br\/coronavirus\/duvidas\/\",\"name\":\"D\u00daVIDAS - TCEES | Hotsite Coronav\u00edrus(COVID-19)\",\"isPartOf\":{\"@id\":\"https:\/\/www.tcees.tc.br\/coronavirus\/#website\"},\"datePublished\":\"2020-04-02T22:28:15+00:00\",\"dateModified\":\"2021-04-07T21:50:43+00:00\",\"breadcrumb\":{\"@id\":\"https:\/\/www.tcees.tc.br\/coronavirus\/duvidas\/#breadcrumb\"},\"inLanguage\":\"pt-BR\",\"potentialAction\":[{\"@type\":\"ReadAction\",\"target\":[\"https:\/\/www.tcees.tc.br\/coronavirus\/duvidas\/\"]}]},{\"@type\":\"BreadcrumbList\",\"@id\":\"https:\/\/www.tcees.tc.br\/coronavirus\/duvidas\/#breadcrumb\",\"itemListElement\":[{\"@type\":\"ListItem\",\"position\":1,\"name\":\"In\u00edcio\",\"item\":\"https:\/\/www.tcees.tc.br\/coronavirus\/\"},{\"@type\":\"ListItem\",\"position\":2,\"name\":\"D\u00daVIDAS\"}]},{\"@type\":\"WebSite\",\"@id\":\"https:\/\/www.tcees.tc.br\/coronavirus\/#website\",\"url\":\"https:\/\/www.tcees.tc.br\/coronavirus\/\",\"name\":\"TCEES | Hotsite Coronav\u00edrus(COVID-19)\",\"description\":\"\",\"potentialAction\":[{\"@type\":\"SearchAction\",\"target\":{\"@type\":\"EntryPoint\",\"urlTemplate\":\"https:\/\/www.tcees.tc.br\/coronavirus\/?s={search_term_string}\"},\"query-input\":{\"@type\":\"PropertyValueSpecification\",\"valueRequired\":true,\"valueName\":\"search_term_string\"}}],\"inLanguage\":\"pt-BR\"}]}<\/script>","yoast_head_json":{"title":"D\u00daVIDAS - TCEES | Hotsite Coronav\u00edrus(COVID-19)","robots":{"index":"index","follow":"follow","max-snippet":"max-snippet:-1","max-image-preview":"max-image-preview:large","max-video-preview":"max-video-preview:-1"},"canonical":"https:\/\/www.tcees.tc.br\/coronavirus\/duvidas\/","og_locale":"pt_BR","og_type":"article","og_title":"D\u00daVIDAS - TCEES | Hotsite Coronav\u00edrus(COVID-19)","og_description":"[vc_row][vc_column][vc_single_image image=&#8221;77&#8243; img_size=&#8221;full&#8221; alignment=&#8221;center&#8221;][\/vc_column][\/vc_row][vc_row][vc_column width=&#8221;1\/2&#8243;][vc_column_text]Por meio da Portaria Normativa N\u00ba 46, de 1 de abril [\u2026]","og_url":"https:\/\/www.tcees.tc.br\/coronavirus\/duvidas\/","og_site_name":"TCEES | Hotsite Coronav\u00edrus(COVID-19)","article_modified_time":"2021-04-07T21:50:43+00:00","twitter_card":"summary_large_image","twitter_misc":{"Est. tempo de leitura":"2 minutos"},"schema":{"@context":"https:\/\/schema.org","@graph":[{"@type":"WebPage","@id":"https:\/\/www.tcees.tc.br\/coronavirus\/duvidas\/","url":"https:\/\/www.tcees.tc.br\/coronavirus\/duvidas\/","name":"D\u00daVIDAS - TCEES | Hotsite Coronav\u00edrus(COVID-19)","isPartOf":{"@id":"https:\/\/www.tcees.tc.br\/coronavirus\/#website"},"datePublished":"2020-04-02T22:28:15+00:00","dateModified":"2021-04-07T21:50:43+00:00","breadcrumb":{"@id":"https:\/\/www.tcees.tc.br\/coronavirus\/duvidas\/#breadcrumb"},"inLanguage":"pt-BR","potentialAction":[{"@type":"ReadAction","target":["https:\/\/www.tcees.tc.br\/coronavirus\/duvidas\/"]}]},{"@type":"BreadcrumbList","@id":"https:\/\/www.tcees.tc.br\/coronavirus\/duvidas\/#breadcrumb","itemListElement":[{"@type":"ListItem","position":1,"name":"In\u00edcio","item":"https:\/\/www.tcees.tc.br\/coronavirus\/"},{"@type":"ListItem","position":2,"name":"D\u00daVIDAS"}]},{"@type":"WebSite","@id":"https:\/\/www.tcees.tc.br\/coronavirus\/#website","url":"https:\/\/www.tcees.tc.br\/coronavirus\/","name":"TCEES | Hotsite Coronav\u00edrus(COVID-19)","description":"","potentialAction":[{"@type":"SearchAction","target":{"@type":"EntryPoint","urlTemplate":"https:\/\/www.tcees.tc.br\/coronavirus\/?s={search_term_string}"},"query-input":{"@type":"PropertyValueSpecification","valueRequired":true,"valueName":"search_term_string"}}],"inLanguage":"pt-BR"}]}},"_links":{"self":[{"href":"https:\/\/www.tcees.tc.br\/coronavirus\/wp-json\/wp\/v2\/pages\/60","targetHints":{"allow":["GET"]}}],"collection":[{"href":"https:\/\/www.tcees.tc.br\/coronavirus\/wp-json\/wp\/v2\/pages"}],"about":[{"href":"https:\/\/www.tcees.tc.br\/coronavirus\/wp-json\/wp\/v2\/types\/page"}],"author":[{"embeddable":true,"href":"https:\/\/www.tcees.tc.br\/coronavirus\/wp-json\/wp\/v2\/users\/146"}],"replies":[{"embeddable":true,"href":"https:\/\/www.tcees.tc.br\/coronavirus\/wp-json\/wp\/v2\/comments?post=60"}],"version-history":[{"count":0,"href":"https:\/\/www.tcees.tc.br\/coronavirus\/wp-json\/wp\/v2\/pages\/60\/revisions"}],"wp:attachment":[{"href":"https:\/\/www.tcees.tc.br\/coronavirus\/wp-json\/wp\/v2\/media?parent=60"}],"curies":[{"name":"wp","href":"https:\/\/api.w.org\/{rel}","templated":true}]}}