{"id":159,"date":"2022-05-20T12:29:07","date_gmt":"2022-05-20T15:29:07","guid":{"rendered":"https:\/\/www.tcees.tc.br\/enfoc\/?page_id=159"},"modified":"2026-04-01T13:44:38","modified_gmt":"2026-04-01T16:44:38","slug":"polo-2","status":"publish","type":"page","link":"https:\/\/www.tcees.tc.br\/enfoc\/polo-2\/","title":{"rendered":"Polo II &#8211; Boa Esperan\u00e7a"},"content":{"rendered":"<div class=\"wpb-content-wrapper\"><p>[vc_row css=&#8221;.vc_custom_1652990088646{margin-top: 70px !important;margin-bottom: 0px !important;}&#8221;][vc_column width=&#8221;1\/3&#8243;][vc_single_image image=&#8221;933&#8243; img_size=&#8221;full&#8221; style=&#8221;vc_box_shadow_border&#8221; css=&#8221;&#8221;][\/vc_column][vc_column width=&#8221;2\/3&#8243;][vc_row_inner css=&#8221;.vc_custom_1652990188572{margin-bottom: 0px !important;}&#8221;][vc_column_inner][vc_custom_heading text=&#8221;Munic\u00edpios Integrantes&#8221; font_container=&#8221;tag:h2|font_size:22px|text_align:left|line_height:32px&#8221; google_fonts=&#8221;font_family:Montserrat%3Aregular%2C700|font_style:700%20bold%20regular%3A700%3Anormal&#8221;][vc_separator css=&#8221;.vc_custom_1652973512668{margin-bottom: 20px !important;}&#8221;][vc_column_text css=&#8221;.vc_custom_1773163207519{margin-top: 0px !important;}&#8221;]<span style=\"font-size: 12pt;\">Aguardando Defini\u00e7\u00e3o<\/span>[\/vc_column_text][vc_column_text css=&#8221;&#8221;]<\/p>\n<p class=\"Default\"><span style=\"font-family: verdana, geneva, sans-serif; font-size: 12pt;\"><b>Data: <\/b><span style=\"font-size: 12pt;\">Aguardando Defini\u00e7\u00e3o<\/span><\/span><\/p>\n<p><span style=\"font-size: 12pt;\"><span style=\"font-family: verdana, geneva, sans-serif;\"><strong>Local: <\/strong><span style=\"font-family: verdana, geneva, sans-serif; font-size: 12pt;\">Aguardando Defini\u00e7\u00e3o<\/span><\/span><\/span>[\/vc_column_text][\/vc_column_inner][\/vc_row_inner][\/vc_column][\/vc_row]<\/p>\n<\/div>","protected":false},"excerpt":{"rendered":"<p>[vc_row css=&#8221;.vc_custom_1652990088646{margin-top: 70px !important;margin-bottom: 0px !important;}&#8221;][vc_column width=&#8221;1\/3&#8243;][vc_single_image image=&#8221;933&#8243; img_size=&#8221;full&#8221; style=&#8221;vc_box_shadow_border&#8221; css=&#8221;&#8221;][\/vc_column][vc_column width=&#8221;2\/3&#8243;][vc_row_inner css=&#8221;.vc_custom_1652990188572{margin-bottom: 0px !important;}&#8221;][vc_column_inner][vc_custom_heading text=&#8221;Munic\u00edpios Integrantes&#8221; font_container=&#8221;tag:h2|font_size:22px|text_align:left|line_height:32px&#8221; google_fonts=&#8221;font_family:Montserrat%3Aregular%2C700|font_style:700%20bold%20regular%3A700%3Anormal&#8221;][vc_separator css=&#8221;.vc_custom_1652973512668{margin-bottom: 20px !important;}&#8221;][vc_column_text css=&#8221;.vc_custom_1773163207519{margin-top: 0px !important;}&#8221;]Aguardando Defini\u00e7\u00e3o[\/vc_column_text][vc_column_text css=&#8221;&#8221;] Data: Aguardando Defini\u00e7\u00e3o Local: Aguardando Defini\u00e7\u00e3o[\/vc_column_text][\/vc_column_inner][\/vc_row_inner][\/vc_column][\/vc_row]<\/p>\n","protected":false},"author":146,"featured_media":-1,"parent":0,"menu_order":0,"comment_status":"closed","ping_status":"closed","template":"","meta":{"_acf_changed":false,"footnotes":""},"class_list":["post-159","page","type-page","status-publish","has-post-thumbnail","hentry","wpautop"],"acf":[],"yoast_head":"<title>Polo II - Boa Esperan\u00e7a - TCEES | Hotsite ENFOC<\/title>\n<meta name=\"robots\" content=\"index, follow, max-snippet:-1, max-image-preview:large, max-video-preview:-1\" \/>\n<link rel=\"canonical\" href=\"https:\/\/www.tcees.tc.br\/enfoc\/polo-2\/\" \/>\n<meta property=\"og:locale\" content=\"pt_BR\" \/>\n<meta property=\"og:type\" content=\"article\" \/>\n<meta property=\"og:title\" content=\"Polo II - Boa Esperan\u00e7a - TCEES | Hotsite ENFOC\" \/>\n<meta property=\"og:description\" content=\"[vc_row css=&#8221;.vc_custom_1652990088646{margin-top: 70px !important;margin-bottom: 0px !important;}&#8221;][vc_column width=&#8221;1\/3&#8243;][vc_single_image image=&#8221;933&#8243; img_size=&#8221;full&#8221; style=&#8221;vc_box_shadow_border&#8221; css=&#8221;&#8221;][\/vc_column][vc_column width=&#8221;2\/3&#8243;][vc_row_inner css=&#8221;.vc_custom_1652990188572{margin-bottom: 0px !important;}&#8221;][vc_column_inner][vc_custom_heading text=&#8221;Munic\u00edpios Integrantes&#8221; font_container=&#8221;tag:h2|font_size:22px|text_align:left|line_height:32px&#8221; google_fonts=&#8221;font_family:Montserrat%3Aregular%2C700|font_style:700%20bold%20regular%3A700%3Anormal&#8221;][vc_separator css=&#8221;.vc_custom_1652973512668{margin-bottom: 20px !important;}&#8221;][vc_column_text css=&#8221;.vc_custom_1773163207519{margin-top: 0px !important;}&#8221;]Aguardando Defini\u00e7\u00e3o[\/vc_column_text][vc_column_text css=&#8221;&#8221;] Data: Aguardando Defini\u00e7\u00e3o Local: Aguardando Defini\u00e7\u00e3o[\/vc_column_text][\/vc_column_inner][\/vc_row_inner][\/vc_column][\/vc_row]\" \/>\n<meta property=\"og:url\" content=\"https:\/\/www.tcees.tc.br\/enfoc\/polo-2\/\" \/>\n<meta property=\"og:site_name\" content=\"TCEES | Hotsite ENFOC\" \/>\n<meta property=\"article:modified_time\" content=\"2026-04-01T16:44:38+00:00\" \/>\n<meta name=\"twitter:card\" content=\"summary_large_image\" \/>\n<meta name=\"twitter:label1\" content=\"Est. tempo de leitura\" \/>\n\t<meta name=\"twitter:data1\" content=\"1 minuto\" \/>\n<script type=\"application\/ld+json\" class=\"yoast-schema-graph\">{\"@context\":\"https:\/\/schema.org\",\"@graph\":[{\"@type\":\"WebPage\",\"@id\":\"https:\/\/www.tcees.tc.br\/enfoc\/polo-2\/\",\"url\":\"https:\/\/www.tcees.tc.br\/enfoc\/polo-2\/\",\"name\":\"Polo II - Boa Esperan\u00e7a - TCEES | Hotsite ENFOC\",\"isPartOf\":{\"@id\":\"https:\/\/www.tcees.tc.br\/enfoc\/#website\"},\"datePublished\":\"2022-05-20T15:29:07+00:00\",\"dateModified\":\"2026-04-01T16:44:38+00:00\",\"breadcrumb\":{\"@id\":\"https:\/\/www.tcees.tc.br\/enfoc\/polo-2\/#breadcrumb\"},\"inLanguage\":\"pt-BR\",\"potentialAction\":[{\"@type\":\"ReadAction\",\"target\":[\"https:\/\/www.tcees.tc.br\/enfoc\/polo-2\/\"]}]},{\"@type\":\"BreadcrumbList\",\"@id\":\"https:\/\/www.tcees.tc.br\/enfoc\/polo-2\/#breadcrumb\",\"itemListElement\":[{\"@type\":\"ListItem\",\"position\":1,\"name\":\"In\u00edcio\",\"item\":\"https:\/\/www.tcees.tc.br\/enfoc\/\"},{\"@type\":\"ListItem\",\"position\":2,\"name\":\"Polo II &#8211; Boa Esperan\u00e7a\"}]},{\"@type\":\"WebSite\",\"@id\":\"https:\/\/www.tcees.tc.br\/enfoc\/#website\",\"url\":\"https:\/\/www.tcees.tc.br\/enfoc\/\",\"name\":\"TCEES | Hotsite ENFOC\",\"description\":\"\",\"potentialAction\":[{\"@type\":\"SearchAction\",\"target\":{\"@type\":\"EntryPoint\",\"urlTemplate\":\"https:\/\/www.tcees.tc.br\/enfoc\/?s={search_term_string}\"},\"query-input\":{\"@type\":\"PropertyValueSpecification\",\"valueRequired\":true,\"valueName\":\"search_term_string\"}}],\"inLanguage\":\"pt-BR\"}]}<\/script>","yoast_head_json":{"title":"Polo II - Boa Esperan\u00e7a - TCEES | Hotsite ENFOC","robots":{"index":"index","follow":"follow","max-snippet":"max-snippet:-1","max-image-preview":"max-image-preview:large","max-video-preview":"max-video-preview:-1"},"canonical":"https:\/\/www.tcees.tc.br\/enfoc\/polo-2\/","og_locale":"pt_BR","og_type":"article","og_title":"Polo II - Boa Esperan\u00e7a - TCEES | Hotsite ENFOC","og_description":"[vc_row css=&#8221;.vc_custom_1652990088646{margin-top: 70px !important;margin-bottom: 0px !important;}&#8221;][vc_column width=&#8221;1\/3&#8243;][vc_single_image image=&#8221;933&#8243; img_size=&#8221;full&#8221; style=&#8221;vc_box_shadow_border&#8221; css=&#8221;&#8221;][\/vc_column][vc_column width=&#8221;2\/3&#8243;][vc_row_inner css=&#8221;.vc_custom_1652990188572{margin-bottom: 0px !important;}&#8221;][vc_column_inner][vc_custom_heading text=&#8221;Munic\u00edpios Integrantes&#8221; font_container=&#8221;tag:h2|font_size:22px|text_align:left|line_height:32px&#8221; google_fonts=&#8221;font_family:Montserrat%3Aregular%2C700|font_style:700%20bold%20regular%3A700%3Anormal&#8221;][vc_separator css=&#8221;.vc_custom_1652973512668{margin-bottom: 20px !important;}&#8221;][vc_column_text css=&#8221;.vc_custom_1773163207519{margin-top: 0px !important;}&#8221;]Aguardando Defini\u00e7\u00e3o[\/vc_column_text][vc_column_text css=&#8221;&#8221;] Data: Aguardando Defini\u00e7\u00e3o Local: Aguardando Defini\u00e7\u00e3o[\/vc_column_text][\/vc_column_inner][\/vc_row_inner][\/vc_column][\/vc_row]","og_url":"https:\/\/www.tcees.tc.br\/enfoc\/polo-2\/","og_site_name":"TCEES | Hotsite ENFOC","article_modified_time":"2026-04-01T16:44:38+00:00","twitter_card":"summary_large_image","twitter_misc":{"Est. tempo de leitura":"1 minuto"},"schema":{"@context":"https:\/\/schema.org","@graph":[{"@type":"WebPage","@id":"https:\/\/www.tcees.tc.br\/enfoc\/polo-2\/","url":"https:\/\/www.tcees.tc.br\/enfoc\/polo-2\/","name":"Polo II - Boa Esperan\u00e7a - TCEES | Hotsite ENFOC","isPartOf":{"@id":"https:\/\/www.tcees.tc.br\/enfoc\/#website"},"datePublished":"2022-05-20T15:29:07+00:00","dateModified":"2026-04-01T16:44:38+00:00","breadcrumb":{"@id":"https:\/\/www.tcees.tc.br\/enfoc\/polo-2\/#breadcrumb"},"inLanguage":"pt-BR","potentialAction":[{"@type":"ReadAction","target":["https:\/\/www.tcees.tc.br\/enfoc\/polo-2\/"]}]},{"@type":"BreadcrumbList","@id":"https:\/\/www.tcees.tc.br\/enfoc\/polo-2\/#breadcrumb","itemListElement":[{"@type":"ListItem","position":1,"name":"In\u00edcio","item":"https:\/\/www.tcees.tc.br\/enfoc\/"},{"@type":"ListItem","position":2,"name":"Polo II &#8211; Boa Esperan\u00e7a"}]},{"@type":"WebSite","@id":"https:\/\/www.tcees.tc.br\/enfoc\/#website","url":"https:\/\/www.tcees.tc.br\/enfoc\/","name":"TCEES | Hotsite ENFOC","description":"","potentialAction":[{"@type":"SearchAction","target":{"@type":"EntryPoint","urlTemplate":"https:\/\/www.tcees.tc.br\/enfoc\/?s={search_term_string}"},"query-input":{"@type":"PropertyValueSpecification","valueRequired":true,"valueName":"search_term_string"}}],"inLanguage":"pt-BR"}]}},"_links":{"self":[{"href":"https:\/\/www.tcees.tc.br\/enfoc\/wp-json\/wp\/v2\/pages\/159","targetHints":{"allow":["GET"]}}],"collection":[{"href":"https:\/\/www.tcees.tc.br\/enfoc\/wp-json\/wp\/v2\/pages"}],"about":[{"href":"https:\/\/www.tcees.tc.br\/enfoc\/wp-json\/wp\/v2\/types\/page"}],"author":[{"embeddable":true,"href":"https:\/\/www.tcees.tc.br\/enfoc\/wp-json\/wp\/v2\/users\/146"}],"replies":[{"embeddable":true,"href":"https:\/\/www.tcees.tc.br\/enfoc\/wp-json\/wp\/v2\/comments?post=159"}],"version-history":[{"count":7,"href":"https:\/\/www.tcees.tc.br\/enfoc\/wp-json\/wp\/v2\/pages\/159\/revisions"}],"predecessor-version":[{"id":940,"href":"https:\/\/www.tcees.tc.br\/enfoc\/wp-json\/wp\/v2\/pages\/159\/revisions\/940"}],"wp:featuredmedia":[{"embeddable":true,"href":"https:\/\/www.tcees.tc.br\/enfoc\/wp-json\/"}],"wp:attachment":[{"href":"https:\/\/www.tcees.tc.br\/enfoc\/wp-json\/wp\/v2\/media?parent=159"}],"curies":[{"name":"wp","href":"https:\/\/api.w.org\/{rel}","templated":true}]}}