{"id":50,"date":"2021-04-29T15:40:05","date_gmt":"2021-04-29T18:40:05","guid":{"rendered":"https:\/\/www.tcees.tc.br\/etica\/?page_id=50"},"modified":"2024-09-02T22:42:44","modified_gmt":"2024-09-03T01:42:44","slug":"comissoes-de-etica","status":"publish","type":"page","link":"https:\/\/www.tcees.tc.br\/etica\/comissoes-de-etica\/","title":{"rendered":"COMISS\u00c3O DE \u00c9TICA"},"content":{"rendered":"<div class=\"wpb-content-wrapper\"><p>[vc_row][vc_column][vc_column_text css=&#8221;.vc_custom_1619821059733{margin-bottom: 0px !important;}&#8221;]<\/p>\n<h2><span style=\"color: #1b5f9d;\">COMISS\u00d5ES DE \u00c9TICA PROFISSIONAL E SUA COMPET\u00caNCIA<\/span><\/h2>\n<p>[\/vc_column_text][vc_separator color=&#8221;custom&#8221; accent_color=&#8221;#f4dc69&#8243;][\/vc_column][\/vc_row][vc_row][vc_column][vc_single_image image=&#8221;83&#8243; img_size=&#8221;full&#8221; css=&#8221;.vc_custom_1619724014781{margin-bottom: 0px !important;}&#8221;][\/vc_column][\/vc_row][vc_row][vc_column][vc_column_text]<span style=\"font-size: 11pt;\">A Comiss\u00e3o de \u00c9tica Profissional dos Servidores \u00e9 composta por 6 servidores p\u00fablicos efetivos e est\u00e1veis do TCEES, sendo 3 titulares e 3 suplentes, com mandato de 2 anos, permitida uma \u00fanica recondu\u00e7\u00e3o.<\/span><\/p>\n<p><span style=\"font-size: 11pt;\">A composi\u00e7\u00e3o da Comiss\u00e3o, se d\u00e1 pela indica\u00e7\u00e3o de 2 servidores pelo Conselheiro Presidente, 2 servidores pelo Conselheiro Corregedor e 2 Servidores pelas entidades de classe representativas. Atualmente, a Comiss\u00e3o \u00e9 composta pelos seguintes servidores:<\/span>[\/vc_column_text][vc_separator][vc_column_text css=&#8221;&#8221;]<\/p>\n<p class=\"Default\" style=\"margin-bottom: 12.0pt; text-align: justify; line-height: 150%;\"><span style=\"font-size: 14pt;\"><b>I &#8211; Pelo Presidente: <\/b><\/span><\/p>\n<ol style=\"list-style-type: lower-alpha;\">\n<li class=\"Default\" style=\"text-align: justify; line-height: 150%;\"><span style=\"font-size: 12pt;\">Titular: Sergio de Campos \u2013 matr\u00edcula 202.775;<\/span><\/li>\n<li class=\"Default\" style=\"text-align: justify; line-height: 150%;\"><span style=\"font-size: 12pt;\">1\u00ba Suplente: William Denarde Meira \u2013 matr\u00edcula 202.779.<\/span><\/li>\n<\/ol>\n<p>[\/vc_column_text][vc_separator][vc_column_text css=&#8221;&#8221;]<span style=\"font-size: 14pt;\"><strong>II &#8211; Pelo Corregedor: <\/strong><\/span><\/p>\n<ol style=\"list-style-type: lower-alpha;\">\n<li><span style=\"font-size: 12pt;\">Titular: Lygia Maria Sarlo Wilken &#8211; matr\u00edcula 203.133;<\/span><\/li>\n<li><span style=\"font-size: 12pt;\">1\u00ba Suplente: Sandro Battisti \u2013 matr\u00edcula 203.127.<\/span><\/li>\n<\/ol>\n<p>[\/vc_column_text][vc_separator][vc_column_text css=&#8221;&#8221;]<span style=\"font-size: 14pt;\"><strong>III &#8211; Pelas entidades de classe representativas dos servidores do TCEES:<\/strong><\/span><\/p>\n<ol style=\"list-style-type: lower-alpha;\">\n<li><span style=\"font-size: 12pt;\">Titular: Paulo Roberto das Neves \u2013 matr\u00edcula 202.568;<\/span><\/li>\n<li><span style=\"font-size: 12pt;\">1\u00ba Suplente: Elenice Almeida Beltrame \u2013 matr\u00edcula 202.961.<\/span><\/li>\n<\/ol>\n<p>[\/vc_column_text][vc_separator][vc_column_text]<span style=\"font-size: 11pt;\">Compete \u00e0 Comiss\u00e3o, dentre outras compet\u00eancias, dirimir d\u00favidas a respeito da interpreta\u00e7\u00e3o das normas do C\u00f3digo de \u00c9tica, por meio de Processo de Consulta, resultando na elabora\u00e7\u00e3o de Parecer \u00c9tico, acerca de situa\u00e7\u00e3o \u00e9tico-profissional; bem como zelar pela aplica\u00e7\u00e3o do C\u00f3digo de \u00c9tica, instruindo as den\u00fancias de infra\u00e7\u00e3o \u00e9tica, por meio de Processo \u00c9tico, que ser\u00e1 decidido pelo Conselheiro Corregedor do Tribunal de Contas.<\/span><\/p>\n<p><span style=\"font-size: 11pt;\">J\u00e1 a Comiss\u00e3o de \u00c9tica dos Membros \u00e9 composta por 3 Conselheiros do Tribunal, com mandato de 2 anos, cuja Presid\u00eancia restar\u00e1 reservada ao Conselheiro Corregedor. Sendo composta, atualmente, <span class=\"ui-provider ix b c d e f g h i j k l m n o p q r s t u v w x y z ab ac ae af ag ah ai aj ak\" dir=\"ltr\">na forma da Portaria n. 33\/2022, pelos Exmos. Conselheiros S\u00e9rgio Aboudib Ferreira Pinto, Domingos Augusto Taufner e Luiz Carlos Ciciliotti da Cunha<\/span><\/span><\/p>\n<p><span style=\"font-size: 11pt;\">Compete \u00e0 Comiss\u00e3o, entre outras compet\u00eancias, zelar pela aplica\u00e7\u00e3o do C\u00f3digo de \u00c9tica dos Membros, instruindo as den\u00fancias de infra\u00e7\u00e3o \u00e9tica, por meio de Processo \u00c9tico, que ser\u00e1 julgado pelo Plen\u00e1rio da Corte de Contas.<\/span>[\/vc_column_text][\/vc_column][\/vc_row][vc_row][vc_column][vc_column_text]<strong><span style=\"font-size: 16px;\"><span style=\"font-size: 14pt;\">S\u00e9rgio Aboudib Ferreira Pinto<\/span><br \/>\n<\/span><\/strong><span style=\"font-size: 12px;\"><em><span style=\"font-size: 14px;\">Conselheiro Corregedor<\/span><\/em><\/span><span style=\"font-size: 10.5pt; font-family: 'Arial',sans-serif; color: #333333;\"><br \/>\n<\/span><span style=\"font-size: 10.5pt; font-family: 'Arial',sans-serif; color: #333333;\"><a href=\"mailto:sergio.aboudib@tcees.tc.br\"><span style=\"color: #317dca; text-decoration: none;\">sergio.aboudib@tcees.tc.br<\/span><\/a><\/span>[\/vc_column_text][\/vc_column][\/vc_row]<\/p>\n<\/div>","protected":false},"excerpt":{"rendered":"<p>[vc_row][vc_column][vc_column_text css=&#8221;.vc_custom_1619821059733{margin-bottom: 0px !important;}&#8221;] COMISS\u00d5ES DE \u00c9TICA PROFISSIONAL E SUA COMPET\u00caNCIA [\/vc_column_text][vc_separator color=&#8221;custom&#8221; accent_color=&#8221;#f4dc69&#8243;][\/vc_column][\/vc_row][vc_row][vc_column][vc_single_image image=&#8221;83&#8243;<span class=\"excerpt-hellip\"> [\u2026]<\/span><\/p>\n","protected":false},"author":146,"featured_media":0,"parent":0,"menu_order":0,"comment_status":"closed","ping_status":"closed","template":"","meta":{"_acf_changed":false,"footnotes":""},"class_list":["post-50","page","type-page","status-publish","hentry","wpautop"],"acf":[],"yoast_head":"<title>COMISS\u00c3O DE \u00c9TICA - TCEES | Hotsite \u00c9tica<\/title>\n<meta name=\"robots\" content=\"index, follow, max-snippet:-1, max-image-preview:large, max-video-preview:-1\" \/>\n<link rel=\"canonical\" href=\"https:\/\/www.tcees.tc.br\/etica\/comissoes-de-etica\/\" \/>\n<meta property=\"og:locale\" content=\"pt_BR\" \/>\n<meta property=\"og:type\" content=\"article\" \/>\n<meta property=\"og:title\" content=\"COMISS\u00c3O DE \u00c9TICA - TCEES | Hotsite \u00c9tica\" \/>\n<meta property=\"og:description\" content=\"[vc_row][vc_column][vc_column_text css=&#8221;.vc_custom_1619821059733{margin-bottom: 0px !important;}&#8221;] COMISS\u00d5ES DE \u00c9TICA PROFISSIONAL E SUA COMPET\u00caNCIA [\/vc_column_text][vc_separator color=&#8221;custom&#8221; accent_color=&#8221;#f4dc69&#8243;][\/vc_column][\/vc_row][vc_row][vc_column][vc_single_image image=&#8221;83&#8243; [\u2026]\" \/>\n<meta property=\"og:url\" content=\"https:\/\/www.tcees.tc.br\/etica\/comissoes-de-etica\/\" \/>\n<meta property=\"og:site_name\" content=\"TCEES | Hotsite \u00c9tica\" \/>\n<meta property=\"article:modified_time\" content=\"2024-09-03T01:42:44+00:00\" \/>\n<meta name=\"twitter:card\" content=\"summary_large_image\" \/>\n<meta name=\"twitter:label1\" content=\"Est. tempo de leitura\" \/>\n\t<meta name=\"twitter:data1\" content=\"2 minutos\" \/>\n<script type=\"application\/ld+json\" class=\"yoast-schema-graph\">{\"@context\":\"https:\/\/schema.org\",\"@graph\":[{\"@type\":\"WebPage\",\"@id\":\"https:\/\/www.tcees.tc.br\/etica\/comissoes-de-etica\/\",\"url\":\"https:\/\/www.tcees.tc.br\/etica\/comissoes-de-etica\/\",\"name\":\"COMISS\u00c3O DE \u00c9TICA - TCEES | Hotsite \u00c9tica\",\"isPartOf\":{\"@id\":\"https:\/\/www.tcees.tc.br\/etica\/#website\"},\"datePublished\":\"2021-04-29T18:40:05+00:00\",\"dateModified\":\"2024-09-03T01:42:44+00:00\",\"breadcrumb\":{\"@id\":\"https:\/\/www.tcees.tc.br\/etica\/comissoes-de-etica\/#breadcrumb\"},\"inLanguage\":\"pt-BR\",\"potentialAction\":[{\"@type\":\"ReadAction\",\"target\":[\"https:\/\/www.tcees.tc.br\/etica\/comissoes-de-etica\/\"]}]},{\"@type\":\"BreadcrumbList\",\"@id\":\"https:\/\/www.tcees.tc.br\/etica\/comissoes-de-etica\/#breadcrumb\",\"itemListElement\":[{\"@type\":\"ListItem\",\"position\":1,\"name\":\"In\u00edcio\",\"item\":\"https:\/\/www.tcees.tc.br\/etica\/\"},{\"@type\":\"ListItem\",\"position\":2,\"name\":\"COMISS\u00c3O DE \u00c9TICA\"}]},{\"@type\":\"WebSite\",\"@id\":\"https:\/\/www.tcees.tc.br\/etica\/#website\",\"url\":\"https:\/\/www.tcees.tc.br\/etica\/\",\"name\":\"TCEES | Hotsite \u00c9tica\",\"description\":\"\",\"potentialAction\":[{\"@type\":\"SearchAction\",\"target\":{\"@type\":\"EntryPoint\",\"urlTemplate\":\"https:\/\/www.tcees.tc.br\/etica\/?s={search_term_string}\"},\"query-input\":{\"@type\":\"PropertyValueSpecification\",\"valueRequired\":true,\"valueName\":\"search_term_string\"}}],\"inLanguage\":\"pt-BR\"}]}<\/script>","yoast_head_json":{"title":"COMISS\u00c3O DE \u00c9TICA - TCEES | Hotsite \u00c9tica","robots":{"index":"index","follow":"follow","max-snippet":"max-snippet:-1","max-image-preview":"max-image-preview:large","max-video-preview":"max-video-preview:-1"},"canonical":"https:\/\/www.tcees.tc.br\/etica\/comissoes-de-etica\/","og_locale":"pt_BR","og_type":"article","og_title":"COMISS\u00c3O DE \u00c9TICA - TCEES | Hotsite \u00c9tica","og_description":"[vc_row][vc_column][vc_column_text css=&#8221;.vc_custom_1619821059733{margin-bottom: 0px !important;}&#8221;] COMISS\u00d5ES DE \u00c9TICA PROFISSIONAL E SUA COMPET\u00caNCIA [\/vc_column_text][vc_separator color=&#8221;custom&#8221; accent_color=&#8221;#f4dc69&#8243;][\/vc_column][\/vc_row][vc_row][vc_column][vc_single_image image=&#8221;83&#8243; [\u2026]","og_url":"https:\/\/www.tcees.tc.br\/etica\/comissoes-de-etica\/","og_site_name":"TCEES | Hotsite \u00c9tica","article_modified_time":"2024-09-03T01:42:44+00:00","twitter_card":"summary_large_image","twitter_misc":{"Est. tempo de leitura":"2 minutos"},"schema":{"@context":"https:\/\/schema.org","@graph":[{"@type":"WebPage","@id":"https:\/\/www.tcees.tc.br\/etica\/comissoes-de-etica\/","url":"https:\/\/www.tcees.tc.br\/etica\/comissoes-de-etica\/","name":"COMISS\u00c3O DE \u00c9TICA - TCEES | Hotsite \u00c9tica","isPartOf":{"@id":"https:\/\/www.tcees.tc.br\/etica\/#website"},"datePublished":"2021-04-29T18:40:05+00:00","dateModified":"2024-09-03T01:42:44+00:00","breadcrumb":{"@id":"https:\/\/www.tcees.tc.br\/etica\/comissoes-de-etica\/#breadcrumb"},"inLanguage":"pt-BR","potentialAction":[{"@type":"ReadAction","target":["https:\/\/www.tcees.tc.br\/etica\/comissoes-de-etica\/"]}]},{"@type":"BreadcrumbList","@id":"https:\/\/www.tcees.tc.br\/etica\/comissoes-de-etica\/#breadcrumb","itemListElement":[{"@type":"ListItem","position":1,"name":"In\u00edcio","item":"https:\/\/www.tcees.tc.br\/etica\/"},{"@type":"ListItem","position":2,"name":"COMISS\u00c3O DE \u00c9TICA"}]},{"@type":"WebSite","@id":"https:\/\/www.tcees.tc.br\/etica\/#website","url":"https:\/\/www.tcees.tc.br\/etica\/","name":"TCEES | Hotsite \u00c9tica","description":"","potentialAction":[{"@type":"SearchAction","target":{"@type":"EntryPoint","urlTemplate":"https:\/\/www.tcees.tc.br\/etica\/?s={search_term_string}"},"query-input":{"@type":"PropertyValueSpecification","valueRequired":true,"valueName":"search_term_string"}}],"inLanguage":"pt-BR"}]}},"_links":{"self":[{"href":"https:\/\/www.tcees.tc.br\/etica\/wp-json\/wp\/v2\/pages\/50","targetHints":{"allow":["GET"]}}],"collection":[{"href":"https:\/\/www.tcees.tc.br\/etica\/wp-json\/wp\/v2\/pages"}],"about":[{"href":"https:\/\/www.tcees.tc.br\/etica\/wp-json\/wp\/v2\/types\/page"}],"author":[{"embeddable":true,"href":"https:\/\/www.tcees.tc.br\/etica\/wp-json\/wp\/v2\/users\/146"}],"replies":[{"embeddable":true,"href":"https:\/\/www.tcees.tc.br\/etica\/wp-json\/wp\/v2\/comments?post=50"}],"version-history":[{"count":0,"href":"https:\/\/www.tcees.tc.br\/etica\/wp-json\/wp\/v2\/pages\/50\/revisions"}],"wp:attachment":[{"href":"https:\/\/www.tcees.tc.br\/etica\/wp-json\/wp\/v2\/media?parent=50"}],"curies":[{"name":"wp","href":"https:\/\/api.w.org\/{rel}","templated":true}]}}