{"id":128,"date":"2022-12-06T16:12:24","date_gmt":"2022-12-06T19:12:24","guid":{"rendered":"https:\/\/www.tcees.tc.br\/transparencia-dsnv\/?page_id=128"},"modified":"2025-06-03T18:46:13","modified_gmt":"2025-06-03T21:46:13","slug":"transferencias-voluntarias-despesas","status":"publish","type":"page","link":"https:\/\/www.tcees.tc.br\/portal-da-transparencia\/despesas\/transferencias-voluntarias-despesas\/","title":{"rendered":"Transfer\u00eancias volunt\u00e1rias &#8211; Despesas"},"content":{"rendered":"<div class=\"wpb-content-wrapper\"><p>[vc_row][vc_column width=&#8221;1\/5&#8243;][vc_raw_html]JTVCbWF4bWVnYW1lbnUlMjBsb2NhdGlvbiUzRHRyYW5zcGFyZW5jaWEtZGVzcGVzYXMtbWVudSU1RA==[\/vc_raw_html][\/vc_column][vc_column width=&#8221;4\/5&#8243; css=&#8221;.vc_custom_1690306041333{margin-top: 25px !important;}&#8221;][vc_raw_html css=&#8221;.vc_custom_1714762041834{margin-top: -25px !important;}&#8221;]JTVCZGF0YV9hdHVhbGl6YWNhbyU1RCUwQSUzQ2RpdiUyMGlkJTNEJTIyZmlsdHJvLXRyYW5zZmVyZW5jaWFzJTIyJTNFJTBBJTVCZm9ybWlkYWJsZSUyMGlkJTNEMzYlNUQlMEElM0MlMkZkaXYlM0UlMEElM0NociUyMHN0eWxlJTNEJTIybWFyZ2luLXRvcCUzQS01MHB4JTIyJTIwJTJGJTNFJTBBJTVCZGlzcGxheS1mcm0tZGF0YSUyMGlkJTNEMTQwNSUyMGZpbHRlciUzRGxpbWl0ZWQlNUQ=[\/vc_raw_html][vc_column_text css=&#8221;.vc_custom_1714845392533{padding-top: 10px !important;}&#8221;]<\/p>\r\n<div style=\"font-size: 12px; margin-bottom: 0;\">\r\n<hr \/>\r\n<p>As Transfer\u00eancias Volunt\u00e1rias s\u00e3o definidas pelo\u00a0<a href=\"http:\/\/www.planalto.gov.br\/ccivil_03\/leis\/lcp\/lcp101.htm\" target=\"_blank\" rel=\"noopener\">art. 25 da Lei de Responsabilidade Fiscal (LRF)<\/a>\u00a0como a entrega de recursos financeiros a outro ente da federa\u00e7\u00e3o, a t\u00edtulo de coopera\u00e7\u00e3o, aux\u00edlio ou assist\u00eancia financeira, que n\u00e3o decorra de determina\u00e7\u00e3o\u00a0constitucional, legal ou os destinados ao Sistema \u00danico de Sa\u00fade.<br \/>\r\nO Art. 8\u00ba, \u00a71\u00ba, inciso II, da Lei de Acesso \u00e0 Informa\u00e7\u00e3o (LAI) estabelece que devem ser divulgadas as informa\u00e7\u00f5es relativas \u00e0s transfer\u00eancias, como por exemplo, conv\u00eanios ou instrumentos cong\u00eaneres.<\/div>\r\n<p>[\/vc_column_text][vc_raw_html css=&#8221;.vc_custom_1748987172066{margin-top: 5px !important;}&#8221;]JTNDZGl2JTIwY2xhc3MlM0QlMjJyb3clMjIlMjBpZCUzRCUyMmFsZXJ0YS1kYWRvcy1hYmVydG9zJTIyJTNFJTBBJTIwJTIwJTIwJTIwJTNDZGl2JTIwY2xhc3MlM0QlMjJjb2wtc20tMTIlMjIlM0UlMEElMjAlMjAlMjAlMjAlMjAlMjAlMjAlMjAlM0NkaXYlMjBjbGFzcyUzRCUyMmFsZXJ0JTIwYWxlcnQtcGFuZWwlMjIlMjBzdHlsZSUzRCUyMmRpc3BsYXklM0FibG9jayUyMiUzRSUwQSUyMCUyMCUyMCUyMCUyMCUyMCUyMCUyMCUyMCUyMCUyMCUyMCUzQ2ElMjBocmVmJTNEJTIyaHR0cHMlM0ElMkYlMkZ3d3cudGNlZXMudGMuYnIlMkZwb3J0YWwtZGEtdHJhbnNwYXJlbmNpYSUyRmRhZG9zLWFiZXJ0b3MlMkYlMjIlMjB0YXJnZXQlM0QlMjJfc2VsZiUyMiUzRSUzQ2IlM0VEYWRvcyUyMGFiZXJ0b3MlM0MlMkZiJTNFJTNDJTJGYSUzRSUzQ2JyJTNFJTBBJTIwJTIwJTIwJTIwJTIwJTIwJTIwJTIwJTIwJTIwJTIwJTIwJTNDYSUyMGhyZWYlM0QlMjJodHRwcyUzQSUyRiUyRmRhZG9zLmVzLmdvdi5iciUyRmRhdGFzZXQlMkZwZXNzb2FsLWFkbWluaXN0cmFjYW8tZG8tdGNlZXMlMkZyZXNvdXJjZSUyRjBlMmFhZDllLWFhZTUtNDc2Yi05ODYyLWZhM2M5YmE2ZTIwZCUyMiUyMHRhcmdldCUzRCUyMl9ibGFuayUyMiUzRSUwQSUyMCUyMCUyMCUyMCUyMCUyMCUyMCUyMCUyMCUyMCUyMCUyMCUyMCUyMCUyMCUyMEluZm9ybWElQzMlQTclQzMlQjVlcyUyMGRlc3RhJTIwcCVDMyVBMWdpbmElMjB0YW1iJUMzJUE5bSUyMGRpc3BvbiVDMyVBRHZlaXMlMjBlbSUyMGZvcm1hdG8lMjBhYmVydG8lMjAlMjhDU1YlMkMlMjBKU09OJTJDJTIwWE1MJTJDJTIwQVBJJTJDJTIwZXRjJTI5JTBBJTIwJTIwJTIwJTIwJTIwJTIwJTIwJTIwJTIwJTIwJTIwJTIwJTIwJTIwJTIwJTIwJTNDaSUyMGNsYXNzJTNEJTIyZmElMjBmYS1leHRlcm5hbC1saW5rJTIyJTNFJTNDJTJGaSUzRSUwQSUyMCUyMCUyMCUyMCUyMCUyMCUyMCUyMCUyMCUyMCUyMCUyMCUzQyUyRmElM0UlMEElMjAlMjAlMjAlMjAlMjAlMjAlMjAlMjAlM0MlMkZkaXYlM0UlMEElMjAlMjAlMjAlMjAlM0MlMkZkaXYlM0UlMEElM0MlMkZkaXYlM0U=[\/vc_raw_html][\/vc_column][\/vc_row]<\/p>\r\n<\/div>","protected":false},"excerpt":{"rendered":"[vc_row][vc_column width=&#8221;1\/5&#8243;][vc_raw_html]JTVCbWF4bWVnYW1lbnUlMjBsb2NhdGlvbiUzRHRyYW5zcGFyZW5jaWEtZGVzcGVzYXMtbWVudSU1RA==[\/vc_raw_html][\/vc_column][vc_column width=&#8221;4\/5&#8243; css=&#8221;.vc_custom_1690306041333{margin-top: 25px !important;}&#8221;][vc_raw_html css=&#8221;.vc_custom_1714762041834{margin-top: -25px !important;}&#8221;]JTVCZGF0YV9hdHVhbGl6YWNhbyU1RCUwQSUzQ2RpdiUyMGlkJTNEJTIyZmlsdHJvLXRyYW5zZmVyZW5jaWFzJTIyJTNFJTBBJTVCZm9ybWlkYWJsZSUyMGlkJTNEMzYlNUQlMEElM0MlMkZkaXYlM0UlMEElM0NociUyMHN0eWxlJTNEJTIybWFyZ2luLXRvcCUzQS01MHB4JTIyJTIwJTJGJTNFJTBBJTVCZGlzcGxheS1mcm0tZGF0YSUyMGlkJTNEMTQwNSUyMGZpbHRlciUzRGxpbWl0ZWQlNUQ=[\/vc_raw_html][vc_column_text css=&#8221;.vc_custom_1714845392533{padding-top: 10px !important;}&#8221;] As Transfer\u00eancias Volunt\u00e1rias s\u00e3o definidas pelo\u00a0art. 25 da Lei de Responsabilidade Fiscal (LRF)\u00a0como a entrega de recursos financeiros a outro ente da federa\u00e7\u00e3o, a t\u00edtulo de coopera\u00e7\u00e3o, aux\u00edlio ou assist\u00eancia financeira, que n\u00e3o decorra de determina\u00e7\u00e3o\u00a0constitucional, legal ou<span class=\"excerpt-hellip\"> [\u2026]<\/span>","protected":false},"author":282,"featured_media":-1,"parent":120,"menu_order":0,"comment_status":"closed","ping_status":"closed","template":"","meta":{"_acf_changed":false,"footnotes":""},"class_list":["post-128","page","type-page","status-publish","has-post-thumbnail","hentry","no-wpautop"],"acf":[],"yoast_head":"<title>Transfer\u00eancias volunt\u00e1rias - Despesas - TCEES | Portal da Transpar\u00eancia<\/title>\n<meta name=\"robots\" content=\"index, follow, max-snippet:-1, max-image-preview:large, max-video-preview:-1\" \/>\n<link rel=\"canonical\" href=\"https:\/\/www.tcees.tc.br\/portal-da-transparencia\/despesas\/transferencias-voluntarias-despesas\/\" \/>\n<meta property=\"og:locale\" content=\"pt_BR\" \/>\n<meta property=\"og:type\" content=\"article\" \/>\n<meta property=\"og:title\" content=\"Transfer\u00eancias volunt\u00e1rias - Despesas - TCEES | Portal da Transpar\u00eancia\" \/>\n<meta property=\"og:description\" content=\"[vc_row][vc_column width=&#8221;1\/5&#8243;][vc_raw_html]JTVCbWF4bWVnYW1lbnUlMjBsb2NhdGlvbiUzRHRyYW5zcGFyZW5jaWEtZGVzcGVzYXMtbWVudSU1RA==[\/vc_raw_html][\/vc_column][vc_column width=&#8221;4\/5&#8243; css=&#8221;.vc_custom_1690306041333{margin-top: 25px !important;}&#8221;][vc_raw_html css=&#8221;.vc_custom_1714762041834{margin-top: -25px !important;}&#8221;]JTVCZGF0YV9hdHVhbGl6YWNhbyU1RCUwQSUzQ2RpdiUyMGlkJTNEJTIyZmlsdHJvLXRyYW5zZmVyZW5jaWFzJTIyJTNFJTBBJTVCZm9ybWlkYWJsZSUyMGlkJTNEMzYlNUQlMEElM0MlMkZkaXYlM0UlMEElM0NociUyMHN0eWxlJTNEJTIybWFyZ2luLXRvcCUzQS01MHB4JTIyJTIwJTJGJTNFJTBBJTVCZGlzcGxheS1mcm0tZGF0YSUyMGlkJTNEMTQwNSUyMGZpbHRlciUzRGxpbWl0ZWQlNUQ=[\/vc_raw_html][vc_column_text css=&#8221;.vc_custom_1714845392533{padding-top: 10px !important;}&#8221;] As Transfer\u00eancias Volunt\u00e1rias s\u00e3o definidas pelo\u00a0art. 25 da Lei de Responsabilidade Fiscal (LRF)\u00a0como a entrega de recursos financeiros a outro ente da federa\u00e7\u00e3o, a t\u00edtulo de coopera\u00e7\u00e3o, aux\u00edlio ou assist\u00eancia financeira, que n\u00e3o decorra de determina\u00e7\u00e3o\u00a0constitucional, legal ou [\u2026]\" \/>\n<meta property=\"og:url\" content=\"https:\/\/www.tcees.tc.br\/portal-da-transparencia\/despesas\/transferencias-voluntarias-despesas\/\" \/>\n<meta property=\"og:site_name\" content=\"TCEES | Portal da Transpar\u00eancia\" \/>\n<meta property=\"article:modified_time\" content=\"2025-06-03T21:46:13+00:00\" \/>\n<meta name=\"twitter:card\" content=\"summary_large_image\" \/>\n<meta name=\"twitter:label1\" content=\"Est. tempo de leitura\" \/>\n\t<meta name=\"twitter:data1\" content=\"1 minuto\" \/>\n<script type=\"application\/ld+json\" class=\"yoast-schema-graph\">{\"@context\":\"https:\/\/schema.org\",\"@graph\":[{\"@type\":\"WebPage\",\"@id\":\"https:\/\/www.tcees.tc.br\/portal-da-transparencia\/despesas\/transferencias-voluntarias-despesas\/\",\"url\":\"https:\/\/www.tcees.tc.br\/portal-da-transparencia\/despesas\/transferencias-voluntarias-despesas\/\",\"name\":\"Transfer\u00eancias volunt\u00e1rias - Despesas - TCEES | Portal da Transpar\u00eancia\",\"isPartOf\":{\"@id\":\"https:\/\/www.tcees.tc.br\/portal-da-transparencia\/#website\"},\"datePublished\":\"2022-12-06T19:12:24+00:00\",\"dateModified\":\"2025-06-03T21:46:13+00:00\",\"breadcrumb\":{\"@id\":\"https:\/\/www.tcees.tc.br\/portal-da-transparencia\/despesas\/transferencias-voluntarias-despesas\/#breadcrumb\"},\"inLanguage\":\"pt-BR\",\"potentialAction\":[{\"@type\":\"ReadAction\",\"target\":[\"https:\/\/www.tcees.tc.br\/portal-da-transparencia\/despesas\/transferencias-voluntarias-despesas\/\"]}]},{\"@type\":\"BreadcrumbList\",\"@id\":\"https:\/\/www.tcees.tc.br\/portal-da-transparencia\/despesas\/transferencias-voluntarias-despesas\/#breadcrumb\",\"itemListElement\":[{\"@type\":\"ListItem\",\"position\":1,\"name\":\"In\u00edcio\",\"item\":\"https:\/\/www.tcees.tc.br\/portal-da-transparencia\/\"},{\"@type\":\"ListItem\",\"position\":2,\"name\":\"Despesas\",\"item\":\"https:\/\/www.tcees.tc.br\/portal-da-transparencia\/despesas\/\"},{\"@type\":\"ListItem\",\"position\":3,\"name\":\"Transfer\u00eancias volunt\u00e1rias &#8211; Despesas\"}]},{\"@type\":\"WebSite\",\"@id\":\"https:\/\/www.tcees.tc.br\/portal-da-transparencia\/#website\",\"url\":\"https:\/\/www.tcees.tc.br\/portal-da-transparencia\/\",\"name\":\"TCEES | Portal da Transpar\u00eancia\",\"description\":\"\",\"potentialAction\":[{\"@type\":\"SearchAction\",\"target\":{\"@type\":\"EntryPoint\",\"urlTemplate\":\"https:\/\/www.tcees.tc.br\/portal-da-transparencia\/?s={search_term_string}\"},\"query-input\":{\"@type\":\"PropertyValueSpecification\",\"valueRequired\":true,\"valueName\":\"search_term_string\"}}],\"inLanguage\":\"pt-BR\"}]}<\/script>","yoast_head_json":{"title":"Transfer\u00eancias volunt\u00e1rias - Despesas - TCEES | Portal da Transpar\u00eancia","robots":{"index":"index","follow":"follow","max-snippet":"max-snippet:-1","max-image-preview":"max-image-preview:large","max-video-preview":"max-video-preview:-1"},"canonical":"https:\/\/www.tcees.tc.br\/portal-da-transparencia\/despesas\/transferencias-voluntarias-despesas\/","og_locale":"pt_BR","og_type":"article","og_title":"Transfer\u00eancias volunt\u00e1rias - Despesas - TCEES | Portal da Transpar\u00eancia","og_description":"[vc_row][vc_column width=&#8221;1\/5&#8243;][vc_raw_html]JTVCbWF4bWVnYW1lbnUlMjBsb2NhdGlvbiUzRHRyYW5zcGFyZW5jaWEtZGVzcGVzYXMtbWVudSU1RA==[\/vc_raw_html][\/vc_column][vc_column width=&#8221;4\/5&#8243; css=&#8221;.vc_custom_1690306041333{margin-top: 25px !important;}&#8221;][vc_raw_html css=&#8221;.vc_custom_1714762041834{margin-top: -25px !important;}&#8221;]JTVCZGF0YV9hdHVhbGl6YWNhbyU1RCUwQSUzQ2RpdiUyMGlkJTNEJTIyZmlsdHJvLXRyYW5zZmVyZW5jaWFzJTIyJTNFJTBBJTVCZm9ybWlkYWJsZSUyMGlkJTNEMzYlNUQlMEElM0MlMkZkaXYlM0UlMEElM0NociUyMHN0eWxlJTNEJTIybWFyZ2luLXRvcCUzQS01MHB4JTIyJTIwJTJGJTNFJTBBJTVCZGlzcGxheS1mcm0tZGF0YSUyMGlkJTNEMTQwNSUyMGZpbHRlciUzRGxpbWl0ZWQlNUQ=[\/vc_raw_html][vc_column_text css=&#8221;.vc_custom_1714845392533{padding-top: 10px !important;}&#8221;] As Transfer\u00eancias Volunt\u00e1rias s\u00e3o definidas pelo\u00a0art. 25 da Lei de Responsabilidade Fiscal (LRF)\u00a0como a entrega de recursos financeiros a outro ente da federa\u00e7\u00e3o, a t\u00edtulo de coopera\u00e7\u00e3o, aux\u00edlio ou assist\u00eancia financeira, que n\u00e3o decorra de determina\u00e7\u00e3o\u00a0constitucional, legal ou [\u2026]","og_url":"https:\/\/www.tcees.tc.br\/portal-da-transparencia\/despesas\/transferencias-voluntarias-despesas\/","og_site_name":"TCEES | Portal da Transpar\u00eancia","article_modified_time":"2025-06-03T21:46:13+00:00","twitter_card":"summary_large_image","twitter_misc":{"Est. tempo de leitura":"1 minuto"},"schema":{"@context":"https:\/\/schema.org","@graph":[{"@type":"WebPage","@id":"https:\/\/www.tcees.tc.br\/portal-da-transparencia\/despesas\/transferencias-voluntarias-despesas\/","url":"https:\/\/www.tcees.tc.br\/portal-da-transparencia\/despesas\/transferencias-voluntarias-despesas\/","name":"Transfer\u00eancias volunt\u00e1rias - Despesas - TCEES | Portal da Transpar\u00eancia","isPartOf":{"@id":"https:\/\/www.tcees.tc.br\/portal-da-transparencia\/#website"},"datePublished":"2022-12-06T19:12:24+00:00","dateModified":"2025-06-03T21:46:13+00:00","breadcrumb":{"@id":"https:\/\/www.tcees.tc.br\/portal-da-transparencia\/despesas\/transferencias-voluntarias-despesas\/#breadcrumb"},"inLanguage":"pt-BR","potentialAction":[{"@type":"ReadAction","target":["https:\/\/www.tcees.tc.br\/portal-da-transparencia\/despesas\/transferencias-voluntarias-despesas\/"]}]},{"@type":"BreadcrumbList","@id":"https:\/\/www.tcees.tc.br\/portal-da-transparencia\/despesas\/transferencias-voluntarias-despesas\/#breadcrumb","itemListElement":[{"@type":"ListItem","position":1,"name":"In\u00edcio","item":"https:\/\/www.tcees.tc.br\/portal-da-transparencia\/"},{"@type":"ListItem","position":2,"name":"Despesas","item":"https:\/\/www.tcees.tc.br\/portal-da-transparencia\/despesas\/"},{"@type":"ListItem","position":3,"name":"Transfer\u00eancias volunt\u00e1rias &#8211; Despesas"}]},{"@type":"WebSite","@id":"https:\/\/www.tcees.tc.br\/portal-da-transparencia\/#website","url":"https:\/\/www.tcees.tc.br\/portal-da-transparencia\/","name":"TCEES | Portal da Transpar\u00eancia","description":"","potentialAction":[{"@type":"SearchAction","target":{"@type":"EntryPoint","urlTemplate":"https:\/\/www.tcees.tc.br\/portal-da-transparencia\/?s={search_term_string}"},"query-input":{"@type":"PropertyValueSpecification","valueRequired":true,"valueName":"search_term_string"}}],"inLanguage":"pt-BR"}]}},"_links":{"self":[{"href":"https:\/\/www.tcees.tc.br\/portal-da-transparencia\/wp-json\/wp\/v2\/pages\/128","targetHints":{"allow":["GET"]}}],"collection":[{"href":"https:\/\/www.tcees.tc.br\/portal-da-transparencia\/wp-json\/wp\/v2\/pages"}],"about":[{"href":"https:\/\/www.tcees.tc.br\/portal-da-transparencia\/wp-json\/wp\/v2\/types\/page"}],"author":[{"embeddable":true,"href":"https:\/\/www.tcees.tc.br\/portal-da-transparencia\/wp-json\/wp\/v2\/users\/282"}],"replies":[{"embeddable":true,"href":"https:\/\/www.tcees.tc.br\/portal-da-transparencia\/wp-json\/wp\/v2\/comments?post=128"}],"version-history":[{"count":0,"href":"https:\/\/www.tcees.tc.br\/portal-da-transparencia\/wp-json\/wp\/v2\/pages\/128\/revisions"}],"up":[{"embeddable":true,"href":"https:\/\/www.tcees.tc.br\/portal-da-transparencia\/wp-json\/wp\/v2\/pages\/120"}],"wp:featuredmedia":[{"embeddable":true,"href":"https:\/\/www.tcees.tc.br\/portal-da-transparencia\/wp-json\/"}],"wp:attachment":[{"href":"https:\/\/www.tcees.tc.br\/portal-da-transparencia\/wp-json\/wp\/v2\/media?parent=128"}],"curies":[{"name":"wp","href":"https:\/\/api.w.org\/{rel}","templated":true}]}}