{"id":168,"date":"2022-12-06T16:27:10","date_gmt":"2022-12-06T19:27:10","guid":{"rendered":"https:\/\/www.tcees.tc.br\/transparencia-dsnv\/?page_id=168"},"modified":"2025-05-29T17:36:36","modified_gmt":"2025-05-29T20:36:36","slug":"licitacoes-e-contratacoes","status":"publish","type":"page","link":"https:\/\/www.tcees.tc.br\/portal-da-transparencia\/licitacoes-e-contratacoes\/","title":{"rendered":"Licita\u00e7\u00f5es e Contrata\u00e7\u00f5es"},"content":{"rendered":"<div class=\"wpb-content-wrapper\"><p>[vc_row css=&#8221;.vc_custom_1747966168489{margin-top: 50px !important;margin-bottom: 30px !important;}&#8221;][vc_column width=&#8221;1\/6&#8243;]<div class=\"hover_box\"><a href=\"https:\/\/www.tcees.tc.br\/portal-da-transparencia\/licitacoes-e-contratacoes\/plano-de-contratacao-anual\/\"  title=\"\"><div class=\"hover_box_wrapper\"><img loading=\"lazy\" decoding=\"async\" class=\"scale-with-grid visible_photo\" src=\"https:\/\/www.tcees.tc.br\/portal-da-transparencia\/wp-content\/uploads\/sites\/10\/2023\/03\/tbot-12-2-1-1.png\" alt=\"tbot-12-2-1 (1)\" width=\"100\" height=\"123\"\/><img loading=\"lazy\" decoding=\"async\" class=\"scale-with-grid hidden_photo\" src=\"https:\/\/www.tcees.tc.br\/portal-da-transparencia\/wp-content\/uploads\/sites\/10\/2023\/03\/tbot-12-2-1-1.png\" alt=\"tbot-12-2-1 (1)\" width=\"100\" height=\"123\"\/><\/div><\/a><\/div>\n[vc_column_text css=&#8221;.vc_custom_1729540865603{margin-top: 0px !important;padding-top: 0px !important;}&#8221;]<\/p>\n<h5 style=\"text-align: center;\"><a href=\"https:\/\/www.tcees.tc.br\/portal-da-transparencia\/licitacoes-e-contratacoes\/plano-de-contratacao-anual\/\"><strong>PLANO DE CONTRATA\u00c7\u00c3O ANUAL<\/strong><\/a><\/h5>\n<p>[\/vc_column_text][\/vc_column][vc_column width=&#8221;1\/6&#8243;]<div class=\"hover_box\"><a href=\"https:\/\/www.tcees.tc.br\/portal-da-transparencia\/licitacoes-e-contratacoes\/licitacoes\/\"  title=\"\"><div class=\"hover_box_wrapper\"><img loading=\"lazy\" decoding=\"async\" class=\"scale-with-grid visible_photo\" src=\"https:\/\/www.tcees.tc.br\/portal-da-transparencia\/wp-content\/uploads\/sites\/10\/2023\/03\/tbot-09-2-1.png\" alt=\"tbot-09-2-1\" width=\"100\" height=\"122\"\/><img loading=\"lazy\" decoding=\"async\" class=\"scale-with-grid hidden_photo\" src=\"https:\/\/www.tcees.tc.br\/portal-da-transparencia\/wp-content\/uploads\/sites\/10\/2023\/03\/tbot-09-2-1.png\" alt=\"tbot-09-2-1\" width=\"100\" height=\"122\"\/><\/div><\/a><\/div>\n[vc_column_text css=&#8221;.vc_custom_1729540821874{margin-top: 0px !important;padding-top: 0px !important;}&#8221;]<\/p>\n<h5 style=\"text-align: center;\"><a href=\"https:\/\/www.tcees.tc.br\/portal-da-transparencia\/licitacoes-e-contratacoes\/licitacoes\/\"><strong>LICITA\u00c7\u00d5ES<\/strong><\/a><\/h5>\n<p>[\/vc_column_text][\/vc_column][vc_column width=&#8221;1\/6&#8243;]<div class=\"hover_box\"><a href=\"https:\/\/www.tcees.tc.br\/portal-da-transparencia\/licitacoes-e-contratacoes\/dispensas\/\"  title=\"\"><div class=\"hover_box_wrapper\"><img loading=\"lazy\" decoding=\"async\" class=\"scale-with-grid visible_photo\" src=\"https:\/\/www.tcees.tc.br\/portal-da-transparencia\/wp-content\/uploads\/sites\/10\/2024\/10\/icone_licitacoes-dispensa.png\" alt=\"icone_licitacoes-dispensa\" width=\"100\" height=\"123\"\/><img loading=\"lazy\" decoding=\"async\" class=\"scale-with-grid hidden_photo\" src=\"https:\/\/www.tcees.tc.br\/portal-da-transparencia\/wp-content\/uploads\/sites\/10\/2024\/10\/icone_licitacoes-dispensa.png\" alt=\"icone_licitacoes-dispensa\" width=\"100\" height=\"123\"\/><\/div><\/a><\/div>\n[vc_column_text css=&#8221;.vc_custom_1729540796269{margin-top: 0px !important;padding-top: 0px !important;}&#8221;]<\/p>\n<h5 style=\"text-align: center;\"><a href=\"https:\/\/www.tcees.tc.br\/portal-da-transparencia\/licitacoes-e-contratacoes\/dispensas\/\"><strong>DISPENSAS ELETR\u00d4NICAS<\/strong><\/a><\/h5>\n<p>[\/vc_column_text][\/vc_column][vc_column width=&#8221;1\/6&#8243;]<div class=\"hover_box\"><a href=\"https:\/\/www.tcees.tc.br\/portal-da-transparencia\/licitacoes-e-contratacoes\/inexigibilidade\/\"  title=\"\"><div class=\"hover_box_wrapper\"><img loading=\"lazy\" decoding=\"async\" class=\"scale-with-grid visible_photo\" src=\"https:\/\/www.tcees.tc.br\/portal-da-transparencia\/wp-content\/uploads\/sites\/10\/2025\/05\/icone_contratacoes_diretas.png\" alt=\"icone_contratacoes_diretas\" width=\"100\" height=\"123\"\/><img loading=\"lazy\" decoding=\"async\" class=\"scale-with-grid hidden_photo\" src=\"https:\/\/www.tcees.tc.br\/portal-da-transparencia\/wp-content\/uploads\/sites\/10\/2025\/05\/icone_contratacoes_diretas.png\" alt=\"icone_contratacoes_diretas\" width=\"100\" height=\"123\"\/><\/div><\/a><\/div>\n[vc_column_text css=&#8221;.vc_custom_1747956628030{margin-top: 0px !important;padding-top: 0px !important;}&#8221;]<\/p>\n<h5 style=\"text-align: center;\"><a href=\"https:\/\/www.tcees.tc.br\/portal-da-transparencia\/licitacoes-e-contratacoes\/inexigibilidade\/\">CONTRATA\u00c7\u00d5ES DIRETAS<\/a><\/h5>\n<p>[\/vc_column_text][\/vc_column][vc_column width=&#8221;1\/6&#8243;]<div class=\"hover_box\"><a href=\"https:\/\/www.tcees.tc.br\/portal-da-transparencia\/licitacoes-e-contratacoes\/adesoes-a-registro-de-precos\/\"  title=\"\"><div class=\"hover_box_wrapper\"><img loading=\"lazy\" decoding=\"async\" class=\"scale-with-grid visible_photo\" src=\"https:\/\/www.tcees.tc.br\/portal-da-transparencia\/wp-content\/uploads\/sites\/10\/2025\/05\/icone_adesao_ata.png\" alt=\"icone_adesao_ata\" width=\"100\" height=\"123\"\/><img loading=\"lazy\" decoding=\"async\" class=\"scale-with-grid hidden_photo\" src=\"https:\/\/www.tcees.tc.br\/portal-da-transparencia\/wp-content\/uploads\/sites\/10\/2025\/05\/icone_adesao_ata.png\" alt=\"icone_adesao_ata\" width=\"100\" height=\"123\"\/><\/div><\/a><\/div>\n[vc_column_text css=&#8221;.vc_custom_1747956639411{margin-top: 0px !important;padding-top: 0px !important;}&#8221;]<\/p>\n<h5 style=\"text-align: center;\"><a href=\"https:\/\/www.tcees.tc.br\/portal-da-transparencia\/licitacoes-e-contratacoes\/adesoes-a-registro-de-precos\/\">ADES\u00d5ES A REGISTRO DE PRE\u00c7OS<\/a><\/h5>\n<p>[\/vc_column_text][\/vc_column][vc_column width=&#8221;1\/6&#8243;]<div class=\"hover_box\"><a href=\"https:\/\/www.tcees.tc.br\/portal-da-transparencia\/licitacoes-e-contratacoes\/contratos\/\"  title=\"\"><div class=\"hover_box_wrapper\"><img loading=\"lazy\" decoding=\"async\" class=\"scale-with-grid visible_photo\" src=\"https:\/\/www.tcees.tc.br\/portal-da-transparencia\/wp-content\/uploads\/sites\/10\/2023\/03\/tbot-10-2-1-1.jpg\" alt=\"tbot-10-2-1 (1)\" width=\"100\" height=\"122\"\/><img loading=\"lazy\" decoding=\"async\" class=\"scale-with-grid hidden_photo\" src=\"https:\/\/www.tcees.tc.br\/portal-da-transparencia\/wp-content\/uploads\/sites\/10\/2023\/03\/tbot-10-2-1-1.jpg\" alt=\"tbot-10-2-1 (1)\" width=\"100\" height=\"122\"\/><\/div><\/a><\/div>\n[vc_column_text css=&#8221;.vc_custom_1729540785894{margin-top: 0px !important;padding-top: 0px !important;}&#8221;]<\/p>\n<h5 style=\"text-align: center;\"><a href=\"https:\/\/www.tcees.tc.br\/portal-da-transparencia\/licitacoes-e-contratacoes\/contratos\/\"><strong>CONTRATOS<\/strong><\/a><\/h5>\n<p>[\/vc_column_text][\/vc_column][\/vc_row][vc_row css=&#8221;.vc_custom_1747966159868{margin-top: 25px !important;margin-bottom: 70px !important;}&#8221;][vc_column width=&#8221;1\/6&#8243;]<div class=\"hover_box\"><a href=\"https:\/\/www.tcees.tc.br\/portal-da-transparencia\/licitacoes-e-contratacoes\/contratos\/fiscais-de-contrato\/\"  title=\"\"><div class=\"hover_box_wrapper\"><img loading=\"lazy\" decoding=\"async\" class=\"scale-with-grid visible_photo\" src=\"https:\/\/www.tcees.tc.br\/portal-da-transparencia\/wp-content\/uploads\/sites\/10\/2022\/12\/portal_transparencia_box07.png\" alt=\"portal_transparencia_box07\" width=\"100\" height=\"122\"\/><img loading=\"lazy\" decoding=\"async\" class=\"scale-with-grid hidden_photo\" src=\"https:\/\/www.tcees.tc.br\/portal-da-transparencia\/wp-content\/uploads\/sites\/10\/2022\/12\/portal_transparencia_box07.png\" alt=\"portal_transparencia_box07\" width=\"100\" height=\"122\"\/><\/div><\/a><\/div>\n[vc_column_text css=&#8221;.vc_custom_1742505056198{margin-top: 0px !important;padding-top: 0px !important;}&#8221;]<\/p>\n<h5 style=\"text-align: center;\"><a href=\"https:\/\/www.tcees.tc.br\/portal-da-transparencia\/licitacoes-e-contratacoes\/contratos\/fiscais-de-contrato\/\"><strong>GESTORES E FISCAIS DE CONTRATO<\/strong><\/a><\/h5>\n<p>[\/vc_column_text][\/vc_column][vc_column width=&#8221;1\/6&#8243;]<div class=\"hover_box\"><a href=\"https:\/\/www.tcees.tc.br\/portal-da-transparencia\/licitacoes-e-contratacoes\/obras-do-tcees\/\"  title=\"\"><div class=\"hover_box_wrapper\"><img loading=\"lazy\" decoding=\"async\" class=\"scale-with-grid visible_photo\" src=\"https:\/\/www.tcees.tc.br\/portal-da-transparencia\/wp-content\/uploads\/sites\/10\/2024\/10\/icone_licitacoes-obras.png\" alt=\"icone_licitacoes-obras\" width=\"100\" height=\"123\"\/><img loading=\"lazy\" decoding=\"async\" class=\"scale-with-grid hidden_photo\" src=\"https:\/\/www.tcees.tc.br\/portal-da-transparencia\/wp-content\/uploads\/sites\/10\/2024\/10\/icone_licitacoes-obras.png\" alt=\"icone_licitacoes-obras\" width=\"100\" height=\"123\"\/><\/div><\/a><\/div>\n[vc_column_text css=&#8221;.vc_custom_1729540851972{margin-top: 0px !important;padding-top: 0px !important;}&#8221;]<\/p>\n<h5 style=\"text-align: center;\"><a href=\"https:\/\/www.tcees.tc.br\/portal-da-transparencia\/licitacoes-e-contratacoes\/obras-do-tcees\/\"><strong>OBRAS DO TCEES<\/strong><\/a><\/h5>\n<p>[\/vc_column_text][\/vc_column][vc_column width=&#8221;1\/6&#8243;]<div class=\"hover_box\"><a href=\"https:\/\/www.tcees.tc.br\/portal-da-transparencia\/licitacoes-e-contratacoes\/aquisicoes-mensais\/\"  title=\"\"><div class=\"hover_box_wrapper\"><img loading=\"lazy\" decoding=\"async\" class=\"scale-with-grid visible_photo\" src=\"https:\/\/www.tcees.tc.br\/portal-da-transparencia\/wp-content\/uploads\/sites\/10\/2023\/03\/tbot-12-2-1-1.png\" alt=\"tbot-12-2-1 (1)\" width=\"100\" height=\"123\"\/><img loading=\"lazy\" decoding=\"async\" class=\"scale-with-grid hidden_photo\" src=\"https:\/\/www.tcees.tc.br\/portal-da-transparencia\/wp-content\/uploads\/sites\/10\/2023\/03\/tbot-12-2-1-1.png\" alt=\"tbot-12-2-1 (1)\" width=\"100\" height=\"123\"\/><\/div><\/a><\/div>\n[vc_column_text css=&#8221;.vc_custom_1729540733219{margin-top: 0px !important;padding-top: 0px !important;}&#8221;]<\/p>\n<h5 style=\"text-align: center;\"><a href=\"https:\/\/www.tcees.tc.br\/portal-da-transparencia\/licitacoes-e-contratacoes\/aquisicoes-mensais\/\"><strong>AQUISI\u00c7\u00d5ES MENSAIS<\/strong><\/a><\/h5>\n<p>[\/vc_column_text][\/vc_column][vc_column width=&#8221;1\/6&#8243;]<div class=\"hover_box\"><a href=\"https:\/\/www.tcees.tc.br\/portal-da-transparencia\/licitacoes-e-contratacoes\/ordem-cronologica-das-obrigacoes-financeiras\/\"  title=\"\"><div class=\"hover_box_wrapper\"><img loading=\"lazy\" decoding=\"async\" class=\"scale-with-grid visible_photo\" src=\"https:\/\/www.tcees.tc.br\/portal-da-transparencia\/wp-content\/uploads\/sites\/10\/2023\/03\/tbot-13-2-1.png\" alt=\"tbot-13-2-1\" width=\"100\" height=\"122\"\/><img loading=\"lazy\" decoding=\"async\" class=\"scale-with-grid hidden_photo\" src=\"https:\/\/www.tcees.tc.br\/portal-da-transparencia\/wp-content\/uploads\/sites\/10\/2023\/03\/tbot-13-2-1.png\" alt=\"tbot-13-2-1\" width=\"100\" height=\"122\"\/><\/div><\/a><\/div>\n[vc_column_text css=&#8221;.vc_custom_1729540831317{margin-top: 0px !important;padding-top: 0px !important;}&#8221;]<\/p>\n<h5 style=\"text-align: center;\"><a href=\"https:\/\/www.tcees.tc.br\/portal-da-transparencia\/licitacoes-e-contratacoes\/ordem-cronologica-das-obrigacoes-financeiras\/\"><strong>ORDEM CRONOL\u00d3GICA<\/strong><\/a><br \/>\n<a href=\"https:\/\/www.tcees.tc.br\/portal-da-transparencia\/licitacoes-e-contratacoes\/ordem-cronologica-das-obrigacoes-financeiras\/\"><span class=\"secundario\">Obriga\u00e7\u00f5es Financeiras <\/span><\/a><\/h5>\n<p>[\/vc_column_text][\/vc_column][vc_column width=&#8221;1\/6&#8243;]<div class=\"hover_box\"><a href=\"https:\/\/www.tcees.tc.br\/portal-da-transparencia\/licitacoes-e-contratacoes\/ceis\/\" target=\"_blank\" title=\"\"><div class=\"hover_box_wrapper\"><img loading=\"lazy\" decoding=\"async\" class=\"scale-with-grid visible_photo\" src=\"https:\/\/www.tcees.tc.br\/portal-da-transparencia\/wp-content\/uploads\/sites\/10\/2024\/10\/icone_licitacoes-cei.png\" alt=\"icone_licitacoes-cei\" width=\"100\" height=\"123\"\/><img loading=\"lazy\" decoding=\"async\" class=\"scale-with-grid hidden_photo\" src=\"https:\/\/www.tcees.tc.br\/portal-da-transparencia\/wp-content\/uploads\/sites\/10\/2024\/10\/icone_licitacoes-cei.png\" alt=\"icone_licitacoes-cei\" width=\"100\" height=\"123\"\/><\/div><\/a><\/div>\n[vc_column_text css=&#8221;.vc_custom_1748550995127{margin-top: 0px !important;padding-top: 0px !important;}&#8221;]<\/p>\n<h5 style=\"text-align: center;\"><a href=\"https:\/\/www.tcees.tc.br\/portal-da-transparencia\/licitacoes-e-contratacoes\/ceis\/\" rel=\"noopener\"><strong>CEIS <\/strong><\/a><br \/>\n<a href=\"https:\/\/www.tcees.tc.br\/portal-da-transparencia\/licitacoes-e-contratacoes\/ceis\/\" target=\"_blank\" rel=\"noopener\"><span class=\"secundario\">Cadastro de Empresas Inid\u00f4neas e Suspensas<\/span><\/a><\/h5>\n<p>[\/vc_column_text][\/vc_column][vc_column width=&#8221;1\/6&#8243;]<div class=\"hover_box\"><a href=\"https:\/\/www.tcees.tc.br\/portal-da-transparencia\/licitacoes-e-contratacoes\/cnep\/\"  title=\"\"><div class=\"hover_box_wrapper\"><img loading=\"lazy\" decoding=\"async\" class=\"scale-with-grid visible_photo\" src=\"https:\/\/www.tcees.tc.br\/portal-da-transparencia\/wp-content\/uploads\/sites\/10\/2022\/12\/portal_transparencia_box02.png\" alt=\"portal_transparencia_box02\" width=\"100\" height=\"122\"\/><img loading=\"lazy\" decoding=\"async\" class=\"scale-with-grid hidden_photo\" src=\"https:\/\/www.tcees.tc.br\/portal-da-transparencia\/wp-content\/uploads\/sites\/10\/2022\/12\/portal_transparencia_box02.png\" alt=\"portal_transparencia_box02\" width=\"100\" height=\"122\"\/><\/div><\/a><\/div>\n[vc_column_text css=&#8221;.vc_custom_1748550963270{margin-top: 0px !important;padding-top: 0px !important;}&#8221;]<\/p>\n<h5 style=\"text-align: center;\"><a href=\"https:\/\/www.tcees.tc.br\/portal-da-transparencia\/licitacoes-e-contratacoes\/cnep\/\" rel=\"noopener\"><strong>CNEP <\/strong><\/a><br \/>\n<a href=\"https:\/\/www.tcees.tc.br\/portal-da-transparencia\/licitacoes-e-contratacoes\/cnep\/\" rel=\"noopener\"><span class=\"secundario\">Cadastro Nacional de Empresas Punidas <\/span><\/a><\/h5>\n<p>[\/vc_column_text][\/vc_column][\/vc_row]<\/p>\n<\/div>","protected":false},"excerpt":{"rendered":"<p>[vc_row css=&#8221;.vc_custom_1747966168489{margin-top: 50px !important;margin-bottom: 30px !important;}&#8221;][vc_column width=&#8221;1\/6&#8243;][vc_column_text css=&#8221;.vc_custom_1729540865603{margin-top: 0px !important;padding-top: 0px !important;}&#8221;] PLANO DE CONTRATA\u00c7\u00c3O ANUAL [\/vc_column_text][\/vc_column][vc_column width=&#8221;1\/6&#8243;][vc_column_text css=&#8221;.vc_custom_1729540821874{margin-top: 0px !important;padding-top: 0px !important;}&#8221;] LICITA\u00c7\u00d5ES [\/vc_column_text][\/vc_column][vc_column width=&#8221;1\/6&#8243;][vc_column_text css=&#8221;.vc_custom_1729540796269{margin-top: 0px !important;padding-top: 0px !important;}&#8221;] DISPENSAS ELETR\u00d4NICAS [\/vc_column_text][\/vc_column][vc_column width=&#8221;1\/6&#8243;][vc_column_text css=&#8221;.vc_custom_1747956628030{margin-top: 0px !important;padding-top: 0px !important;}&#8221;] CONTRATA\u00c7\u00d5ES DIRETAS [\/vc_column_text][\/vc_column][vc_column width=&#8221;1\/6&#8243;][vc_column_text css=&#8221;.vc_custom_1747956639411{margin-top: 0px !important;padding-top: 0px !important;}&#8221;] ADES\u00d5ES<span class=\"excerpt-hellip\"> [\u2026]<\/span><\/p>\n","protected":false},"author":282,"featured_media":-1,"parent":0,"menu_order":10,"comment_status":"closed","ping_status":"closed","template":"","meta":{"_acf_changed":false,"footnotes":""},"class_list":["post-168","page","type-page","status-publish","has-post-thumbnail","hentry","wpautop"],"acf":[],"yoast_head":"<title>Licita\u00e7\u00f5es e Contrata\u00e7\u00f5es - TCEES | Portal da Transpar\u00eancia<\/title>\n<meta name=\"robots\" content=\"index, follow, max-snippet:-1, max-image-preview:large, max-video-preview:-1\" \/>\n<link rel=\"canonical\" href=\"https:\/\/www.tcees.tc.br\/portal-da-transparencia\/licitacoes-e-contratacoes\/\" \/>\n<meta property=\"og:locale\" content=\"pt_BR\" \/>\n<meta property=\"og:type\" content=\"article\" \/>\n<meta property=\"og:title\" content=\"Licita\u00e7\u00f5es e Contrata\u00e7\u00f5es - TCEES | Portal da Transpar\u00eancia\" \/>\n<meta property=\"og:description\" content=\"[vc_row css=&#8221;.vc_custom_1747966168489{margin-top: 50px !important;margin-bottom: 30px !important;}&#8221;][vc_column width=&#8221;1\/6&#8243;][vc_column_text css=&#8221;.vc_custom_1729540865603{margin-top: 0px !important;padding-top: 0px !important;}&#8221;] PLANO DE CONTRATA\u00c7\u00c3O ANUAL [\/vc_column_text][\/vc_column][vc_column width=&#8221;1\/6&#8243;][vc_column_text css=&#8221;.vc_custom_1729540821874{margin-top: 0px !important;padding-top: 0px !important;}&#8221;] LICITA\u00c7\u00d5ES [\/vc_column_text][\/vc_column][vc_column width=&#8221;1\/6&#8243;][vc_column_text css=&#8221;.vc_custom_1729540796269{margin-top: 0px !important;padding-top: 0px !important;}&#8221;] DISPENSAS ELETR\u00d4NICAS [\/vc_column_text][\/vc_column][vc_column width=&#8221;1\/6&#8243;][vc_column_text css=&#8221;.vc_custom_1747956628030{margin-top: 0px !important;padding-top: 0px !important;}&#8221;] CONTRATA\u00c7\u00d5ES DIRETAS [\/vc_column_text][\/vc_column][vc_column width=&#8221;1\/6&#8243;][vc_column_text css=&#8221;.vc_custom_1747956639411{margin-top: 0px !important;padding-top: 0px !important;}&#8221;] ADES\u00d5ES [\u2026]\" \/>\n<meta property=\"og:url\" content=\"https:\/\/www.tcees.tc.br\/portal-da-transparencia\/licitacoes-e-contratacoes\/\" \/>\n<meta property=\"og:site_name\" content=\"TCEES | Portal da Transpar\u00eancia\" \/>\n<meta property=\"article:modified_time\" content=\"2025-05-29T20:36:36+00:00\" \/>\n<meta name=\"twitter:card\" content=\"summary_large_image\" \/>\n<meta name=\"twitter:label1\" content=\"Est. tempo de leitura\" \/>\n\t<meta name=\"twitter:data1\" content=\"6 minutos\" \/>\n<script type=\"application\/ld+json\" class=\"yoast-schema-graph\">{\"@context\":\"https:\/\/schema.org\",\"@graph\":[{\"@type\":\"WebPage\",\"@id\":\"https:\/\/www.tcees.tc.br\/portal-da-transparencia\/licitacoes-e-contratacoes\/\",\"url\":\"https:\/\/www.tcees.tc.br\/portal-da-transparencia\/licitacoes-e-contratacoes\/\",\"name\":\"Licita\u00e7\u00f5es e Contrata\u00e7\u00f5es - TCEES | Portal da Transpar\u00eancia\",\"isPartOf\":{\"@id\":\"https:\/\/www.tcees.tc.br\/portal-da-transparencia\/#website\"},\"datePublished\":\"2022-12-06T19:27:10+00:00\",\"dateModified\":\"2025-05-29T20:36:36+00:00\",\"breadcrumb\":{\"@id\":\"https:\/\/www.tcees.tc.br\/portal-da-transparencia\/licitacoes-e-contratacoes\/#breadcrumb\"},\"inLanguage\":\"pt-BR\",\"potentialAction\":[{\"@type\":\"ReadAction\",\"target\":[\"https:\/\/www.tcees.tc.br\/portal-da-transparencia\/licitacoes-e-contratacoes\/\"]}]},{\"@type\":\"BreadcrumbList\",\"@id\":\"https:\/\/www.tcees.tc.br\/portal-da-transparencia\/licitacoes-e-contratacoes\/#breadcrumb\",\"itemListElement\":[{\"@type\":\"ListItem\",\"position\":1,\"name\":\"In\u00edcio\",\"item\":\"https:\/\/www.tcees.tc.br\/portal-da-transparencia\/\"},{\"@type\":\"ListItem\",\"position\":2,\"name\":\"Licita\u00e7\u00f5es e Contrata\u00e7\u00f5es\"}]},{\"@type\":\"WebSite\",\"@id\":\"https:\/\/www.tcees.tc.br\/portal-da-transparencia\/#website\",\"url\":\"https:\/\/www.tcees.tc.br\/portal-da-transparencia\/\",\"name\":\"TCEES | Portal da Transpar\u00eancia\",\"description\":\"\",\"potentialAction\":[{\"@type\":\"SearchAction\",\"target\":{\"@type\":\"EntryPoint\",\"urlTemplate\":\"https:\/\/www.tcees.tc.br\/portal-da-transparencia\/?s={search_term_string}\"},\"query-input\":{\"@type\":\"PropertyValueSpecification\",\"valueRequired\":true,\"valueName\":\"search_term_string\"}}],\"inLanguage\":\"pt-BR\"}]}<\/script>","yoast_head_json":{"title":"Licita\u00e7\u00f5es e Contrata\u00e7\u00f5es - TCEES | Portal da Transpar\u00eancia","robots":{"index":"index","follow":"follow","max-snippet":"max-snippet:-1","max-image-preview":"max-image-preview:large","max-video-preview":"max-video-preview:-1"},"canonical":"https:\/\/www.tcees.tc.br\/portal-da-transparencia\/licitacoes-e-contratacoes\/","og_locale":"pt_BR","og_type":"article","og_title":"Licita\u00e7\u00f5es e Contrata\u00e7\u00f5es - TCEES | Portal da Transpar\u00eancia","og_description":"[vc_row css=&#8221;.vc_custom_1747966168489{margin-top: 50px !important;margin-bottom: 30px !important;}&#8221;][vc_column width=&#8221;1\/6&#8243;][vc_column_text css=&#8221;.vc_custom_1729540865603{margin-top: 0px !important;padding-top: 0px !important;}&#8221;] PLANO DE CONTRATA\u00c7\u00c3O ANUAL [\/vc_column_text][\/vc_column][vc_column width=&#8221;1\/6&#8243;][vc_column_text css=&#8221;.vc_custom_1729540821874{margin-top: 0px !important;padding-top: 0px !important;}&#8221;] LICITA\u00c7\u00d5ES [\/vc_column_text][\/vc_column][vc_column width=&#8221;1\/6&#8243;][vc_column_text css=&#8221;.vc_custom_1729540796269{margin-top: 0px !important;padding-top: 0px !important;}&#8221;] DISPENSAS ELETR\u00d4NICAS [\/vc_column_text][\/vc_column][vc_column width=&#8221;1\/6&#8243;][vc_column_text css=&#8221;.vc_custom_1747956628030{margin-top: 0px !important;padding-top: 0px !important;}&#8221;] CONTRATA\u00c7\u00d5ES DIRETAS [\/vc_column_text][\/vc_column][vc_column width=&#8221;1\/6&#8243;][vc_column_text css=&#8221;.vc_custom_1747956639411{margin-top: 0px !important;padding-top: 0px !important;}&#8221;] ADES\u00d5ES [\u2026]","og_url":"https:\/\/www.tcees.tc.br\/portal-da-transparencia\/licitacoes-e-contratacoes\/","og_site_name":"TCEES | Portal da Transpar\u00eancia","article_modified_time":"2025-05-29T20:36:36+00:00","twitter_card":"summary_large_image","twitter_misc":{"Est. tempo de leitura":"6 minutos"},"schema":{"@context":"https:\/\/schema.org","@graph":[{"@type":"WebPage","@id":"https:\/\/www.tcees.tc.br\/portal-da-transparencia\/licitacoes-e-contratacoes\/","url":"https:\/\/www.tcees.tc.br\/portal-da-transparencia\/licitacoes-e-contratacoes\/","name":"Licita\u00e7\u00f5es e Contrata\u00e7\u00f5es - TCEES | Portal da Transpar\u00eancia","isPartOf":{"@id":"https:\/\/www.tcees.tc.br\/portal-da-transparencia\/#website"},"datePublished":"2022-12-06T19:27:10+00:00","dateModified":"2025-05-29T20:36:36+00:00","breadcrumb":{"@id":"https:\/\/www.tcees.tc.br\/portal-da-transparencia\/licitacoes-e-contratacoes\/#breadcrumb"},"inLanguage":"pt-BR","potentialAction":[{"@type":"ReadAction","target":["https:\/\/www.tcees.tc.br\/portal-da-transparencia\/licitacoes-e-contratacoes\/"]}]},{"@type":"BreadcrumbList","@id":"https:\/\/www.tcees.tc.br\/portal-da-transparencia\/licitacoes-e-contratacoes\/#breadcrumb","itemListElement":[{"@type":"ListItem","position":1,"name":"In\u00edcio","item":"https:\/\/www.tcees.tc.br\/portal-da-transparencia\/"},{"@type":"ListItem","position":2,"name":"Licita\u00e7\u00f5es e Contrata\u00e7\u00f5es"}]},{"@type":"WebSite","@id":"https:\/\/www.tcees.tc.br\/portal-da-transparencia\/#website","url":"https:\/\/www.tcees.tc.br\/portal-da-transparencia\/","name":"TCEES | Portal da Transpar\u00eancia","description":"","potentialAction":[{"@type":"SearchAction","target":{"@type":"EntryPoint","urlTemplate":"https:\/\/www.tcees.tc.br\/portal-da-transparencia\/?s={search_term_string}"},"query-input":{"@type":"PropertyValueSpecification","valueRequired":true,"valueName":"search_term_string"}}],"inLanguage":"pt-BR"}]}},"_links":{"self":[{"href":"https:\/\/www.tcees.tc.br\/portal-da-transparencia\/wp-json\/wp\/v2\/pages\/168","targetHints":{"allow":["GET"]}}],"collection":[{"href":"https:\/\/www.tcees.tc.br\/portal-da-transparencia\/wp-json\/wp\/v2\/pages"}],"about":[{"href":"https:\/\/www.tcees.tc.br\/portal-da-transparencia\/wp-json\/wp\/v2\/types\/page"}],"author":[{"embeddable":true,"href":"https:\/\/www.tcees.tc.br\/portal-da-transparencia\/wp-json\/wp\/v2\/users\/282"}],"replies":[{"embeddable":true,"href":"https:\/\/www.tcees.tc.br\/portal-da-transparencia\/wp-json\/wp\/v2\/comments?post=168"}],"version-history":[{"count":0,"href":"https:\/\/www.tcees.tc.br\/portal-da-transparencia\/wp-json\/wp\/v2\/pages\/168\/revisions"}],"wp:featuredmedia":[{"embeddable":true,"href":"https:\/\/www.tcees.tc.br\/portal-da-transparencia\/wp-json\/"}],"wp:attachment":[{"href":"https:\/\/www.tcees.tc.br\/portal-da-transparencia\/wp-json\/wp\/v2\/media?parent=168"}],"curies":[{"name":"wp","href":"https:\/\/api.w.org\/{rel}","templated":true}]}}