{"id":170,"date":"2022-12-06T16:27:35","date_gmt":"2022-12-06T19:27:35","guid":{"rendered":"https:\/\/www.tcees.tc.br\/transparencia-dsnv\/?page_id=170"},"modified":"2026-05-05T15:19:23","modified_gmt":"2026-05-05T18:19:23","slug":"aquisicoes-mensais","status":"publish","type":"page","link":"https:\/\/www.tcees.tc.br\/portal-da-transparencia\/licitacoes-e-contratacoes\/aquisicoes-mensais\/","title":{"rendered":"Aquisi\u00e7\u00f5es Mensais"},"content":{"rendered":"<div class=\"wpb-content-wrapper\"><p>[vc_row][vc_column width=&#8221;1\/4&#8243;][vc_raw_html]JTVCbWF4bWVnYW1lbnUlMjBsb2NhdGlvbiUzRHRyYW5zcGFyZW5jaWEtY29tcHJhcy1tZW51JTVE[\/vc_raw_html][\/vc_column][vc_column width=&#8221;3\/4&#8243;][vc_raw_html css=&#8221;&#8221;]JTVCZGF0YV9hdHVhbGl6YWNhbyUyMHZpZXdfaWQlM0QyNDI0JTVEJTBBJTNDZGl2JTIwY2xhc3MlM0QlMjJ0b3AycCUyMiUzRSU1QmZvcm1pZGFibGUlMjBpZCUzRDg0JTVEJTNDJTJGZGl2JTNFJTBBJTNDaHIlMjBzdHlsZSUzRCUyMm1hcmdpbi10b3AlM0EtNTBweCUzQiUyMiUyMCUyRiUzRSUwQSUzQ2RpdiUzRSU1QmRpc3BsYXktZnJtLWRhdGElMjBpZCUzRDI0MjQlMjBmaWx0ZXIlM0QxJTVEJTNDJTJGZGl2JTNFJTBB[\/vc_raw_html][vc_raw_html css=&#8221;&#8221;]JTNDZGl2JTIwY2xhc3MlM0QlMjJyb3clMjIlM0UlMEElMDklM0NkaXYlMjBjbGFzcyUzRCUyMmNvbC1zbS0xMiUyMiUyMHN0eWxlJTNEJTIybWFyZ2luLXRvcCUzQTE1cHglM0IlMjIlM0UlMEElMDklMDklM0NkaXYlMjBjbGFzcyUzRCUyMmFsZXJ0JTIwYWxlcnQtcGFuZWwlMjIlMjBzdHlsZSUzRCUyMmRpc3BsYXklM0FibG9jayUyMiUzRSUwQSUwOSUwOSUwOSUzQ2ElMjBzdHlsZSUzRCUyMmNvbG9yJTNBJTIwJTIzMDA1NDhkJTIxaW1wb3J0YW50JTIyJTIwaHJlZiUzRCUyMmh0dHBzJTNBJTJGJTJGd3d3LnRjZWVzLnRjLmJyJTJGcG9ydGFsLWRhLXRyYW5zcGFyZW5jaWElMkZkYWRvcy1hYmVydG9zJTJGJTIyJTIwdGFyZ2V0JTNEJTIyX2JsYW5rJTIyJTNFJTNDYiUzRURhZG9zJTIwYWJlcnRvcyUzQyUyRmIlM0UlM0MlMkZhJTNFJTNDYnIlMjAlMkYlM0UlMEElMDklMDklMDklM0NhJTIwc3R5bGUlM0QlMjJjb2xvciUzQSUyMCUyMzAwNTQ4ZCUyMWltcG9ydGFudCUyMiUyMGhyZWYlM0QlMjJodHRwcyUzQSUyRiUyRmRhZG9zLmVzLmdvdi5iciUyRmRhdGFzZXQlMkZhcXVpc2ljb2VzLWFkbWluaXN0cmFjYW8tZG8tdGNlZXMlMkZyZXNvdXJjZSUyRjUxZDE5MjAyLWFmMDctNDEwMC1iYjc3LWFmNzVlOTNmMzI4NyUyMiUyMHRhcmdldCUzRCUyMl9ibGFuayUyMiUzRSUwQSUwOSUwOSUwOSUwOUluZm9ybWElQzMlQTclQzMlQjVlcyUyMGRlc3RhJTIwcCVDMyVBMWdpbmElMjB0YW1iJUMzJUE5bSUyMGRpc3BvbiVDMyVBRHZlaXMlMjBlbSUyMGZvcm1hdG8lMjBhYmVydG8lMjAlMjhDU1YlMkMlMjBKU09OJTJDJTIwWE1MJTJDJTIwQVBJJTJDJTIwZXRjJTI5JTBBJTA5JTA5JTA5JTA5JTNDaSUyMGNsYXNzJTNEJTIyZmElMjBmYS1leHRlcm5hbC1saW5rJTIyJTNFJTNDJTJGaSUzRSUwQSUwOSUwOSUwOSUzQyUyRmElM0UlMEElMDklMDklM0MlMkZkaXYlM0UlMEElMDklMDklM0NiciUyMCUyRiUzRSUzQ2JyJTIwJTJGJTNFJTBBJTA5JTNDJTJGZGl2JTNFJTBBJTNDJTJGZGl2JTNFJTBB[\/vc_raw_html][\/vc_column][\/vc_row]<\/p>\n<\/div>","protected":false},"excerpt":{"rendered":"<p>[vc_row][vc_column width=&#8221;1\/4&#8243;][vc_raw_html]JTVCbWF4bWVnYW1lbnUlMjBsb2NhdGlvbiUzRHRyYW5zcGFyZW5jaWEtY29tcHJhcy1tZW51JTVE[\/vc_raw_html][\/vc_column][vc_column width=&#8221;3\/4&#8243;][vc_raw_html css=&#8221;&#8221;]JTVCZGF0YV9hdHVhbGl6YWNhbyUyMHZpZXdfaWQlM0QyNDI0JTVEJTBBJTNDZGl2JTIwY2xhc3MlM0QlMjJ0b3AycCUyMiUzRSU1QmZvcm1pZGFibGUlMjBpZCUzRDg0JTVEJTNDJTJGZGl2JTNFJTBBJTNDaHIlMjBzdHlsZSUzRCUyMm1hcmdpbi10b3AlM0EtNTBweCUzQiUyMiUyMCUyRiUzRSUwQSUzQ2RpdiUzRSU1QmRpc3BsYXktZnJtLWRhdGElMjBpZCUzRDI0MjQlMjBmaWx0ZXIlM0QxJTVEJTNDJTJGZGl2JTNFJTBB[\/vc_raw_html][vc_raw_html css=&#8221;&#8221;]JTNDZGl2JTIwY2xhc3MlM0QlMjJyb3clMjIlM0UlMEElMDklM0NkaXYlMjBjbGFzcyUzRCUyMmNvbC1zbS0xMiUyMiUyMHN0eWxlJTNEJTIybWFyZ2luLXRvcCUzQTE1cHglM0IlMjIlM0UlMEElMDklMDklM0NkaXYlMjBjbGFzcyUzRCUyMmFsZXJ0JTIwYWxlcnQtcGFuZWwlMjIlMjBzdHlsZSUzRCUyMmRpc3BsYXklM0FibG9jayUyMiUzRSUwQSUwOSUwOSUwOSUzQ2ElMjBzdHlsZSUzRCUyMmNvbG9yJTNBJTIwJTIzMDA1NDhkJTIxaW1wb3J0YW50JTIyJTIwaHJlZiUzRCUyMmh0dHBzJTNBJTJGJTJGd3d3LnRjZWVzLnRjLmJyJTJGcG9ydGFsLWRhLXRyYW5zcGFyZW5jaWElMkZkYWRvcy1hYmVydG9zJTJGJTIyJTIwdGFyZ2V0JTNEJTIyX2JsYW5rJTIyJTNFJTNDYiUzRURhZG9zJTIwYWJlcnRvcyUzQyUyRmIlM0UlM0MlMkZhJTNFJTNDYnIlMjAlMkYlM0UlMEElMDklMDklMDklM0NhJTIwc3R5bGUlM0QlMjJjb2xvciUzQSUyMCUyMzAwNTQ4ZCUyMWltcG9ydGFudCUyMiUyMGhyZWYlM0QlMjJodHRwcyUzQSUyRiUyRmRhZG9zLmVzLmdvdi5iciUyRmRhdGFzZXQlMkZhcXVpc2ljb2VzLWFkbWluaXN0cmFjYW8tZG8tdGNlZXMlMkZyZXNvdXJjZSUyRjUxZDE5MjAyLWFmMDctNDEwMC1iYjc3LWFmNzVlOTNmMzI4NyUyMiUyMHRhcmdldCUzRCUyMl9ibGFuayUyMiUzRSUwQSUwOSUwOSUwOSUwOUluZm9ybWElQzMlQTclQzMlQjVlcyUyMGRlc3RhJTIwcCVDMyVBMWdpbmElMjB0YW1iJUMzJUE5bSUyMGRpc3BvbiVDMyVBRHZlaXMlMjBlbSUyMGZvcm1hdG8lMjBhYmVydG8lMjAlMjhDU1YlMkMlMjBKU09OJTJDJTIwWE1MJTJDJTIwQVBJJTJDJTIwZXRjJTI5JTBBJTA5JTA5JTA5JTA5JTNDaSUyMGNsYXNzJTNEJTIyZmElMjBmYS1leHRlcm5hbC1saW5rJTIyJTNFJTNDJTJGaSUzRSUwQSUwOSUwOSUwOSUzQyUyRmElM0UlMEElMDklMDklM0MlMkZkaXYlM0UlMEElMDklMDklM0NiciUyMCUyRiUzRSUzQ2JyJTIwJTJGJTNFJTBBJTA5JTNDJTJGZGl2JTNFJTBBJTNDJTJGZGl2JTNFJTBB[\/vc_raw_html][\/vc_column][\/vc_row]<\/p>\n","protected":false},"author":282,"featured_media":-1,"parent":168,"menu_order":6,"comment_status":"closed","ping_status":"closed","template":"","meta":{"_acf_changed":false,"footnotes":""},"class_list":["post-170","page","type-page","status-publish","has-post-thumbnail","hentry","wpautop"],"acf":[],"yoast_head":"<title>Aquisi\u00e7\u00f5es Mensais - TCEES | Portal da Transpar\u00eancia<\/title>\n<meta name=\"robots\" content=\"index, follow, max-snippet:-1, max-image-preview:large, max-video-preview:-1\" \/>\n<link rel=\"canonical\" href=\"https:\/\/www.tcees.tc.br\/portal-da-transparencia\/licitacoes-e-contratacoes\/aquisicoes-mensais\/\" \/>\n<meta property=\"og:locale\" content=\"pt_BR\" \/>\n<meta property=\"og:type\" content=\"article\" \/>\n<meta property=\"og:title\" content=\"Aquisi\u00e7\u00f5es Mensais - TCEES | Portal da Transpar\u00eancia\" \/>\n<meta property=\"og:description\" content=\"[vc_row][vc_column width=&#8221;1\/4&#8243;][vc_raw_html]JTVCbWF4bWVnYW1lbnUlMjBsb2NhdGlvbiUzRHRyYW5zcGFyZW5jaWEtY29tcHJhcy1tZW51JTVE[\/vc_raw_html][\/vc_column][vc_column width=&#8221;3\/4&#8243;][vc_raw_html css=&#8221;&#8221;]JTVCZGF0YV9hdHVhbGl6YWNhbyUyMHZpZXdfaWQlM0QyNDI0JTVEJTBBJTNDZGl2JTIwY2xhc3MlM0QlMjJ0b3AycCUyMiUzRSU1QmZvcm1pZGFibGUlMjBpZCUzRDg0JTVEJTNDJTJGZGl2JTNFJTBBJTNDaHIlMjBzdHlsZSUzRCUyMm1hcmdpbi10b3AlM0EtNTBweCUzQiUyMiUyMCUyRiUzRSUwQSUzQ2RpdiUzRSU1QmRpc3BsYXktZnJtLWRhdGElMjBpZCUzRDI0MjQlMjBmaWx0ZXIlM0QxJTVEJTNDJTJGZGl2JTNFJTBB[\/vc_raw_html][vc_raw_html css=&#8221;&#8221;]JTNDZGl2JTIwY2xhc3MlM0QlMjJyb3clMjIlM0UlMEElMDklM0NkaXYlMjBjbGFzcyUzRCUyMmNvbC1zbS0xMiUyMiUyMHN0eWxlJTNEJTIybWFyZ2luLXRvcCUzQTE1cHglM0IlMjIlM0UlMEElMDklMDklM0NkaXYlMjBjbGFzcyUzRCUyMmFsZXJ0JTIwYWxlcnQtcGFuZWwlMjIlMjBzdHlsZSUzRCUyMmRpc3BsYXklM0FibG9jayUyMiUzRSUwQSUwOSUwOSUwOSUzQ2ElMjBzdHlsZSUzRCUyMmNvbG9yJTNBJTIwJTIzMDA1NDhkJTIxaW1wb3J0YW50JTIyJTIwaHJlZiUzRCUyMmh0dHBzJTNBJTJGJTJGd3d3LnRjZWVzLnRjLmJyJTJGcG9ydGFsLWRhLXRyYW5zcGFyZW5jaWElMkZkYWRvcy1hYmVydG9zJTJGJTIyJTIwdGFyZ2V0JTNEJTIyX2JsYW5rJTIyJTNFJTNDYiUzRURhZG9zJTIwYWJlcnRvcyUzQyUyRmIlM0UlM0MlMkZhJTNFJTNDYnIlMjAlMkYlM0UlMEElMDklMDklMDklM0NhJTIwc3R5bGUlM0QlMjJjb2xvciUzQSUyMCUyMzAwNTQ4ZCUyMWltcG9ydGFudCUyMiUyMGhyZWYlM0QlMjJodHRwcyUzQSUyRiUyRmRhZG9zLmVzLmdvdi5iciUyRmRhdGFzZXQlMkZhcXVpc2ljb2VzLWFkbWluaXN0cmFjYW8tZG8tdGNlZXMlMkZyZXNvdXJjZSUyRjUxZDE5MjAyLWFmMDctNDEwMC1iYjc3LWFmNzVlOTNmMzI4NyUyMiUyMHRhcmdldCUzRCUyMl9ibGFuayUyMiUzRSUwQSUwOSUwOSUwOSUwOUluZm9ybWElQzMlQTclQzMlQjVlcyUyMGRlc3RhJTIwcCVDMyVBMWdpbmElMjB0YW1iJUMzJUE5bSUyMGRpc3BvbiVDMyVBRHZlaXMlMjBlbSUyMGZvcm1hdG8lMjBhYmVydG8lMjAlMjhDU1YlMkMlMjBKU09OJTJDJTIwWE1MJTJDJTIwQVBJJTJDJTIwZXRjJTI5JTBBJTA5JTA5JTA5JTA5JTNDaSUyMGNsYXNzJTNEJTIyZmElMjBmYS1leHRlcm5hbC1saW5rJTIyJTNFJTNDJTJGaSUzRSUwQSUwOSUwOSUwOSUzQyUyRmElM0UlMEElMDklMDklM0MlMkZkaXYlM0UlMEElMDklMDklM0NiciUyMCUyRiUzRSUzQ2JyJTIwJTJGJTNFJTBBJTA5JTNDJTJGZGl2JTNFJTBBJTNDJTJGZGl2JTNFJTBB[\/vc_raw_html][\/vc_column][\/vc_row]\" \/>\n<meta property=\"og:url\" content=\"https:\/\/www.tcees.tc.br\/portal-da-transparencia\/licitacoes-e-contratacoes\/aquisicoes-mensais\/\" \/>\n<meta property=\"og:site_name\" content=\"TCEES | Portal da Transpar\u00eancia\" \/>\n<meta property=\"article:modified_time\" content=\"2026-05-05T18:19:23+00:00\" \/>\n<meta name=\"twitter:card\" content=\"summary_large_image\" \/>\n<meta name=\"twitter:label1\" content=\"Est. tempo de leitura\" \/>\n\t<meta name=\"twitter:data1\" content=\"1 minuto\" \/>\n<script type=\"application\/ld+json\" class=\"yoast-schema-graph\">{\"@context\":\"https:\/\/schema.org\",\"@graph\":[{\"@type\":\"WebPage\",\"@id\":\"https:\/\/www.tcees.tc.br\/portal-da-transparencia\/licitacoes-e-contratacoes\/aquisicoes-mensais\/\",\"url\":\"https:\/\/www.tcees.tc.br\/portal-da-transparencia\/licitacoes-e-contratacoes\/aquisicoes-mensais\/\",\"name\":\"Aquisi\u00e7\u00f5es Mensais - TCEES | Portal da Transpar\u00eancia\",\"isPartOf\":{\"@id\":\"https:\/\/www.tcees.tc.br\/portal-da-transparencia\/#website\"},\"datePublished\":\"2022-12-06T19:27:35+00:00\",\"dateModified\":\"2026-05-05T18:19:23+00:00\",\"breadcrumb\":{\"@id\":\"https:\/\/www.tcees.tc.br\/portal-da-transparencia\/licitacoes-e-contratacoes\/aquisicoes-mensais\/#breadcrumb\"},\"inLanguage\":\"pt-BR\",\"potentialAction\":[{\"@type\":\"ReadAction\",\"target\":[\"https:\/\/www.tcees.tc.br\/portal-da-transparencia\/licitacoes-e-contratacoes\/aquisicoes-mensais\/\"]}]},{\"@type\":\"BreadcrumbList\",\"@id\":\"https:\/\/www.tcees.tc.br\/portal-da-transparencia\/licitacoes-e-contratacoes\/aquisicoes-mensais\/#breadcrumb\",\"itemListElement\":[{\"@type\":\"ListItem\",\"position\":1,\"name\":\"In\u00edcio\",\"item\":\"https:\/\/www.tcees.tc.br\/portal-da-transparencia\/\"},{\"@type\":\"ListItem\",\"position\":2,\"name\":\"Licita\u00e7\u00f5es e Contrata\u00e7\u00f5es\",\"item\":\"https:\/\/www.tcees.tc.br\/portal-da-transparencia\/licitacoes-e-contratacoes\/\"},{\"@type\":\"ListItem\",\"position\":3,\"name\":\"Aquisi\u00e7\u00f5es Mensais\"}]},{\"@type\":\"WebSite\",\"@id\":\"https:\/\/www.tcees.tc.br\/portal-da-transparencia\/#website\",\"url\":\"https:\/\/www.tcees.tc.br\/portal-da-transparencia\/\",\"name\":\"TCEES | Portal da Transpar\u00eancia\",\"description\":\"\",\"potentialAction\":[{\"@type\":\"SearchAction\",\"target\":{\"@type\":\"EntryPoint\",\"urlTemplate\":\"https:\/\/www.tcees.tc.br\/portal-da-transparencia\/?s={search_term_string}\"},\"query-input\":{\"@type\":\"PropertyValueSpecification\",\"valueRequired\":true,\"valueName\":\"search_term_string\"}}],\"inLanguage\":\"pt-BR\"}]}<\/script>","yoast_head_json":{"title":"Aquisi\u00e7\u00f5es Mensais - TCEES | Portal da Transpar\u00eancia","robots":{"index":"index","follow":"follow","max-snippet":"max-snippet:-1","max-image-preview":"max-image-preview:large","max-video-preview":"max-video-preview:-1"},"canonical":"https:\/\/www.tcees.tc.br\/portal-da-transparencia\/licitacoes-e-contratacoes\/aquisicoes-mensais\/","og_locale":"pt_BR","og_type":"article","og_title":"Aquisi\u00e7\u00f5es Mensais - TCEES | Portal da Transpar\u00eancia","og_description":"[vc_row][vc_column width=&#8221;1\/4&#8243;][vc_raw_html]JTVCbWF4bWVnYW1lbnUlMjBsb2NhdGlvbiUzRHRyYW5zcGFyZW5jaWEtY29tcHJhcy1tZW51JTVE[\/vc_raw_html][\/vc_column][vc_column width=&#8221;3\/4&#8243;][vc_raw_html css=&#8221;&#8221;]JTVCZGF0YV9hdHVhbGl6YWNhbyUyMHZpZXdfaWQlM0QyNDI0JTVEJTBBJTNDZGl2JTIwY2xhc3MlM0QlMjJ0b3AycCUyMiUzRSU1QmZvcm1pZGFibGUlMjBpZCUzRDg0JTVEJTNDJTJGZGl2JTNFJTBBJTNDaHIlMjBzdHlsZSUzRCUyMm1hcmdpbi10b3AlM0EtNTBweCUzQiUyMiUyMCUyRiUzRSUwQSUzQ2RpdiUzRSU1QmRpc3BsYXktZnJtLWRhdGElMjBpZCUzRDI0MjQlMjBmaWx0ZXIlM0QxJTVEJTNDJTJGZGl2JTNFJTBB[\/vc_raw_html][vc_raw_html css=&#8221;&#8221;]JTNDZGl2JTIwY2xhc3MlM0QlMjJyb3clMjIlM0UlMEElMDklM0NkaXYlMjBjbGFzcyUzRCUyMmNvbC1zbS0xMiUyMiUyMHN0eWxlJTNEJTIybWFyZ2luLXRvcCUzQTE1cHglM0IlMjIlM0UlMEElMDklMDklM0NkaXYlMjBjbGFzcyUzRCUyMmFsZXJ0JTIwYWxlcnQtcGFuZWwlMjIlMjBzdHlsZSUzRCUyMmRpc3BsYXklM0FibG9jayUyMiUzRSUwQSUwOSUwOSUwOSUzQ2ElMjBzdHlsZSUzRCUyMmNvbG9yJTNBJTIwJTIzMDA1NDhkJTIxaW1wb3J0YW50JTIyJTIwaHJlZiUzRCUyMmh0dHBzJTNBJTJGJTJGd3d3LnRjZWVzLnRjLmJyJTJGcG9ydGFsLWRhLXRyYW5zcGFyZW5jaWElMkZkYWRvcy1hYmVydG9zJTJGJTIyJTIwdGFyZ2V0JTNEJTIyX2JsYW5rJTIyJTNFJTNDYiUzRURhZG9zJTIwYWJlcnRvcyUzQyUyRmIlM0UlM0MlMkZhJTNFJTNDYnIlMjAlMkYlM0UlMEElMDklMDklMDklM0NhJTIwc3R5bGUlM0QlMjJjb2xvciUzQSUyMCUyMzAwNTQ4ZCUyMWltcG9ydGFudCUyMiUyMGhyZWYlM0QlMjJodHRwcyUzQSUyRiUyRmRhZG9zLmVzLmdvdi5iciUyRmRhdGFzZXQlMkZhcXVpc2ljb2VzLWFkbWluaXN0cmFjYW8tZG8tdGNlZXMlMkZyZXNvdXJjZSUyRjUxZDE5MjAyLWFmMDctNDEwMC1iYjc3LWFmNzVlOTNmMzI4NyUyMiUyMHRhcmdldCUzRCUyMl9ibGFuayUyMiUzRSUwQSUwOSUwOSUwOSUwOUluZm9ybWElQzMlQTclQzMlQjVlcyUyMGRlc3RhJTIwcCVDMyVBMWdpbmElMjB0YW1iJUMzJUE5bSUyMGRpc3BvbiVDMyVBRHZlaXMlMjBlbSUyMGZvcm1hdG8lMjBhYmVydG8lMjAlMjhDU1YlMkMlMjBKU09OJTJDJTIwWE1MJTJDJTIwQVBJJTJDJTIwZXRjJTI5JTBBJTA5JTA5JTA5JTA5JTNDaSUyMGNsYXNzJTNEJTIyZmElMjBmYS1leHRlcm5hbC1saW5rJTIyJTNFJTNDJTJGaSUzRSUwQSUwOSUwOSUwOSUzQyUyRmElM0UlMEElMDklMDklM0MlMkZkaXYlM0UlMEElMDklMDklM0NiciUyMCUyRiUzRSUzQ2JyJTIwJTJGJTNFJTBBJTA5JTNDJTJGZGl2JTNFJTBBJTNDJTJGZGl2JTNFJTBB[\/vc_raw_html][\/vc_column][\/vc_row]","og_url":"https:\/\/www.tcees.tc.br\/portal-da-transparencia\/licitacoes-e-contratacoes\/aquisicoes-mensais\/","og_site_name":"TCEES | Portal da Transpar\u00eancia","article_modified_time":"2026-05-05T18:19:23+00:00","twitter_card":"summary_large_image","twitter_misc":{"Est. tempo de leitura":"1 minuto"},"schema":{"@context":"https:\/\/schema.org","@graph":[{"@type":"WebPage","@id":"https:\/\/www.tcees.tc.br\/portal-da-transparencia\/licitacoes-e-contratacoes\/aquisicoes-mensais\/","url":"https:\/\/www.tcees.tc.br\/portal-da-transparencia\/licitacoes-e-contratacoes\/aquisicoes-mensais\/","name":"Aquisi\u00e7\u00f5es Mensais - TCEES | Portal da Transpar\u00eancia","isPartOf":{"@id":"https:\/\/www.tcees.tc.br\/portal-da-transparencia\/#website"},"datePublished":"2022-12-06T19:27:35+00:00","dateModified":"2026-05-05T18:19:23+00:00","breadcrumb":{"@id":"https:\/\/www.tcees.tc.br\/portal-da-transparencia\/licitacoes-e-contratacoes\/aquisicoes-mensais\/#breadcrumb"},"inLanguage":"pt-BR","potentialAction":[{"@type":"ReadAction","target":["https:\/\/www.tcees.tc.br\/portal-da-transparencia\/licitacoes-e-contratacoes\/aquisicoes-mensais\/"]}]},{"@type":"BreadcrumbList","@id":"https:\/\/www.tcees.tc.br\/portal-da-transparencia\/licitacoes-e-contratacoes\/aquisicoes-mensais\/#breadcrumb","itemListElement":[{"@type":"ListItem","position":1,"name":"In\u00edcio","item":"https:\/\/www.tcees.tc.br\/portal-da-transparencia\/"},{"@type":"ListItem","position":2,"name":"Licita\u00e7\u00f5es e Contrata\u00e7\u00f5es","item":"https:\/\/www.tcees.tc.br\/portal-da-transparencia\/licitacoes-e-contratacoes\/"},{"@type":"ListItem","position":3,"name":"Aquisi\u00e7\u00f5es Mensais"}]},{"@type":"WebSite","@id":"https:\/\/www.tcees.tc.br\/portal-da-transparencia\/#website","url":"https:\/\/www.tcees.tc.br\/portal-da-transparencia\/","name":"TCEES | Portal da Transpar\u00eancia","description":"","potentialAction":[{"@type":"SearchAction","target":{"@type":"EntryPoint","urlTemplate":"https:\/\/www.tcees.tc.br\/portal-da-transparencia\/?s={search_term_string}"},"query-input":{"@type":"PropertyValueSpecification","valueRequired":true,"valueName":"search_term_string"}}],"inLanguage":"pt-BR"}]}},"_links":{"self":[{"href":"https:\/\/www.tcees.tc.br\/portal-da-transparencia\/wp-json\/wp\/v2\/pages\/170","targetHints":{"allow":["GET"]}}],"collection":[{"href":"https:\/\/www.tcees.tc.br\/portal-da-transparencia\/wp-json\/wp\/v2\/pages"}],"about":[{"href":"https:\/\/www.tcees.tc.br\/portal-da-transparencia\/wp-json\/wp\/v2\/types\/page"}],"author":[{"embeddable":true,"href":"https:\/\/www.tcees.tc.br\/portal-da-transparencia\/wp-json\/wp\/v2\/users\/282"}],"replies":[{"embeddable":true,"href":"https:\/\/www.tcees.tc.br\/portal-da-transparencia\/wp-json\/wp\/v2\/comments?post=170"}],"version-history":[{"count":2,"href":"https:\/\/www.tcees.tc.br\/portal-da-transparencia\/wp-json\/wp\/v2\/pages\/170\/revisions"}],"predecessor-version":[{"id":9123,"href":"https:\/\/www.tcees.tc.br\/portal-da-transparencia\/wp-json\/wp\/v2\/pages\/170\/revisions\/9123"}],"up":[{"embeddable":true,"href":"https:\/\/www.tcees.tc.br\/portal-da-transparencia\/wp-json\/wp\/v2\/pages\/168"}],"wp:featuredmedia":[{"embeddable":true,"href":"https:\/\/www.tcees.tc.br\/portal-da-transparencia\/wp-json\/"}],"wp:attachment":[{"href":"https:\/\/www.tcees.tc.br\/portal-da-transparencia\/wp-json\/wp\/v2\/media?parent=170"}],"curies":[{"name":"wp","href":"https:\/\/api.w.org\/{rel}","templated":true}]}}