{"id":176,"date":"2022-12-06T16:28:47","date_gmt":"2022-12-06T19:28:47","guid":{"rendered":"https:\/\/www.tcees.tc.br\/transparencia-dsnv\/?page_id=176"},"modified":"2025-05-29T18:19:05","modified_gmt":"2025-05-29T21:19:05","slug":"contratos","status":"publish","type":"page","link":"https:\/\/www.tcees.tc.br\/portal-da-transparencia\/licitacoes-e-contratacoes\/contratos\/","title":{"rendered":"Contratos"},"content":{"rendered":"<div class=\"wpb-content-wrapper\"><p>[vc_row][vc_column width=&#8221;1\/4&#8243;][vc_raw_html]JTVCbWF4bWVnYW1lbnUlMjBsb2NhdGlvbiUzRHRyYW5zcGFyZW5jaWEtY29tcHJhcy1tZW51JTVEJTBB[\/vc_raw_html][\/vc_column][vc_column width=&#8221;3\/4&#8243;][vc_raw_html css=&#8221;.vc_custom_1748552291360{margin-bottom: 0px !important;}&#8221;]JTVCZGF0YV9hdHVhbGl6YWNhbyU1RCUwQSUzQ2RpdiUyMGNsYXNzJTNEJTIydG9wMnAlMjBpZnJhbWUtbG9hZGluZyUyMiUzRSU1QmFkdmFuY2VkX2lmcmFtZSUyMHNlY3VyaXR5a2V5JTNEJTIyYjZhNDQ1NTEwNGE5YmNhYWRlYWQyYzc4NDJkYTNhMDU1YTk0MzI4NyUyMiUyMHNyYyUzRCUyMiU3QiU3QnVybC1zZXJ2aWNvcy1ldGNlZXMlN0QlN0QlMkZQdWJsaWNhJTJGUGVzcXVpc2FyQ29udHJhdG8lMjIlMjBpZCUzRCUyMmlmcmFtZVNlcnZpY29zJTIyJTIwd2lkdGglM0QlMjIxMDAlMjUlMjIlNUQlM0MlMkZkaXYlM0U=[\/vc_raw_html][\/vc_column][\/vc_row]<\/p>\n<\/div>","protected":false},"excerpt":{"rendered":"<p>[vc_row][vc_column width=&#8221;1\/4&#8243;][vc_raw_html]JTVCbWF4bWVnYW1lbnUlMjBsb2NhdGlvbiUzRHRyYW5zcGFyZW5jaWEtY29tcHJhcy1tZW51JTVEJTBB[\/vc_raw_html][\/vc_column][vc_column width=&#8221;3\/4&#8243;][vc_raw_html css=&#8221;.vc_custom_1748552291360{margin-bottom: 0px !important;}&#8221;]JTVCZGF0YV9hdHVhbGl6YWNhbyU1RCUwQSUzQ2RpdiUyMGNsYXNzJTNEJTIydG9wMnAlMjBpZnJhbWUtbG9hZGluZyUyMiUzRSU1QmFkdmFuY2VkX2lmcmFtZSUyMHNlY3VyaXR5a2V5JTNEJTIyYjZhNDQ1NTEwNGE5YmNhYWRlYWQyYzc4NDJkYTNhMDU1YTk0MzI4NyUyMiUyMHNyYyUzRCUyMiU3QiU3QnVybC1zZXJ2aWNvcy1ldGNlZXMlN0QlN0QlMkZQdWJsaWNhJTJGUGVzcXVpc2FyQ29udHJhdG8lMjIlMjBpZCUzRCUyMmlmcmFtZVNlcnZpY29zJTIyJTIwd2lkdGglM0QlMjIxMDAlMjUlMjIlNUQlM0MlMkZkaXYlM0U=[\/vc_raw_html][\/vc_column][\/vc_row]<\/p>\n","protected":false},"author":282,"featured_media":-1,"parent":168,"menu_order":6,"comment_status":"closed","ping_status":"closed","template":"","meta":{"_acf_changed":false,"footnotes":""},"class_list":["post-176","page","type-page","status-publish","has-post-thumbnail","hentry","wpautop"],"acf":[],"yoast_head":"<title>Contratos - TCEES | Portal da Transpar\u00eancia<\/title>\n<meta name=\"robots\" content=\"index, follow, max-snippet:-1, max-image-preview:large, max-video-preview:-1\" \/>\n<link rel=\"canonical\" href=\"https:\/\/www.tcees.tc.br\/portal-da-transparencia\/licitacoes-e-contratacoes\/contratos\/\" \/>\n<meta property=\"og:locale\" content=\"pt_BR\" \/>\n<meta property=\"og:type\" content=\"article\" \/>\n<meta property=\"og:title\" content=\"Contratos - TCEES | Portal da Transpar\u00eancia\" \/>\n<meta property=\"og:description\" content=\"[vc_row][vc_column width=&#8221;1\/4&#8243;][vc_raw_html]JTVCbWF4bWVnYW1lbnUlMjBsb2NhdGlvbiUzRHRyYW5zcGFyZW5jaWEtY29tcHJhcy1tZW51JTVEJTBB[\/vc_raw_html][\/vc_column][vc_column width=&#8221;3\/4&#8243;][vc_raw_html css=&#8221;.vc_custom_1748552291360{margin-bottom: 0px !important;}&#8221;]JTVCZGF0YV9hdHVhbGl6YWNhbyU1RCUwQSUzQ2RpdiUyMGNsYXNzJTNEJTIydG9wMnAlMjBpZnJhbWUtbG9hZGluZyUyMiUzRSU1QmFkdmFuY2VkX2lmcmFtZSUyMHNlY3VyaXR5a2V5JTNEJTIyYjZhNDQ1NTEwNGE5YmNhYWRlYWQyYzc4NDJkYTNhMDU1YTk0MzI4NyUyMiUyMHNyYyUzRCUyMiU3QiU3QnVybC1zZXJ2aWNvcy1ldGNlZXMlN0QlN0QlMkZQdWJsaWNhJTJGUGVzcXVpc2FyQ29udHJhdG8lMjIlMjBpZCUzRCUyMmlmcmFtZVNlcnZpY29zJTIyJTIwd2lkdGglM0QlMjIxMDAlMjUlMjIlNUQlM0MlMkZkaXYlM0U=[\/vc_raw_html][\/vc_column][\/vc_row]\" \/>\n<meta property=\"og:url\" content=\"https:\/\/www.tcees.tc.br\/portal-da-transparencia\/licitacoes-e-contratacoes\/contratos\/\" \/>\n<meta property=\"og:site_name\" content=\"TCEES | Portal da Transpar\u00eancia\" \/>\n<meta property=\"article:modified_time\" content=\"2025-05-29T21:19:05+00:00\" \/>\n<meta name=\"twitter:card\" content=\"summary_large_image\" \/>\n<meta name=\"twitter:label1\" content=\"Est. tempo de leitura\" \/>\n\t<meta name=\"twitter:data1\" content=\"1 minuto\" \/>\n<script type=\"application\/ld+json\" class=\"yoast-schema-graph\">{\"@context\":\"https:\/\/schema.org\",\"@graph\":[{\"@type\":\"WebPage\",\"@id\":\"https:\/\/www.tcees.tc.br\/portal-da-transparencia\/licitacoes-e-contratacoes\/contratos\/\",\"url\":\"https:\/\/www.tcees.tc.br\/portal-da-transparencia\/licitacoes-e-contratacoes\/contratos\/\",\"name\":\"Contratos - TCEES | Portal da Transpar\u00eancia\",\"isPartOf\":{\"@id\":\"https:\/\/www.tcees.tc.br\/portal-da-transparencia\/#website\"},\"datePublished\":\"2022-12-06T19:28:47+00:00\",\"dateModified\":\"2025-05-29T21:19:05+00:00\",\"breadcrumb\":{\"@id\":\"https:\/\/www.tcees.tc.br\/portal-da-transparencia\/licitacoes-e-contratacoes\/contratos\/#breadcrumb\"},\"inLanguage\":\"pt-BR\",\"potentialAction\":[{\"@type\":\"ReadAction\",\"target\":[\"https:\/\/www.tcees.tc.br\/portal-da-transparencia\/licitacoes-e-contratacoes\/contratos\/\"]}]},{\"@type\":\"BreadcrumbList\",\"@id\":\"https:\/\/www.tcees.tc.br\/portal-da-transparencia\/licitacoes-e-contratacoes\/contratos\/#breadcrumb\",\"itemListElement\":[{\"@type\":\"ListItem\",\"position\":1,\"name\":\"In\u00edcio\",\"item\":\"https:\/\/www.tcees.tc.br\/portal-da-transparencia\/\"},{\"@type\":\"ListItem\",\"position\":2,\"name\":\"Licita\u00e7\u00f5es e Contrata\u00e7\u00f5es\",\"item\":\"https:\/\/www.tcees.tc.br\/portal-da-transparencia\/licitacoes-e-contratacoes\/\"},{\"@type\":\"ListItem\",\"position\":3,\"name\":\"Contratos\"}]},{\"@type\":\"WebSite\",\"@id\":\"https:\/\/www.tcees.tc.br\/portal-da-transparencia\/#website\",\"url\":\"https:\/\/www.tcees.tc.br\/portal-da-transparencia\/\",\"name\":\"TCEES | Portal da Transpar\u00eancia\",\"description\":\"\",\"potentialAction\":[{\"@type\":\"SearchAction\",\"target\":{\"@type\":\"EntryPoint\",\"urlTemplate\":\"https:\/\/www.tcees.tc.br\/portal-da-transparencia\/?s={search_term_string}\"},\"query-input\":{\"@type\":\"PropertyValueSpecification\",\"valueRequired\":true,\"valueName\":\"search_term_string\"}}],\"inLanguage\":\"pt-BR\"}]}<\/script>","yoast_head_json":{"title":"Contratos - TCEES | Portal da Transpar\u00eancia","robots":{"index":"index","follow":"follow","max-snippet":"max-snippet:-1","max-image-preview":"max-image-preview:large","max-video-preview":"max-video-preview:-1"},"canonical":"https:\/\/www.tcees.tc.br\/portal-da-transparencia\/licitacoes-e-contratacoes\/contratos\/","og_locale":"pt_BR","og_type":"article","og_title":"Contratos - TCEES | Portal da Transpar\u00eancia","og_description":"[vc_row][vc_column width=&#8221;1\/4&#8243;][vc_raw_html]JTVCbWF4bWVnYW1lbnUlMjBsb2NhdGlvbiUzRHRyYW5zcGFyZW5jaWEtY29tcHJhcy1tZW51JTVEJTBB[\/vc_raw_html][\/vc_column][vc_column width=&#8221;3\/4&#8243;][vc_raw_html css=&#8221;.vc_custom_1748552291360{margin-bottom: 0px !important;}&#8221;]JTVCZGF0YV9hdHVhbGl6YWNhbyU1RCUwQSUzQ2RpdiUyMGNsYXNzJTNEJTIydG9wMnAlMjBpZnJhbWUtbG9hZGluZyUyMiUzRSU1QmFkdmFuY2VkX2lmcmFtZSUyMHNlY3VyaXR5a2V5JTNEJTIyYjZhNDQ1NTEwNGE5YmNhYWRlYWQyYzc4NDJkYTNhMDU1YTk0MzI4NyUyMiUyMHNyYyUzRCUyMiU3QiU3QnVybC1zZXJ2aWNvcy1ldGNlZXMlN0QlN0QlMkZQdWJsaWNhJTJGUGVzcXVpc2FyQ29udHJhdG8lMjIlMjBpZCUzRCUyMmlmcmFtZVNlcnZpY29zJTIyJTIwd2lkdGglM0QlMjIxMDAlMjUlMjIlNUQlM0MlMkZkaXYlM0U=[\/vc_raw_html][\/vc_column][\/vc_row]","og_url":"https:\/\/www.tcees.tc.br\/portal-da-transparencia\/licitacoes-e-contratacoes\/contratos\/","og_site_name":"TCEES | Portal da Transpar\u00eancia","article_modified_time":"2025-05-29T21:19:05+00:00","twitter_card":"summary_large_image","twitter_misc":{"Est. tempo de leitura":"1 minuto"},"schema":{"@context":"https:\/\/schema.org","@graph":[{"@type":"WebPage","@id":"https:\/\/www.tcees.tc.br\/portal-da-transparencia\/licitacoes-e-contratacoes\/contratos\/","url":"https:\/\/www.tcees.tc.br\/portal-da-transparencia\/licitacoes-e-contratacoes\/contratos\/","name":"Contratos - TCEES | Portal da Transpar\u00eancia","isPartOf":{"@id":"https:\/\/www.tcees.tc.br\/portal-da-transparencia\/#website"},"datePublished":"2022-12-06T19:28:47+00:00","dateModified":"2025-05-29T21:19:05+00:00","breadcrumb":{"@id":"https:\/\/www.tcees.tc.br\/portal-da-transparencia\/licitacoes-e-contratacoes\/contratos\/#breadcrumb"},"inLanguage":"pt-BR","potentialAction":[{"@type":"ReadAction","target":["https:\/\/www.tcees.tc.br\/portal-da-transparencia\/licitacoes-e-contratacoes\/contratos\/"]}]},{"@type":"BreadcrumbList","@id":"https:\/\/www.tcees.tc.br\/portal-da-transparencia\/licitacoes-e-contratacoes\/contratos\/#breadcrumb","itemListElement":[{"@type":"ListItem","position":1,"name":"In\u00edcio","item":"https:\/\/www.tcees.tc.br\/portal-da-transparencia\/"},{"@type":"ListItem","position":2,"name":"Licita\u00e7\u00f5es e Contrata\u00e7\u00f5es","item":"https:\/\/www.tcees.tc.br\/portal-da-transparencia\/licitacoes-e-contratacoes\/"},{"@type":"ListItem","position":3,"name":"Contratos"}]},{"@type":"WebSite","@id":"https:\/\/www.tcees.tc.br\/portal-da-transparencia\/#website","url":"https:\/\/www.tcees.tc.br\/portal-da-transparencia\/","name":"TCEES | Portal da Transpar\u00eancia","description":"","potentialAction":[{"@type":"SearchAction","target":{"@type":"EntryPoint","urlTemplate":"https:\/\/www.tcees.tc.br\/portal-da-transparencia\/?s={search_term_string}"},"query-input":{"@type":"PropertyValueSpecification","valueRequired":true,"valueName":"search_term_string"}}],"inLanguage":"pt-BR"}]}},"_links":{"self":[{"href":"https:\/\/www.tcees.tc.br\/portal-da-transparencia\/wp-json\/wp\/v2\/pages\/176","targetHints":{"allow":["GET"]}}],"collection":[{"href":"https:\/\/www.tcees.tc.br\/portal-da-transparencia\/wp-json\/wp\/v2\/pages"}],"about":[{"href":"https:\/\/www.tcees.tc.br\/portal-da-transparencia\/wp-json\/wp\/v2\/types\/page"}],"author":[{"embeddable":true,"href":"https:\/\/www.tcees.tc.br\/portal-da-transparencia\/wp-json\/wp\/v2\/users\/282"}],"replies":[{"embeddable":true,"href":"https:\/\/www.tcees.tc.br\/portal-da-transparencia\/wp-json\/wp\/v2\/comments?post=176"}],"version-history":[{"count":0,"href":"https:\/\/www.tcees.tc.br\/portal-da-transparencia\/wp-json\/wp\/v2\/pages\/176\/revisions"}],"up":[{"embeddable":true,"href":"https:\/\/www.tcees.tc.br\/portal-da-transparencia\/wp-json\/wp\/v2\/pages\/168"}],"wp:featuredmedia":[{"embeddable":true,"href":"https:\/\/www.tcees.tc.br\/portal-da-transparencia\/wp-json\/"}],"wp:attachment":[{"href":"https:\/\/www.tcees.tc.br\/portal-da-transparencia\/wp-json\/wp\/v2\/media?parent=176"}],"curies":[{"name":"wp","href":"https:\/\/api.w.org\/{rel}","templated":true}]}}