{"id":241,"date":"2022-12-06T16:45:39","date_gmt":"2022-12-06T19:45:39","guid":{"rendered":"https:\/\/www.tcees.tc.br\/transparencia-dsnv\/?page_id=241"},"modified":"2026-04-10T07:27:11","modified_gmt":"2026-04-10T10:27:11","slug":"projetos-estrategicos","status":"publish","type":"page","link":"https:\/\/www.tcees.tc.br\/portal-da-transparencia\/o-tribunal\/planejamento-estrategico\/projetos-estrategicos\/","title":{"rendered":"Projetos Estrat\u00e9gicos"},"content":{"rendered":"<div class=\"wpb-content-wrapper\"><p>[vc_row][vc_column width=&#8221;1\/4&#8243;][vc_raw_html]JTVCbWF4bWVnYW1lbnUlMjBsb2NhdGlvbiUzRHRyYW5zcGFyZW5jaWEtYXRpdmlkYWRlLWZpbS1tZW51JTVE[\/vc_raw_html][\/vc_column][vc_column width=&#8221;3\/4&#8243;][vc_single_image image=&#8221;4645&#8243; img_size=&#8221;full&#8221; alignment=&#8221;center&#8221; css=&#8221;.vc_custom_1679024493905{margin-bottom: 0px !important;}&#8221;][vc_column_text css=&#8221;.vc_custom_1642012171364{margin-top: 0px !important;}&#8221;]<\/p>\n<p>Por meio da execu\u00e7\u00e3o de programas e projetos, o TCEES cumpre suas atribui\u00e7\u00f5es de \u00f3rg\u00e3o fiscalizador, al\u00e9m de desenvolver a\u00e7\u00f5es voltadas \u00e0 valoriza\u00e7\u00e3o do seu servidor, \u00e0 transpar\u00eancia na gest\u00e3o dos recursos p\u00fablicos, ao aprimoramento do controle externo e ao engajamento do cidad\u00e3o na fiscaliza\u00e7\u00e3o. Sendo assim, em cumprimento ao Plano Estrat\u00e9gico 2016-2020, \u00e9 elaborado o documento \u201cProjetos Estrat\u00e9gicos\u201d durante cada ano vigente. Tal documento contempla a lista de projetos priorizados a fim de serem executados durante o ano seguinte.<\/p>\n<p>A Asgov \u00e9 a unidade respons\u00e1vel pela coordena\u00e7\u00e3o do processo de formula\u00e7\u00e3o e monitoramento do plano estrat\u00e9gico. Atua tamb\u00e9m na gest\u00e3o, ligada ao suporte metodol\u00f3gico e a orienta\u00e7\u00e3o direcionada aos gerentes dos projetos priorit\u00e1rios. A institui\u00e7\u00e3o da metodologia de gest\u00e3o de projetos, no \u00e2mbito do TCEES, foi regulamentada pela Resolu\u00e7\u00e3o TC n\u00ba 351\/2021, a qual estabelece os crit\u00e9rios para sua constitui\u00e7\u00e3o e gest\u00e3o.<\/p>\n<p>[\/vc_column_text][vc_row_inner][vc_column_inner width=&#8221;1\/3&#8243;][vc_btn title=&#8221;Projetos Estrat\u00e9gicos 2026&#8243; color=&#8221;primary&#8221; align=&#8221;center&#8221; i_align=&#8221;right&#8221; i_icon_fontawesome=&#8221;fa fa-solid fa-angle-right&#8221; css=&#8221;&#8221; button_block=&#8221;true&#8221; add_icon=&#8221;true&#8221; link=&#8221;url:https%3A%2F%2Fwww.tcees.tc.br%2Fportal-da-transparencia%2Fwp-content%2Fuploads%2Fsites%2F10%2F2026%2F04%2FProjetos-prioritarios-2026.pdf|target:_blank&#8221;][vc_btn title=&#8221;Projetos Estrat\u00e9gicos 2023&#8243; color=&#8221;primary&#8221; align=&#8221;center&#8221; i_align=&#8221;right&#8221; i_icon_fontawesome=&#8221;fas fa-angle-right&#8221; button_block=&#8221;true&#8221; add_icon=&#8221;true&#8221; link=&#8221;url:https%3A%2F%2Fwww.tcees.tc.br%2Fportal-da-transparencia%2Fwp-content%2Fuploads%2Fsites%2F10%2F2023%2F08%2FProjetos-prioritarios-2023-TCE-ES.pdf|target:_blank&#8221;][vc_btn title=&#8221;Projetos Estrat\u00e9gicos 2020&#8243; color=&#8221;primary&#8221; align=&#8221;center&#8221; i_align=&#8221;right&#8221; i_icon_fontawesome=&#8221;fas fa-angle-right&#8221; button_block=&#8221;true&#8221; add_icon=&#8221;true&#8221; link=&#8221;url:https%3A%2F%2Fwww.tcees.tc.br%2Fwp-content%2Fuploads%2F2020%2F01%2FProjetos-Estrat%25C3%25A9gicos-2020.pdf|target:_blank&#8221;][vc_btn title=&#8221;Plano Executivo 2017&#8243; color=&#8221;primary&#8221; align=&#8221;center&#8221; i_align=&#8221;right&#8221; i_icon_fontawesome=&#8221;fas fa-angle-right&#8221; button_block=&#8221;true&#8221; add_icon=&#8221;true&#8221; link=&#8221;url:https%3A%2F%2Fwww.tcees.tc.br%2Fwp-content%2Fuploads%2F2017%2F05%2FPLANO-EXECUTIVO_-2017.pdf|target:_blank&#8221;][\/vc_column_inner][vc_column_inner width=&#8221;1\/3&#8243;][vc_btn title=&#8221;Projetos Estrat\u00e9gicos 2025&#8243; color=&#8221;primary&#8221; align=&#8221;center&#8221; i_align=&#8221;right&#8221; i_icon_fontawesome=&#8221;fas fa-angle-right&#8221; css=&#8221;&#8221; button_block=&#8221;true&#8221; add_icon=&#8221;true&#8221; link=&#8221;url:https%3A%2F%2Fwww.tcees.tc.br%2Fportal-da-transparencia%2Fwp-content%2Fuploads%2Fsites%2F10%2F2024%2F12%2FProjetos-Prioritarios-2025.pdf|target:_blank&#8221;][vc_btn title=&#8221;Projetos Estrat\u00e9gicos 2022&#8243; color=&#8221;primary&#8221; align=&#8221;center&#8221; i_align=&#8221;right&#8221; i_icon_fontawesome=&#8221;fas fa-angle-right&#8221; button_block=&#8221;true&#8221; add_icon=&#8221;true&#8221; link=&#8221;url:https%3A%2F%2Fwww.tcees.tc.br%2Fwp-content%2Fuploads%2F2022%2F01%2FJustificativas-projetos-prioritarios-2022-corpo-deliberativo-atualizado.pdf|target:_blank&#8221;][vc_btn title=&#8221;Projetos Estrat\u00e9gicos 2019&#8243; color=&#8221;primary&#8221; align=&#8221;center&#8221; i_align=&#8221;right&#8221; i_icon_fontawesome=&#8221;fas fa-angle-right&#8221; button_block=&#8221;true&#8221; add_icon=&#8221;true&#8221; link=&#8221;url:https%3A%2F%2Fwww.tcees.tc.br%2Fwp-content%2Fuploads%2F2018%2F11%2FProjetos-Estrat%25C3%25A9gicos-2019-1.pdf|target:_blank&#8221;][vc_btn title=&#8221;Plano Executivo 2016&#8243; color=&#8221;primary&#8221; align=&#8221;center&#8221; i_align=&#8221;right&#8221; i_icon_fontawesome=&#8221;fas fa-angle-right&#8221; button_block=&#8221;true&#8221; add_icon=&#8221;true&#8221; link=&#8221;url:https%3A%2F%2Fwww.tcees.tc.br%2Fintranet%2Fwp-content%2Fuploads%2Fsites%2F2%2Fintranet%2Fnpp%2FPlano-Executivo-2016-vers%25C3%25A3o-portarias-alteradas.pdf|target:_blank&#8221;][\/vc_column_inner][vc_column_inner width=&#8221;1\/3&#8243;][vc_btn title=&#8221;Projetos Estrat\u00e9gicos 2024&#8243; color=&#8221;primary&#8221; align=&#8221;center&#8221; i_align=&#8221;right&#8221; i_icon_fontawesome=&#8221;fas fa-angle-right&#8221; button_block=&#8221;true&#8221; add_icon=&#8221;true&#8221; link=&#8221;url:https%3A%2F%2Fwww.tcees.tc.br%2Fportal-da-transparencia%2Fwp-content%2Fuploads%2Fsites%2F10%2F2024%2F01%2FProjetos-Estrategicos-2024.pdf|target:_blank&#8221;][vc_btn title=&#8221;Projetos Estrat\u00e9gicos 2021&#8243; color=&#8221;primary&#8221; align=&#8221;center&#8221; i_align=&#8221;right&#8221; i_icon_fontawesome=&#8221;fas fa-angle-right&#8221; button_block=&#8221;true&#8221; add_icon=&#8221;true&#8221; link=&#8221;url:https%3A%2F%2Fwww.tcees.tc.br%2Fwp-content%2Fuploads%2F2021%2F03%2FProjetos-Prioritarios-2021.pdf|target:_blank&#8221;][vc_btn title=&#8221;Plano Executivo 2018&#8243; color=&#8221;primary&#8221; align=&#8221;center&#8221; i_align=&#8221;right&#8221; i_icon_fontawesome=&#8221;fas fa-angle-right&#8221; button_block=&#8221;true&#8221; add_icon=&#8221;true&#8221; link=&#8221;url:https%3A%2F%2Fwww.tcees.tc.br%2Fwp-content%2Fuploads%2F2017%2F03%2FPLANO-EXECUTIVO_-2018.pdf|target:_blank&#8221;][vc_btn title=&#8221;Plano de A\u00e7\u00e3o 2015&#8243; color=&#8221;primary&#8221; align=&#8221;center&#8221; i_align=&#8221;right&#8221; i_icon_fontawesome=&#8221;fas fa-angle-right&#8221; button_block=&#8221;true&#8221; add_icon=&#8221;true&#8221; link=&#8221;url:https%3A%2F%2Fwww.tcees.tc.br%2Fwp-content%2Fuploads%2F2017%2F05%2FPlano-de-a%C3%A7%C3%A3o-2015.pdf|||&#8221;][\/vc_column_inner][\/vc_row_inner][\/vc_column][\/vc_row]<\/p>\n<\/div>","protected":false},"excerpt":{"rendered":"<p>[vc_row][vc_column width=&#8221;1\/4&#8243;][vc_raw_html]JTVCbWF4bWVnYW1lbnUlMjBsb2NhdGlvbiUzRHRyYW5zcGFyZW5jaWEtYXRpdmlkYWRlLWZpbS1tZW51JTVE[\/vc_raw_html][\/vc_column][vc_column width=&#8221;3\/4&#8243;][vc_single_image image=&#8221;4645&#8243; img_size=&#8221;full&#8221; alignment=&#8221;center&#8221; css=&#8221;.vc_custom_1679024493905{margin-bottom: 0px !important;}&#8221;][vc_column_text css=&#8221;.vc_custom_1642012171364{margin-top: 0px !important;}&#8221;] Por meio da execu\u00e7\u00e3o de programas e projetos, o TCEES cumpre suas atribui\u00e7\u00f5es de \u00f3rg\u00e3o fiscalizador, al\u00e9m de desenvolver a\u00e7\u00f5es voltadas \u00e0 valoriza\u00e7\u00e3o do seu servidor, \u00e0 transpar\u00eancia na gest\u00e3o dos recursos p\u00fablicos, ao aprimoramento do controle externo<span class=\"excerpt-hellip\"> [\u2026]<\/span><\/p>\n","protected":false},"author":282,"featured_media":-1,"parent":237,"menu_order":0,"comment_status":"closed","ping_status":"closed","template":"","meta":{"_acf_changed":false,"footnotes":""},"class_list":["post-241","page","type-page","status-publish","has-post-thumbnail","hentry","wpautop"],"acf":[],"yoast_head":"<title>Projetos Estrat\u00e9gicos - TCEES | Portal da Transpar\u00eancia<\/title>\n<meta name=\"robots\" content=\"index, follow, max-snippet:-1, max-image-preview:large, max-video-preview:-1\" \/>\n<link rel=\"canonical\" href=\"https:\/\/www.tcees.tc.br\/portal-da-transparencia\/o-tribunal\/planejamento-estrategico\/projetos-estrategicos\/\" \/>\n<meta property=\"og:locale\" content=\"pt_BR\" \/>\n<meta property=\"og:type\" content=\"article\" \/>\n<meta property=\"og:title\" content=\"Projetos Estrat\u00e9gicos - TCEES | Portal da Transpar\u00eancia\" \/>\n<meta property=\"og:description\" content=\"[vc_row][vc_column width=&#8221;1\/4&#8243;][vc_raw_html]JTVCbWF4bWVnYW1lbnUlMjBsb2NhdGlvbiUzRHRyYW5zcGFyZW5jaWEtYXRpdmlkYWRlLWZpbS1tZW51JTVE[\/vc_raw_html][\/vc_column][vc_column width=&#8221;3\/4&#8243;][vc_single_image image=&#8221;4645&#8243; img_size=&#8221;full&#8221; alignment=&#8221;center&#8221; css=&#8221;.vc_custom_1679024493905{margin-bottom: 0px !important;}&#8221;][vc_column_text css=&#8221;.vc_custom_1642012171364{margin-top: 0px !important;}&#8221;] Por meio da execu\u00e7\u00e3o de programas e projetos, o TCEES cumpre suas atribui\u00e7\u00f5es de \u00f3rg\u00e3o fiscalizador, al\u00e9m de desenvolver a\u00e7\u00f5es voltadas \u00e0 valoriza\u00e7\u00e3o do seu servidor, \u00e0 transpar\u00eancia na gest\u00e3o dos recursos p\u00fablicos, ao aprimoramento do controle externo [\u2026]\" \/>\n<meta property=\"og:url\" content=\"https:\/\/www.tcees.tc.br\/portal-da-transparencia\/o-tribunal\/planejamento-estrategico\/projetos-estrategicos\/\" \/>\n<meta property=\"og:site_name\" content=\"TCEES | Portal da Transpar\u00eancia\" \/>\n<meta property=\"article:modified_time\" content=\"2026-04-10T10:27:11+00:00\" \/>\n<meta name=\"twitter:card\" content=\"summary_large_image\" \/>\n<meta name=\"twitter:label1\" content=\"Est. tempo de leitura\" \/>\n\t<meta name=\"twitter:data1\" content=\"2 minutos\" \/>\n<script type=\"application\/ld+json\" class=\"yoast-schema-graph\">{\"@context\":\"https:\/\/schema.org\",\"@graph\":[{\"@type\":\"WebPage\",\"@id\":\"https:\/\/www.tcees.tc.br\/portal-da-transparencia\/o-tribunal\/planejamento-estrategico\/projetos-estrategicos\/\",\"url\":\"https:\/\/www.tcees.tc.br\/portal-da-transparencia\/o-tribunal\/planejamento-estrategico\/projetos-estrategicos\/\",\"name\":\"Projetos Estrat\u00e9gicos - TCEES | Portal da Transpar\u00eancia\",\"isPartOf\":{\"@id\":\"https:\/\/www.tcees.tc.br\/portal-da-transparencia\/#website\"},\"datePublished\":\"2022-12-06T19:45:39+00:00\",\"dateModified\":\"2026-04-10T10:27:11+00:00\",\"breadcrumb\":{\"@id\":\"https:\/\/www.tcees.tc.br\/portal-da-transparencia\/o-tribunal\/planejamento-estrategico\/projetos-estrategicos\/#breadcrumb\"},\"inLanguage\":\"pt-BR\",\"potentialAction\":[{\"@type\":\"ReadAction\",\"target\":[\"https:\/\/www.tcees.tc.br\/portal-da-transparencia\/o-tribunal\/planejamento-estrategico\/projetos-estrategicos\/\"]}]},{\"@type\":\"BreadcrumbList\",\"@id\":\"https:\/\/www.tcees.tc.br\/portal-da-transparencia\/o-tribunal\/planejamento-estrategico\/projetos-estrategicos\/#breadcrumb\",\"itemListElement\":[{\"@type\":\"ListItem\",\"position\":1,\"name\":\"In\u00edcio\",\"item\":\"https:\/\/www.tcees.tc.br\/portal-da-transparencia\/\"},{\"@type\":\"ListItem\",\"position\":2,\"name\":\"O Tribunal\",\"item\":\"https:\/\/www.tcees.tc.br\/portal-da-transparencia\/o-tribunal\/\"},{\"@type\":\"ListItem\",\"position\":3,\"name\":\"Planejamento Estrat\u00e9gico\",\"item\":\"https:\/\/www.tcees.tc.br\/portal-da-transparencia\/o-tribunal\/planejamento-estrategico\/\"},{\"@type\":\"ListItem\",\"position\":4,\"name\":\"Projetos Estrat\u00e9gicos\"}]},{\"@type\":\"WebSite\",\"@id\":\"https:\/\/www.tcees.tc.br\/portal-da-transparencia\/#website\",\"url\":\"https:\/\/www.tcees.tc.br\/portal-da-transparencia\/\",\"name\":\"TCEES | Portal da Transpar\u00eancia\",\"description\":\"\",\"potentialAction\":[{\"@type\":\"SearchAction\",\"target\":{\"@type\":\"EntryPoint\",\"urlTemplate\":\"https:\/\/www.tcees.tc.br\/portal-da-transparencia\/?s={search_term_string}\"},\"query-input\":{\"@type\":\"PropertyValueSpecification\",\"valueRequired\":true,\"valueName\":\"search_term_string\"}}],\"inLanguage\":\"pt-BR\"}]}<\/script>","yoast_head_json":{"title":"Projetos Estrat\u00e9gicos - TCEES | Portal da Transpar\u00eancia","robots":{"index":"index","follow":"follow","max-snippet":"max-snippet:-1","max-image-preview":"max-image-preview:large","max-video-preview":"max-video-preview:-1"},"canonical":"https:\/\/www.tcees.tc.br\/portal-da-transparencia\/o-tribunal\/planejamento-estrategico\/projetos-estrategicos\/","og_locale":"pt_BR","og_type":"article","og_title":"Projetos Estrat\u00e9gicos - TCEES | Portal da Transpar\u00eancia","og_description":"[vc_row][vc_column width=&#8221;1\/4&#8243;][vc_raw_html]JTVCbWF4bWVnYW1lbnUlMjBsb2NhdGlvbiUzRHRyYW5zcGFyZW5jaWEtYXRpdmlkYWRlLWZpbS1tZW51JTVE[\/vc_raw_html][\/vc_column][vc_column width=&#8221;3\/4&#8243;][vc_single_image image=&#8221;4645&#8243; img_size=&#8221;full&#8221; alignment=&#8221;center&#8221; css=&#8221;.vc_custom_1679024493905{margin-bottom: 0px !important;}&#8221;][vc_column_text css=&#8221;.vc_custom_1642012171364{margin-top: 0px !important;}&#8221;] Por meio da execu\u00e7\u00e3o de programas e projetos, o TCEES cumpre suas atribui\u00e7\u00f5es de \u00f3rg\u00e3o fiscalizador, al\u00e9m de desenvolver a\u00e7\u00f5es voltadas \u00e0 valoriza\u00e7\u00e3o do seu servidor, \u00e0 transpar\u00eancia na gest\u00e3o dos recursos p\u00fablicos, ao aprimoramento do controle externo [\u2026]","og_url":"https:\/\/www.tcees.tc.br\/portal-da-transparencia\/o-tribunal\/planejamento-estrategico\/projetos-estrategicos\/","og_site_name":"TCEES | Portal da Transpar\u00eancia","article_modified_time":"2026-04-10T10:27:11+00:00","twitter_card":"summary_large_image","twitter_misc":{"Est. tempo de leitura":"2 minutos"},"schema":{"@context":"https:\/\/schema.org","@graph":[{"@type":"WebPage","@id":"https:\/\/www.tcees.tc.br\/portal-da-transparencia\/o-tribunal\/planejamento-estrategico\/projetos-estrategicos\/","url":"https:\/\/www.tcees.tc.br\/portal-da-transparencia\/o-tribunal\/planejamento-estrategico\/projetos-estrategicos\/","name":"Projetos Estrat\u00e9gicos - TCEES | Portal da Transpar\u00eancia","isPartOf":{"@id":"https:\/\/www.tcees.tc.br\/portal-da-transparencia\/#website"},"datePublished":"2022-12-06T19:45:39+00:00","dateModified":"2026-04-10T10:27:11+00:00","breadcrumb":{"@id":"https:\/\/www.tcees.tc.br\/portal-da-transparencia\/o-tribunal\/planejamento-estrategico\/projetos-estrategicos\/#breadcrumb"},"inLanguage":"pt-BR","potentialAction":[{"@type":"ReadAction","target":["https:\/\/www.tcees.tc.br\/portal-da-transparencia\/o-tribunal\/planejamento-estrategico\/projetos-estrategicos\/"]}]},{"@type":"BreadcrumbList","@id":"https:\/\/www.tcees.tc.br\/portal-da-transparencia\/o-tribunal\/planejamento-estrategico\/projetos-estrategicos\/#breadcrumb","itemListElement":[{"@type":"ListItem","position":1,"name":"In\u00edcio","item":"https:\/\/www.tcees.tc.br\/portal-da-transparencia\/"},{"@type":"ListItem","position":2,"name":"O Tribunal","item":"https:\/\/www.tcees.tc.br\/portal-da-transparencia\/o-tribunal\/"},{"@type":"ListItem","position":3,"name":"Planejamento Estrat\u00e9gico","item":"https:\/\/www.tcees.tc.br\/portal-da-transparencia\/o-tribunal\/planejamento-estrategico\/"},{"@type":"ListItem","position":4,"name":"Projetos Estrat\u00e9gicos"}]},{"@type":"WebSite","@id":"https:\/\/www.tcees.tc.br\/portal-da-transparencia\/#website","url":"https:\/\/www.tcees.tc.br\/portal-da-transparencia\/","name":"TCEES | Portal da Transpar\u00eancia","description":"","potentialAction":[{"@type":"SearchAction","target":{"@type":"EntryPoint","urlTemplate":"https:\/\/www.tcees.tc.br\/portal-da-transparencia\/?s={search_term_string}"},"query-input":{"@type":"PropertyValueSpecification","valueRequired":true,"valueName":"search_term_string"}}],"inLanguage":"pt-BR"}]}},"_links":{"self":[{"href":"https:\/\/www.tcees.tc.br\/portal-da-transparencia\/wp-json\/wp\/v2\/pages\/241","targetHints":{"allow":["GET"]}}],"collection":[{"href":"https:\/\/www.tcees.tc.br\/portal-da-transparencia\/wp-json\/wp\/v2\/pages"}],"about":[{"href":"https:\/\/www.tcees.tc.br\/portal-da-transparencia\/wp-json\/wp\/v2\/types\/page"}],"author":[{"embeddable":true,"href":"https:\/\/www.tcees.tc.br\/portal-da-transparencia\/wp-json\/wp\/v2\/users\/282"}],"replies":[{"embeddable":true,"href":"https:\/\/www.tcees.tc.br\/portal-da-transparencia\/wp-json\/wp\/v2\/comments?post=241"}],"version-history":[{"count":3,"href":"https:\/\/www.tcees.tc.br\/portal-da-transparencia\/wp-json\/wp\/v2\/pages\/241\/revisions"}],"predecessor-version":[{"id":9019,"href":"https:\/\/www.tcees.tc.br\/portal-da-transparencia\/wp-json\/wp\/v2\/pages\/241\/revisions\/9019"}],"up":[{"embeddable":true,"href":"https:\/\/www.tcees.tc.br\/portal-da-transparencia\/wp-json\/wp\/v2\/pages\/237"}],"wp:featuredmedia":[{"embeddable":true,"href":"https:\/\/www.tcees.tc.br\/portal-da-transparencia\/wp-json\/"}],"wp:attachment":[{"href":"https:\/\/www.tcees.tc.br\/portal-da-transparencia\/wp-json\/wp\/v2\/media?parent=241"}],"curies":[{"name":"wp","href":"https:\/\/api.w.org\/{rel}","templated":true}]}}