{"id":247,"date":"2022-12-06T16:47:23","date_gmt":"2022-12-06T19:47:23","guid":{"rendered":"https:\/\/www.tcees.tc.br\/transparencia-dsnv\/?page_id=247"},"modified":"2025-06-02T22:48:31","modified_gmt":"2025-06-03T01:48:31","slug":"execucao-orcamentaria-programa-e-funcao","status":"publish","type":"page","link":"https:\/\/www.tcees.tc.br\/portal-da-transparencia\/orcamento\/execucao-orcamentaria-programa-e-funcao\/","title":{"rendered":"Execu\u00e7\u00e3o Or\u00e7ament\u00e1ria (Programa e Fun\u00e7\u00e3o)"},"content":{"rendered":"<div class=\"wpb-content-wrapper\"><p>[vc_row][vc_column width=&#8221;1\/4&#8243;][vc_raw_html]JTVCbWF4bWVnYW1lbnUlMjBsb2NhdGlvbiUzRHRyYW5zcGFyZW5jaWEtb3JjYW1lbnRvLW1lbnUlNUQlMEE=[\/vc_raw_html][\/vc_column][vc_column width=&#8221;3\/4&#8243;][vc_raw_html]JTVCZGF0YV9hdHVhbGl6YWNhbyU1RCUwQSU1QmZvcm1pZGFibGUlMjBpZCUzRDg0JTVEJTBBJTNDaHIlMjBzdHlsZSUzRCUyMm1hcmdpbi10b3AlM0EtNTBweCUzQiUyMiUyMCUyRiUzRSUwQSU1QmRpc3BsYXktZnJtLWRhdGElMjBpZCUzRDgxOCUyMGZpbHRlciUzRDElMjB0aXBvZGVzcGVzYSUzRGQlNUQ=[\/vc_raw_html][vc_raw_html css=&#8221;&#8221;]JTNDZGl2JTIwY2xhc3MlM0QlMjJyb3clMjIlM0UlMEQlMEElMDklM0NkaXYlMjBjbGFzcyUzRCUyMmNvbC1zbS0xMiUyMiUyMHN0eWxlJTNEJTIybWFyZ2luLXRvcCUzQTE1cHglM0IlMjIlM0UlMEQlMEElMDklMDklM0NkaXYlMjBjbGFzcyUzRCUyMmFsZXJ0JTIwYWxlcnQtcGFuZWwlMjIlMjBzdHlsZSUzRCUyMmRpc3BsYXklM0FibG9jayUyMiUzRSUwRCUwQSUwOSUwOSUwOSUzQ2ElMjBzdHlsZSUzRCUyMmNvbG9yJTNBJTIwJTIzMDA1NDhkJTIxaW1wb3J0YW50JTIyJTIwaHJlZiUzRCUyMmh0dHBzJTNBJTJGJTJGd3d3LnRjZWVzLnRjLmJyJTJGcG9ydGFsLWRhLXRyYW5zcGFyZW5jaWElMkZkYWRvcy1hYmVydG9zJTJGJTIyJTIwdGFyZ2V0JTNEJTIyX2JsYW5rJTIyJTNFJTNDYiUzRURhZG9zJTIwYWJlcnRvcyUzQyUyRmIlM0UlM0MlMkZhJTNFJTNDYnIlMjAlMkYlM0UlMEQlMEElMDklMDklMDklM0NhJTIwc3R5bGUlM0QlMjJjb2xvciUzQSUyMCUyMzAwNTQ4ZCUyMWltcG9ydGFudCUyMiUyMGhyZWYlM0QlMjJodHRwcyUzQSUyRiUyRmRhZG9zLmVzLmdvdi5iciUyRmRhdGFzZXQlMkZvcmNhbWVudG9zJTJGcmVzb3VyY2UlMkY4MjVhOTIwYi1hYjY1LTQ5YTQtYTM5ZS0xNTg3Nzg2NGE2MmQlMjIlMjB0YXJnZXQlM0QlMjJfYmxhbmslMjIlM0UlMEQlMEElMDklMDklMDklMDlJbmZvcm1hJUMzJUE3JUMzJUI1ZXMlMjBkZXN0YSUyMHAlQzMlQTFnaW5hJTIwdGFtYiVDMyVBOW0lMjBkaXNwb24lQzMlQUR2ZWlzJTIwZW0lMjBmb3JtYXRvJTIwYWJlcnRvJTIwJTI4Q1NWJTJDJTIwSlNPTiUyQyUyMFhNTCUyQyUyMEFQSSUyQyUyMGV0YyUyOSUwRCUwQSUwOSUwOSUwOSUwOSUzQ2klMjBjbGFzcyUzRCUyMmZhJTIwZmEtZXh0ZXJuYWwtbGluayUyMiUzRSUzQyUyRmklM0UlMEQlMEElMDklMDklMDklM0MlMkZhJTNFJTBEJTBBJTA5JTA5JTNDJTJGZGl2JTNFJTBEJTBBJTA5JTA5JTNDYnIlMjAlMkYlM0UlM0NiciUyMCUyRiUzRSUwRCUwQSUwOSUzQyUyRmRpdiUzRSUwRCUwQSUzQyUyRmRpdiUzRQ==[\/vc_raw_html][\/vc_column][\/vc_row]<\/p>\n<\/div>","protected":false},"excerpt":{"rendered":"<p>[vc_row][vc_column width=&#8221;1\/4&#8243;][vc_raw_html]JTVCbWF4bWVnYW1lbnUlMjBsb2NhdGlvbiUzRHRyYW5zcGFyZW5jaWEtb3JjYW1lbnRvLW1lbnUlNUQlMEE=[\/vc_raw_html][\/vc_column][vc_column width=&#8221;3\/4&#8243;][vc_raw_html]JTVCZGF0YV9hdHVhbGl6YWNhbyU1RCUwQSU1QmZvcm1pZGFibGUlMjBpZCUzRDg0JTVEJTBBJTNDaHIlMjBzdHlsZSUzRCUyMm1hcmdpbi10b3AlM0EtNTBweCUzQiUyMiUyMCUyRiUzRSUwQSU1QmRpc3BsYXktZnJtLWRhdGElMjBpZCUzRDgxOCUyMGZpbHRlciUzRDElMjB0aXBvZGVzcGVzYSUzRGQlNUQ=[\/vc_raw_html][vc_raw_html css=&#8221;&#8221;]JTNDZGl2JTIwY2xhc3MlM0QlMjJyb3clMjIlM0UlMEQlMEElMDklM0NkaXYlMjBjbGFzcyUzRCUyMmNvbC1zbS0xMiUyMiUyMHN0eWxlJTNEJTIybWFyZ2luLXRvcCUzQTE1cHglM0IlMjIlM0UlMEQlMEElMDklMDklM0NkaXYlMjBjbGFzcyUzRCUyMmFsZXJ0JTIwYWxlcnQtcGFuZWwlMjIlMjBzdHlsZSUzRCUyMmRpc3BsYXklM0FibG9jayUyMiUzRSUwRCUwQSUwOSUwOSUwOSUzQ2ElMjBzdHlsZSUzRCUyMmNvbG9yJTNBJTIwJTIzMDA1NDhkJTIxaW1wb3J0YW50JTIyJTIwaHJlZiUzRCUyMmh0dHBzJTNBJTJGJTJGd3d3LnRjZWVzLnRjLmJyJTJGcG9ydGFsLWRhLXRyYW5zcGFyZW5jaWElMkZkYWRvcy1hYmVydG9zJTJGJTIyJTIwdGFyZ2V0JTNEJTIyX2JsYW5rJTIyJTNFJTNDYiUzRURhZG9zJTIwYWJlcnRvcyUzQyUyRmIlM0UlM0MlMkZhJTNFJTNDYnIlMjAlMkYlM0UlMEQlMEElMDklMDklMDklM0NhJTIwc3R5bGUlM0QlMjJjb2xvciUzQSUyMCUyMzAwNTQ4ZCUyMWltcG9ydGFudCUyMiUyMGhyZWYlM0QlMjJodHRwcyUzQSUyRiUyRmRhZG9zLmVzLmdvdi5iciUyRmRhdGFzZXQlMkZvcmNhbWVudG9zJTJGcmVzb3VyY2UlMkY4MjVhOTIwYi1hYjY1LTQ5YTQtYTM5ZS0xNTg3Nzg2NGE2MmQlMjIlMjB0YXJnZXQlM0QlMjJfYmxhbmslMjIlM0UlMEQlMEElMDklMDklMDklMDlJbmZvcm1hJUMzJUE3JUMzJUI1ZXMlMjBkZXN0YSUyMHAlQzMlQTFnaW5hJTIwdGFtYiVDMyVBOW0lMjBkaXNwb24lQzMlQUR2ZWlzJTIwZW0lMjBmb3JtYXRvJTIwYWJlcnRvJTIwJTI4Q1NWJTJDJTIwSlNPTiUyQyUyMFhNTCUyQyUyMEFQSSUyQyUyMGV0YyUyOSUwRCUwQSUwOSUwOSUwOSUwOSUzQ2klMjBjbGFzcyUzRCUyMmZhJTIwZmEtZXh0ZXJuYWwtbGluayUyMiUzRSUzQyUyRmklM0UlMEQlMEElMDklMDklMDklM0MlMkZhJTNFJTBEJTBBJTA5JTA5JTNDJTJGZGl2JTNFJTBEJTBBJTA5JTA5JTNDYnIlMjAlMkYlM0UlM0NiciUyMCUyRiUzRSUwRCUwQSUwOSUzQyUyRmRpdiUzRSUwRCUwQSUzQyUyRmRpdiUzRQ==[\/vc_raw_html][\/vc_column][\/vc_row]<\/p>\n","protected":false},"author":282,"featured_media":-1,"parent":245,"menu_order":0,"comment_status":"closed","ping_status":"closed","template":"","meta":{"_acf_changed":false,"footnotes":""},"class_list":["post-247","page","type-page","status-publish","has-post-thumbnail","hentry","wpautop"],"acf":[],"yoast_head":"<title>Execu\u00e7\u00e3o Or\u00e7ament\u00e1ria (Programa e Fun\u00e7\u00e3o) - TCEES | Portal da Transpar\u00eancia<\/title>\n<meta name=\"robots\" content=\"index, follow, max-snippet:-1, max-image-preview:large, max-video-preview:-1\" \/>\n<link rel=\"canonical\" href=\"https:\/\/www.tcees.tc.br\/portal-da-transparencia\/orcamento\/execucao-orcamentaria-programa-e-funcao\/\" \/>\n<meta property=\"og:locale\" content=\"pt_BR\" \/>\n<meta property=\"og:type\" content=\"article\" \/>\n<meta property=\"og:title\" content=\"Execu\u00e7\u00e3o Or\u00e7ament\u00e1ria (Programa e Fun\u00e7\u00e3o) - TCEES | Portal da Transpar\u00eancia\" \/>\n<meta property=\"og:description\" content=\"[vc_row][vc_column width=&#8221;1\/4&#8243;][vc_raw_html]JTVCbWF4bWVnYW1lbnUlMjBsb2NhdGlvbiUzRHRyYW5zcGFyZW5jaWEtb3JjYW1lbnRvLW1lbnUlNUQlMEE=[\/vc_raw_html][\/vc_column][vc_column width=&#8221;3\/4&#8243;][vc_raw_html]JTVCZGF0YV9hdHVhbGl6YWNhbyU1RCUwQSU1QmZvcm1pZGFibGUlMjBpZCUzRDg0JTVEJTBBJTNDaHIlMjBzdHlsZSUzRCUyMm1hcmdpbi10b3AlM0EtNTBweCUzQiUyMiUyMCUyRiUzRSUwQSU1QmRpc3BsYXktZnJtLWRhdGElMjBpZCUzRDgxOCUyMGZpbHRlciUzRDElMjB0aXBvZGVzcGVzYSUzRGQlNUQ=[\/vc_raw_html][vc_raw_html css=&#8221;&#8221;]JTNDZGl2JTIwY2xhc3MlM0QlMjJyb3clMjIlM0UlMEQlMEElMDklM0NkaXYlMjBjbGFzcyUzRCUyMmNvbC1zbS0xMiUyMiUyMHN0eWxlJTNEJTIybWFyZ2luLXRvcCUzQTE1cHglM0IlMjIlM0UlMEQlMEElMDklMDklM0NkaXYlMjBjbGFzcyUzRCUyMmFsZXJ0JTIwYWxlcnQtcGFuZWwlMjIlMjBzdHlsZSUzRCUyMmRpc3BsYXklM0FibG9jayUyMiUzRSUwRCUwQSUwOSUwOSUwOSUzQ2ElMjBzdHlsZSUzRCUyMmNvbG9yJTNBJTIwJTIzMDA1NDhkJTIxaW1wb3J0YW50JTIyJTIwaHJlZiUzRCUyMmh0dHBzJTNBJTJGJTJGd3d3LnRjZWVzLnRjLmJyJTJGcG9ydGFsLWRhLXRyYW5zcGFyZW5jaWElMkZkYWRvcy1hYmVydG9zJTJGJTIyJTIwdGFyZ2V0JTNEJTIyX2JsYW5rJTIyJTNFJTNDYiUzRURhZG9zJTIwYWJlcnRvcyUzQyUyRmIlM0UlM0MlMkZhJTNFJTNDYnIlMjAlMkYlM0UlMEQlMEElMDklMDklMDklM0NhJTIwc3R5bGUlM0QlMjJjb2xvciUzQSUyMCUyMzAwNTQ4ZCUyMWltcG9ydGFudCUyMiUyMGhyZWYlM0QlMjJodHRwcyUzQSUyRiUyRmRhZG9zLmVzLmdvdi5iciUyRmRhdGFzZXQlMkZvcmNhbWVudG9zJTJGcmVzb3VyY2UlMkY4MjVhOTIwYi1hYjY1LTQ5YTQtYTM5ZS0xNTg3Nzg2NGE2MmQlMjIlMjB0YXJnZXQlM0QlMjJfYmxhbmslMjIlM0UlMEQlMEElMDklMDklMDklMDlJbmZvcm1hJUMzJUE3JUMzJUI1ZXMlMjBkZXN0YSUyMHAlQzMlQTFnaW5hJTIwdGFtYiVDMyVBOW0lMjBkaXNwb24lQzMlQUR2ZWlzJTIwZW0lMjBmb3JtYXRvJTIwYWJlcnRvJTIwJTI4Q1NWJTJDJTIwSlNPTiUyQyUyMFhNTCUyQyUyMEFQSSUyQyUyMGV0YyUyOSUwRCUwQSUwOSUwOSUwOSUwOSUzQ2klMjBjbGFzcyUzRCUyMmZhJTIwZmEtZXh0ZXJuYWwtbGluayUyMiUzRSUzQyUyRmklM0UlMEQlMEElMDklMDklMDklM0MlMkZhJTNFJTBEJTBBJTA5JTA5JTNDJTJGZGl2JTNFJTBEJTBBJTA5JTA5JTNDYnIlMjAlMkYlM0UlM0NiciUyMCUyRiUzRSUwRCUwQSUwOSUzQyUyRmRpdiUzRSUwRCUwQSUzQyUyRmRpdiUzRQ==[\/vc_raw_html][\/vc_column][\/vc_row]\" \/>\n<meta property=\"og:url\" content=\"https:\/\/www.tcees.tc.br\/portal-da-transparencia\/orcamento\/execucao-orcamentaria-programa-e-funcao\/\" \/>\n<meta property=\"og:site_name\" content=\"TCEES | Portal da Transpar\u00eancia\" \/>\n<meta property=\"article:modified_time\" content=\"2025-06-03T01:48:31+00:00\" \/>\n<meta name=\"twitter:card\" content=\"summary_large_image\" \/>\n<meta name=\"twitter:label1\" content=\"Est. tempo de leitura\" \/>\n\t<meta name=\"twitter:data1\" content=\"1 minuto\" \/>\n<script type=\"application\/ld+json\" class=\"yoast-schema-graph\">{\"@context\":\"https:\/\/schema.org\",\"@graph\":[{\"@type\":\"WebPage\",\"@id\":\"https:\/\/www.tcees.tc.br\/portal-da-transparencia\/orcamento\/execucao-orcamentaria-programa-e-funcao\/\",\"url\":\"https:\/\/www.tcees.tc.br\/portal-da-transparencia\/orcamento\/execucao-orcamentaria-programa-e-funcao\/\",\"name\":\"Execu\u00e7\u00e3o Or\u00e7ament\u00e1ria (Programa e Fun\u00e7\u00e3o) - TCEES | Portal da Transpar\u00eancia\",\"isPartOf\":{\"@id\":\"https:\/\/www.tcees.tc.br\/portal-da-transparencia\/#website\"},\"datePublished\":\"2022-12-06T19:47:23+00:00\",\"dateModified\":\"2025-06-03T01:48:31+00:00\",\"breadcrumb\":{\"@id\":\"https:\/\/www.tcees.tc.br\/portal-da-transparencia\/orcamento\/execucao-orcamentaria-programa-e-funcao\/#breadcrumb\"},\"inLanguage\":\"pt-BR\",\"potentialAction\":[{\"@type\":\"ReadAction\",\"target\":[\"https:\/\/www.tcees.tc.br\/portal-da-transparencia\/orcamento\/execucao-orcamentaria-programa-e-funcao\/\"]}]},{\"@type\":\"BreadcrumbList\",\"@id\":\"https:\/\/www.tcees.tc.br\/portal-da-transparencia\/orcamento\/execucao-orcamentaria-programa-e-funcao\/#breadcrumb\",\"itemListElement\":[{\"@type\":\"ListItem\",\"position\":1,\"name\":\"In\u00edcio\",\"item\":\"https:\/\/www.tcees.tc.br\/portal-da-transparencia\/\"},{\"@type\":\"ListItem\",\"position\":2,\"name\":\"Or\u00e7amento\",\"item\":\"https:\/\/www.tcees.tc.br\/portal-da-transparencia\/orcamento\/\"},{\"@type\":\"ListItem\",\"position\":3,\"name\":\"Execu\u00e7\u00e3o Or\u00e7ament\u00e1ria (Programa e Fun\u00e7\u00e3o)\"}]},{\"@type\":\"WebSite\",\"@id\":\"https:\/\/www.tcees.tc.br\/portal-da-transparencia\/#website\",\"url\":\"https:\/\/www.tcees.tc.br\/portal-da-transparencia\/\",\"name\":\"TCEES | Portal da Transpar\u00eancia\",\"description\":\"\",\"potentialAction\":[{\"@type\":\"SearchAction\",\"target\":{\"@type\":\"EntryPoint\",\"urlTemplate\":\"https:\/\/www.tcees.tc.br\/portal-da-transparencia\/?s={search_term_string}\"},\"query-input\":{\"@type\":\"PropertyValueSpecification\",\"valueRequired\":true,\"valueName\":\"search_term_string\"}}],\"inLanguage\":\"pt-BR\"}]}<\/script>","yoast_head_json":{"title":"Execu\u00e7\u00e3o Or\u00e7ament\u00e1ria (Programa e Fun\u00e7\u00e3o) - TCEES | Portal da Transpar\u00eancia","robots":{"index":"index","follow":"follow","max-snippet":"max-snippet:-1","max-image-preview":"max-image-preview:large","max-video-preview":"max-video-preview:-1"},"canonical":"https:\/\/www.tcees.tc.br\/portal-da-transparencia\/orcamento\/execucao-orcamentaria-programa-e-funcao\/","og_locale":"pt_BR","og_type":"article","og_title":"Execu\u00e7\u00e3o Or\u00e7ament\u00e1ria (Programa e Fun\u00e7\u00e3o) - TCEES | Portal da Transpar\u00eancia","og_description":"[vc_row][vc_column width=&#8221;1\/4&#8243;][vc_raw_html]JTVCbWF4bWVnYW1lbnUlMjBsb2NhdGlvbiUzRHRyYW5zcGFyZW5jaWEtb3JjYW1lbnRvLW1lbnUlNUQlMEE=[\/vc_raw_html][\/vc_column][vc_column width=&#8221;3\/4&#8243;][vc_raw_html]JTVCZGF0YV9hdHVhbGl6YWNhbyU1RCUwQSU1QmZvcm1pZGFibGUlMjBpZCUzRDg0JTVEJTBBJTNDaHIlMjBzdHlsZSUzRCUyMm1hcmdpbi10b3AlM0EtNTBweCUzQiUyMiUyMCUyRiUzRSUwQSU1QmRpc3BsYXktZnJtLWRhdGElMjBpZCUzRDgxOCUyMGZpbHRlciUzRDElMjB0aXBvZGVzcGVzYSUzRGQlNUQ=[\/vc_raw_html][vc_raw_html css=&#8221;&#8221;]JTNDZGl2JTIwY2xhc3MlM0QlMjJyb3clMjIlM0UlMEQlMEElMDklM0NkaXYlMjBjbGFzcyUzRCUyMmNvbC1zbS0xMiUyMiUyMHN0eWxlJTNEJTIybWFyZ2luLXRvcCUzQTE1cHglM0IlMjIlM0UlMEQlMEElMDklMDklM0NkaXYlMjBjbGFzcyUzRCUyMmFsZXJ0JTIwYWxlcnQtcGFuZWwlMjIlMjBzdHlsZSUzRCUyMmRpc3BsYXklM0FibG9jayUyMiUzRSUwRCUwQSUwOSUwOSUwOSUzQ2ElMjBzdHlsZSUzRCUyMmNvbG9yJTNBJTIwJTIzMDA1NDhkJTIxaW1wb3J0YW50JTIyJTIwaHJlZiUzRCUyMmh0dHBzJTNBJTJGJTJGd3d3LnRjZWVzLnRjLmJyJTJGcG9ydGFsLWRhLXRyYW5zcGFyZW5jaWElMkZkYWRvcy1hYmVydG9zJTJGJTIyJTIwdGFyZ2V0JTNEJTIyX2JsYW5rJTIyJTNFJTNDYiUzRURhZG9zJTIwYWJlcnRvcyUzQyUyRmIlM0UlM0MlMkZhJTNFJTNDYnIlMjAlMkYlM0UlMEQlMEElMDklMDklMDklM0NhJTIwc3R5bGUlM0QlMjJjb2xvciUzQSUyMCUyMzAwNTQ4ZCUyMWltcG9ydGFudCUyMiUyMGhyZWYlM0QlMjJodHRwcyUzQSUyRiUyRmRhZG9zLmVzLmdvdi5iciUyRmRhdGFzZXQlMkZvcmNhbWVudG9zJTJGcmVzb3VyY2UlMkY4MjVhOTIwYi1hYjY1LTQ5YTQtYTM5ZS0xNTg3Nzg2NGE2MmQlMjIlMjB0YXJnZXQlM0QlMjJfYmxhbmslMjIlM0UlMEQlMEElMDklMDklMDklMDlJbmZvcm1hJUMzJUE3JUMzJUI1ZXMlMjBkZXN0YSUyMHAlQzMlQTFnaW5hJTIwdGFtYiVDMyVBOW0lMjBkaXNwb24lQzMlQUR2ZWlzJTIwZW0lMjBmb3JtYXRvJTIwYWJlcnRvJTIwJTI4Q1NWJTJDJTIwSlNPTiUyQyUyMFhNTCUyQyUyMEFQSSUyQyUyMGV0YyUyOSUwRCUwQSUwOSUwOSUwOSUwOSUzQ2klMjBjbGFzcyUzRCUyMmZhJTIwZmEtZXh0ZXJuYWwtbGluayUyMiUzRSUzQyUyRmklM0UlMEQlMEElMDklMDklMDklM0MlMkZhJTNFJTBEJTBBJTA5JTA5JTNDJTJGZGl2JTNFJTBEJTBBJTA5JTA5JTNDYnIlMjAlMkYlM0UlM0NiciUyMCUyRiUzRSUwRCUwQSUwOSUzQyUyRmRpdiUzRSUwRCUwQSUzQyUyRmRpdiUzRQ==[\/vc_raw_html][\/vc_column][\/vc_row]","og_url":"https:\/\/www.tcees.tc.br\/portal-da-transparencia\/orcamento\/execucao-orcamentaria-programa-e-funcao\/","og_site_name":"TCEES | Portal da Transpar\u00eancia","article_modified_time":"2025-06-03T01:48:31+00:00","twitter_card":"summary_large_image","twitter_misc":{"Est. tempo de leitura":"1 minuto"},"schema":{"@context":"https:\/\/schema.org","@graph":[{"@type":"WebPage","@id":"https:\/\/www.tcees.tc.br\/portal-da-transparencia\/orcamento\/execucao-orcamentaria-programa-e-funcao\/","url":"https:\/\/www.tcees.tc.br\/portal-da-transparencia\/orcamento\/execucao-orcamentaria-programa-e-funcao\/","name":"Execu\u00e7\u00e3o Or\u00e7ament\u00e1ria (Programa e Fun\u00e7\u00e3o) - TCEES | Portal da Transpar\u00eancia","isPartOf":{"@id":"https:\/\/www.tcees.tc.br\/portal-da-transparencia\/#website"},"datePublished":"2022-12-06T19:47:23+00:00","dateModified":"2025-06-03T01:48:31+00:00","breadcrumb":{"@id":"https:\/\/www.tcees.tc.br\/portal-da-transparencia\/orcamento\/execucao-orcamentaria-programa-e-funcao\/#breadcrumb"},"inLanguage":"pt-BR","potentialAction":[{"@type":"ReadAction","target":["https:\/\/www.tcees.tc.br\/portal-da-transparencia\/orcamento\/execucao-orcamentaria-programa-e-funcao\/"]}]},{"@type":"BreadcrumbList","@id":"https:\/\/www.tcees.tc.br\/portal-da-transparencia\/orcamento\/execucao-orcamentaria-programa-e-funcao\/#breadcrumb","itemListElement":[{"@type":"ListItem","position":1,"name":"In\u00edcio","item":"https:\/\/www.tcees.tc.br\/portal-da-transparencia\/"},{"@type":"ListItem","position":2,"name":"Or\u00e7amento","item":"https:\/\/www.tcees.tc.br\/portal-da-transparencia\/orcamento\/"},{"@type":"ListItem","position":3,"name":"Execu\u00e7\u00e3o Or\u00e7ament\u00e1ria (Programa e Fun\u00e7\u00e3o)"}]},{"@type":"WebSite","@id":"https:\/\/www.tcees.tc.br\/portal-da-transparencia\/#website","url":"https:\/\/www.tcees.tc.br\/portal-da-transparencia\/","name":"TCEES | Portal da Transpar\u00eancia","description":"","potentialAction":[{"@type":"SearchAction","target":{"@type":"EntryPoint","urlTemplate":"https:\/\/www.tcees.tc.br\/portal-da-transparencia\/?s={search_term_string}"},"query-input":{"@type":"PropertyValueSpecification","valueRequired":true,"valueName":"search_term_string"}}],"inLanguage":"pt-BR"}]}},"_links":{"self":[{"href":"https:\/\/www.tcees.tc.br\/portal-da-transparencia\/wp-json\/wp\/v2\/pages\/247","targetHints":{"allow":["GET"]}}],"collection":[{"href":"https:\/\/www.tcees.tc.br\/portal-da-transparencia\/wp-json\/wp\/v2\/pages"}],"about":[{"href":"https:\/\/www.tcees.tc.br\/portal-da-transparencia\/wp-json\/wp\/v2\/types\/page"}],"author":[{"embeddable":true,"href":"https:\/\/www.tcees.tc.br\/portal-da-transparencia\/wp-json\/wp\/v2\/users\/282"}],"replies":[{"embeddable":true,"href":"https:\/\/www.tcees.tc.br\/portal-da-transparencia\/wp-json\/wp\/v2\/comments?post=247"}],"version-history":[{"count":0,"href":"https:\/\/www.tcees.tc.br\/portal-da-transparencia\/wp-json\/wp\/v2\/pages\/247\/revisions"}],"up":[{"embeddable":true,"href":"https:\/\/www.tcees.tc.br\/portal-da-transparencia\/wp-json\/wp\/v2\/pages\/245"}],"wp:featuredmedia":[{"embeddable":true,"href":"https:\/\/www.tcees.tc.br\/portal-da-transparencia\/wp-json\/"}],"wp:attachment":[{"href":"https:\/\/www.tcees.tc.br\/portal-da-transparencia\/wp-json\/wp\/v2\/media?parent=247"}],"curies":[{"name":"wp","href":"https:\/\/api.w.org\/{rel}","templated":true}]}}