{"id":5425,"date":"2023-06-30T17:09:03","date_gmt":"2023-06-30T20:09:03","guid":{"rendered":"https:\/\/www.tcees.tc.br\/portal-da-transparencia\/?page_id=5425"},"modified":"2026-05-05T15:16:58","modified_gmt":"2026-05-05T18:16:58","slug":"obras-do-tcees","status":"publish","type":"page","link":"https:\/\/www.tcees.tc.br\/portal-da-transparencia\/licitacoes-e-contratacoes\/obras-do-tcees\/","title":{"rendered":"Obras do TCEES"},"content":{"rendered":"<div class=\"wpb-content-wrapper\">[vc_row][vc_column width=&#8221;1\/4&#8243;][vc_raw_html]JTVCbWF4bWVnYW1lbnUlMjBsb2NhdGlvbiUzRHRyYW5zcGFyZW5jaWEtY29tcHJhcy1tZW51JTVEJTBB[\/vc_raw_html][\/vc_column][vc_column width=&#8221;3\/4&#8243;][vc_raw_html css=&#8221;&#8221;]JTVCZGF0YV9hdHVhbGl6YWNhbyUyMHZpZXdfaWQlM0Q1NDIwJTVEJTBBJTVCZm9ybWlkYWJsZSUyMGlkJTNEODIlNUQlMEElM0NkaXYlMjBzdHlsZSUzRCUyMm1hcmdpbi10b3AlM0EtMjVweCUzQiUyMiUzRSUzQ2hyJTIwJTJGJTNFJTNDJTJGZGl2JTNFJTBBJTBBJTVCZGlzcGxheS1mcm0tZGF0YSUyMGlkJTNENTQyMCUyMGZpbHRlciUzRGxpbWl0ZWQlNUQlMEE=[\/vc_raw_html][vc_row_inner][vc_column_inner][vc_raw_html]JTNDZGl2JTIwY2xhc3MlM0QlMjJhbGVydCUyMGFsZXJ0LXNlY29uZGFyeSUyMiUyMGlkJTNEJTIyYWxlcnRhLW9icmEtYW5kYW1lbnRvJTIyJTIwc3R5bGUlM0QlMjJkaXNwbGF5JTNBJTIwYmxvY2slMjIlM0UlMEFOJUMzJUEzbyUyMHBvc3N1JUMzJUFEbW9zJTIwbmVuaHVtYSUyMG9icmElMjBlbSUyMGFuZGFtZW50by4lMEElM0MlMkZkaXYlM0UlMEElMEElM0NkaXYlMjBjbGFzcyUzRCUyMmFsZXJ0JTIwYWxlcnQtc2Vjb25kYXJ5JTIyJTIwaWQlM0QlMjJhbGVydGEtb2JyYS1wYXJhbGlzYWRhJTIyJTIwc3R5bGUlM0QlMjJkaXNwbGF5JTNBJTIwYmxvY2slMjIlM0UlMEFOJUMzJUEzbyUyMHBvc3N1JUMzJUFEbW9zJTIwbmVuaHVtYSUyMG9icmElMjBwYXJhbGlzYWRhLiUwQSUzQyUyRmRpdiUzRSUwQSUwQQ==[\/vc_raw_html][\/vc_column_inner][\/vc_row_inner][vc_row_inner][vc_column_inner][vc_raw_html css=&#8221;&#8221;]JTNDZGl2JTIwY2xhc3MlM0QlMjJyb3clMjIlMjBpZCUzRCUyMmFsZXJ0YS1kYWRvcy1hYmVydG9zJTIyJTNFJTBBJTIwJTIwJTIwJTIwJTNDZGl2JTIwY2xhc3MlM0QlMjJjb2wtc20tMTIlMjIlM0UlMEElMjAlMjAlMjAlMjAlMjAlMjAlMjAlMjAlM0NkaXYlMjBjbGFzcyUzRCUyMmFsZXJ0JTIwYWxlcnQtcGFuZWwlMjIlMjBzdHlsZSUzRCUyMmRpc3BsYXklM0FibG9jayUyMiUzRSUwQSUyMCUyMCUyMCUyMCUyMCUyMCUyMCUyMCUyMCUyMCUyMCUyMCUzQ2ElMjBocmVmJTNEJTIyaHR0cHMlM0ElMkYlMkZ3d3cudGNlZXMudGMuYnIlMkZwb3J0YWwtZGEtdHJhbnNwYXJlbmNpYSUyRmRhZG9zLWFiZXJ0b3MlMkYlMjIlMjB0YXJnZXQlM0QlMjJfc2VsZiUyMiUzRSUzQ2IlM0VEYWRvcyUyMGFiZXJ0b3MlM0MlMkZiJTNFJTNDJTJGYSUzRSUzQ2JyJTNFJTBBJTIwJTIwJTIwJTIwJTIwJTIwJTIwJTIwJTIwJTIwJTIwJTIwJTNDYSUyMGhyZWYlM0QlMjJodHRwcyUzQSUyRiUyRmRhZG9zLmVzLmdvdi5iciUyRmRhdGFzZXQlMkZvLXRyaWJ1bmFsLWRhZG9zLXRjZWVzJTJGcmVzb3VyY2UlMkZlYzhiNmFkMC01ODczLTRhMzctOGRlMi0wNjk3Yzk4MGM1YTQlMjIlMjB0YXJnZXQlM0QlMjJfYmxhbmslMjIlM0UlMEElMjAlMjAlMjAlMjAlMjAlMjAlMjAlMjAlMjAlMjAlMjAlMjAlMjAlMjAlMjAlMjBJbmZvcm1hJUMzJUE3JUMzJUI1ZXMlMjBkZXN0YSUyMHAlQzMlQTFnaW5hJTIwdGFtYiVDMyVBOW0lMjBkaXNwb24lQzMlQUR2ZWlzJTIwZW0lMjBmb3JtYXRvJTIwYWJlcnRvJTIwJTI4Q1NWJTJDJTIwSlNPTiUyQyUyMFhNTCUyQyUyMEFQSSUyQyUyMGV0YyUyOSUwQSUyMCUyMCUyMCUyMCUyMCUyMCUyMCUyMCUyMCUyMCUyMCUyMCUyMCUyMCUyMCUyMCUzQ2klMjBjbGFzcyUzRCUyMmZhJTIwZmEtZXh0ZXJuYWwtbGluayUyMiUzRSUzQyUyRmklM0UlMEElMjAlMjAlMjAlMjAlMjAlMjAlMjAlMjAlMjAlMjAlMjAlMjAlM0MlMkZhJTNFJTBBJTIwJTIwJTIwJTIwJTIwJTIwJTIwJTIwJTNDJTJGZGl2JTNFJTBBJTIwJTIwJTIwJTIwJTNDJTJGZGl2JTNFJTBBJTNDJTJGZGl2JTNF[\/vc_raw_html][\/vc_column_inner][\/vc_row_inner][\/vc_column][\/vc_row]<\/div>","protected":false},"excerpt":{"rendered":"[vc_row][vc_column width=&#8221;1\/4&#8243;][vc_raw_html]JTVCbWF4bWVnYW1lbnUlMjBsb2NhdGlvbiUzRHRyYW5zcGFyZW5jaWEtY29tcHJhcy1tZW51JTVEJTBB[\/vc_raw_html][\/vc_column][vc_column width=&#8221;3\/4&#8243;][vc_raw_html css=&#8221;&#8221;]JTVCZGF0YV9hdHVhbGl6YWNhbyUyMHZpZXdfaWQlM0Q1NDIwJTVEJTBBJTVCZm9ybWlkYWJsZSUyMGlkJTNEODIlNUQlMEElM0NkaXYlMjBzdHlsZSUzRCUyMm1hcmdpbi10b3AlM0EtMjVweCUzQiUyMiUzRSUzQ2hyJTIwJTJGJTNFJTNDJTJGZGl2JTNFJTBBJTBBJTVCZGlzcGxheS1mcm0tZGF0YSUyMGlkJTNENTQyMCUyMGZpbHRlciUzRGxpbWl0ZWQlNUQlMEE=[\/vc_raw_html][vc_row_inner][vc_column_inner][vc_raw_html]JTNDZGl2JTIwY2xhc3MlM0QlMjJhbGVydCUyMGFsZXJ0LXNlY29uZGFyeSUyMiUyMGlkJTNEJTIyYWxlcnRhLW9icmEtYW5kYW1lbnRvJTIyJTIwc3R5bGUlM0QlMjJkaXNwbGF5JTNBJTIwYmxvY2slMjIlM0UlMEFOJUMzJUEzbyUyMHBvc3N1JUMzJUFEbW9zJTIwbmVuaHVtYSUyMG9icmElMjBlbSUyMGFuZGFtZW50by4lMEElM0MlMkZkaXYlM0UlMEElMEElM0NkaXYlMjBjbGFzcyUzRCUyMmFsZXJ0JTIwYWxlcnQtc2Vjb25kYXJ5JTIyJTIwaWQlM0QlMjJhbGVydGEtb2JyYS1wYXJhbGlzYWRhJTIyJTIwc3R5bGUlM0QlMjJkaXNwbGF5JTNBJTIwYmxvY2slMjIlM0UlMEFOJUMzJUEzbyUyMHBvc3N1JUMzJUFEbW9zJTIwbmVuaHVtYSUyMG9icmElMjBwYXJhbGlzYWRhLiUwQSUzQyUyRmRpdiUzRSUwQSUwQQ==[\/vc_raw_html][\/vc_column_inner][\/vc_row_inner][vc_row_inner][vc_column_inner][vc_raw_html css=&#8221;&#8221;]JTNDZGl2JTIwY2xhc3MlM0QlMjJyb3clMjIlMjBpZCUzRCUyMmFsZXJ0YS1kYWRvcy1hYmVydG9zJTIyJTNFJTBBJTIwJTIwJTIwJTIwJTNDZGl2JTIwY2xhc3MlM0QlMjJjb2wtc20tMTIlMjIlM0UlMEElMjAlMjAlMjAlMjAlMjAlMjAlMjAlMjAlM0NkaXYlMjBjbGFzcyUzRCUyMmFsZXJ0JTIwYWxlcnQtcGFuZWwlMjIlMjBzdHlsZSUzRCUyMmRpc3BsYXklM0FibG9jayUyMiUzRSUwQSUyMCUyMCUyMCUyMCUyMCUyMCUyMCUyMCUyMCUyMCUyMCUyMCUzQ2ElMjBocmVmJTNEJTIyaHR0cHMlM0ElMkYlMkZ3d3cudGNlZXMudGMuYnIlMkZwb3J0YWwtZGEtdHJhbnNwYXJlbmNpYSUyRmRhZG9zLWFiZXJ0b3MlMkYlMjIlMjB0YXJnZXQlM0QlMjJfc2VsZiUyMiUzRSUzQ2IlM0VEYWRvcyUyMGFiZXJ0b3MlM0MlMkZiJTNFJTNDJTJGYSUzRSUzQ2JyJTNFJTBBJTIwJTIwJTIwJTIwJTIwJTIwJTIwJTIwJTIwJTIwJTIwJTIwJTNDYSUyMGhyZWYlM0QlMjJodHRwcyUzQSUyRiUyRmRhZG9zLmVzLmdvdi5iciUyRmRhdGFzZXQlMkZvLXRyaWJ1bmFsLWRhZG9zLXRjZWVzJTJGcmVzb3VyY2UlMkZlYzhiNmFkMC01ODczLTRhMzctOGRlMi0wNjk3Yzk4MGM1YTQlMjIlMjB0YXJnZXQlM0QlMjJfYmxhbmslMjIlM0UlMEElMjAlMjAlMjAlMjAlMjAlMjAlMjAlMjAlMjAlMjAlMjAlMjAlMjAlMjAlMjAlMjBJbmZvcm1hJUMzJUE3JUMzJUI1ZXMlMjBkZXN0YSUyMHAlQzMlQTFnaW5hJTIwdGFtYiVDMyVBOW0lMjBkaXNwb24lQzMlQUR2ZWlzJTIwZW0lMjBmb3JtYXRvJTIwYWJlcnRvJTIwJTI4Q1NWJTJDJTIwSlNPTiUyQyUyMFhNTCUyQyUyMEFQSSUyQyUyMGV0YyUyOSUwQSUyMCUyMCUyMCUyMCUyMCUyMCUyMCUyMCUyMCUyMCUyMCUyMCUyMCUyMCUyMCUyMCUzQ2klMjBjbGFzcyUzRCUyMmZhJTIwZmEtZXh0ZXJuYWwtbGluayUyMiUzRSUzQyUyRmklM0UlMEElMjAlMjAlMjAlMjAlMjAlMjAlMjAlMjAlMjAlMjAlMjAlMjAlM0MlMkZhJTNFJTBBJTIwJTIwJTIwJTIwJTIwJTIwJTIwJTIwJTNDJTJGZGl2JTNFJTBBJTIwJTIwJTIwJTIwJTNDJTJGZGl2JTNFJTBBJTNDJTJGZGl2JTNF[\/vc_raw_html][\/vc_column_inner][\/vc_row_inner][\/vc_column][\/vc_row]","protected":false},"author":19,"featured_media":-1,"parent":168,"menu_order":2,"comment_status":"closed","ping_status":"closed","template":"","meta":{"_acf_changed":false,"footnotes":""},"class_list":["post-5425","page","type-page","status-publish","has-post-thumbnail","hentry","no-wpautop"],"acf":[],"yoast_head":"<title>Obras do TCEES - TCEES | Portal da Transpar\u00eancia<\/title>\n<meta name=\"robots\" content=\"index, follow, max-snippet:-1, max-image-preview:large, max-video-preview:-1\" \/>\n<link rel=\"canonical\" href=\"https:\/\/www.tcees.tc.br\/portal-da-transparencia\/licitacoes-e-contratacoes\/obras-do-tcees\/\" \/>\n<meta property=\"og:locale\" content=\"pt_BR\" \/>\n<meta property=\"og:type\" content=\"article\" \/>\n<meta property=\"og:title\" content=\"Obras do TCEES - TCEES | Portal da Transpar\u00eancia\" \/>\n<meta property=\"og:description\" content=\"[vc_row][vc_column width=&#8221;1\/4&#8243;][vc_raw_html]JTVCbWF4bWVnYW1lbnUlMjBsb2NhdGlvbiUzRHRyYW5zcGFyZW5jaWEtY29tcHJhcy1tZW51JTVEJTBB[\/vc_raw_html][\/vc_column][vc_column width=&#8221;3\/4&#8243;][vc_raw_html css=&#8221;&#8221;]JTVCZGF0YV9hdHVhbGl6YWNhbyUyMHZpZXdfaWQlM0Q1NDIwJTVEJTBBJTVCZm9ybWlkYWJsZSUyMGlkJTNEODIlNUQlMEElM0NkaXYlMjBzdHlsZSUzRCUyMm1hcmdpbi10b3AlM0EtMjVweCUzQiUyMiUzRSUzQ2hyJTIwJTJGJTNFJTNDJTJGZGl2JTNFJTBBJTBBJTVCZGlzcGxheS1mcm0tZGF0YSUyMGlkJTNENTQyMCUyMGZpbHRlciUzRGxpbWl0ZWQlNUQlMEE=[\/vc_raw_html][vc_row_inner][vc_column_inner][vc_raw_html]JTNDZGl2JTIwY2xhc3MlM0QlMjJhbGVydCUyMGFsZXJ0LXNlY29uZGFyeSUyMiUyMGlkJTNEJTIyYWxlcnRhLW9icmEtYW5kYW1lbnRvJTIyJTIwc3R5bGUlM0QlMjJkaXNwbGF5JTNBJTIwYmxvY2slMjIlM0UlMEFOJUMzJUEzbyUyMHBvc3N1JUMzJUFEbW9zJTIwbmVuaHVtYSUyMG9icmElMjBlbSUyMGFuZGFtZW50by4lMEElM0MlMkZkaXYlM0UlMEElMEElM0NkaXYlMjBjbGFzcyUzRCUyMmFsZXJ0JTIwYWxlcnQtc2Vjb25kYXJ5JTIyJTIwaWQlM0QlMjJhbGVydGEtb2JyYS1wYXJhbGlzYWRhJTIyJTIwc3R5bGUlM0QlMjJkaXNwbGF5JTNBJTIwYmxvY2slMjIlM0UlMEFOJUMzJUEzbyUyMHBvc3N1JUMzJUFEbW9zJTIwbmVuaHVtYSUyMG9icmElMjBwYXJhbGlzYWRhLiUwQSUzQyUyRmRpdiUzRSUwQSUwQQ==[\/vc_raw_html][\/vc_column_inner][\/vc_row_inner][vc_row_inner][vc_column_inner][vc_raw_html css=&#8221;&#8221;]JTNDZGl2JTIwY2xhc3MlM0QlMjJyb3clMjIlMjBpZCUzRCUyMmFsZXJ0YS1kYWRvcy1hYmVydG9zJTIyJTNFJTBBJTIwJTIwJTIwJTIwJTNDZGl2JTIwY2xhc3MlM0QlMjJjb2wtc20tMTIlMjIlM0UlMEElMjAlMjAlMjAlMjAlMjAlMjAlMjAlMjAlM0NkaXYlMjBjbGFzcyUzRCUyMmFsZXJ0JTIwYWxlcnQtcGFuZWwlMjIlMjBzdHlsZSUzRCUyMmRpc3BsYXklM0FibG9jayUyMiUzRSUwQSUyMCUyMCUyMCUyMCUyMCUyMCUyMCUyMCUyMCUyMCUyMCUyMCUzQ2ElMjBocmVmJTNEJTIyaHR0cHMlM0ElMkYlMkZ3d3cudGNlZXMudGMuYnIlMkZwb3J0YWwtZGEtdHJhbnNwYXJlbmNpYSUyRmRhZG9zLWFiZXJ0b3MlMkYlMjIlMjB0YXJnZXQlM0QlMjJfc2VsZiUyMiUzRSUzQ2IlM0VEYWRvcyUyMGFiZXJ0b3MlM0MlMkZiJTNFJTNDJTJGYSUzRSUzQ2JyJTNFJTBBJTIwJTIwJTIwJTIwJTIwJTIwJTIwJTIwJTIwJTIwJTIwJTIwJTNDYSUyMGhyZWYlM0QlMjJodHRwcyUzQSUyRiUyRmRhZG9zLmVzLmdvdi5iciUyRmRhdGFzZXQlMkZvLXRyaWJ1bmFsLWRhZG9zLXRjZWVzJTJGcmVzb3VyY2UlMkZlYzhiNmFkMC01ODczLTRhMzctOGRlMi0wNjk3Yzk4MGM1YTQlMjIlMjB0YXJnZXQlM0QlMjJfYmxhbmslMjIlM0UlMEElMjAlMjAlMjAlMjAlMjAlMjAlMjAlMjAlMjAlMjAlMjAlMjAlMjAlMjAlMjAlMjBJbmZvcm1hJUMzJUE3JUMzJUI1ZXMlMjBkZXN0YSUyMHAlQzMlQTFnaW5hJTIwdGFtYiVDMyVBOW0lMjBkaXNwb24lQzMlQUR2ZWlzJTIwZW0lMjBmb3JtYXRvJTIwYWJlcnRvJTIwJTI4Q1NWJTJDJTIwSlNPTiUyQyUyMFhNTCUyQyUyMEFQSSUyQyUyMGV0YyUyOSUwQSUyMCUyMCUyMCUyMCUyMCUyMCUyMCUyMCUyMCUyMCUyMCUyMCUyMCUyMCUyMCUyMCUzQ2klMjBjbGFzcyUzRCUyMmZhJTIwZmEtZXh0ZXJuYWwtbGluayUyMiUzRSUzQyUyRmklM0UlMEElMjAlMjAlMjAlMjAlMjAlMjAlMjAlMjAlMjAlMjAlMjAlMjAlM0MlMkZhJTNFJTBBJTIwJTIwJTIwJTIwJTIwJTIwJTIwJTIwJTNDJTJGZGl2JTNFJTBBJTIwJTIwJTIwJTIwJTNDJTJGZGl2JTNFJTBBJTNDJTJGZGl2JTNF[\/vc_raw_html][\/vc_column_inner][\/vc_row_inner][\/vc_column][\/vc_row]\" \/>\n<meta property=\"og:url\" content=\"https:\/\/www.tcees.tc.br\/portal-da-transparencia\/licitacoes-e-contratacoes\/obras-do-tcees\/\" \/>\n<meta property=\"og:site_name\" content=\"TCEES | Portal da Transpar\u00eancia\" \/>\n<meta property=\"article:modified_time\" content=\"2026-05-05T18:16:58+00:00\" \/>\n<meta name=\"twitter:card\" content=\"summary_large_image\" \/>\n<meta name=\"twitter:label1\" content=\"Est. tempo de leitura\" \/>\n\t<meta name=\"twitter:data1\" content=\"1 minuto\" \/>\n<script type=\"application\/ld+json\" class=\"yoast-schema-graph\">{\"@context\":\"https:\/\/schema.org\",\"@graph\":[{\"@type\":\"WebPage\",\"@id\":\"https:\/\/www.tcees.tc.br\/portal-da-transparencia\/licitacoes-e-contratacoes\/obras-do-tcees\/\",\"url\":\"https:\/\/www.tcees.tc.br\/portal-da-transparencia\/licitacoes-e-contratacoes\/obras-do-tcees\/\",\"name\":\"Obras do TCEES - TCEES | Portal da Transpar\u00eancia\",\"isPartOf\":{\"@id\":\"https:\/\/www.tcees.tc.br\/portal-da-transparencia\/#website\"},\"datePublished\":\"2023-06-30T20:09:03+00:00\",\"dateModified\":\"2026-05-05T18:16:58+00:00\",\"breadcrumb\":{\"@id\":\"https:\/\/www.tcees.tc.br\/portal-da-transparencia\/licitacoes-e-contratacoes\/obras-do-tcees\/#breadcrumb\"},\"inLanguage\":\"pt-BR\",\"potentialAction\":[{\"@type\":\"ReadAction\",\"target\":[\"https:\/\/www.tcees.tc.br\/portal-da-transparencia\/licitacoes-e-contratacoes\/obras-do-tcees\/\"]}]},{\"@type\":\"BreadcrumbList\",\"@id\":\"https:\/\/www.tcees.tc.br\/portal-da-transparencia\/licitacoes-e-contratacoes\/obras-do-tcees\/#breadcrumb\",\"itemListElement\":[{\"@type\":\"ListItem\",\"position\":1,\"name\":\"In\u00edcio\",\"item\":\"https:\/\/www.tcees.tc.br\/portal-da-transparencia\/\"},{\"@type\":\"ListItem\",\"position\":2,\"name\":\"Licita\u00e7\u00f5es e Contrata\u00e7\u00f5es\",\"item\":\"https:\/\/www.tcees.tc.br\/portal-da-transparencia\/licitacoes-e-contratacoes\/\"},{\"@type\":\"ListItem\",\"position\":3,\"name\":\"Obras do TCEES\"}]},{\"@type\":\"WebSite\",\"@id\":\"https:\/\/www.tcees.tc.br\/portal-da-transparencia\/#website\",\"url\":\"https:\/\/www.tcees.tc.br\/portal-da-transparencia\/\",\"name\":\"TCEES | Portal da Transpar\u00eancia\",\"description\":\"\",\"potentialAction\":[{\"@type\":\"SearchAction\",\"target\":{\"@type\":\"EntryPoint\",\"urlTemplate\":\"https:\/\/www.tcees.tc.br\/portal-da-transparencia\/?s={search_term_string}\"},\"query-input\":{\"@type\":\"PropertyValueSpecification\",\"valueRequired\":true,\"valueName\":\"search_term_string\"}}],\"inLanguage\":\"pt-BR\"}]}<\/script>","yoast_head_json":{"title":"Obras do TCEES - TCEES | Portal da Transpar\u00eancia","robots":{"index":"index","follow":"follow","max-snippet":"max-snippet:-1","max-image-preview":"max-image-preview:large","max-video-preview":"max-video-preview:-1"},"canonical":"https:\/\/www.tcees.tc.br\/portal-da-transparencia\/licitacoes-e-contratacoes\/obras-do-tcees\/","og_locale":"pt_BR","og_type":"article","og_title":"Obras do TCEES - TCEES | Portal da Transpar\u00eancia","og_description":"[vc_row][vc_column width=&#8221;1\/4&#8243;][vc_raw_html]JTVCbWF4bWVnYW1lbnUlMjBsb2NhdGlvbiUzRHRyYW5zcGFyZW5jaWEtY29tcHJhcy1tZW51JTVEJTBB[\/vc_raw_html][\/vc_column][vc_column width=&#8221;3\/4&#8243;][vc_raw_html css=&#8221;&#8221;]JTVCZGF0YV9hdHVhbGl6YWNhbyUyMHZpZXdfaWQlM0Q1NDIwJTVEJTBBJTVCZm9ybWlkYWJsZSUyMGlkJTNEODIlNUQlMEElM0NkaXYlMjBzdHlsZSUzRCUyMm1hcmdpbi10b3AlM0EtMjVweCUzQiUyMiUzRSUzQ2hyJTIwJTJGJTNFJTNDJTJGZGl2JTNFJTBBJTBBJTVCZGlzcGxheS1mcm0tZGF0YSUyMGlkJTNENTQyMCUyMGZpbHRlciUzRGxpbWl0ZWQlNUQlMEE=[\/vc_raw_html][vc_row_inner][vc_column_inner][vc_raw_html]JTNDZGl2JTIwY2xhc3MlM0QlMjJhbGVydCUyMGFsZXJ0LXNlY29uZGFyeSUyMiUyMGlkJTNEJTIyYWxlcnRhLW9icmEtYW5kYW1lbnRvJTIyJTIwc3R5bGUlM0QlMjJkaXNwbGF5JTNBJTIwYmxvY2slMjIlM0UlMEFOJUMzJUEzbyUyMHBvc3N1JUMzJUFEbW9zJTIwbmVuaHVtYSUyMG9icmElMjBlbSUyMGFuZGFtZW50by4lMEElM0MlMkZkaXYlM0UlMEElMEElM0NkaXYlMjBjbGFzcyUzRCUyMmFsZXJ0JTIwYWxlcnQtc2Vjb25kYXJ5JTIyJTIwaWQlM0QlMjJhbGVydGEtb2JyYS1wYXJhbGlzYWRhJTIyJTIwc3R5bGUlM0QlMjJkaXNwbGF5JTNBJTIwYmxvY2slMjIlM0UlMEFOJUMzJUEzbyUyMHBvc3N1JUMzJUFEbW9zJTIwbmVuaHVtYSUyMG9icmElMjBwYXJhbGlzYWRhLiUwQSUzQyUyRmRpdiUzRSUwQSUwQQ==[\/vc_raw_html][\/vc_column_inner][\/vc_row_inner][vc_row_inner][vc_column_inner][vc_raw_html css=&#8221;&#8221;]JTNDZGl2JTIwY2xhc3MlM0QlMjJyb3clMjIlMjBpZCUzRCUyMmFsZXJ0YS1kYWRvcy1hYmVydG9zJTIyJTNFJTBBJTIwJTIwJTIwJTIwJTNDZGl2JTIwY2xhc3MlM0QlMjJjb2wtc20tMTIlMjIlM0UlMEElMjAlMjAlMjAlMjAlMjAlMjAlMjAlMjAlM0NkaXYlMjBjbGFzcyUzRCUyMmFsZXJ0JTIwYWxlcnQtcGFuZWwlMjIlMjBzdHlsZSUzRCUyMmRpc3BsYXklM0FibG9jayUyMiUzRSUwQSUyMCUyMCUyMCUyMCUyMCUyMCUyMCUyMCUyMCUyMCUyMCUyMCUzQ2ElMjBocmVmJTNEJTIyaHR0cHMlM0ElMkYlMkZ3d3cudGNlZXMudGMuYnIlMkZwb3J0YWwtZGEtdHJhbnNwYXJlbmNpYSUyRmRhZG9zLWFiZXJ0b3MlMkYlMjIlMjB0YXJnZXQlM0QlMjJfc2VsZiUyMiUzRSUzQ2IlM0VEYWRvcyUyMGFiZXJ0b3MlM0MlMkZiJTNFJTNDJTJGYSUzRSUzQ2JyJTNFJTBBJTIwJTIwJTIwJTIwJTIwJTIwJTIwJTIwJTIwJTIwJTIwJTIwJTNDYSUyMGhyZWYlM0QlMjJodHRwcyUzQSUyRiUyRmRhZG9zLmVzLmdvdi5iciUyRmRhdGFzZXQlMkZvLXRyaWJ1bmFsLWRhZG9zLXRjZWVzJTJGcmVzb3VyY2UlMkZlYzhiNmFkMC01ODczLTRhMzctOGRlMi0wNjk3Yzk4MGM1YTQlMjIlMjB0YXJnZXQlM0QlMjJfYmxhbmslMjIlM0UlMEElMjAlMjAlMjAlMjAlMjAlMjAlMjAlMjAlMjAlMjAlMjAlMjAlMjAlMjAlMjAlMjBJbmZvcm1hJUMzJUE3JUMzJUI1ZXMlMjBkZXN0YSUyMHAlQzMlQTFnaW5hJTIwdGFtYiVDMyVBOW0lMjBkaXNwb24lQzMlQUR2ZWlzJTIwZW0lMjBmb3JtYXRvJTIwYWJlcnRvJTIwJTI4Q1NWJTJDJTIwSlNPTiUyQyUyMFhNTCUyQyUyMEFQSSUyQyUyMGV0YyUyOSUwQSUyMCUyMCUyMCUyMCUyMCUyMCUyMCUyMCUyMCUyMCUyMCUyMCUyMCUyMCUyMCUyMCUzQ2klMjBjbGFzcyUzRCUyMmZhJTIwZmEtZXh0ZXJuYWwtbGluayUyMiUzRSUzQyUyRmklM0UlMEElMjAlMjAlMjAlMjAlMjAlMjAlMjAlMjAlMjAlMjAlMjAlMjAlM0MlMkZhJTNFJTBBJTIwJTIwJTIwJTIwJTIwJTIwJTIwJTIwJTNDJTJGZGl2JTNFJTBBJTIwJTIwJTIwJTIwJTNDJTJGZGl2JTNFJTBBJTNDJTJGZGl2JTNF[\/vc_raw_html][\/vc_column_inner][\/vc_row_inner][\/vc_column][\/vc_row]","og_url":"https:\/\/www.tcees.tc.br\/portal-da-transparencia\/licitacoes-e-contratacoes\/obras-do-tcees\/","og_site_name":"TCEES | Portal da Transpar\u00eancia","article_modified_time":"2026-05-05T18:16:58+00:00","twitter_card":"summary_large_image","twitter_misc":{"Est. tempo de leitura":"1 minuto"},"schema":{"@context":"https:\/\/schema.org","@graph":[{"@type":"WebPage","@id":"https:\/\/www.tcees.tc.br\/portal-da-transparencia\/licitacoes-e-contratacoes\/obras-do-tcees\/","url":"https:\/\/www.tcees.tc.br\/portal-da-transparencia\/licitacoes-e-contratacoes\/obras-do-tcees\/","name":"Obras do TCEES - TCEES | Portal da Transpar\u00eancia","isPartOf":{"@id":"https:\/\/www.tcees.tc.br\/portal-da-transparencia\/#website"},"datePublished":"2023-06-30T20:09:03+00:00","dateModified":"2026-05-05T18:16:58+00:00","breadcrumb":{"@id":"https:\/\/www.tcees.tc.br\/portal-da-transparencia\/licitacoes-e-contratacoes\/obras-do-tcees\/#breadcrumb"},"inLanguage":"pt-BR","potentialAction":[{"@type":"ReadAction","target":["https:\/\/www.tcees.tc.br\/portal-da-transparencia\/licitacoes-e-contratacoes\/obras-do-tcees\/"]}]},{"@type":"BreadcrumbList","@id":"https:\/\/www.tcees.tc.br\/portal-da-transparencia\/licitacoes-e-contratacoes\/obras-do-tcees\/#breadcrumb","itemListElement":[{"@type":"ListItem","position":1,"name":"In\u00edcio","item":"https:\/\/www.tcees.tc.br\/portal-da-transparencia\/"},{"@type":"ListItem","position":2,"name":"Licita\u00e7\u00f5es e Contrata\u00e7\u00f5es","item":"https:\/\/www.tcees.tc.br\/portal-da-transparencia\/licitacoes-e-contratacoes\/"},{"@type":"ListItem","position":3,"name":"Obras do TCEES"}]},{"@type":"WebSite","@id":"https:\/\/www.tcees.tc.br\/portal-da-transparencia\/#website","url":"https:\/\/www.tcees.tc.br\/portal-da-transparencia\/","name":"TCEES | Portal da Transpar\u00eancia","description":"","potentialAction":[{"@type":"SearchAction","target":{"@type":"EntryPoint","urlTemplate":"https:\/\/www.tcees.tc.br\/portal-da-transparencia\/?s={search_term_string}"},"query-input":{"@type":"PropertyValueSpecification","valueRequired":true,"valueName":"search_term_string"}}],"inLanguage":"pt-BR"}]}},"_links":{"self":[{"href":"https:\/\/www.tcees.tc.br\/portal-da-transparencia\/wp-json\/wp\/v2\/pages\/5425","targetHints":{"allow":["GET"]}}],"collection":[{"href":"https:\/\/www.tcees.tc.br\/portal-da-transparencia\/wp-json\/wp\/v2\/pages"}],"about":[{"href":"https:\/\/www.tcees.tc.br\/portal-da-transparencia\/wp-json\/wp\/v2\/types\/page"}],"author":[{"embeddable":true,"href":"https:\/\/www.tcees.tc.br\/portal-da-transparencia\/wp-json\/wp\/v2\/users\/19"}],"replies":[{"embeddable":true,"href":"https:\/\/www.tcees.tc.br\/portal-da-transparencia\/wp-json\/wp\/v2\/comments?post=5425"}],"version-history":[{"count":2,"href":"https:\/\/www.tcees.tc.br\/portal-da-transparencia\/wp-json\/wp\/v2\/pages\/5425\/revisions"}],"predecessor-version":[{"id":9121,"href":"https:\/\/www.tcees.tc.br\/portal-da-transparencia\/wp-json\/wp\/v2\/pages\/5425\/revisions\/9121"}],"up":[{"embeddable":true,"href":"https:\/\/www.tcees.tc.br\/portal-da-transparencia\/wp-json\/wp\/v2\/pages\/168"}],"wp:featuredmedia":[{"embeddable":true,"href":"https:\/\/www.tcees.tc.br\/portal-da-transparencia\/wp-json\/"}],"wp:attachment":[{"href":"https:\/\/www.tcees.tc.br\/portal-da-transparencia\/wp-json\/wp\/v2\/media?parent=5425"}],"curies":[{"name":"wp","href":"https:\/\/api.w.org\/{rel}","templated":true}]}}