{"id":5795,"date":"2023-07-17T20:06:36","date_gmt":"2023-07-17T23:06:36","guid":{"rendered":"https:\/\/www.tcees.tc.br\/portal-da-transparencia\/?page_id=5795"},"modified":"2025-08-04T17:32:16","modified_gmt":"2025-08-04T20:32:16","slug":"ordem-cronologica-das-obrigacoes-financeiras-anteriores-2023","status":"publish","type":"page","link":"https:\/\/www.tcees.tc.br\/portal-da-transparencia\/licitacoes-e-contratacoes\/ordem-cronologica-das-obrigacoes-financeiras-anteriores-2023\/","title":{"rendered":"Ordem Cronol\u00f3gica das Obriga\u00e7\u00f5es Financeiras &#8211; Anteriores 2023"},"content":{"rendered":"<div class=\"wpb-content-wrapper\"><p>[vc_row][vc_column width=&#8221;1\/4&#8243;][vc_raw_html]JTVCbWF4bWVnYW1lbnUlMjBsb2NhdGlvbiUzRHRyYW5zcGFyZW5jaWEtY29udHJhdG9zLW1lbnUlNUQ=[\/vc_raw_html][\/vc_column][vc_column width=&#8221;3\/4&#8243;][vc_raw_html]JTNDaDIlMjBjbGFzcyUzRCUyMnRpdHVsby1zZWNhbyUyMiUzRURlc3Blc2FzJTIwYSUyMHBhZ2FyJTNDc3BhbiUyMGNsYXNzJTNEJTIycHVsbC1yaWdodCUyMGluZm8tYXR1YWxpemFkYSUyMiUzRUluZm9ybWElQzMlQTclQzMlQjVlcyUyMGF0dWFsaXphZGFzJTIwYXQlQzMlQTklMjAlNUJkYXRhSG9qZSU1RCUzQyUyRnNwYW4lM0UlM0MlMkZoMiUzRSUwQSUzQ2hyJTIwY2xhc3MlM0QlMjJsaW5oYSUyMiUyMCUyRiUzRSUwQSU1QmRpc3BsYXktZnJtLWRhdGElMjBpZCUzRDU4NTclMjBmaWx0ZXIlM0RsaW1pdGVkJTVE[\/vc_raw_html][vc_raw_html css=&#8221;.vc_custom_1689738047320{margin-top: 10px !important;}&#8221;]JTNDaDIlMjBjbGFzcyUzRCUyMnRpdHVsby1zZWNhbyUyMiUyMGlkJTNEJTIyZGVzcGVzYXMtcGFnYXMlMjIlM0VEZXNwZXNhcyUyMHBhZ2FzJTNDc3BhbiUyMGNsYXNzJTNEJTIycHVsbC1yaWdodCUyMGluZm8tYXR1YWxpemFkYSUyMiUzRUluZm9ybWElQzMlQTclQzMlQjVlcyUyMGF0dWFsaXphZGFzJTIwYXQlQzMlQTklMjAlNUJkYXRhSG9qZSU1RCUzQyUyRnNwYW4lM0UlM0MlMkZoMiUzRSUwQSUzQ2hyJTIwY2xhc3MlM0QlMjJsaW5oYSUyMiUyMCUyRiUzRSUwQSU1QmZvcm1pZGFibGUlMjBpZCUzRDg3JTVEJTBBJTVCZGlzcGxheS1mcm0tZGF0YSUyMGlkJTNENTcxOSUyMGZpbHRlciUzRGxpbWl0ZWQlNUQ=[\/vc_raw_html][vc_raw_html css=&#8221;.vc_custom_1754339534957{padding-top: 50px !important;padding-bottom: 80px !important;}&#8221;]JTNDZGl2JTIwY2xhc3MlM0QlMjJyb3clMjIlMjBpZCUzRCUyMmFsZXJ0YS1kYWRvcy1hYmVydG9zJTIyJTNFJTBBJTIwJTIwJTIwJTIwJTNDZGl2JTIwY2xhc3MlM0QlMjJjb2wtc20tMTIlMjIlM0UlMEElMjAlMjAlMjAlMjAlMjAlMjAlMjAlMjAlM0NkaXYlMjBjbGFzcyUzRCUyMmFsZXJ0JTIwYWxlcnQtcGFuZWwlMjIlMjBzdHlsZSUzRCUyMmRpc3BsYXklM0FibG9jayUyMiUzRSUwQSUyMCUyMCUyMCUyMCUyMCUyMCUyMCUyMCUyMCUyMCUyMCUyMCUzQ2ElMjBocmVmJTNEJTIyaHR0cHMlM0ElMkYlMkZ3d3cudGNlZXMudGMuYnIlMkZwb3J0YWwtZGEtdHJhbnNwYXJlbmNpYSUyRmRhZG9zLWFiZXJ0b3MlMkYlMjIlMjB0YXJnZXQlM0QlMjJfc2VsZiUyMiUzRSUzQ2IlM0VEYWRvcyUyMGFiZXJ0b3MlM0MlMkZiJTNFJTNDJTJGYSUzRSUzQ2JyJTNFJTBBJTIwJTIwJTIwJTIwJTIwJTIwJTIwJTIwJTIwJTIwJTIwJTIwJTNDYSUyMGhyZWYlM0QlMjJodHRwcyUzQSUyRiUyRmRhZG9zLmVzLmdvdi5iciUyRmRhdGFzZXQlMkZwZXNzb2FsLWFkbWluaXN0cmFjYW8tZG8tdGNlZXMlMkZyZXNvdXJjZSUyRmJhMTdjMmQ5LTlhZWQtNGVlOS1iYmM1LWQxOWExOWE1ZjE3OCUyMiUyMHRhcmdldCUzRCUyMl9ibGFuayUyMiUzRSUwQSUyMCUyMCUyMCUyMCUyMCUyMCUyMCUyMCUyMCUyMCUyMCUyMCUyMCUyMCUyMCUyMEluZm9ybWElQzMlQTclQzMlQjVlcyUyMGRlc3RhJTIwcCVDMyVBMWdpbmElMjB0YW1iJUMzJUE5bSUyMGRpc3BvbiVDMyVBRHZlaXMlMjBlbSUyMGZvcm1hdG8lMjBhYmVydG8lMjAlMjhDU1YlMkMlMjBKU09OJTJDJTIwWE1MJTJDJTIwQVBJJTJDJTIwZXRjJTI5JTBBJTIwJTIwJTIwJTIwJTIwJTIwJTIwJTIwJTIwJTIwJTIwJTIwJTIwJTIwJTIwJTIwJTNDaSUyMGNsYXNzJTNEJTIyZmElMjBmYS1leHRlcm5hbC1saW5rJTIyJTNFJTNDJTJGaSUzRSUwQSUyMCUyMCUyMCUyMCUyMCUyMCUyMCUyMCUyMCUyMCUyMCUyMCUzQyUyRmElM0UlMEElMjAlMjAlMjAlMjAlMjAlMjAlMjAlMjAlM0MlMkZkaXYlM0UlMEElMjAlMjAlMjAlMjAlM0MlMkZkaXYlM0UlMEElM0MlMkZkaXYlM0U=[\/vc_raw_html][\/vc_column][\/vc_row]<\/p>\r\n<\/div>","protected":false},"excerpt":{"rendered":"[vc_row][vc_column width=&#8221;1\/4&#8243;][vc_raw_html]JTVCbWF4bWVnYW1lbnUlMjBsb2NhdGlvbiUzRHRyYW5zcGFyZW5jaWEtY29udHJhdG9zLW1lbnUlNUQ=[\/vc_raw_html][\/vc_column][vc_column width=&#8221;3\/4&#8243;][vc_raw_html]JTNDaDIlMjBjbGFzcyUzRCUyMnRpdHVsby1zZWNhbyUyMiUzRURlc3Blc2FzJTIwYSUyMHBhZ2FyJTNDc3BhbiUyMGNsYXNzJTNEJTIycHVsbC1yaWdodCUyMGluZm8tYXR1YWxpemFkYSUyMiUzRUluZm9ybWElQzMlQTclQzMlQjVlcyUyMGF0dWFsaXphZGFzJTIwYXQlQzMlQTklMjAlNUJkYXRhSG9qZSU1RCUzQyUyRnNwYW4lM0UlM0MlMkZoMiUzRSUwQSUzQ2hyJTIwY2xhc3MlM0QlMjJsaW5oYSUyMiUyMCUyRiUzRSUwQSU1QmRpc3BsYXktZnJtLWRhdGElMjBpZCUzRDU4NTclMjBmaWx0ZXIlM0RsaW1pdGVkJTVE[\/vc_raw_html][vc_raw_html css=&#8221;.vc_custom_1689738047320{margin-top: 10px !important;}&#8221;]JTNDaDIlMjBjbGFzcyUzRCUyMnRpdHVsby1zZWNhbyUyMiUyMGlkJTNEJTIyZGVzcGVzYXMtcGFnYXMlMjIlM0VEZXNwZXNhcyUyMHBhZ2FzJTNDc3BhbiUyMGNsYXNzJTNEJTIycHVsbC1yaWdodCUyMGluZm8tYXR1YWxpemFkYSUyMiUzRUluZm9ybWElQzMlQTclQzMlQjVlcyUyMGF0dWFsaXphZGFzJTIwYXQlQzMlQTklMjAlNUJkYXRhSG9qZSU1RCUzQyUyRnNwYW4lM0UlM0MlMkZoMiUzRSUwQSUzQ2hyJTIwY2xhc3MlM0QlMjJsaW5oYSUyMiUyMCUyRiUzRSUwQSU1QmZvcm1pZGFibGUlMjBpZCUzRDg3JTVEJTBBJTVCZGlzcGxheS1mcm0tZGF0YSUyMGlkJTNENTcxOSUyMGZpbHRlciUzRGxpbWl0ZWQlNUQ=[\/vc_raw_html][vc_raw_html css=&#8221;.vc_custom_1754339534957{padding-top: 50px !important;padding-bottom: 80px !important;}&#8221;]JTNDZGl2JTIwY2xhc3MlM0QlMjJyb3clMjIlMjBpZCUzRCUyMmFsZXJ0YS1kYWRvcy1hYmVydG9zJTIyJTNFJTBBJTIwJTIwJTIwJTIwJTNDZGl2JTIwY2xhc3MlM0QlMjJjb2wtc20tMTIlMjIlM0UlMEElMjAlMjAlMjAlMjAlMjAlMjAlMjAlMjAlM0NkaXYlMjBjbGFzcyUzRCUyMmFsZXJ0JTIwYWxlcnQtcGFuZWwlMjIlMjBzdHlsZSUzRCUyMmRpc3BsYXklM0FibG9jayUyMiUzRSUwQSUyMCUyMCUyMCUyMCUyMCUyMCUyMCUyMCUyMCUyMCUyMCUyMCUzQ2ElMjBocmVmJTNEJTIyaHR0cHMlM0ElMkYlMkZ3d3cudGNlZXMudGMuYnIlMkZwb3J0YWwtZGEtdHJhbnNwYXJlbmNpYSUyRmRhZG9zLWFiZXJ0b3MlMkYlMjIlMjB0YXJnZXQlM0QlMjJfc2VsZiUyMiUzRSUzQ2IlM0VEYWRvcyUyMGFiZXJ0b3MlM0MlMkZiJTNFJTNDJTJGYSUzRSUzQ2JyJTNFJTBBJTIwJTIwJTIwJTIwJTIwJTIwJTIwJTIwJTIwJTIwJTIwJTIwJTNDYSUyMGhyZWYlM0QlMjJodHRwcyUzQSUyRiUyRmRhZG9zLmVzLmdvdi5iciUyRmRhdGFzZXQlMkZwZXNzb2FsLWFkbWluaXN0cmFjYW8tZG8tdGNlZXMlMkZyZXNvdXJjZSUyRmJhMTdjMmQ5LTlhZWQtNGVlOS1iYmM1LWQxOWExOWE1ZjE3OCUyMiUyMHRhcmdldCUzRCUyMl9ibGFuayUyMiUzRSUwQSUyMCUyMCUyMCUyMCUyMCUyMCUyMCUyMCUyMCUyMCUyMCUyMCUyMCUyMCUyMCUyMEluZm9ybWElQzMlQTclQzMlQjVlcyUyMGRlc3RhJTIwcCVDMyVBMWdpbmElMjB0YW1iJUMzJUE5bSUyMGRpc3BvbiVDMyVBRHZlaXMlMjBlbSUyMGZvcm1hdG8lMjBhYmVydG8lMjAlMjhDU1YlMkMlMjBKU09OJTJDJTIwWE1MJTJDJTIwQVBJJTJDJTIwZXRjJTI5JTBBJTIwJTIwJTIwJTIwJTIwJTIwJTIwJTIwJTIwJTIwJTIwJTIwJTIwJTIwJTIwJTIwJTNDaSUyMGNsYXNzJTNEJTIyZmElMjBmYS1leHRlcm5hbC1saW5rJTIyJTNFJTNDJTJGaSUzRSUwQSUyMCUyMCUyMCUyMCUyMCUyMCUyMCUyMCUyMCUyMCUyMCUyMCUzQyUyRmElM0UlMEElMjAlMjAlMjAlMjAlMjAlMjAlMjAlMjAlM0MlMkZkaXYlM0UlMEElMjAlMjAlMjAlMjAlM0MlMkZkaXYlM0UlMEElM0MlMkZkaXYlM0U=[\/vc_raw_html][\/vc_column][\/vc_row]","protected":false},"author":19,"featured_media":-1,"parent":168,"menu_order":5,"comment_status":"closed","ping_status":"closed","template":"","meta":{"_acf_changed":false,"footnotes":""},"class_list":["post-5795","page","type-page","status-publish","has-post-thumbnail","hentry","no-wpautop"],"acf":[],"yoast_head":"<title>Ordem Cronol\u00f3gica das Obriga\u00e7\u00f5es Financeiras - Anteriores 2023 - TCEES | Portal da Transpar\u00eancia<\/title>\n<meta name=\"robots\" content=\"index, follow, max-snippet:-1, max-image-preview:large, max-video-preview:-1\" \/>\n<link rel=\"canonical\" href=\"https:\/\/www.tcees.tc.br\/portal-da-transparencia\/licitacoes-e-contratacoes\/ordem-cronologica-das-obrigacoes-financeiras-anteriores-2023\/\" \/>\n<meta property=\"og:locale\" content=\"pt_BR\" \/>\n<meta property=\"og:type\" content=\"article\" \/>\n<meta property=\"og:title\" content=\"Ordem Cronol\u00f3gica das Obriga\u00e7\u00f5es Financeiras - Anteriores 2023 - TCEES | Portal da Transpar\u00eancia\" \/>\n<meta property=\"og:description\" content=\"[vc_row][vc_column width=&#8221;1\/4&#8243;][vc_raw_html]JTVCbWF4bWVnYW1lbnUlMjBsb2NhdGlvbiUzRHRyYW5zcGFyZW5jaWEtY29udHJhdG9zLW1lbnUlNUQ=[\/vc_raw_html][\/vc_column][vc_column width=&#8221;3\/4&#8243;][vc_raw_html]JTNDaDIlMjBjbGFzcyUzRCUyMnRpdHVsby1zZWNhbyUyMiUzRURlc3Blc2FzJTIwYSUyMHBhZ2FyJTNDc3BhbiUyMGNsYXNzJTNEJTIycHVsbC1yaWdodCUyMGluZm8tYXR1YWxpemFkYSUyMiUzRUluZm9ybWElQzMlQTclQzMlQjVlcyUyMGF0dWFsaXphZGFzJTIwYXQlQzMlQTklMjAlNUJkYXRhSG9qZSU1RCUzQyUyRnNwYW4lM0UlM0MlMkZoMiUzRSUwQSUzQ2hyJTIwY2xhc3MlM0QlMjJsaW5oYSUyMiUyMCUyRiUzRSUwQSU1QmRpc3BsYXktZnJtLWRhdGElMjBpZCUzRDU4NTclMjBmaWx0ZXIlM0RsaW1pdGVkJTVE[\/vc_raw_html][vc_raw_html css=&#8221;.vc_custom_1689738047320{margin-top: 10px !important;}&#8221;]JTNDaDIlMjBjbGFzcyUzRCUyMnRpdHVsby1zZWNhbyUyMiUyMGlkJTNEJTIyZGVzcGVzYXMtcGFnYXMlMjIlM0VEZXNwZXNhcyUyMHBhZ2FzJTNDc3BhbiUyMGNsYXNzJTNEJTIycHVsbC1yaWdodCUyMGluZm8tYXR1YWxpemFkYSUyMiUzRUluZm9ybWElQzMlQTclQzMlQjVlcyUyMGF0dWFsaXphZGFzJTIwYXQlQzMlQTklMjAlNUJkYXRhSG9qZSU1RCUzQyUyRnNwYW4lM0UlM0MlMkZoMiUzRSUwQSUzQ2hyJTIwY2xhc3MlM0QlMjJsaW5oYSUyMiUyMCUyRiUzRSUwQSU1QmZvcm1pZGFibGUlMjBpZCUzRDg3JTVEJTBBJTVCZGlzcGxheS1mcm0tZGF0YSUyMGlkJTNENTcxOSUyMGZpbHRlciUzRGxpbWl0ZWQlNUQ=[\/vc_raw_html][vc_raw_html css=&#8221;.vc_custom_1754339534957{padding-top: 50px !important;padding-bottom: 80px !important;}&#8221;]JTNDZGl2JTIwY2xhc3MlM0QlMjJyb3clMjIlMjBpZCUzRCUyMmFsZXJ0YS1kYWRvcy1hYmVydG9zJTIyJTNFJTBBJTIwJTIwJTIwJTIwJTNDZGl2JTIwY2xhc3MlM0QlMjJjb2wtc20tMTIlMjIlM0UlMEElMjAlMjAlMjAlMjAlMjAlMjAlMjAlMjAlM0NkaXYlMjBjbGFzcyUzRCUyMmFsZXJ0JTIwYWxlcnQtcGFuZWwlMjIlMjBzdHlsZSUzRCUyMmRpc3BsYXklM0FibG9jayUyMiUzRSUwQSUyMCUyMCUyMCUyMCUyMCUyMCUyMCUyMCUyMCUyMCUyMCUyMCUzQ2ElMjBocmVmJTNEJTIyaHR0cHMlM0ElMkYlMkZ3d3cudGNlZXMudGMuYnIlMkZwb3J0YWwtZGEtdHJhbnNwYXJlbmNpYSUyRmRhZG9zLWFiZXJ0b3MlMkYlMjIlMjB0YXJnZXQlM0QlMjJfc2VsZiUyMiUzRSUzQ2IlM0VEYWRvcyUyMGFiZXJ0b3MlM0MlMkZiJTNFJTNDJTJGYSUzRSUzQ2JyJTNFJTBBJTIwJTIwJTIwJTIwJTIwJTIwJTIwJTIwJTIwJTIwJTIwJTIwJTNDYSUyMGhyZWYlM0QlMjJodHRwcyUzQSUyRiUyRmRhZG9zLmVzLmdvdi5iciUyRmRhdGFzZXQlMkZwZXNzb2FsLWFkbWluaXN0cmFjYW8tZG8tdGNlZXMlMkZyZXNvdXJjZSUyRmJhMTdjMmQ5LTlhZWQtNGVlOS1iYmM1LWQxOWExOWE1ZjE3OCUyMiUyMHRhcmdldCUzRCUyMl9ibGFuayUyMiUzRSUwQSUyMCUyMCUyMCUyMCUyMCUyMCUyMCUyMCUyMCUyMCUyMCUyMCUyMCUyMCUyMCUyMEluZm9ybWElQzMlQTclQzMlQjVlcyUyMGRlc3RhJTIwcCVDMyVBMWdpbmElMjB0YW1iJUMzJUE5bSUyMGRpc3BvbiVDMyVBRHZlaXMlMjBlbSUyMGZvcm1hdG8lMjBhYmVydG8lMjAlMjhDU1YlMkMlMjBKU09OJTJDJTIwWE1MJTJDJTIwQVBJJTJDJTIwZXRjJTI5JTBBJTIwJTIwJTIwJTIwJTIwJTIwJTIwJTIwJTIwJTIwJTIwJTIwJTIwJTIwJTIwJTIwJTNDaSUyMGNsYXNzJTNEJTIyZmElMjBmYS1leHRlcm5hbC1saW5rJTIyJTNFJTNDJTJGaSUzRSUwQSUyMCUyMCUyMCUyMCUyMCUyMCUyMCUyMCUyMCUyMCUyMCUyMCUzQyUyRmElM0UlMEElMjAlMjAlMjAlMjAlMjAlMjAlMjAlMjAlM0MlMkZkaXYlM0UlMEElMjAlMjAlMjAlMjAlM0MlMkZkaXYlM0UlMEElM0MlMkZkaXYlM0U=[\/vc_raw_html][\/vc_column][\/vc_row]\" \/>\n<meta property=\"og:url\" content=\"https:\/\/www.tcees.tc.br\/portal-da-transparencia\/licitacoes-e-contratacoes\/ordem-cronologica-das-obrigacoes-financeiras-anteriores-2023\/\" \/>\n<meta property=\"og:site_name\" content=\"TCEES | Portal da Transpar\u00eancia\" \/>\n<meta property=\"article:modified_time\" content=\"2025-08-04T20:32:16+00:00\" \/>\n<meta name=\"twitter:card\" content=\"summary_large_image\" \/>\n<meta name=\"twitter:label1\" content=\"Est. tempo de leitura\" \/>\n\t<meta name=\"twitter:data1\" content=\"1 minuto\" \/>\n<script type=\"application\/ld+json\" class=\"yoast-schema-graph\">{\"@context\":\"https:\/\/schema.org\",\"@graph\":[{\"@type\":\"WebPage\",\"@id\":\"https:\/\/www.tcees.tc.br\/portal-da-transparencia\/licitacoes-e-contratacoes\/ordem-cronologica-das-obrigacoes-financeiras-anteriores-2023\/\",\"url\":\"https:\/\/www.tcees.tc.br\/portal-da-transparencia\/licitacoes-e-contratacoes\/ordem-cronologica-das-obrigacoes-financeiras-anteriores-2023\/\",\"name\":\"Ordem Cronol\u00f3gica das Obriga\u00e7\u00f5es Financeiras - Anteriores 2023 - TCEES | Portal da Transpar\u00eancia\",\"isPartOf\":{\"@id\":\"https:\/\/www.tcees.tc.br\/portal-da-transparencia\/#website\"},\"datePublished\":\"2023-07-17T23:06:36+00:00\",\"dateModified\":\"2025-08-04T20:32:16+00:00\",\"breadcrumb\":{\"@id\":\"https:\/\/www.tcees.tc.br\/portal-da-transparencia\/licitacoes-e-contratacoes\/ordem-cronologica-das-obrigacoes-financeiras-anteriores-2023\/#breadcrumb\"},\"inLanguage\":\"pt-BR\",\"potentialAction\":[{\"@type\":\"ReadAction\",\"target\":[\"https:\/\/www.tcees.tc.br\/portal-da-transparencia\/licitacoes-e-contratacoes\/ordem-cronologica-das-obrigacoes-financeiras-anteriores-2023\/\"]}]},{\"@type\":\"BreadcrumbList\",\"@id\":\"https:\/\/www.tcees.tc.br\/portal-da-transparencia\/licitacoes-e-contratacoes\/ordem-cronologica-das-obrigacoes-financeiras-anteriores-2023\/#breadcrumb\",\"itemListElement\":[{\"@type\":\"ListItem\",\"position\":1,\"name\":\"In\u00edcio\",\"item\":\"https:\/\/www.tcees.tc.br\/portal-da-transparencia\/\"},{\"@type\":\"ListItem\",\"position\":2,\"name\":\"Licita\u00e7\u00f5es e Contrata\u00e7\u00f5es\",\"item\":\"https:\/\/www.tcees.tc.br\/portal-da-transparencia\/licitacoes-e-contratacoes\/\"},{\"@type\":\"ListItem\",\"position\":3,\"name\":\"Ordem Cronol\u00f3gica das Obriga\u00e7\u00f5es Financeiras &#8211; Anteriores 2023\"}]},{\"@type\":\"WebSite\",\"@id\":\"https:\/\/www.tcees.tc.br\/portal-da-transparencia\/#website\",\"url\":\"https:\/\/www.tcees.tc.br\/portal-da-transparencia\/\",\"name\":\"TCEES | Portal da Transpar\u00eancia\",\"description\":\"\",\"potentialAction\":[{\"@type\":\"SearchAction\",\"target\":{\"@type\":\"EntryPoint\",\"urlTemplate\":\"https:\/\/www.tcees.tc.br\/portal-da-transparencia\/?s={search_term_string}\"},\"query-input\":{\"@type\":\"PropertyValueSpecification\",\"valueRequired\":true,\"valueName\":\"search_term_string\"}}],\"inLanguage\":\"pt-BR\"}]}<\/script>","yoast_head_json":{"title":"Ordem Cronol\u00f3gica das Obriga\u00e7\u00f5es Financeiras - Anteriores 2023 - TCEES | Portal da Transpar\u00eancia","robots":{"index":"index","follow":"follow","max-snippet":"max-snippet:-1","max-image-preview":"max-image-preview:large","max-video-preview":"max-video-preview:-1"},"canonical":"https:\/\/www.tcees.tc.br\/portal-da-transparencia\/licitacoes-e-contratacoes\/ordem-cronologica-das-obrigacoes-financeiras-anteriores-2023\/","og_locale":"pt_BR","og_type":"article","og_title":"Ordem Cronol\u00f3gica das Obriga\u00e7\u00f5es Financeiras - Anteriores 2023 - TCEES | Portal da Transpar\u00eancia","og_description":"[vc_row][vc_column width=&#8221;1\/4&#8243;][vc_raw_html]JTVCbWF4bWVnYW1lbnUlMjBsb2NhdGlvbiUzRHRyYW5zcGFyZW5jaWEtY29udHJhdG9zLW1lbnUlNUQ=[\/vc_raw_html][\/vc_column][vc_column width=&#8221;3\/4&#8243;][vc_raw_html]JTNDaDIlMjBjbGFzcyUzRCUyMnRpdHVsby1zZWNhbyUyMiUzRURlc3Blc2FzJTIwYSUyMHBhZ2FyJTNDc3BhbiUyMGNsYXNzJTNEJTIycHVsbC1yaWdodCUyMGluZm8tYXR1YWxpemFkYSUyMiUzRUluZm9ybWElQzMlQTclQzMlQjVlcyUyMGF0dWFsaXphZGFzJTIwYXQlQzMlQTklMjAlNUJkYXRhSG9qZSU1RCUzQyUyRnNwYW4lM0UlM0MlMkZoMiUzRSUwQSUzQ2hyJTIwY2xhc3MlM0QlMjJsaW5oYSUyMiUyMCUyRiUzRSUwQSU1QmRpc3BsYXktZnJtLWRhdGElMjBpZCUzRDU4NTclMjBmaWx0ZXIlM0RsaW1pdGVkJTVE[\/vc_raw_html][vc_raw_html css=&#8221;.vc_custom_1689738047320{margin-top: 10px !important;}&#8221;]JTNDaDIlMjBjbGFzcyUzRCUyMnRpdHVsby1zZWNhbyUyMiUyMGlkJTNEJTIyZGVzcGVzYXMtcGFnYXMlMjIlM0VEZXNwZXNhcyUyMHBhZ2FzJTNDc3BhbiUyMGNsYXNzJTNEJTIycHVsbC1yaWdodCUyMGluZm8tYXR1YWxpemFkYSUyMiUzRUluZm9ybWElQzMlQTclQzMlQjVlcyUyMGF0dWFsaXphZGFzJTIwYXQlQzMlQTklMjAlNUJkYXRhSG9qZSU1RCUzQyUyRnNwYW4lM0UlM0MlMkZoMiUzRSUwQSUzQ2hyJTIwY2xhc3MlM0QlMjJsaW5oYSUyMiUyMCUyRiUzRSUwQSU1QmZvcm1pZGFibGUlMjBpZCUzRDg3JTVEJTBBJTVCZGlzcGxheS1mcm0tZGF0YSUyMGlkJTNENTcxOSUyMGZpbHRlciUzRGxpbWl0ZWQlNUQ=[\/vc_raw_html][vc_raw_html css=&#8221;.vc_custom_1754339534957{padding-top: 50px !important;padding-bottom: 80px !important;}&#8221;]JTNDZGl2JTIwY2xhc3MlM0QlMjJyb3clMjIlMjBpZCUzRCUyMmFsZXJ0YS1kYWRvcy1hYmVydG9zJTIyJTNFJTBBJTIwJTIwJTIwJTIwJTNDZGl2JTIwY2xhc3MlM0QlMjJjb2wtc20tMTIlMjIlM0UlMEElMjAlMjAlMjAlMjAlMjAlMjAlMjAlMjAlM0NkaXYlMjBjbGFzcyUzRCUyMmFsZXJ0JTIwYWxlcnQtcGFuZWwlMjIlMjBzdHlsZSUzRCUyMmRpc3BsYXklM0FibG9jayUyMiUzRSUwQSUyMCUyMCUyMCUyMCUyMCUyMCUyMCUyMCUyMCUyMCUyMCUyMCUzQ2ElMjBocmVmJTNEJTIyaHR0cHMlM0ElMkYlMkZ3d3cudGNlZXMudGMuYnIlMkZwb3J0YWwtZGEtdHJhbnNwYXJlbmNpYSUyRmRhZG9zLWFiZXJ0b3MlMkYlMjIlMjB0YXJnZXQlM0QlMjJfc2VsZiUyMiUzRSUzQ2IlM0VEYWRvcyUyMGFiZXJ0b3MlM0MlMkZiJTNFJTNDJTJGYSUzRSUzQ2JyJTNFJTBBJTIwJTIwJTIwJTIwJTIwJTIwJTIwJTIwJTIwJTIwJTIwJTIwJTNDYSUyMGhyZWYlM0QlMjJodHRwcyUzQSUyRiUyRmRhZG9zLmVzLmdvdi5iciUyRmRhdGFzZXQlMkZwZXNzb2FsLWFkbWluaXN0cmFjYW8tZG8tdGNlZXMlMkZyZXNvdXJjZSUyRmJhMTdjMmQ5LTlhZWQtNGVlOS1iYmM1LWQxOWExOWE1ZjE3OCUyMiUyMHRhcmdldCUzRCUyMl9ibGFuayUyMiUzRSUwQSUyMCUyMCUyMCUyMCUyMCUyMCUyMCUyMCUyMCUyMCUyMCUyMCUyMCUyMCUyMCUyMEluZm9ybWElQzMlQTclQzMlQjVlcyUyMGRlc3RhJTIwcCVDMyVBMWdpbmElMjB0YW1iJUMzJUE5bSUyMGRpc3BvbiVDMyVBRHZlaXMlMjBlbSUyMGZvcm1hdG8lMjBhYmVydG8lMjAlMjhDU1YlMkMlMjBKU09OJTJDJTIwWE1MJTJDJTIwQVBJJTJDJTIwZXRjJTI5JTBBJTIwJTIwJTIwJTIwJTIwJTIwJTIwJTIwJTIwJTIwJTIwJTIwJTIwJTIwJTIwJTIwJTNDaSUyMGNsYXNzJTNEJTIyZmElMjBmYS1leHRlcm5hbC1saW5rJTIyJTNFJTNDJTJGaSUzRSUwQSUyMCUyMCUyMCUyMCUyMCUyMCUyMCUyMCUyMCUyMCUyMCUyMCUzQyUyRmElM0UlMEElMjAlMjAlMjAlMjAlMjAlMjAlMjAlMjAlM0MlMkZkaXYlM0UlMEElMjAlMjAlMjAlMjAlM0MlMkZkaXYlM0UlMEElM0MlMkZkaXYlM0U=[\/vc_raw_html][\/vc_column][\/vc_row]","og_url":"https:\/\/www.tcees.tc.br\/portal-da-transparencia\/licitacoes-e-contratacoes\/ordem-cronologica-das-obrigacoes-financeiras-anteriores-2023\/","og_site_name":"TCEES | Portal da Transpar\u00eancia","article_modified_time":"2025-08-04T20:32:16+00:00","twitter_card":"summary_large_image","twitter_misc":{"Est. tempo de leitura":"1 minuto"},"schema":{"@context":"https:\/\/schema.org","@graph":[{"@type":"WebPage","@id":"https:\/\/www.tcees.tc.br\/portal-da-transparencia\/licitacoes-e-contratacoes\/ordem-cronologica-das-obrigacoes-financeiras-anteriores-2023\/","url":"https:\/\/www.tcees.tc.br\/portal-da-transparencia\/licitacoes-e-contratacoes\/ordem-cronologica-das-obrigacoes-financeiras-anteriores-2023\/","name":"Ordem Cronol\u00f3gica das Obriga\u00e7\u00f5es Financeiras - Anteriores 2023 - TCEES | Portal da Transpar\u00eancia","isPartOf":{"@id":"https:\/\/www.tcees.tc.br\/portal-da-transparencia\/#website"},"datePublished":"2023-07-17T23:06:36+00:00","dateModified":"2025-08-04T20:32:16+00:00","breadcrumb":{"@id":"https:\/\/www.tcees.tc.br\/portal-da-transparencia\/licitacoes-e-contratacoes\/ordem-cronologica-das-obrigacoes-financeiras-anteriores-2023\/#breadcrumb"},"inLanguage":"pt-BR","potentialAction":[{"@type":"ReadAction","target":["https:\/\/www.tcees.tc.br\/portal-da-transparencia\/licitacoes-e-contratacoes\/ordem-cronologica-das-obrigacoes-financeiras-anteriores-2023\/"]}]},{"@type":"BreadcrumbList","@id":"https:\/\/www.tcees.tc.br\/portal-da-transparencia\/licitacoes-e-contratacoes\/ordem-cronologica-das-obrigacoes-financeiras-anteriores-2023\/#breadcrumb","itemListElement":[{"@type":"ListItem","position":1,"name":"In\u00edcio","item":"https:\/\/www.tcees.tc.br\/portal-da-transparencia\/"},{"@type":"ListItem","position":2,"name":"Licita\u00e7\u00f5es e Contrata\u00e7\u00f5es","item":"https:\/\/www.tcees.tc.br\/portal-da-transparencia\/licitacoes-e-contratacoes\/"},{"@type":"ListItem","position":3,"name":"Ordem Cronol\u00f3gica das Obriga\u00e7\u00f5es Financeiras &#8211; Anteriores 2023"}]},{"@type":"WebSite","@id":"https:\/\/www.tcees.tc.br\/portal-da-transparencia\/#website","url":"https:\/\/www.tcees.tc.br\/portal-da-transparencia\/","name":"TCEES | Portal da Transpar\u00eancia","description":"","potentialAction":[{"@type":"SearchAction","target":{"@type":"EntryPoint","urlTemplate":"https:\/\/www.tcees.tc.br\/portal-da-transparencia\/?s={search_term_string}"},"query-input":{"@type":"PropertyValueSpecification","valueRequired":true,"valueName":"search_term_string"}}],"inLanguage":"pt-BR"}]}},"_links":{"self":[{"href":"https:\/\/www.tcees.tc.br\/portal-da-transparencia\/wp-json\/wp\/v2\/pages\/5795","targetHints":{"allow":["GET"]}}],"collection":[{"href":"https:\/\/www.tcees.tc.br\/portal-da-transparencia\/wp-json\/wp\/v2\/pages"}],"about":[{"href":"https:\/\/www.tcees.tc.br\/portal-da-transparencia\/wp-json\/wp\/v2\/types\/page"}],"author":[{"embeddable":true,"href":"https:\/\/www.tcees.tc.br\/portal-da-transparencia\/wp-json\/wp\/v2\/users\/19"}],"replies":[{"embeddable":true,"href":"https:\/\/www.tcees.tc.br\/portal-da-transparencia\/wp-json\/wp\/v2\/comments?post=5795"}],"version-history":[{"count":0,"href":"https:\/\/www.tcees.tc.br\/portal-da-transparencia\/wp-json\/wp\/v2\/pages\/5795\/revisions"}],"up":[{"embeddable":true,"href":"https:\/\/www.tcees.tc.br\/portal-da-transparencia\/wp-json\/wp\/v2\/pages\/168"}],"wp:featuredmedia":[{"embeddable":true,"href":"https:\/\/www.tcees.tc.br\/portal-da-transparencia\/wp-json\/"}],"wp:attachment":[{"href":"https:\/\/www.tcees.tc.br\/portal-da-transparencia\/wp-json\/wp\/v2\/media?parent=5795"}],"curies":[{"name":"wp","href":"https:\/\/api.w.org\/{rel}","templated":true}]}}