{"id":7108,"date":"2024-05-06T14:31:10","date_gmt":"2024-05-06T17:31:10","guid":{"rendered":"https:\/\/www.tcees.tc.br\/portal-da-transparencia\/?page_id=7108"},"modified":"2025-03-20T14:57:02","modified_gmt":"2025-03-20T17:57:02","slug":"fiscais-de-contrato","status":"publish","type":"page","link":"https:\/\/www.tcees.tc.br\/portal-da-transparencia\/licitacoes-e-contratacoes\/contratos\/fiscais-de-contrato\/","title":{"rendered":"Gestores e fiscais de contrato"},"content":{"rendered":"<div class=\"wpb-content-wrapper\">[vc_row][vc_column width=&#8221;1\/5&#8243;][vc_raw_html css=&#8221;&#8221;]JTVCbWF4bWVnYW1lbnUlMjBsb2NhdGlvbiUzRHRyYW5zcGFyZW5jaWEtY29tcHJhcy1tZW51JTVEJTBB[\/vc_raw_html][\/vc_column][vc_column width=&#8221;4\/5&#8243;][vc_raw_html]JTVCZGF0YV9hdHVhbGl6YWNhbyU1RCUwQSUzQ2RpdiUyMGNsYXNzJTNEJTIyaWZyYW1lLWxvYWRpbmclMjIlM0UlNUJhZHZhbmNlZF9pZnJhbWUlMjBzZWN1cml0eWtleSUzRCUyMmI2YTQ0NTUxMDRhOWJjYWFkZWFkMmM3ODQyZGEzYTA1NWE5NDMyODclMjIlMjBzcmMlM0QlMjIlN0IlN0J1cmwtc2Vydmljb3MtZXRjZWVzJTdEJTdEJTJGUHVibGljYSUyRkNvbnRyYXRvRmlzY2FsJTIyJTIwaWQlM0QlMjJpZnJhbWVTZXJ2aWNvcyUyMiUyMHdpZHRoJTNEJTIyMTAwJTI1JTIyJTIwdXNlX3Nob3J0Y29kZV9hdHRyaWJ1dGVzX29ubHklM0QlMjJ0cnVlJTIyJTIwc2Nyb2xsaW5nJTNEJTIybm8lMjIlNUQlM0MlMkZkaXYlM0U=[\/vc_raw_html][\/vc_column][\/vc_row]<\/div>","protected":false},"excerpt":{"rendered":"[vc_row][vc_column width=&#8221;1\/5&#8243;][vc_raw_html css=&#8221;&#8221;]JTVCbWF4bWVnYW1lbnUlMjBsb2NhdGlvbiUzRHRyYW5zcGFyZW5jaWEtY29tcHJhcy1tZW51JTVEJTBB[\/vc_raw_html][\/vc_column][vc_column width=&#8221;4\/5&#8243;][vc_raw_html]JTVCZGF0YV9hdHVhbGl6YWNhbyU1RCUwQSUzQ2RpdiUyMGNsYXNzJTNEJTIyaWZyYW1lLWxvYWRpbmclMjIlM0UlNUJhZHZhbmNlZF9pZnJhbWUlMjBzZWN1cml0eWtleSUzRCUyMmI2YTQ0NTUxMDRhOWJjYWFkZWFkMmM3ODQyZGEzYTA1NWE5NDMyODclMjIlMjBzcmMlM0QlMjIlN0IlN0J1cmwtc2Vydmljb3MtZXRjZWVzJTdEJTdEJTJGUHVibGljYSUyRkNvbnRyYXRvRmlzY2FsJTIyJTIwaWQlM0QlMjJpZnJhbWVTZXJ2aWNvcyUyMiUyMHdpZHRoJTNEJTIyMTAwJTI1JTIyJTIwdXNlX3Nob3J0Y29kZV9hdHRyaWJ1dGVzX29ubHklM0QlMjJ0cnVlJTIyJTIwc2Nyb2xsaW5nJTNEJTIybm8lMjIlNUQlM0MlMkZkaXYlM0U=[\/vc_raw_html][\/vc_column][\/vc_row]","protected":false},"author":19,"featured_media":0,"parent":176,"menu_order":0,"comment_status":"closed","ping_status":"closed","template":"","meta":{"_acf_changed":false,"footnotes":""},"class_list":["post-7108","page","type-page","status-publish","hentry","no-wpautop"],"acf":[],"yoast_head":"<title>Gestores e fiscais de contrato - TCEES | Portal da Transpar\u00eancia<\/title>\n<meta name=\"robots\" content=\"index, follow, max-snippet:-1, max-image-preview:large, max-video-preview:-1\" \/>\n<link rel=\"canonical\" href=\"https:\/\/www.tcees.tc.br\/portal-da-transparencia\/licitacoes-e-contratacoes\/contratos\/fiscais-de-contrato\/\" \/>\n<meta property=\"og:locale\" content=\"pt_BR\" \/>\n<meta property=\"og:type\" content=\"article\" \/>\n<meta property=\"og:title\" content=\"Gestores e fiscais de contrato - TCEES | Portal da Transpar\u00eancia\" \/>\n<meta property=\"og:description\" content=\"[vc_row][vc_column width=&#8221;1\/5&#8243;][vc_raw_html css=&#8221;&#8221;]JTVCbWF4bWVnYW1lbnUlMjBsb2NhdGlvbiUzRHRyYW5zcGFyZW5jaWEtY29tcHJhcy1tZW51JTVEJTBB[\/vc_raw_html][\/vc_column][vc_column width=&#8221;4\/5&#8243;][vc_raw_html]JTVCZGF0YV9hdHVhbGl6YWNhbyU1RCUwQSUzQ2RpdiUyMGNsYXNzJTNEJTIyaWZyYW1lLWxvYWRpbmclMjIlM0UlNUJhZHZhbmNlZF9pZnJhbWUlMjBzZWN1cml0eWtleSUzRCUyMmI2YTQ0NTUxMDRhOWJjYWFkZWFkMmM3ODQyZGEzYTA1NWE5NDMyODclMjIlMjBzcmMlM0QlMjIlN0IlN0J1cmwtc2Vydmljb3MtZXRjZWVzJTdEJTdEJTJGUHVibGljYSUyRkNvbnRyYXRvRmlzY2FsJTIyJTIwaWQlM0QlMjJpZnJhbWVTZXJ2aWNvcyUyMiUyMHdpZHRoJTNEJTIyMTAwJTI1JTIyJTIwdXNlX3Nob3J0Y29kZV9hdHRyaWJ1dGVzX29ubHklM0QlMjJ0cnVlJTIyJTIwc2Nyb2xsaW5nJTNEJTIybm8lMjIlNUQlM0MlMkZkaXYlM0U=[\/vc_raw_html][\/vc_column][\/vc_row]\" \/>\n<meta property=\"og:url\" content=\"https:\/\/www.tcees.tc.br\/portal-da-transparencia\/licitacoes-e-contratacoes\/contratos\/fiscais-de-contrato\/\" \/>\n<meta property=\"og:site_name\" content=\"TCEES | Portal da Transpar\u00eancia\" \/>\n<meta property=\"article:modified_time\" content=\"2025-03-20T17:57:02+00:00\" \/>\n<meta name=\"twitter:card\" content=\"summary_large_image\" \/>\n<meta name=\"twitter:label1\" content=\"Est. tempo de leitura\" \/>\n\t<meta name=\"twitter:data1\" content=\"1 minuto\" \/>\n<script type=\"application\/ld+json\" class=\"yoast-schema-graph\">{\"@context\":\"https:\/\/schema.org\",\"@graph\":[{\"@type\":\"WebPage\",\"@id\":\"https:\/\/www.tcees.tc.br\/portal-da-transparencia\/licitacoes-e-contratacoes\/contratos\/fiscais-de-contrato\/\",\"url\":\"https:\/\/www.tcees.tc.br\/portal-da-transparencia\/licitacoes-e-contratacoes\/contratos\/fiscais-de-contrato\/\",\"name\":\"Gestores e fiscais de contrato - TCEES | Portal da Transpar\u00eancia\",\"isPartOf\":{\"@id\":\"https:\/\/www.tcees.tc.br\/portal-da-transparencia\/#website\"},\"datePublished\":\"2024-05-06T17:31:10+00:00\",\"dateModified\":\"2025-03-20T17:57:02+00:00\",\"breadcrumb\":{\"@id\":\"https:\/\/www.tcees.tc.br\/portal-da-transparencia\/licitacoes-e-contratacoes\/contratos\/fiscais-de-contrato\/#breadcrumb\"},\"inLanguage\":\"pt-BR\",\"potentialAction\":[{\"@type\":\"ReadAction\",\"target\":[\"https:\/\/www.tcees.tc.br\/portal-da-transparencia\/licitacoes-e-contratacoes\/contratos\/fiscais-de-contrato\/\"]}]},{\"@type\":\"BreadcrumbList\",\"@id\":\"https:\/\/www.tcees.tc.br\/portal-da-transparencia\/licitacoes-e-contratacoes\/contratos\/fiscais-de-contrato\/#breadcrumb\",\"itemListElement\":[{\"@type\":\"ListItem\",\"position\":1,\"name\":\"In\u00edcio\",\"item\":\"https:\/\/www.tcees.tc.br\/portal-da-transparencia\/\"},{\"@type\":\"ListItem\",\"position\":2,\"name\":\"Licita\u00e7\u00f5es e Contrata\u00e7\u00f5es\",\"item\":\"https:\/\/www.tcees.tc.br\/portal-da-transparencia\/licitacoes-e-contratacoes\/\"},{\"@type\":\"ListItem\",\"position\":3,\"name\":\"Contratos\",\"item\":\"https:\/\/www.tcees.tc.br\/portal-da-transparencia\/licitacoes-e-contratacoes\/contratos\/\"},{\"@type\":\"ListItem\",\"position\":4,\"name\":\"Gestores e fiscais de contrato\"}]},{\"@type\":\"WebSite\",\"@id\":\"https:\/\/www.tcees.tc.br\/portal-da-transparencia\/#website\",\"url\":\"https:\/\/www.tcees.tc.br\/portal-da-transparencia\/\",\"name\":\"TCEES | Portal da Transpar\u00eancia\",\"description\":\"\",\"potentialAction\":[{\"@type\":\"SearchAction\",\"target\":{\"@type\":\"EntryPoint\",\"urlTemplate\":\"https:\/\/www.tcees.tc.br\/portal-da-transparencia\/?s={search_term_string}\"},\"query-input\":{\"@type\":\"PropertyValueSpecification\",\"valueRequired\":true,\"valueName\":\"search_term_string\"}}],\"inLanguage\":\"pt-BR\"}]}<\/script>","yoast_head_json":{"title":"Gestores e fiscais de contrato - TCEES | Portal da Transpar\u00eancia","robots":{"index":"index","follow":"follow","max-snippet":"max-snippet:-1","max-image-preview":"max-image-preview:large","max-video-preview":"max-video-preview:-1"},"canonical":"https:\/\/www.tcees.tc.br\/portal-da-transparencia\/licitacoes-e-contratacoes\/contratos\/fiscais-de-contrato\/","og_locale":"pt_BR","og_type":"article","og_title":"Gestores e fiscais de contrato - TCEES | Portal da Transpar\u00eancia","og_description":"[vc_row][vc_column width=&#8221;1\/5&#8243;][vc_raw_html css=&#8221;&#8221;]JTVCbWF4bWVnYW1lbnUlMjBsb2NhdGlvbiUzRHRyYW5zcGFyZW5jaWEtY29tcHJhcy1tZW51JTVEJTBB[\/vc_raw_html][\/vc_column][vc_column width=&#8221;4\/5&#8243;][vc_raw_html]JTVCZGF0YV9hdHVhbGl6YWNhbyU1RCUwQSUzQ2RpdiUyMGNsYXNzJTNEJTIyaWZyYW1lLWxvYWRpbmclMjIlM0UlNUJhZHZhbmNlZF9pZnJhbWUlMjBzZWN1cml0eWtleSUzRCUyMmI2YTQ0NTUxMDRhOWJjYWFkZWFkMmM3ODQyZGEzYTA1NWE5NDMyODclMjIlMjBzcmMlM0QlMjIlN0IlN0J1cmwtc2Vydmljb3MtZXRjZWVzJTdEJTdEJTJGUHVibGljYSUyRkNvbnRyYXRvRmlzY2FsJTIyJTIwaWQlM0QlMjJpZnJhbWVTZXJ2aWNvcyUyMiUyMHdpZHRoJTNEJTIyMTAwJTI1JTIyJTIwdXNlX3Nob3J0Y29kZV9hdHRyaWJ1dGVzX29ubHklM0QlMjJ0cnVlJTIyJTIwc2Nyb2xsaW5nJTNEJTIybm8lMjIlNUQlM0MlMkZkaXYlM0U=[\/vc_raw_html][\/vc_column][\/vc_row]","og_url":"https:\/\/www.tcees.tc.br\/portal-da-transparencia\/licitacoes-e-contratacoes\/contratos\/fiscais-de-contrato\/","og_site_name":"TCEES | Portal da Transpar\u00eancia","article_modified_time":"2025-03-20T17:57:02+00:00","twitter_card":"summary_large_image","twitter_misc":{"Est. tempo de leitura":"1 minuto"},"schema":{"@context":"https:\/\/schema.org","@graph":[{"@type":"WebPage","@id":"https:\/\/www.tcees.tc.br\/portal-da-transparencia\/licitacoes-e-contratacoes\/contratos\/fiscais-de-contrato\/","url":"https:\/\/www.tcees.tc.br\/portal-da-transparencia\/licitacoes-e-contratacoes\/contratos\/fiscais-de-contrato\/","name":"Gestores e fiscais de contrato - TCEES | Portal da Transpar\u00eancia","isPartOf":{"@id":"https:\/\/www.tcees.tc.br\/portal-da-transparencia\/#website"},"datePublished":"2024-05-06T17:31:10+00:00","dateModified":"2025-03-20T17:57:02+00:00","breadcrumb":{"@id":"https:\/\/www.tcees.tc.br\/portal-da-transparencia\/licitacoes-e-contratacoes\/contratos\/fiscais-de-contrato\/#breadcrumb"},"inLanguage":"pt-BR","potentialAction":[{"@type":"ReadAction","target":["https:\/\/www.tcees.tc.br\/portal-da-transparencia\/licitacoes-e-contratacoes\/contratos\/fiscais-de-contrato\/"]}]},{"@type":"BreadcrumbList","@id":"https:\/\/www.tcees.tc.br\/portal-da-transparencia\/licitacoes-e-contratacoes\/contratos\/fiscais-de-contrato\/#breadcrumb","itemListElement":[{"@type":"ListItem","position":1,"name":"In\u00edcio","item":"https:\/\/www.tcees.tc.br\/portal-da-transparencia\/"},{"@type":"ListItem","position":2,"name":"Licita\u00e7\u00f5es e Contrata\u00e7\u00f5es","item":"https:\/\/www.tcees.tc.br\/portal-da-transparencia\/licitacoes-e-contratacoes\/"},{"@type":"ListItem","position":3,"name":"Contratos","item":"https:\/\/www.tcees.tc.br\/portal-da-transparencia\/licitacoes-e-contratacoes\/contratos\/"},{"@type":"ListItem","position":4,"name":"Gestores e fiscais de contrato"}]},{"@type":"WebSite","@id":"https:\/\/www.tcees.tc.br\/portal-da-transparencia\/#website","url":"https:\/\/www.tcees.tc.br\/portal-da-transparencia\/","name":"TCEES | Portal da Transpar\u00eancia","description":"","potentialAction":[{"@type":"SearchAction","target":{"@type":"EntryPoint","urlTemplate":"https:\/\/www.tcees.tc.br\/portal-da-transparencia\/?s={search_term_string}"},"query-input":{"@type":"PropertyValueSpecification","valueRequired":true,"valueName":"search_term_string"}}],"inLanguage":"pt-BR"}]}},"_links":{"self":[{"href":"https:\/\/www.tcees.tc.br\/portal-da-transparencia\/wp-json\/wp\/v2\/pages\/7108","targetHints":{"allow":["GET"]}}],"collection":[{"href":"https:\/\/www.tcees.tc.br\/portal-da-transparencia\/wp-json\/wp\/v2\/pages"}],"about":[{"href":"https:\/\/www.tcees.tc.br\/portal-da-transparencia\/wp-json\/wp\/v2\/types\/page"}],"author":[{"embeddable":true,"href":"https:\/\/www.tcees.tc.br\/portal-da-transparencia\/wp-json\/wp\/v2\/users\/19"}],"replies":[{"embeddable":true,"href":"https:\/\/www.tcees.tc.br\/portal-da-transparencia\/wp-json\/wp\/v2\/comments?post=7108"}],"version-history":[{"count":0,"href":"https:\/\/www.tcees.tc.br\/portal-da-transparencia\/wp-json\/wp\/v2\/pages\/7108\/revisions"}],"up":[{"embeddable":true,"href":"https:\/\/www.tcees.tc.br\/portal-da-transparencia\/wp-json\/wp\/v2\/pages\/176"}],"wp:attachment":[{"href":"https:\/\/www.tcees.tc.br\/portal-da-transparencia\/wp-json\/wp\/v2\/media?parent=7108"}],"curies":[{"name":"wp","href":"https:\/\/api.w.org\/{rel}","templated":true}]}}