{"id":7996,"date":"2025-05-22T16:56:16","date_gmt":"2025-05-22T19:56:16","guid":{"rendered":"https:\/\/www.tcees.tc.br\/portal-da-transparencia\/?page_id=7996"},"modified":"2025-05-22T16:56:16","modified_gmt":"2025-05-22T19:56:16","slug":"dispensa-de-licitacao-demais-modalidades","status":"publish","type":"page","link":"https:\/\/www.tcees.tc.br\/portal-da-transparencia\/licitacoes-e-contratacoes\/dispensa-de-licitacao-demais-modalidades\/","title":{"rendered":"Dispensa de Licita\u00e7\u00e3o &#8211; demais modalidades"},"content":{"rendered":"<div class=\"wpb-content-wrapper\"><p>[vc_row][vc_column width=&#8221;1\/4&#8243;][vc_raw_html]JTVCbWF4bWVnYW1lbnUlMjBsb2NhdGlvbiUzRHRyYW5zcGFyZW5jaWEtY29tcHJhcy1tZW51JTVEJTBB[\/vc_raw_html][\/vc_column][vc_column width=&#8221;3\/4&#8243;][vc_raw_html css=&#8221;&#8221;]JTVCZGF0YV9hdHVhbGl6YWNhbyU1RCUwQSUzQ2RpdiUyMGNsYXNzJTNEJTIyaWZyYW1lLWxvYWRpbmclMjIlM0UlNUJhZHZhbmNlZF9pZnJhbWUlMjBzZWN1cml0eWtleSUzRCUyMmI2YTQ0NTUxMDRhOWJjYWFkZWFkMmM3ODQyZGEzYTA1NWE5NDMyODclMjIlMjBzcmMlM0QlMjIlN0IlN0J1cmwtc2Vydmljb3MtZXRjZWVzJTdEJTdEJTJGUHVibGljYSUyRlBlc3F1aXNhckNvbnRyYXRvJTJGUGVzcXVpc2FyRGlzcGVuc2FMaWNpdGFjYW9EZW1haXNNb2RhbGlkYWRlcyUyMiUyMGlkJTNEJTIyaWZyYW1lU2Vydmljb3MlMjIlMjB3aWR0aCUzRCUyMjEwMCUyNSUyMiU1RCUzQyUyRmRpdiUzRQ==[\/vc_raw_html][\/vc_column][\/vc_row]<\/p>\n<\/div>","protected":false},"excerpt":{"rendered":"<p>[vc_row][vc_column width=&#8221;1\/4&#8243;][vc_raw_html]JTVCbWF4bWVnYW1lbnUlMjBsb2NhdGlvbiUzRHRyYW5zcGFyZW5jaWEtY29tcHJhcy1tZW51JTVEJTBB[\/vc_raw_html][\/vc_column][vc_column width=&#8221;3\/4&#8243;][vc_raw_html css=&#8221;&#8221;]JTVCZGF0YV9hdHVhbGl6YWNhbyU1RCUwQSUzQ2RpdiUyMGNsYXNzJTNEJTIyaWZyYW1lLWxvYWRpbmclMjIlM0UlNUJhZHZhbmNlZF9pZnJhbWUlMjBzZWN1cml0eWtleSUzRCUyMmI2YTQ0NTUxMDRhOWJjYWFkZWFkMmM3ODQyZGEzYTA1NWE5NDMyODclMjIlMjBzcmMlM0QlMjIlN0IlN0J1cmwtc2Vydmljb3MtZXRjZWVzJTdEJTdEJTJGUHVibGljYSUyRlBlc3F1aXNhckNvbnRyYXRvJTJGUGVzcXVpc2FyRGlzcGVuc2FMaWNpdGFjYW9EZW1haXNNb2RhbGlkYWRlcyUyMiUyMGlkJTNEJTIyaWZyYW1lU2Vydmljb3MlMjIlMjB3aWR0aCUzRCUyMjEwMCUyNSUyMiU1RCUzQyUyRmRpdiUzRQ==[\/vc_raw_html][\/vc_column][\/vc_row]<\/p>\n","protected":false},"author":19,"featured_media":-1,"parent":168,"menu_order":0,"comment_status":"closed","ping_status":"closed","template":"","meta":{"_acf_changed":false,"footnotes":""},"class_list":["post-7996","page","type-page","status-publish","has-post-thumbnail","hentry","wpautop"],"acf":[],"yoast_head":"<title>Dispensa de Licita\u00e7\u00e3o - demais modalidades - TCEES | Portal da Transpar\u00eancia<\/title>\n<meta name=\"robots\" content=\"index, follow, max-snippet:-1, max-image-preview:large, max-video-preview:-1\" \/>\n<link rel=\"canonical\" href=\"https:\/\/www.tcees.tc.br\/portal-da-transparencia\/licitacoes-e-contratacoes\/dispensa-de-licitacao-demais-modalidades\/\" \/>\n<meta property=\"og:locale\" content=\"pt_BR\" \/>\n<meta property=\"og:type\" content=\"article\" \/>\n<meta property=\"og:title\" content=\"Dispensa de Licita\u00e7\u00e3o - demais modalidades - TCEES | Portal da Transpar\u00eancia\" \/>\n<meta property=\"og:description\" content=\"[vc_row][vc_column width=&#8221;1\/4&#8243;][vc_raw_html]JTVCbWF4bWVnYW1lbnUlMjBsb2NhdGlvbiUzRHRyYW5zcGFyZW5jaWEtY29tcHJhcy1tZW51JTVEJTBB[\/vc_raw_html][\/vc_column][vc_column width=&#8221;3\/4&#8243;][vc_raw_html css=&#8221;&#8221;]JTVCZGF0YV9hdHVhbGl6YWNhbyU1RCUwQSUzQ2RpdiUyMGNsYXNzJTNEJTIyaWZyYW1lLWxvYWRpbmclMjIlM0UlNUJhZHZhbmNlZF9pZnJhbWUlMjBzZWN1cml0eWtleSUzRCUyMmI2YTQ0NTUxMDRhOWJjYWFkZWFkMmM3ODQyZGEzYTA1NWE5NDMyODclMjIlMjBzcmMlM0QlMjIlN0IlN0J1cmwtc2Vydmljb3MtZXRjZWVzJTdEJTdEJTJGUHVibGljYSUyRlBlc3F1aXNhckNvbnRyYXRvJTJGUGVzcXVpc2FyRGlzcGVuc2FMaWNpdGFjYW9EZW1haXNNb2RhbGlkYWRlcyUyMiUyMGlkJTNEJTIyaWZyYW1lU2Vydmljb3MlMjIlMjB3aWR0aCUzRCUyMjEwMCUyNSUyMiU1RCUzQyUyRmRpdiUzRQ==[\/vc_raw_html][\/vc_column][\/vc_row]\" \/>\n<meta property=\"og:url\" content=\"https:\/\/www.tcees.tc.br\/portal-da-transparencia\/licitacoes-e-contratacoes\/dispensa-de-licitacao-demais-modalidades\/\" \/>\n<meta property=\"og:site_name\" content=\"TCEES | Portal da Transpar\u00eancia\" \/>\n<meta name=\"twitter:card\" content=\"summary_large_image\" \/>\n<script type=\"application\/ld+json\" class=\"yoast-schema-graph\">{\"@context\":\"https:\/\/schema.org\",\"@graph\":[{\"@type\":\"WebPage\",\"@id\":\"https:\/\/www.tcees.tc.br\/portal-da-transparencia\/licitacoes-e-contratacoes\/dispensa-de-licitacao-demais-modalidades\/\",\"url\":\"https:\/\/www.tcees.tc.br\/portal-da-transparencia\/licitacoes-e-contratacoes\/dispensa-de-licitacao-demais-modalidades\/\",\"name\":\"Dispensa de Licita\u00e7\u00e3o - demais modalidades - TCEES | Portal da Transpar\u00eancia\",\"isPartOf\":{\"@id\":\"https:\/\/www.tcees.tc.br\/portal-da-transparencia\/#website\"},\"datePublished\":\"2025-05-22T19:56:16+00:00\",\"breadcrumb\":{\"@id\":\"https:\/\/www.tcees.tc.br\/portal-da-transparencia\/licitacoes-e-contratacoes\/dispensa-de-licitacao-demais-modalidades\/#breadcrumb\"},\"inLanguage\":\"pt-BR\",\"potentialAction\":[{\"@type\":\"ReadAction\",\"target\":[\"https:\/\/www.tcees.tc.br\/portal-da-transparencia\/licitacoes-e-contratacoes\/dispensa-de-licitacao-demais-modalidades\/\"]}]},{\"@type\":\"BreadcrumbList\",\"@id\":\"https:\/\/www.tcees.tc.br\/portal-da-transparencia\/licitacoes-e-contratacoes\/dispensa-de-licitacao-demais-modalidades\/#breadcrumb\",\"itemListElement\":[{\"@type\":\"ListItem\",\"position\":1,\"name\":\"In\u00edcio\",\"item\":\"https:\/\/www.tcees.tc.br\/portal-da-transparencia\/\"},{\"@type\":\"ListItem\",\"position\":2,\"name\":\"Licita\u00e7\u00f5es e Contrata\u00e7\u00f5es\",\"item\":\"https:\/\/www.tcees.tc.br\/portal-da-transparencia\/licitacoes-e-contratacoes\/\"},{\"@type\":\"ListItem\",\"position\":3,\"name\":\"Dispensa de Licita\u00e7\u00e3o &#8211; demais modalidades\"}]},{\"@type\":\"WebSite\",\"@id\":\"https:\/\/www.tcees.tc.br\/portal-da-transparencia\/#website\",\"url\":\"https:\/\/www.tcees.tc.br\/portal-da-transparencia\/\",\"name\":\"TCEES | Portal da Transpar\u00eancia\",\"description\":\"\",\"potentialAction\":[{\"@type\":\"SearchAction\",\"target\":{\"@type\":\"EntryPoint\",\"urlTemplate\":\"https:\/\/www.tcees.tc.br\/portal-da-transparencia\/?s={search_term_string}\"},\"query-input\":{\"@type\":\"PropertyValueSpecification\",\"valueRequired\":true,\"valueName\":\"search_term_string\"}}],\"inLanguage\":\"pt-BR\"}]}<\/script>","yoast_head_json":{"title":"Dispensa de Licita\u00e7\u00e3o - demais modalidades - TCEES | Portal da Transpar\u00eancia","robots":{"index":"index","follow":"follow","max-snippet":"max-snippet:-1","max-image-preview":"max-image-preview:large","max-video-preview":"max-video-preview:-1"},"canonical":"https:\/\/www.tcees.tc.br\/portal-da-transparencia\/licitacoes-e-contratacoes\/dispensa-de-licitacao-demais-modalidades\/","og_locale":"pt_BR","og_type":"article","og_title":"Dispensa de Licita\u00e7\u00e3o - demais modalidades - TCEES | Portal da Transpar\u00eancia","og_description":"[vc_row][vc_column width=&#8221;1\/4&#8243;][vc_raw_html]JTVCbWF4bWVnYW1lbnUlMjBsb2NhdGlvbiUzRHRyYW5zcGFyZW5jaWEtY29tcHJhcy1tZW51JTVEJTBB[\/vc_raw_html][\/vc_column][vc_column width=&#8221;3\/4&#8243;][vc_raw_html css=&#8221;&#8221;]JTVCZGF0YV9hdHVhbGl6YWNhbyU1RCUwQSUzQ2RpdiUyMGNsYXNzJTNEJTIyaWZyYW1lLWxvYWRpbmclMjIlM0UlNUJhZHZhbmNlZF9pZnJhbWUlMjBzZWN1cml0eWtleSUzRCUyMmI2YTQ0NTUxMDRhOWJjYWFkZWFkMmM3ODQyZGEzYTA1NWE5NDMyODclMjIlMjBzcmMlM0QlMjIlN0IlN0J1cmwtc2Vydmljb3MtZXRjZWVzJTdEJTdEJTJGUHVibGljYSUyRlBlc3F1aXNhckNvbnRyYXRvJTJGUGVzcXVpc2FyRGlzcGVuc2FMaWNpdGFjYW9EZW1haXNNb2RhbGlkYWRlcyUyMiUyMGlkJTNEJTIyaWZyYW1lU2Vydmljb3MlMjIlMjB3aWR0aCUzRCUyMjEwMCUyNSUyMiU1RCUzQyUyRmRpdiUzRQ==[\/vc_raw_html][\/vc_column][\/vc_row]","og_url":"https:\/\/www.tcees.tc.br\/portal-da-transparencia\/licitacoes-e-contratacoes\/dispensa-de-licitacao-demais-modalidades\/","og_site_name":"TCEES | Portal da Transpar\u00eancia","twitter_card":"summary_large_image","schema":{"@context":"https:\/\/schema.org","@graph":[{"@type":"WebPage","@id":"https:\/\/www.tcees.tc.br\/portal-da-transparencia\/licitacoes-e-contratacoes\/dispensa-de-licitacao-demais-modalidades\/","url":"https:\/\/www.tcees.tc.br\/portal-da-transparencia\/licitacoes-e-contratacoes\/dispensa-de-licitacao-demais-modalidades\/","name":"Dispensa de Licita\u00e7\u00e3o - demais modalidades - TCEES | Portal da Transpar\u00eancia","isPartOf":{"@id":"https:\/\/www.tcees.tc.br\/portal-da-transparencia\/#website"},"datePublished":"2025-05-22T19:56:16+00:00","breadcrumb":{"@id":"https:\/\/www.tcees.tc.br\/portal-da-transparencia\/licitacoes-e-contratacoes\/dispensa-de-licitacao-demais-modalidades\/#breadcrumb"},"inLanguage":"pt-BR","potentialAction":[{"@type":"ReadAction","target":["https:\/\/www.tcees.tc.br\/portal-da-transparencia\/licitacoes-e-contratacoes\/dispensa-de-licitacao-demais-modalidades\/"]}]},{"@type":"BreadcrumbList","@id":"https:\/\/www.tcees.tc.br\/portal-da-transparencia\/licitacoes-e-contratacoes\/dispensa-de-licitacao-demais-modalidades\/#breadcrumb","itemListElement":[{"@type":"ListItem","position":1,"name":"In\u00edcio","item":"https:\/\/www.tcees.tc.br\/portal-da-transparencia\/"},{"@type":"ListItem","position":2,"name":"Licita\u00e7\u00f5es e Contrata\u00e7\u00f5es","item":"https:\/\/www.tcees.tc.br\/portal-da-transparencia\/licitacoes-e-contratacoes\/"},{"@type":"ListItem","position":3,"name":"Dispensa de Licita\u00e7\u00e3o &#8211; demais modalidades"}]},{"@type":"WebSite","@id":"https:\/\/www.tcees.tc.br\/portal-da-transparencia\/#website","url":"https:\/\/www.tcees.tc.br\/portal-da-transparencia\/","name":"TCEES | Portal da Transpar\u00eancia","description":"","potentialAction":[{"@type":"SearchAction","target":{"@type":"EntryPoint","urlTemplate":"https:\/\/www.tcees.tc.br\/portal-da-transparencia\/?s={search_term_string}"},"query-input":{"@type":"PropertyValueSpecification","valueRequired":true,"valueName":"search_term_string"}}],"inLanguage":"pt-BR"}]}},"_links":{"self":[{"href":"https:\/\/www.tcees.tc.br\/portal-da-transparencia\/wp-json\/wp\/v2\/pages\/7996","targetHints":{"allow":["GET"]}}],"collection":[{"href":"https:\/\/www.tcees.tc.br\/portal-da-transparencia\/wp-json\/wp\/v2\/pages"}],"about":[{"href":"https:\/\/www.tcees.tc.br\/portal-da-transparencia\/wp-json\/wp\/v2\/types\/page"}],"author":[{"embeddable":true,"href":"https:\/\/www.tcees.tc.br\/portal-da-transparencia\/wp-json\/wp\/v2\/users\/19"}],"replies":[{"embeddable":true,"href":"https:\/\/www.tcees.tc.br\/portal-da-transparencia\/wp-json\/wp\/v2\/comments?post=7996"}],"version-history":[{"count":0,"href":"https:\/\/www.tcees.tc.br\/portal-da-transparencia\/wp-json\/wp\/v2\/pages\/7996\/revisions"}],"up":[{"embeddable":true,"href":"https:\/\/www.tcees.tc.br\/portal-da-transparencia\/wp-json\/wp\/v2\/pages\/168"}],"wp:featuredmedia":[{"embeddable":true,"href":"https:\/\/www.tcees.tc.br\/portal-da-transparencia\/wp-json\/"}],"wp:attachment":[{"href":"https:\/\/www.tcees.tc.br\/portal-da-transparencia\/wp-json\/wp\/v2\/media?parent=7996"}],"curies":[{"name":"wp","href":"https:\/\/api.w.org\/{rel}","templated":true}]}}