{"id":8188,"date":"2025-05-29T17:15:37","date_gmt":"2025-05-29T20:15:37","guid":{"rendered":"https:\/\/www.tcees.tc.br\/portal-da-transparencia\/?page_id=8188"},"modified":"2025-05-29T17:18:43","modified_gmt":"2025-05-29T20:18:43","slug":"cnep","status":"publish","type":"page","link":"https:\/\/www.tcees.tc.br\/portal-da-transparencia\/licitacoes-e-contratacoes\/cnep\/","title":{"rendered":"CNEP"},"content":{"rendered":"<div class=\"wpb-content-wrapper\"><p>[vc_row][vc_column width=&#8221;1\/4&#8243;][vc_raw_html css=&#8221;&#8221;]JTVCbWF4bWVnYW1lbnUlMjBsb2NhdGlvbiUzRHRyYW5zcGFyZW5jaWEtY29tcHJhcy1tZW51JTVE[\/vc_raw_html][\/vc_column][vc_column width=&#8221;3\/4&#8243; css=&#8221;.vc_custom_1748401641759{margin-bottom: 100px !important;}&#8221;][vc_raw_html css=&#8221;&#8221;]JTVCZGF0YV9hdHVhbGl6YWNhbyU1RCUwQSUzQ2RpdiUyMGNsYXNzJTNEJTIyYWxlcnQlMjBhbGVydC1pbmZvJTIyJTIwc3R5bGUlM0QlMjJtYXJnaW4tdG9wJTNBMTVweCUzQiUyMiUzRU8lMjBUQ0UtRVMlMjBuJUMzJUEzbyUyMHRldmUlMjBsaWNpdGFudGVzJTIwZSUyRm91JTIwY29udHJhdGFkb3MlMjBzYW5jaW9uYWRvcyUyMGFkbWluaXN0cmF0aXZhbWVudGUlMjAlMjhkZXZpZG8lMjBhJTIwc3VhJTIwYXRpdmlkYWRlJTIwZGUlMjBnZXN0JUMzJUEzbyUyMGluc3RpdHVjaW9uYWwlMjklMjBuYXMlMjBoaXAlQzMlQjN0ZXNlcyUyMGRvcyUyMGluY2lzb3MlMjBJSUklMjBlJTIwSVYlMjBkbyUyMGFydC4lMjAxNTYlMjBkYSUyMExlaSUyMG4lQzIlQkElMjAxNC4xMzMlMkYyMDIxJTIwZXN0ZSUyMGFubyUyQyUyMG5lbSUyMG5vcyUyMCVDMyVCQWx0aW1vcyUyMDAzJTIwYW5vcy4lM0MlMkZkaXYlM0U=[\/vc_raw_html][vc_column_text css=&#8221;&#8221;]<\/p>\n<h3 data-start=\"200\" data-end=\"253\">CNEP &#8211; Cadastro Nacional de Empresas Punidas<\/h3>\n<p data-start=\"306\" data-end=\"596\">O Cadastro Nacional de Empresas Punidas (CNEP) \u00e9 uma base de dados p\u00fablica que re\u00fane informa\u00e7\u00f5es sobre pessoas jur\u00eddicas penalizadas com san\u00e7\u00f5es previstas na Lei Anticorrup\u00e7\u00e3o (Lei n\u00ba 12.846\/2013), como a proibi\u00e7\u00e3o de receber incentivos, subs\u00eddios ou celebrar contratos com o poder p\u00fablico.<\/p>\n<p data-start=\"598\" data-end=\"818\">O CNEP \u00e9 mantido pela Controladoria-Geral da Uni\u00e3o (CGU) e tem como objetivo dar visibilidade \u00e0s puni\u00e7\u00f5es aplicadas por atos lesivos \u00e0 Administra\u00e7\u00e3o P\u00fablica, promovendo a integridade, a transpar\u00eancia e o controle social.<\/p>\n<p data-start=\"820\" data-end=\"1019\">No \u00e2mbito do Tribunal de Contas do Estado do Esp\u00edrito Santo (TCEES), o CNEP permite \u00e0 sociedade acompanhar quais empresas foram sancionadas por condutas il\u00edcitas com base na legisla\u00e7\u00e3o anticorrup\u00e7\u00e3o.<\/p>\n<p data-start=\"1021\" data-end=\"1601\">Confira abaixo o link direto para a consulta no CNEP, com filtro exclusivo para as penalidades aplicadas pelo TCEES:<\/p>\n<p>[\/vc_column_text][vc_raw_html css=&#8221;&#8221;]JTNDZGl2JTIwc3R5bGUlM0QlMjJ0ZXh0LWFsaWduJTNBY2VudGVyJTNCJTIwbWFyZ2luLXRvcCUzQTQwcHglM0IlMjBtYXJnaW4tYm90dG9tJTNBMCUyMiUzRSUyMCUzQ2ElMjBocmVmJTNEJTIyaHR0cHMlM0ElMkYlMkZwb3J0YWxkYXRyYW5zcGFyZW5jaWEuZ292LmJyJTJGc2FuY29lcyUyRmNvbnN1bHRhJTNGcGFnaW5hY2FvU2ltcGxlcyUzRHRydWUlMjZ0YW1hbmhvUGFnaW5hJTNEJTI2b2Zmc2V0JTNEJTI2ZGlyZWNhb09yZGVuYWNhbyUzRGFzYyUyNmNhZGFzdHJvJTNEMiUyNm9yZ2FvRW50aWRhZGVTYW5jaW9uYWRvcmElM0R0cmlidW5hbCUyQmRlJTJCY29udGFzJTJCZG8lMkJlc3RhZG8lMkJkbyUyQmVzcCUyNUMzJTI1QURyaXRvJTJCc2FudG8lMjZjb2x1bmFzU2VsZWNpb25hZGFzJTNEbGlua0RldGFsaGFtZW50byUyNTJDY2FkYXN0cm8lMjUyQ2NwZkNucGolMjUyQ25vbWVTYW5jaW9uYWRvJTI1MkN1ZlNhbmNpb25hZG8lMjUyQ29yZ2FvJTI1MkNjYXRlZ29yaWFTYW5jYW8lMjUyQ2RhdGFQdWJsaWNhY2FvJTI1MkN2YWxvck11bHRhJTI1MkNxdWFudGlkYWRlJTI2b3JkZW5hclBvciUzRG5vbWVTYW5jaW9uYWRvJTI2ZGlyZWNhbyUzRGFzYyUyMiUyMHRhcmdldCUzRCUyMl9ibGFuayUyMiUyMHN0eWxlJTNEJTIyJTIwYmFja2dyb3VuZC1jb2xvciUzQSUyMzAwNWVhNSUzQiUyMGNvbG9yJTNBJTIzZmZmJTNCJTIwcGFkZGluZyUzQTE1cHglMjA0NXB4JTNCJTIwdGV4dC1kZWNvcmF0aW9uJTNBbm9uZSUzQiUyMGZvbnQtd2VpZ2h0JTNBYm9sZCUzQiUyMGJvcmRlci1yYWRpdXMlM0E1cHglM0IlMjBmb250LXNpemUlM0EyMHB4JTNCJTIwZGlzcGxheSUzQWlubGluZS1ibG9jayUzQiUyMCUyMiUzRUFjZXNzYXIlMjBzaXN0ZW1hJTIwQ05FUCUyMCUzQ2klMjBjbGFzcyUzRCUyMmZhJTIwZmEtZXh0ZXJuYWwtbGluayUyMiUyMHN0eWxlJTNEJTIybWFyZ2luLWxlZnQlM0ExNXB4JTNCJTIyJTNFJTNDJTJGaSUzRSUzQyUyRmElM0UlMjAlM0MlMkZkaXYlM0UlMEE=[\/vc_raw_html][\/vc_column][\/vc_row]<\/p>\n<\/div>","protected":false},"excerpt":{"rendered":"<p>[vc_row][vc_column width=&#8221;1\/4&#8243;][vc_raw_html css=&#8221;&#8221;]JTVCbWF4bWVnYW1lbnUlMjBsb2NhdGlvbiUzRHRyYW5zcGFyZW5jaWEtY29tcHJhcy1tZW51JTVE[\/vc_raw_html][\/vc_column][vc_column width=&#8221;3\/4&#8243; css=&#8221;.vc_custom_1748401641759{margin-bottom: 100px !important;}&#8221;][vc_raw_html css=&#8221;&#8221;]JTVCZGF0YV9hdHVhbGl6YWNhbyU1RCUwQSUzQ2RpdiUyMGNsYXNzJTNEJTIyYWxlcnQlMjBhbGVydC1pbmZvJTIyJTIwc3R5bGUlM0QlMjJtYXJnaW4tdG9wJTNBMTVweCUzQiUyMiUzRU8lMjBUQ0UtRVMlMjBuJUMzJUEzbyUyMHRldmUlMjBsaWNpdGFudGVzJTIwZSUyRm91JTIwY29udHJhdGFkb3MlMjBzYW5jaW9uYWRvcyUyMGFkbWluaXN0cmF0aXZhbWVudGUlMjAlMjhkZXZpZG8lMjBhJTIwc3VhJTIwYXRpdmlkYWRlJTIwZGUlMjBnZXN0JUMzJUEzbyUyMGluc3RpdHVjaW9uYWwlMjklMjBuYXMlMjBoaXAlQzMlQjN0ZXNlcyUyMGRvcyUyMGluY2lzb3MlMjBJSUklMjBlJTIwSVYlMjBkbyUyMGFydC4lMjAxNTYlMjBkYSUyMExlaSUyMG4lQzIlQkElMjAxNC4xMzMlMkYyMDIxJTIwZXN0ZSUyMGFubyUyQyUyMG5lbSUyMG5vcyUyMCVDMyVCQWx0aW1vcyUyMDAzJTIwYW5vcy4lM0MlMkZkaXYlM0U=[\/vc_raw_html][vc_column_text css=&#8221;&#8221;] CNEP &#8211; Cadastro Nacional de Empresas Punidas O Cadastro Nacional de Empresas Punidas (CNEP) \u00e9 uma base de dados p\u00fablica que re\u00fane informa\u00e7\u00f5es sobre pessoas jur\u00eddicas penalizadas com san\u00e7\u00f5es previstas na Lei Anticorrup\u00e7\u00e3o (Lei n\u00ba 12.846\/2013), como a proibi\u00e7\u00e3o de receber<span class=\"excerpt-hellip\"> [\u2026]<\/span><\/p>\n","protected":false},"author":19,"featured_media":-1,"parent":168,"menu_order":0,"comment_status":"closed","ping_status":"closed","template":"","meta":{"_acf_changed":false,"footnotes":""},"class_list":["post-8188","page","type-page","status-publish","has-post-thumbnail","hentry","wpautop"],"acf":[],"yoast_head":"<title>CNEP - TCEES | Portal da Transpar\u00eancia<\/title>\n<meta name=\"robots\" content=\"index, follow, max-snippet:-1, max-image-preview:large, max-video-preview:-1\" \/>\n<link rel=\"canonical\" href=\"https:\/\/www.tcees.tc.br\/portal-da-transparencia\/licitacoes-e-contratacoes\/cnep\/\" \/>\n<meta property=\"og:locale\" content=\"pt_BR\" \/>\n<meta property=\"og:type\" content=\"article\" \/>\n<meta property=\"og:title\" content=\"CNEP - TCEES | Portal da Transpar\u00eancia\" \/>\n<meta property=\"og:description\" content=\"[vc_row][vc_column width=&#8221;1\/4&#8243;][vc_raw_html css=&#8221;&#8221;]JTVCbWF4bWVnYW1lbnUlMjBsb2NhdGlvbiUzRHRyYW5zcGFyZW5jaWEtY29tcHJhcy1tZW51JTVE[\/vc_raw_html][\/vc_column][vc_column width=&#8221;3\/4&#8243; css=&#8221;.vc_custom_1748401641759{margin-bottom: 100px !important;}&#8221;][vc_raw_html css=&#8221;&#8221;]JTVCZGF0YV9hdHVhbGl6YWNhbyU1RCUwQSUzQ2RpdiUyMGNsYXNzJTNEJTIyYWxlcnQlMjBhbGVydC1pbmZvJTIyJTIwc3R5bGUlM0QlMjJtYXJnaW4tdG9wJTNBMTVweCUzQiUyMiUzRU8lMjBUQ0UtRVMlMjBuJUMzJUEzbyUyMHRldmUlMjBsaWNpdGFudGVzJTIwZSUyRm91JTIwY29udHJhdGFkb3MlMjBzYW5jaW9uYWRvcyUyMGFkbWluaXN0cmF0aXZhbWVudGUlMjAlMjhkZXZpZG8lMjBhJTIwc3VhJTIwYXRpdmlkYWRlJTIwZGUlMjBnZXN0JUMzJUEzbyUyMGluc3RpdHVjaW9uYWwlMjklMjBuYXMlMjBoaXAlQzMlQjN0ZXNlcyUyMGRvcyUyMGluY2lzb3MlMjBJSUklMjBlJTIwSVYlMjBkbyUyMGFydC4lMjAxNTYlMjBkYSUyMExlaSUyMG4lQzIlQkElMjAxNC4xMzMlMkYyMDIxJTIwZXN0ZSUyMGFubyUyQyUyMG5lbSUyMG5vcyUyMCVDMyVCQWx0aW1vcyUyMDAzJTIwYW5vcy4lM0MlMkZkaXYlM0U=[\/vc_raw_html][vc_column_text css=&#8221;&#8221;] CNEP &#8211; Cadastro Nacional de Empresas Punidas O Cadastro Nacional de Empresas Punidas (CNEP) \u00e9 uma base de dados p\u00fablica que re\u00fane informa\u00e7\u00f5es sobre pessoas jur\u00eddicas penalizadas com san\u00e7\u00f5es previstas na Lei Anticorrup\u00e7\u00e3o (Lei n\u00ba 12.846\/2013), como a proibi\u00e7\u00e3o de receber [\u2026]\" \/>\n<meta property=\"og:url\" content=\"https:\/\/www.tcees.tc.br\/portal-da-transparencia\/licitacoes-e-contratacoes\/cnep\/\" \/>\n<meta property=\"og:site_name\" content=\"TCEES | Portal da Transpar\u00eancia\" \/>\n<meta property=\"article:modified_time\" content=\"2025-05-29T20:18:43+00:00\" \/>\n<meta name=\"twitter:card\" content=\"summary_large_image\" \/>\n<meta name=\"twitter:label1\" content=\"Est. tempo de leitura\" \/>\n\t<meta name=\"twitter:data1\" content=\"1 minuto\" \/>\n<script type=\"application\/ld+json\" class=\"yoast-schema-graph\">{\"@context\":\"https:\/\/schema.org\",\"@graph\":[{\"@type\":\"WebPage\",\"@id\":\"https:\/\/www.tcees.tc.br\/portal-da-transparencia\/licitacoes-e-contratacoes\/cnep\/\",\"url\":\"https:\/\/www.tcees.tc.br\/portal-da-transparencia\/licitacoes-e-contratacoes\/cnep\/\",\"name\":\"CNEP - TCEES | Portal da Transpar\u00eancia\",\"isPartOf\":{\"@id\":\"https:\/\/www.tcees.tc.br\/portal-da-transparencia\/#website\"},\"datePublished\":\"2025-05-29T20:15:37+00:00\",\"dateModified\":\"2025-05-29T20:18:43+00:00\",\"breadcrumb\":{\"@id\":\"https:\/\/www.tcees.tc.br\/portal-da-transparencia\/licitacoes-e-contratacoes\/cnep\/#breadcrumb\"},\"inLanguage\":\"pt-BR\",\"potentialAction\":[{\"@type\":\"ReadAction\",\"target\":[\"https:\/\/www.tcees.tc.br\/portal-da-transparencia\/licitacoes-e-contratacoes\/cnep\/\"]}]},{\"@type\":\"BreadcrumbList\",\"@id\":\"https:\/\/www.tcees.tc.br\/portal-da-transparencia\/licitacoes-e-contratacoes\/cnep\/#breadcrumb\",\"itemListElement\":[{\"@type\":\"ListItem\",\"position\":1,\"name\":\"In\u00edcio\",\"item\":\"https:\/\/www.tcees.tc.br\/portal-da-transparencia\/\"},{\"@type\":\"ListItem\",\"position\":2,\"name\":\"Licita\u00e7\u00f5es e Contrata\u00e7\u00f5es\",\"item\":\"https:\/\/www.tcees.tc.br\/portal-da-transparencia\/licitacoes-e-contratacoes\/\"},{\"@type\":\"ListItem\",\"position\":3,\"name\":\"CNEP\"}]},{\"@type\":\"WebSite\",\"@id\":\"https:\/\/www.tcees.tc.br\/portal-da-transparencia\/#website\",\"url\":\"https:\/\/www.tcees.tc.br\/portal-da-transparencia\/\",\"name\":\"TCEES | Portal da Transpar\u00eancia\",\"description\":\"\",\"potentialAction\":[{\"@type\":\"SearchAction\",\"target\":{\"@type\":\"EntryPoint\",\"urlTemplate\":\"https:\/\/www.tcees.tc.br\/portal-da-transparencia\/?s={search_term_string}\"},\"query-input\":{\"@type\":\"PropertyValueSpecification\",\"valueRequired\":true,\"valueName\":\"search_term_string\"}}],\"inLanguage\":\"pt-BR\"}]}<\/script>","yoast_head_json":{"title":"CNEP - TCEES | Portal da Transpar\u00eancia","robots":{"index":"index","follow":"follow","max-snippet":"max-snippet:-1","max-image-preview":"max-image-preview:large","max-video-preview":"max-video-preview:-1"},"canonical":"https:\/\/www.tcees.tc.br\/portal-da-transparencia\/licitacoes-e-contratacoes\/cnep\/","og_locale":"pt_BR","og_type":"article","og_title":"CNEP - TCEES | Portal da Transpar\u00eancia","og_description":"[vc_row][vc_column width=&#8221;1\/4&#8243;][vc_raw_html css=&#8221;&#8221;]JTVCbWF4bWVnYW1lbnUlMjBsb2NhdGlvbiUzRHRyYW5zcGFyZW5jaWEtY29tcHJhcy1tZW51JTVE[\/vc_raw_html][\/vc_column][vc_column width=&#8221;3\/4&#8243; css=&#8221;.vc_custom_1748401641759{margin-bottom: 100px !important;}&#8221;][vc_raw_html css=&#8221;&#8221;]JTVCZGF0YV9hdHVhbGl6YWNhbyU1RCUwQSUzQ2RpdiUyMGNsYXNzJTNEJTIyYWxlcnQlMjBhbGVydC1pbmZvJTIyJTIwc3R5bGUlM0QlMjJtYXJnaW4tdG9wJTNBMTVweCUzQiUyMiUzRU8lMjBUQ0UtRVMlMjBuJUMzJUEzbyUyMHRldmUlMjBsaWNpdGFudGVzJTIwZSUyRm91JTIwY29udHJhdGFkb3MlMjBzYW5jaW9uYWRvcyUyMGFkbWluaXN0cmF0aXZhbWVudGUlMjAlMjhkZXZpZG8lMjBhJTIwc3VhJTIwYXRpdmlkYWRlJTIwZGUlMjBnZXN0JUMzJUEzbyUyMGluc3RpdHVjaW9uYWwlMjklMjBuYXMlMjBoaXAlQzMlQjN0ZXNlcyUyMGRvcyUyMGluY2lzb3MlMjBJSUklMjBlJTIwSVYlMjBkbyUyMGFydC4lMjAxNTYlMjBkYSUyMExlaSUyMG4lQzIlQkElMjAxNC4xMzMlMkYyMDIxJTIwZXN0ZSUyMGFubyUyQyUyMG5lbSUyMG5vcyUyMCVDMyVCQWx0aW1vcyUyMDAzJTIwYW5vcy4lM0MlMkZkaXYlM0U=[\/vc_raw_html][vc_column_text css=&#8221;&#8221;] CNEP &#8211; Cadastro Nacional de Empresas Punidas O Cadastro Nacional de Empresas Punidas (CNEP) \u00e9 uma base de dados p\u00fablica que re\u00fane informa\u00e7\u00f5es sobre pessoas jur\u00eddicas penalizadas com san\u00e7\u00f5es previstas na Lei Anticorrup\u00e7\u00e3o (Lei n\u00ba 12.846\/2013), como a proibi\u00e7\u00e3o de receber [\u2026]","og_url":"https:\/\/www.tcees.tc.br\/portal-da-transparencia\/licitacoes-e-contratacoes\/cnep\/","og_site_name":"TCEES | Portal da Transpar\u00eancia","article_modified_time":"2025-05-29T20:18:43+00:00","twitter_card":"summary_large_image","twitter_misc":{"Est. tempo de leitura":"1 minuto"},"schema":{"@context":"https:\/\/schema.org","@graph":[{"@type":"WebPage","@id":"https:\/\/www.tcees.tc.br\/portal-da-transparencia\/licitacoes-e-contratacoes\/cnep\/","url":"https:\/\/www.tcees.tc.br\/portal-da-transparencia\/licitacoes-e-contratacoes\/cnep\/","name":"CNEP - TCEES | Portal da Transpar\u00eancia","isPartOf":{"@id":"https:\/\/www.tcees.tc.br\/portal-da-transparencia\/#website"},"datePublished":"2025-05-29T20:15:37+00:00","dateModified":"2025-05-29T20:18:43+00:00","breadcrumb":{"@id":"https:\/\/www.tcees.tc.br\/portal-da-transparencia\/licitacoes-e-contratacoes\/cnep\/#breadcrumb"},"inLanguage":"pt-BR","potentialAction":[{"@type":"ReadAction","target":["https:\/\/www.tcees.tc.br\/portal-da-transparencia\/licitacoes-e-contratacoes\/cnep\/"]}]},{"@type":"BreadcrumbList","@id":"https:\/\/www.tcees.tc.br\/portal-da-transparencia\/licitacoes-e-contratacoes\/cnep\/#breadcrumb","itemListElement":[{"@type":"ListItem","position":1,"name":"In\u00edcio","item":"https:\/\/www.tcees.tc.br\/portal-da-transparencia\/"},{"@type":"ListItem","position":2,"name":"Licita\u00e7\u00f5es e Contrata\u00e7\u00f5es","item":"https:\/\/www.tcees.tc.br\/portal-da-transparencia\/licitacoes-e-contratacoes\/"},{"@type":"ListItem","position":3,"name":"CNEP"}]},{"@type":"WebSite","@id":"https:\/\/www.tcees.tc.br\/portal-da-transparencia\/#website","url":"https:\/\/www.tcees.tc.br\/portal-da-transparencia\/","name":"TCEES | Portal da Transpar\u00eancia","description":"","potentialAction":[{"@type":"SearchAction","target":{"@type":"EntryPoint","urlTemplate":"https:\/\/www.tcees.tc.br\/portal-da-transparencia\/?s={search_term_string}"},"query-input":{"@type":"PropertyValueSpecification","valueRequired":true,"valueName":"search_term_string"}}],"inLanguage":"pt-BR"}]}},"_links":{"self":[{"href":"https:\/\/www.tcees.tc.br\/portal-da-transparencia\/wp-json\/wp\/v2\/pages\/8188","targetHints":{"allow":["GET"]}}],"collection":[{"href":"https:\/\/www.tcees.tc.br\/portal-da-transparencia\/wp-json\/wp\/v2\/pages"}],"about":[{"href":"https:\/\/www.tcees.tc.br\/portal-da-transparencia\/wp-json\/wp\/v2\/types\/page"}],"author":[{"embeddable":true,"href":"https:\/\/www.tcees.tc.br\/portal-da-transparencia\/wp-json\/wp\/v2\/users\/19"}],"replies":[{"embeddable":true,"href":"https:\/\/www.tcees.tc.br\/portal-da-transparencia\/wp-json\/wp\/v2\/comments?post=8188"}],"version-history":[{"count":0,"href":"https:\/\/www.tcees.tc.br\/portal-da-transparencia\/wp-json\/wp\/v2\/pages\/8188\/revisions"}],"up":[{"embeddable":true,"href":"https:\/\/www.tcees.tc.br\/portal-da-transparencia\/wp-json\/wp\/v2\/pages\/168"}],"wp:featuredmedia":[{"embeddable":true,"href":"https:\/\/www.tcees.tc.br\/portal-da-transparencia\/wp-json\/"}],"wp:attachment":[{"href":"https:\/\/www.tcees.tc.br\/portal-da-transparencia\/wp-json\/wp\/v2\/media?parent=8188"}],"curies":[{"name":"wp","href":"https:\/\/api.w.org\/{rel}","templated":true}]}}