{"id":8279,"date":"2025-05-30T23:33:37","date_gmt":"2025-05-31T02:33:37","guid":{"rendered":"https:\/\/www.tcees.tc.br\/portal-da-transparencia\/?page_id=8279"},"modified":"2025-05-30T23:43:32","modified_gmt":"2025-05-31T02:43:32","slug":"relatorio-resumido-da-execucao-orcamentaria-rreo","status":"publish","type":"page","link":"https:\/\/www.tcees.tc.br\/portal-da-transparencia\/despesas\/relatorio-resumido-da-execucao-orcamentaria-rreo\/","title":{"rendered":"Relat\u00f3rio Resumido da Execu\u00e7\u00e3o Or\u00e7ament\u00e1ria &#8211; RREO"},"content":{"rendered":"<div class=\"wpb-content-wrapper\">[vc_row][vc_column width=&#8221;1\/4&#8243;][vc_raw_html css=&#8221;&#8221;]JTVCbWF4bWVnYW1lbnUlMjBsb2NhdGlvbiUzRHRyYW5zcGFyZW5jaWEtZGVzcGVzYXMtbWVudSU1RA==[\/vc_raw_html][\/vc_column][vc_column width=&#8221;3\/4&#8243; css=&#8221;.vc_custom_1748401641759{margin-bottom: 100px !important;}&#8221;][vc_raw_html css=&#8221;&#8221;]JTVCZGF0YV9hdHVhbGl6YWNhbyU1RA==[\/vc_raw_html][vc_column_text css=&#8221;&#8221;]\r\n<p data-start=\"204\" data-end=\"573\">O Relat\u00f3rio Resumido da Execu\u00e7\u00e3o Or\u00e7ament\u00e1ria (RREO) \u00e9 um instrumento de transpar\u00eancia da gest\u00e3o fiscal exigido pela Lei de Responsabilidade Fiscal (Lei Complementar n\u00ba 101\/2000). Ele apresenta, de forma clara e acess\u00edvel, os principais dados sobre a arrecada\u00e7\u00e3o de receitas, execu\u00e7\u00e3o das despesas, resultados fiscais, e cumprimento de limites constitucionais e legais.<\/p>\r\n<p data-start=\"575\" data-end=\"769\">Publicado bimestralmente, o RREO permite o acompanhamento e o controle social sobre a execu\u00e7\u00e3o do or\u00e7amento p\u00fablico, promovendo a responsabilidade e a efici\u00eancia na gest\u00e3o dos recursos p\u00fablicos.<\/p>\r\n<p data-start=\"771\" data-end=\"943\">\ud83d\udcc4 <strong data-start=\"774\" data-end=\"831\">Acesse os relat\u00f3rios completos no portal da SEFAZ-ES:<\/strong><\/p>\r\n[\/vc_column_text][vc_raw_html css=&#8221;&#8221;]JTNDZGl2JTIwc3R5bGUlM0QlMjJ0ZXh0LWFsaWduJTNBY2VudGVyJTNCJTIwbWFyZ2luLXRvcCUzQTIwcHglM0IlMjBtYXJnaW4tYm90dG9tJTNBMCUyMiUzRSUyMCUzQ2ElMjBocmVmJTNEJTIyaHR0cHMlM0ElMkYlMkZpbnRlcm5ldC5zZWZhei5lcy5nb3YuYnIlMkZjb250YXMlMkZjb250YWJpbGlkYWRlJTJGbGVpcmYlMkZpbmRleC5waHAlMjIlMjB0YXJnZXQlM0QlMjJfYmxhbmslMjIlMjBzdHlsZSUzRCUyMiUyMGJhY2tncm91bmQtY29sb3IlM0ElMjMwMDVlYTUlM0IlMjBjb2xvciUzQSUyM2ZmZiUzQiUyMHBhZGRpbmclM0ExNXB4JTIwNDVweCUzQiUyMHRleHQtZGVjb3JhdGlvbiUzQW5vbmUlM0IlMjBmb250LXdlaWdodCUzQWJvbGQlM0IlMjBib3JkZXItcmFkaXVzJTNBNXB4JTNCJTIwZm9udC1zaXplJTNBMTVweCUzQiUyMGRpc3BsYXklM0FpbmxpbmUtYmxvY2slM0IlMjAlMjIlM0VBY2Vzc2FyJTIwUmVsYXQlQzMlQjNyaW8lMjBSZXN1bWlkbyUyMGRhJTIwRXhlY3UlQzMlQTclQzMlQTNvJTIwT3IlQzMlQTdhbWVudCVDMyVBMXJpYSUyMC0lMjBSUkVPJTIwJTNDaSUyMGNsYXNzJTNEJTIyZmElMjBmYS1leHRlcm5hbC1saW5rJTIyJTIwc3R5bGUlM0QlMjJtYXJnaW4tbGVmdCUzQTE1cHglM0IlMjIlM0UlM0MlMkZpJTNFJTNDJTJGYSUzRSUyMCUzQyUyRmRpdiUzRSUwQSUzQ2RpdiUyMHN0eWxlJTNEJTIydGV4dC1hbGlnbiUzQWNlbnRlciUzQiUyMG1hcmdpbi10b3AlM0ExNXB4JTNCJTIyJTNFJTNDYSUyMGhyZWYlM0QlMjJodHRwcyUzQSUyRiUyRnd3dy5tcGMuZXMuZ292LmJyJTJGY29icmFuY2FzJTJGJTIyJTIwdGFyZ2V0JTNEJTIyX2JsYW5rJTIyJTNFaHR0cHMlM0ElMkYlMkZpbnRlcm5ldC5zZWZhei5lcy5nb3YuYnIlMkZjb250YXMlMkZjb250YWJpbGlkYWRlJTJGbGVpcmYlMkZpbmRleC5waHAlMkYlM0MlMkZhJTNFJTNDJTJGZGl2JTNF[\/vc_raw_html][\/vc_column][\/vc_row]<\/div>","protected":false},"excerpt":{"rendered":"[vc_row][vc_column width=&#8221;1\/4&#8243;][vc_raw_html css=&#8221;&#8221;]JTVCbWF4bWVnYW1lbnUlMjBsb2NhdGlvbiUzRHRyYW5zcGFyZW5jaWEtZGVzcGVzYXMtbWVudSU1RA==[\/vc_raw_html][\/vc_column][vc_column width=&#8221;3\/4&#8243; css=&#8221;.vc_custom_1748401641759{margin-bottom: 100px !important;}&#8221;][vc_raw_html css=&#8221;&#8221;]JTVCZGF0YV9hdHVhbGl6YWNhbyU1RA==[\/vc_raw_html][vc_column_text css=&#8221;&#8221;] O Relat\u00f3rio Resumido da Execu\u00e7\u00e3o Or\u00e7ament\u00e1ria (RREO) \u00e9 um instrumento de transpar\u00eancia da gest\u00e3o fiscal exigido pela Lei de Responsabilidade Fiscal (Lei Complementar n\u00ba 101\/2000). Ele apresenta, de forma clara e acess\u00edvel, os principais dados sobre a arrecada\u00e7\u00e3o de receitas, execu\u00e7\u00e3o<span class=\"excerpt-hellip\"> [\u2026]<\/span>","protected":false},"author":19,"featured_media":-1,"parent":120,"menu_order":0,"comment_status":"closed","ping_status":"closed","template":"","meta":{"_acf_changed":false,"footnotes":""},"class_list":["post-8279","page","type-page","status-publish","has-post-thumbnail","hentry","no-wpautop"],"acf":[],"yoast_head":"<title>Relat\u00f3rio Resumido da Execu\u00e7\u00e3o Or\u00e7ament\u00e1ria - RREO - TCEES | Portal da Transpar\u00eancia<\/title>\n<meta name=\"robots\" content=\"index, follow, max-snippet:-1, max-image-preview:large, max-video-preview:-1\" \/>\n<link rel=\"canonical\" href=\"https:\/\/www.tcees.tc.br\/portal-da-transparencia\/despesas\/relatorio-resumido-da-execucao-orcamentaria-rreo\/\" \/>\n<meta property=\"og:locale\" content=\"pt_BR\" \/>\n<meta property=\"og:type\" content=\"article\" \/>\n<meta property=\"og:title\" content=\"Relat\u00f3rio Resumido da Execu\u00e7\u00e3o Or\u00e7ament\u00e1ria - RREO - TCEES | Portal da Transpar\u00eancia\" \/>\n<meta property=\"og:description\" content=\"[vc_row][vc_column width=&#8221;1\/4&#8243;][vc_raw_html css=&#8221;&#8221;]JTVCbWF4bWVnYW1lbnUlMjBsb2NhdGlvbiUzRHRyYW5zcGFyZW5jaWEtZGVzcGVzYXMtbWVudSU1RA==[\/vc_raw_html][\/vc_column][vc_column width=&#8221;3\/4&#8243; css=&#8221;.vc_custom_1748401641759{margin-bottom: 100px !important;}&#8221;][vc_raw_html css=&#8221;&#8221;]JTVCZGF0YV9hdHVhbGl6YWNhbyU1RA==[\/vc_raw_html][vc_column_text css=&#8221;&#8221;] O Relat\u00f3rio Resumido da Execu\u00e7\u00e3o Or\u00e7ament\u00e1ria (RREO) \u00e9 um instrumento de transpar\u00eancia da gest\u00e3o fiscal exigido pela Lei de Responsabilidade Fiscal (Lei Complementar n\u00ba 101\/2000). Ele apresenta, de forma clara e acess\u00edvel, os principais dados sobre a arrecada\u00e7\u00e3o de receitas, execu\u00e7\u00e3o [\u2026]\" \/>\n<meta property=\"og:url\" content=\"https:\/\/www.tcees.tc.br\/portal-da-transparencia\/despesas\/relatorio-resumido-da-execucao-orcamentaria-rreo\/\" \/>\n<meta property=\"og:site_name\" content=\"TCEES | Portal da Transpar\u00eancia\" \/>\n<meta property=\"article:modified_time\" content=\"2025-05-31T02:43:32+00:00\" \/>\n<meta name=\"twitter:card\" content=\"summary_large_image\" \/>\n<meta name=\"twitter:label1\" content=\"Est. tempo de leitura\" \/>\n\t<meta name=\"twitter:data1\" content=\"1 minuto\" \/>\n<script type=\"application\/ld+json\" class=\"yoast-schema-graph\">{\"@context\":\"https:\/\/schema.org\",\"@graph\":[{\"@type\":\"WebPage\",\"@id\":\"https:\/\/www.tcees.tc.br\/portal-da-transparencia\/despesas\/relatorio-resumido-da-execucao-orcamentaria-rreo\/\",\"url\":\"https:\/\/www.tcees.tc.br\/portal-da-transparencia\/despesas\/relatorio-resumido-da-execucao-orcamentaria-rreo\/\",\"name\":\"Relat\u00f3rio Resumido da Execu\u00e7\u00e3o Or\u00e7ament\u00e1ria - RREO - TCEES | Portal da Transpar\u00eancia\",\"isPartOf\":{\"@id\":\"https:\/\/www.tcees.tc.br\/portal-da-transparencia\/#website\"},\"datePublished\":\"2025-05-31T02:33:37+00:00\",\"dateModified\":\"2025-05-31T02:43:32+00:00\",\"breadcrumb\":{\"@id\":\"https:\/\/www.tcees.tc.br\/portal-da-transparencia\/despesas\/relatorio-resumido-da-execucao-orcamentaria-rreo\/#breadcrumb\"},\"inLanguage\":\"pt-BR\",\"potentialAction\":[{\"@type\":\"ReadAction\",\"target\":[\"https:\/\/www.tcees.tc.br\/portal-da-transparencia\/despesas\/relatorio-resumido-da-execucao-orcamentaria-rreo\/\"]}]},{\"@type\":\"BreadcrumbList\",\"@id\":\"https:\/\/www.tcees.tc.br\/portal-da-transparencia\/despesas\/relatorio-resumido-da-execucao-orcamentaria-rreo\/#breadcrumb\",\"itemListElement\":[{\"@type\":\"ListItem\",\"position\":1,\"name\":\"In\u00edcio\",\"item\":\"https:\/\/www.tcees.tc.br\/portal-da-transparencia\/\"},{\"@type\":\"ListItem\",\"position\":2,\"name\":\"Despesas\",\"item\":\"https:\/\/www.tcees.tc.br\/portal-da-transparencia\/despesas\/\"},{\"@type\":\"ListItem\",\"position\":3,\"name\":\"Relat\u00f3rio Resumido da Execu\u00e7\u00e3o Or\u00e7ament\u00e1ria &#8211; RREO\"}]},{\"@type\":\"WebSite\",\"@id\":\"https:\/\/www.tcees.tc.br\/portal-da-transparencia\/#website\",\"url\":\"https:\/\/www.tcees.tc.br\/portal-da-transparencia\/\",\"name\":\"TCEES | Portal da Transpar\u00eancia\",\"description\":\"\",\"potentialAction\":[{\"@type\":\"SearchAction\",\"target\":{\"@type\":\"EntryPoint\",\"urlTemplate\":\"https:\/\/www.tcees.tc.br\/portal-da-transparencia\/?s={search_term_string}\"},\"query-input\":{\"@type\":\"PropertyValueSpecification\",\"valueRequired\":true,\"valueName\":\"search_term_string\"}}],\"inLanguage\":\"pt-BR\"}]}<\/script>","yoast_head_json":{"title":"Relat\u00f3rio Resumido da Execu\u00e7\u00e3o Or\u00e7ament\u00e1ria - RREO - TCEES | Portal da Transpar\u00eancia","robots":{"index":"index","follow":"follow","max-snippet":"max-snippet:-1","max-image-preview":"max-image-preview:large","max-video-preview":"max-video-preview:-1"},"canonical":"https:\/\/www.tcees.tc.br\/portal-da-transparencia\/despesas\/relatorio-resumido-da-execucao-orcamentaria-rreo\/","og_locale":"pt_BR","og_type":"article","og_title":"Relat\u00f3rio Resumido da Execu\u00e7\u00e3o Or\u00e7ament\u00e1ria - RREO - TCEES | Portal da Transpar\u00eancia","og_description":"[vc_row][vc_column width=&#8221;1\/4&#8243;][vc_raw_html css=&#8221;&#8221;]JTVCbWF4bWVnYW1lbnUlMjBsb2NhdGlvbiUzRHRyYW5zcGFyZW5jaWEtZGVzcGVzYXMtbWVudSU1RA==[\/vc_raw_html][\/vc_column][vc_column width=&#8221;3\/4&#8243; css=&#8221;.vc_custom_1748401641759{margin-bottom: 100px !important;}&#8221;][vc_raw_html css=&#8221;&#8221;]JTVCZGF0YV9hdHVhbGl6YWNhbyU1RA==[\/vc_raw_html][vc_column_text css=&#8221;&#8221;] O Relat\u00f3rio Resumido da Execu\u00e7\u00e3o Or\u00e7ament\u00e1ria (RREO) \u00e9 um instrumento de transpar\u00eancia da gest\u00e3o fiscal exigido pela Lei de Responsabilidade Fiscal (Lei Complementar n\u00ba 101\/2000). Ele apresenta, de forma clara e acess\u00edvel, os principais dados sobre a arrecada\u00e7\u00e3o de receitas, execu\u00e7\u00e3o [\u2026]","og_url":"https:\/\/www.tcees.tc.br\/portal-da-transparencia\/despesas\/relatorio-resumido-da-execucao-orcamentaria-rreo\/","og_site_name":"TCEES | Portal da Transpar\u00eancia","article_modified_time":"2025-05-31T02:43:32+00:00","twitter_card":"summary_large_image","twitter_misc":{"Est. tempo de leitura":"1 minuto"},"schema":{"@context":"https:\/\/schema.org","@graph":[{"@type":"WebPage","@id":"https:\/\/www.tcees.tc.br\/portal-da-transparencia\/despesas\/relatorio-resumido-da-execucao-orcamentaria-rreo\/","url":"https:\/\/www.tcees.tc.br\/portal-da-transparencia\/despesas\/relatorio-resumido-da-execucao-orcamentaria-rreo\/","name":"Relat\u00f3rio Resumido da Execu\u00e7\u00e3o Or\u00e7ament\u00e1ria - RREO - TCEES | Portal da Transpar\u00eancia","isPartOf":{"@id":"https:\/\/www.tcees.tc.br\/portal-da-transparencia\/#website"},"datePublished":"2025-05-31T02:33:37+00:00","dateModified":"2025-05-31T02:43:32+00:00","breadcrumb":{"@id":"https:\/\/www.tcees.tc.br\/portal-da-transparencia\/despesas\/relatorio-resumido-da-execucao-orcamentaria-rreo\/#breadcrumb"},"inLanguage":"pt-BR","potentialAction":[{"@type":"ReadAction","target":["https:\/\/www.tcees.tc.br\/portal-da-transparencia\/despesas\/relatorio-resumido-da-execucao-orcamentaria-rreo\/"]}]},{"@type":"BreadcrumbList","@id":"https:\/\/www.tcees.tc.br\/portal-da-transparencia\/despesas\/relatorio-resumido-da-execucao-orcamentaria-rreo\/#breadcrumb","itemListElement":[{"@type":"ListItem","position":1,"name":"In\u00edcio","item":"https:\/\/www.tcees.tc.br\/portal-da-transparencia\/"},{"@type":"ListItem","position":2,"name":"Despesas","item":"https:\/\/www.tcees.tc.br\/portal-da-transparencia\/despesas\/"},{"@type":"ListItem","position":3,"name":"Relat\u00f3rio Resumido da Execu\u00e7\u00e3o Or\u00e7ament\u00e1ria &#8211; RREO"}]},{"@type":"WebSite","@id":"https:\/\/www.tcees.tc.br\/portal-da-transparencia\/#website","url":"https:\/\/www.tcees.tc.br\/portal-da-transparencia\/","name":"TCEES | Portal da Transpar\u00eancia","description":"","potentialAction":[{"@type":"SearchAction","target":{"@type":"EntryPoint","urlTemplate":"https:\/\/www.tcees.tc.br\/portal-da-transparencia\/?s={search_term_string}"},"query-input":{"@type":"PropertyValueSpecification","valueRequired":true,"valueName":"search_term_string"}}],"inLanguage":"pt-BR"}]}},"_links":{"self":[{"href":"https:\/\/www.tcees.tc.br\/portal-da-transparencia\/wp-json\/wp\/v2\/pages\/8279","targetHints":{"allow":["GET"]}}],"collection":[{"href":"https:\/\/www.tcees.tc.br\/portal-da-transparencia\/wp-json\/wp\/v2\/pages"}],"about":[{"href":"https:\/\/www.tcees.tc.br\/portal-da-transparencia\/wp-json\/wp\/v2\/types\/page"}],"author":[{"embeddable":true,"href":"https:\/\/www.tcees.tc.br\/portal-da-transparencia\/wp-json\/wp\/v2\/users\/19"}],"replies":[{"embeddable":true,"href":"https:\/\/www.tcees.tc.br\/portal-da-transparencia\/wp-json\/wp\/v2\/comments?post=8279"}],"version-history":[{"count":0,"href":"https:\/\/www.tcees.tc.br\/portal-da-transparencia\/wp-json\/wp\/v2\/pages\/8279\/revisions"}],"up":[{"embeddable":true,"href":"https:\/\/www.tcees.tc.br\/portal-da-transparencia\/wp-json\/wp\/v2\/pages\/120"}],"wp:featuredmedia":[{"embeddable":true,"href":"https:\/\/www.tcees.tc.br\/portal-da-transparencia\/wp-json\/"}],"wp:attachment":[{"href":"https:\/\/www.tcees.tc.br\/portal-da-transparencia\/wp-json\/wp\/v2\/media?parent=8279"}],"curies":[{"name":"wp","href":"https:\/\/api.w.org\/{rel}","templated":true}]}}